{"id":7310,"date":"2020-05-12T16:44:47","date_gmt":"2020-05-12T14:44:47","guid":{"rendered":"https:\/\/indecosoft.ro\/site\/?page_id=7310"},"modified":"2020-05-13T12:39:49","modified_gmt":"2020-05-13T10:39:49","slug":"familia","status":"publish","type":"page","link":"https:\/\/indecosoft.ro\/site\/familia\/","title":{"rendered":"fAMILIA"},"content":{"rendered":"<p>Numele proiectului: fAMILIA &#8211; Asisten\u021b\u0103 Medico-social\u0103 Integrat\u0103 stimuL\u00e2nd \u00cemb\u0103tr\u00e2nirea Activ\u0103, cod SMIS 115823<\/p>\n<p>Denumirea beneficiarului: S.C. Indeco Soft S.R.L.<\/p>\n<p><strong>Obiectivul general al proiectului\/Scopul proiectului<\/strong><\/p>\n<p>Obiectivul principal al proiectului const\u0103 \u00een cercetarea industrial\u0103 \u00een scopul acumul\u0103rii de noi cuno\u0219tin\u021be, adopt\u0103rii de tehnologii, \u0219i valid\u0103rii tehnologice ale conceptelor \u0219i modulelor dezvoltate \u00een cadrul proiectului \u00een vederea dezvolt\u0103rii unui produs \u00een domeniul socio-medical, cu componente inovatoare \u0219i furniz\u0103rii c\u0103tre clien\u021bii finali a unor servicii noi pe pia\u021ba rom\u00e2neasc\u0103. La baza ideii inovatoare st\u0103 sistemul informatic AsiSoc este un produs destinat gestiunii ajutoarelor sociale \u0219i managementului eficient al procesului de acordare al acestora, utilizat de serviciile specializate a peste 100 de prim\u0103rii din Rom\u00e2nia. Dorim dezvoltarea unei platforme de integrare a sistemului existent \u0219i a unor noi module software cu func\u021bionalit\u0103\u021bi \u0219i capabilit\u0103\u021bi, care vor sprijini la eficientizarea \u0219i simplificarea activit\u0103\u021bii personalului Direc\u021biilor de Asisten\u021b\u0103 Social\u0103, vor contribui la reducerea birocra\u021biei \u0219i a timpului de prelucrare al dosarelor specifice, \u0219i vor permite extinderea serviciilor \u0219i \u00eembun\u0103t\u0103\u021birea controlului managerial la nivelul acestora. \u00cembun\u0103t\u0103\u021birea \u0219i dezvoltarea modulelor existente, dedicate managementului ajutoarelor \u0219i anchetelor sociale, va fi corelat\u0103 cu dezvoltarea unor module care ofer\u0103 func\u021bionalit\u0103\u021bi solicitate de clien\u021bii no\u0219tri \u0219i componente specifice unei noi game de clien\u021bi, reprezenta\u021bi de asisten\u021bi sociali, maternali, Organiza\u021bii Non Guvernamentale \u0219i societ\u0103\u021bi comerciale care activeaz\u0103 \u00een domeniul asisten\u021bei sociale, sau care \u00eencurajeaz\u0103 fenomenul de \u00eemb\u0103tr\u00e2nire activ\u0103, asigur\u0103 locuin\u021be sociale, gestioneaz\u0103 aziluri sau c\u0103mine de b\u0103tr\u00e2ni. Cercetarea industrial\u0103 are ca principal obiectiv dezvoltarea modulelor destinate \u00eencuraj\u0103rii \u00eemb\u0103tr\u00e2nirii active \u0219i cre\u0219terii independen\u021bei persoanelor cu deficien\u021be, asistate sau \u00een situa\u021bii de risc, prin utilizarea tehnologiei, \u0219i contribuie, la crearea unor condi\u021bii \u0219i ecosisteme prietenoase \u0219i sigure pentru aceste persoane.<\/p>\n<p>Proiectul contribuie la realizarea obiectivului general POC prin furnizarea de sprijin pentru activitatea de cercetare dezvoltare la nivel local (Indeco Soft) \u0219i regional (Clusterul i-TechTransilvania), prin dezvoltarea infrastructurii TIC pentru cercetare-dezvoltare \u0219i prin furnizarea de noi servicii ale companiei \u0219i r\u0103spunde totodat\u0103 recomand\u0103rii specifice de \u021bar\u0103 7 (SWD(2014) 424 final), sus\u021bin\u00e2nd eforturile de consolidare a capacit\u0103\u021bii administra\u021biei publice prin \u00eembun\u0103t\u0103\u021birea eficien\u021bei gestion\u0103rii resurselor umane, a instrumentelor decizionale \u0219i a coordon\u0103rii \u00een cadrul Direc\u021biilor de Asisten\u021b\u0103 Social\u0103 \u0219i \u00eentre acestea \u0219i al\u021bi actori \u00een domeniul socio-medical. Prin implementarea proiectului este stimulat\u0103 competitivitatea economic\u0103 a Indeco Soft, prin sus\u021binerea financiar\u0103 \u0219i logistic\u0103 a cercet\u0103rii \u00een domeniul instrumentelor TIC cu impact socio-medical \u0219i consolidarea serviciilor IT cu valoare ad\u0103ugat\u0103 mare, dezvolt\u0103rii de produse \u0219i servicii proprii sustenabile, la costuri eficiente pentru beneficiarii finali. Solu\u021bia TIC contribuie la \u00eencurajarea unui stil de via\u021b\u0103 activ, asistat de tehnologie, pentru persoanele apar\u021bin\u00e2nd grupurilor vulnerabile (persoane cu dizabilit\u0103\u021bi, v\u00e2rstnice, etc), nediscriminatoriu, rezult\u00e2nd o mai mare implicare a acestora \u00een via\u021ba social\u0103 \u0219i economic\u0103 \u0219i ajut\u00e2ndu-i s\u0103 dep\u0103\u0219easc\u0103 barierele impuse artificial de condi\u021bia lor. Proiectul contribuie, prin rezultatele sale, la cre\u0219terea competitivit\u0103\u021bii economice a persoanelor vulnerabile \u0219i comunit\u0103\u021bilor din care acestea fac parte, stimul\u00e2nd dezvoltarea de solu\u021bii TIC pentru ace\u0219tia, solu\u021bii cu ajutorul c\u0103rora pot deveni competitivi.<\/p>\n<p>&nbsp;<\/p>\n<p><strong>Obiectivele specifice:<\/strong><\/p>\n<ul>\n<li>\u00a0Achizi\u021bionarea de echipamente \u0219i licen\u021be \u00een vederea implement\u0103rii proiectului \u0219i asigur\u0103rii func\u021bion\u0103rii modulelor dezvoltate Realizarea unei cercet\u0103ri socio-medicale \u00een scopul identific\u0103rii modului \u00een care noile func\u021bionalit\u0103\u021bi dezvoltate vor sprijini clien\u021bii companiei noastre \u00een a oferi, la r\u00e2ndul lor, servicii de calitate \u00eembun\u0103t\u0103\u021bit\u0103 beneficiarilor finali<\/li>\n<li>Cercetarea industrial\u0103 \u00een scopul dob\u00e2ndirii de cuno\u0219tin\u021be \u0219i competen\u021be noi, \u00een vederea dezvolt\u0103rii de noi servicii \u0219i \u00eembun\u0103t\u0103\u021biri semnificative a unui produs existent \u0219i a serviciilor furnizate \u00een prezent. Obiectivul refer\u0103 \u0219i crearea de module pentru sistemul complex, necesare pentru validarea tehnologic\u0103 a noului produs \u0219i noilor servicii.<\/li>\n<li>Extinderea gamei de servicii furnizate clien\u021bilor finali, prin furnizarea produsului dezvoltat c\u0103tre ace\u0219tia, at\u00e2t ca produs, c\u00e2t \u0219i ca serviciu (Software ca Serviciu)<\/li>\n<li>L\u0103rgirea portofoliului de clien\u021bi prin extinderea cu noi module a sistemului complex, implicit prin oferirea unor noi func\u021bionalit\u0103\u021bi, precum \u0219i prin dezvoltarea unui produs competitiv, inovator, ce poate fi furnizat clien\u021bilor finali la costuri semnificativ reduse.<\/li>\n<li>Identificarea unor oportunit\u0103\u021bi de acces pe noi pie\u021be la nivel european, prin dezvoltarea unui produs inovator ce poate fi exploatat \u00een cadrul unor programe \u0219i axe de finan\u021bare externe. Rezultatele cercet\u0103rii ini\u021biate \u00een cadrul prezentului proiect constituie baz\u0103 pentru proiecte de cercetare-inovare sau ac\u021biuni de coordonare \u0219i suport \u00een cadrul programului Orizont 2020 al Uniunii Europene. Prin crearea de sinergii \u0219i leg\u0103turi cu proiecte \u00een curs de implementare sau viitoare, rezultatele cercet\u0103rii pot fi preluate \u0219i utilizate de c\u0103tre cercet\u0103tori europeni, sprijinind demersul de marketing al solu\u021biei la nivel european. Lu\u0103m \u00een calcul \u0219i \u00eenregistrarea ca furnizor de solu\u021bii pentru ter\u021bi cercet\u0103tori, sau proiecte.<\/li>\n<\/ul>\n<p>Rezultatele preconizate<\/p>\n<p><strong>Activitatea 1 Preg\u0103tire \u0219i planificare \u00a0 <\/strong><\/p>\n<p>S1.1 Analiza reglement\u0103rilor legale existente la nivel na\u021bional \u0219i european<\/p>\n<p><strong>R1.1. Raport de analiz\u0103<\/strong> &#8211; referitor la reglement\u0103rile legale \u00een domeniul asisten\u021bei sociale, la nivel na\u021bional \u0219i european.<\/p>\n<p>S1.2 Analiz\u0103 etic\u0103<\/p>\n<p><strong>R1.2. Raport de analiz\u0103 &#8211; <\/strong>Analiza amenin\u021b\u0103rilor, vulnerabilit\u0103\u021bilor \u0219i riscurilor;\u00a0 Analiza reglement\u0103rilor \u0219i mecanismelor necesare asigur\u0103rii securit\u0103\u021bii \u0219i confiden\u021bialit\u0103\u021bii datelor cu caracter personal \u2013 raport de analiz\u0103;\u00a0 Analiza de etic\u0103 socio-medical\u0103<\/p>\n<p>S1.3 Cercetare socio-medical\u0103<\/p>\n<p><strong>R1.3. Studiu socio-medical &#8211; <\/strong>cercetare a nevoilor \u0219i problemelor comune ale persoanelor beneficiare ale sprijinului, \u0219i investiga\u021bia \u00een scopul dob\u00e2ndirii de cuno\u0219tin\u021be noi, \u00een vederea dezvolt\u0103rii modulelor informatice propuse, \u00een scopul identific\u0103rii solu\u021biilor \u0219i tehnologiilor ce pot fi utilizate ca punct de pornire pentru implementarea sistemului informatic \u0219i, implicit, a \u00eembun\u0103t\u0103\u021birii serviciilor furnizate<\/p>\n<p>S1.4 Analiza \u0219i definirea specifica\u021biilor<\/p>\n<p><strong>R1.3. Raport de analiz\u0103 \u0219i proiectare &#8211; <\/strong>investiga\u021bia planificat\u0103 a solu\u021biilor tehnice disponibile, a resurselor existente \u0219i identificarea solu\u021biilor tehnice optime pentru dezvoltarea modulelor ce vor constitui componentele sistemului complex \u0219i are rolul de a defini structura \u0219i specifica\u021biile detaliate ale sistemului informatic integrat ce urmeaz\u0103 a fi furnizat clien\u021bilor.<\/p>\n<p><strong>Activitatea 2 Dezvoltarea sistemului integrat \u00a0\u00a0\u00a0\u00a0\u00a0\u00a0\u00a0\u00a0 <\/strong><\/p>\n<p>S2.1 Achizi\u021bie, implementare \u0219i configurare echipamente hardware<\/p>\n<p><strong>R2.1. Sistemele func\u021bionale, instalate \u0219i configurate conform PV recep\u021bie &#8211; <\/strong>Rezultatul acestei activit\u0103\u021bi \u00eel constituie existen\u021ba echipamentelor necesare furniz\u0103rii de software ca serviciu pentru sistemul integrat.<\/p>\n<p>S2.2 Achizi\u021bie licen\u021be software<\/p>\n<p><strong>R2.2 sistemele func\u021bionale, instalate \u0219i configurate conform PV recep\u021bie &#8211; <\/strong>Rezultatul activit\u0103\u021bii este reprezentat de instalarea \u0219i configurarea licen\u021belor software achizi\u021bionate \u00een scopul furniz\u0103rii de software ca serviciu pentru sistemul integrat.<\/p>\n<p>S2.3 Dezvoltare module software<\/p>\n<p><strong>R2.3. Module software Open Source \u0219i module comerciale dezvoltate &#8211; <\/strong>Rezultatul acestei activit\u0103\u021bi \u00eel reprezint\u0103 modulele software \u0219i sistemul integrat definite \u00een cadrul livrabilului 1.4. \u00a0O parte a acestor module va fi distribuit\u0103 ca software open-source, conform descrierii S2.3<\/p>\n<p><strong>Activitatea 3 Analiza de impact <\/strong><\/p>\n<p>S3.1 Analiza \u00eembun\u0103t\u0103\u021birii eficien\u021bei sistemelor publice de asisten\u021b\u0103 social\u0103<\/p>\n<p><strong>R3.1. Raport de analiz\u0103 &#8211; <\/strong>Raportul de analiz\u0103 va reprezenta un studiu de caz \u0219i va constitui un exemplu de bune practici pentru implementarea sistemului integrat \u00een cadrul unei institu\u021bii beneficiare<\/p>\n<p>S3.2 Analiza beneficiilor \u0219i \u00eembun\u0103t\u0103\u021birii calit\u0103\u021bii vie\u021bii pentru utilizatorii finali<\/p>\n<p><strong>R3.2. Raport de analiz\u0103 &#8211; <\/strong>Raportul de analiz\u0103 este o cercetare \u0219tiin\u021bific\u0103 cu privire la \u00eembun\u0103t\u0103\u021birea calit\u0103\u021bii vie\u021bii persoanelor asistate social ca urmare a implement\u0103rii sistemului informatic.\u00a0 Raportul va fi publicat \u0219i \u00eenregistrat ISBN<\/p>\n<p><strong>Activitatea 4 Exploatarea \u0219i replicarea de pia\u021b\u0103 \u00a0\u00a0\u00a0\u00a0\u00a0 <\/strong><\/p>\n<p>S4.1 Nou model de servicii<\/p>\n<p><strong>R4.1. Scrisoare de licen\u021biere, Studiu de pia\u021b\u0103 \u2013 v<\/strong>a fi elaborat un studiu de pia\u021b\u0103 \u0219i o scrisoare de licen\u021biere, ce vor defini modalitatea de comercializare a produselor \u0219i a unor servicii adiacente.<\/p>\n<p><strong>Activitatea 5 Informare \u0219i publicitate <\/strong><\/p>\n<p>S5.1 Leg\u0103turi cu alte ini\u021biative<\/p>\n<p><strong>R5.1. Realizarea de leg\u0103turi cu alte ini\u021biative &#8211; <\/strong>Stabilirea de leg\u0103turi cu ini\u021biative\/proiecte \u00een domeniul social \u0219i socio-medical \u2013 minim 5 leg\u0103turi<\/p>\n<p>S5.2 Organizarea de conferin\u021be<\/p>\n<p><strong>R5.2. Organizarea a 4 conferin\u021be &#8211; <\/strong>Vor fi organizate 4 conferin\u021be de diseminare la scar\u0103 larg\u0103 a rezultatelor proiectului, cu o periodicitate de 6 luni.<\/p>\n<p>S5.3 Publica\u021bii<\/p>\n<p><strong>R5.3. Publicarea a 8 newsletter-uri \u0219i 3 reviste \u2013 8 <\/strong>newsletter-uri trimestriale cu privire la evolu\u021bia proiectului, rezultatele ob\u021binute \u0219i demersurile de cercetare \u0219i 3 reviste anuale.<\/p>\n<p>S5.4 Mediatizare on-line<\/p>\n<p><strong>R5.4. pagin\u0103 web, conturi YouTube, Google+, Facebook, Tweeter, Instagram create, utilizate \u0219i cu con\u021binut &#8211; <\/strong>Asigurarea vizibilit\u0103\u021bii proiectului \u00een mediul on-line<\/p>\n<p>S5.5 Elaborare \u0219i distribuire materiale de publicitate<\/p>\n<p><strong>R5.5. Asigurarea vizibilit\u0103\u021bii proiectului &#8211; <\/strong>Vor fi elaborate materiale publicitare, conform sec\u021biunii aferente<\/p>\n<p><strong>Activitatea 6 Management de proiect <\/strong><\/p>\n<p>Managementul unitar \u0219i eficient al proiectului, cu privire la toate activit\u0103\u021bile specifice, conform metodologiei de management de proiect.<\/p>\n<p>&nbsp;<\/p>\n<p>Valoarea total\u0103 a proiectului 3.047.552 lei<\/p>\n<p>Cofinan\u021barea asigurate de Uniunea European\u0103: 1.905.574,88<\/p>\n<p>Finan\u021barea na\u021bional\u0103: 336.277,92<\/p>\n<p>Data \u00eenceperii \u0219i finaliz\u0103rii proiectului: 03.08.2018 \u2013 02.08.2020<\/p>\n<p>\u201eProiect co-finan\u021bat din Fondul European de Dezvoltare Regional\u0103 prin programul Opera\u021bional Competitivitate 2014-2020\u201d<\/p>\n<p>&nbsp;<\/p>\n<p>Vizita\u021bi site-ul proiectului <strong><a href=\"http:\/\/asisoc.ro\/\">aici.<\/a><\/strong><\/p>\n","protected":false},"excerpt":{"rendered":"<p>Numele proiectului: fAMILIA &#8211; Asisten\u021b\u0103 Medico-social\u0103 Integrat\u0103 stimuL\u00e2nd \u00cemb\u0103tr\u00e2nirea Activ\u0103, cod SMIS 115823 Denumirea beneficiarului: S.C. Indeco Soft S.R.L. Obiectivul general al proiectului\/Scopul proiectului Obiectivul principal al proiectului const\u0103 \u00een cercetarea industrial\u0103 \u00een scopul acumul\u0103rii de noi cuno\u0219tin\u021be, adopt\u0103rii de tehnologii, \u0219i valid\u0103rii tehnologice ale conceptelor \u0219i modulelor dezvoltate \u00een cadrul proiectului \u00een vederea dezvolt\u0103rii [&hellip;]<\/p>\n","protected":false},"author":1,"featured_media":0,"parent":0,"menu_order":0,"comment_status":"closed","ping_status":"closed","template":"","meta":{"footnotes":""},"_links":{"self":[{"href":"https:\/\/indecosoft.ro\/site\/wp-json\/wp\/v2\/pages\/7310"}],"collection":[{"href":"https:\/\/indecosoft.ro\/site\/wp-json\/wp\/v2\/pages"}],"about":[{"href":"https:\/\/indecosoft.ro\/site\/wp-json\/wp\/v2\/types\/page"}],"author":[{"embeddable":true,"href":"https:\/\/indecosoft.ro\/site\/wp-json\/wp\/v2\/users\/1"}],"replies":[{"embeddable":true,"href":"https:\/\/indecosoft.ro\/site\/wp-json\/wp\/v2\/comments?post=7310"}],"version-history":[{"count":8,"href":"https:\/\/indecosoft.ro\/site\/wp-json\/wp\/v2\/pages\/7310\/revisions"}],"predecessor-version":[{"id":7320,"href":"https:\/\/indecosoft.ro\/site\/wp-json\/wp\/v2\/pages\/7310\/revisions\/7320"}],"wp:attachment":[{"href":"https:\/\/indecosoft.ro\/site\/wp-json\/wp\/v2\/media?parent=7310"}],"curies":[{"name":"wp","href":"https:\/\/api.w.org\/{rel}","templated":true}]}}