{"id":7184,"date":"2018-06-12T14:47:54","date_gmt":"2018-06-12T12:47:54","guid":{"rendered":"https:\/\/indecosoft.ro\/site\/?page_id=7184"},"modified":"2018-12-18T15:16:18","modified_gmt":"2018-12-18T13:16:18","slug":"informare-prelucrare-date","status":"publish","type":"page","link":"https:\/\/indecosoft.ro\/site\/informare-prelucrare-date\/","title":{"rendered":"Informare prelucrare date"},"content":{"rendered":"<section class=\"kc-elm kc-css-445883 kc_row\"><div class=\"kc-row-container  kc-container\"><div class=\"kc-wrap-columns\"><div class=\"kc-elm kc-css-710704 kc_col-sm-12 kc_column kc_col-sm-12\"><div class=\"kc-col-container\"><div class=\"kc-elm kc-css-352397\" style=\"height: 50px; clear: both; width:100%;\"><\/div>\n<div class=\"kc-elm kc-css-761334 kc-animated kc-animate-eff-bounceInRight kc-animate-delay-500 kc-animate-speed-3.5s kc-title-wrap \">\n\n\t<h5 class=\"kc_title\">Informare cu privire la prelucrarea datelor cu caracter personal \u00een scop de securitate \u00een incinta institu\u021biei\r\n<\/h5>\n<\/div>\n<div class=\"kc-elm kc-css-543802\" style=\"height: 50px; clear: both; width:100%;\"><\/div><div class=\"kc-elm kc-css-823132 kc_text_block\"><\/p>\n<p>SC INDECO SOFT SRL <strong>prelucreaz\u0103 datele dumneavoastr\u0103 cu caracter personal in calitate de operator, respectiv imaginea prin mijloace automatizate, \u00een vederea monitoriz\u0103rii accesului persoanelor \u015fi asigur\u0103rii securit\u0103\u0163ii acestora \u015fi a spa\u0163iilor \u015fi bunurilor operatorului\u00a0 conform prevederilor<\/strong> Legii <strong>nr. 190\/2018 privind m\u0103suri de punere \u00een aplicare a Regulamentului (UE) 2016\/679 al Parlamentului European \u015fi al Consiliului din 27 aprilie 2016 privind protec\u0163ia persoanelor fizice \u00een ceea ce prive\u015fte prelucrarea datelor cu caracter personal \u015fi privind libera circula\u0163ie a acestor date \u015fi de abrogare a Directivei 95\/46\/CE (Regulamentul general privind protec\u0163ia datelor).<\/strong><\/p>\n<p>Datele personale sunt <strong>\u00eenregistrate \u0219i stocate<\/strong> pe serverele SC INDECO SOFT SRL. <strong>Accesarea<\/strong> imaginilor se realizeaz\u0103 de c\u0103tre responsabilul de securitate IT, doar \u00een cazul \u00een care apare un incident.<\/p>\n<p><strong>Stocarea<\/strong> \u00eenregistr\u0103rilor video se realizeaz\u0103 pentru o perioada de 30 de zile.<\/p>\n<p><strong>\u0218tergerea<\/strong> \u00eenregistr\u0103rilor video se realizeaz\u0103 automat la expirarea celor 30 de zile, \u00eens\u0103 \u00een cazul \u00een care responsabilul de securitate IT este sesizat cu o cerere de \u0219tergere aceasta va opera cererea \u00een cel mai scurt timp \u0219i f\u0103r\u0103 \u00eent\u00e2rzieri nejustificate.<\/p>\n<p>Conform Legii nr. 190\/2018 privind m\u0103suri de punere \u00een aplicare a Regulamentului (UE) 2016\/679 al Parlamentului European \u015fi al Consiliului din 27 aprilie 2016 privind protec\u0163ia persoanelor fizice \u00een ceea ce prive\u015fte prelucrarea datelor cu caracter personal \u015fi privind libera circula\u0163ie a acestor date \u015fi de abrogare a Directivei 95\/46\/CE (Regulamentul general privind protec\u0163ia datelor) <strong>persoana vizat\u0103<\/strong> beneficiaz\u0103 de urm\u0103toarele <strong>drepturi<\/strong>:<\/p>\n<p>&#8211; <strong>dreptul de informare<\/strong>: reprezint\u0103 faptul c\u0103 persoana vizat\u0103 are dreptul de a ob\u0163ine din partea SC INDECO SOFT SRL o confirmare c\u0103 se prelucreaz\u0103 sau nu \u00eenregistr\u0103ri video care o privesc<\/p>\n<p>&#8211; <strong>dreptul de acces:<\/strong> persoana vizat\u0103 are dreptul de a ob\u0163ine din partea SC INDECOSOFT SRL o confirmare c\u0103 se prelucreaz\u0103 sau nu \u00eenregistr\u0103ri video care o privesc \u015fi, \u00een caz afirmativ, acces la datele respective. \u00cenregistrarea, procesarea \u0219i r\u0103spunsul \u00a0oferit persoanei vizate sunt gratuite.<\/p>\n<p>&#8211; <strong>dreptul la \u0219tergerea datelor<\/strong>: \u00eenseamn\u0103 c\u0103 persoana vizat\u0103 are dreptul s\u0103 solicite SC INDECO SOFT SRL s\u0103 \u0219terg\u0103 datele colectate f\u0103r\u0103 \u00eent\u00e2rzieri nejustificate, \u00een oricare din urm\u0103toarele situa\u021bii: nu mai sunt necesare pentru \u00eendeplinirea scopurilor pentru care au fost colectate, persoana se opune prelucr\u0103rii, datele au fost colectate ilegal, datele trebuie \u0219terse pentru respectarea unei obliga\u021bii legale, colectarea s-a f\u0103cut cu oferirea de servicii ale societ\u0103\u021bii informa\u021bionale. Deasemenea \u00eenregistrarea, procesarea \u0219i solutionarea cererii se va realiza \u00een mod gratuit.<\/p>\n<p>&#8211; <strong>dreptul la portabilitatea datelor:<\/strong> persoana vizat\u0103 are dreptul de a primi datele video care o privesc \u00eentr-un format structurat, utilizat \u00een mod curent \u015fi care poate fi citit automat \u015fi are dreptul de a transmite aceste date altui operator, f\u0103r\u0103 obstacole din partea operatorului c\u0103ruia i-au fost furnizate datele cu caracter personal;<\/p>\n<p>&#8211; <strong>dreptul de a nu fi supus unei decizii automate cu efect semnificativ:<\/strong> persoana vizat\u0103 are dreptul de a nu face obiectul unei decizii bazate exclusiv pe prelucrarea automat\u0103, inclusiv crearea de profiluri, care produce efecte juridice care privesc persoana vizat\u0103 sau o afecteaz\u0103 \u00een mod similar \u00eentr-o m\u0103sur\u0103 semnificativ\u0103;<\/p>\n<p>&#8211; \u00a0<strong>\u015fi dreptul de a se adresa justi\u0163iei.<\/strong><\/p>\n<p>Pentru exercitarea acestor drepturi, persoana vizat\u0103 adreseaz\u0103 c\u0103tre Responsabilul de Securitate IT al SC INDECO SOFT SRL o cerere scris\u0103, datat\u0103 \u015fi semnat\u0103, contin\u00e2nd urm\u0103toarele informa\u021bii de contact:<\/p>\n<ul>\n<li>Nume_prenume persoana vizata:\u00a0 \u00a0Nume_Prenume responsabilului cu securitatea: GHE\u021aE Vlad<\/li>\n<li>Adres\u0103: \u00a0\u00a0\u00a0\u00a0\u00a0\u00a0\u00a0\u00a0\u00a0\u00a0\u00a0\u00a0\u00a0\u00a0\u00a0\u00a0\u00a0\u00a0\u00a0\u00a0\u00a0\u00a0\u00a0\u00a0\u00a0\u00a0\u00a0\u00a0 Adresa sediului: Baia Mare, str. Magnoliei, nr. 5, jud. Maramure\u0219<\/li>\n<li>Telefon:\u00a0 \u00a0 \u00a0 \u00a0 \u00a0 \u00a0 \u00a0 \u00a0 \u00a0 \u00a0 \u00a0 \u00a0 \u00a0 \u00a0 \u00a0Telefon mobil: 0741126580<\/li>\n<li>Email:\u00a0 \u00a0 \u00a0 \u00a0 \u00a0 \u00a0 \u00a0 \u00a0 \u00a0 \u00a0 \u00a0 \u00a0 \u00a0 \u00a0 \u00a0 \u00a0 Adres\u0103 de mail: dataprotection@indecosoft.ro<\/li>\n<\/ul>\n<p>Dac\u0103 persoana vizat\u0103 este de p\u0103rere c\u0103 SC INDECO SOFT SRL i-a \u00eenc\u0103lcat vreun drept privind acest subiect, se poate adresa Autorit\u0103\u021bii Na\u021bionale de Supraveghere a Prelucr\u0103rii Datelor cu Caracter Personal.<\/p>\n<p>\u00cenregistr\u0103rile video nu vor fi transferate \u00een ALTE STATE sau c\u0103tre ter\u021be p\u0103r\u021bi.<\/p>\n<p>Incidente de securitate: &#8211; la solicitarea scris\u0103 a persoanei p\u0103gubite \u00eenregistr\u0103rile pot fi \u00eenaintate c\u0103tre organele de anchet\u0103 abilitate.<\/p>\n<p>\u00cen situa\u021bia \u00een care SC INDECO SOFT SRL este persoana p\u0103gubit\u0103 vor fi accesate \u00eenregistr\u0103rile video de c\u0103tre responsabilul de securitateIT. Acesta va transmite secven\u021ba video viz\u00e2nd incidentul c\u0103tre directorul general \u0219i administrator \u00een scopul demar\u0103rii procedurilor necesare.<\/p>\n<p>\n<\/div><div class=\"kc-elm kc-css-590748\" style=\"height: 50px; clear: both; width:100%;\"><\/div><\/div><\/div><\/div><\/div><\/section>\n","protected":false},"excerpt":{"rendered":"","protected":false},"author":1,"featured_media":0,"parent":0,"menu_order":0,"comment_status":"closed","ping_status":"closed","template":"","meta":{"footnotes":""},"_links":{"self":[{"href":"https:\/\/indecosoft.ro\/site\/wp-json\/wp\/v2\/pages\/7184"}],"collection":[{"href":"https:\/\/indecosoft.ro\/site\/wp-json\/wp\/v2\/pages"}],"about":[{"href":"https:\/\/indecosoft.ro\/site\/wp-json\/wp\/v2\/types\/page"}],"author":[{"embeddable":true,"href":"https:\/\/indecosoft.ro\/site\/wp-json\/wp\/v2\/users\/1"}],"replies":[{"embeddable":true,"href":"https:\/\/indecosoft.ro\/site\/wp-json\/wp\/v2\/comments?post=7184"}],"version-history":[{"count":9,"href":"https:\/\/indecosoft.ro\/site\/wp-json\/wp\/v2\/pages\/7184\/revisions"}],"predecessor-version":[{"id":7224,"href":"https:\/\/indecosoft.ro\/site\/wp-json\/wp\/v2\/pages\/7184\/revisions\/7224"}],"wp:attachment":[{"href":"https:\/\/indecosoft.ro\/site\/wp-json\/wp\/v2\/media?parent=7184"}],"curies":[{"name":"wp","href":"https:\/\/api.w.org\/{rel}","templated":true}]}}