{"id":6810,"date":"2017-09-29T09:39:13","date_gmt":"2017-09-29T07:39:13","guid":{"rendered":"https:\/\/indecosoft.ro\/site\/?page_id=6810"},"modified":"2017-09-29T09:39:13","modified_gmt":"2017-09-29T07:39:13","slug":"starecivila-en","status":"publish","type":"page","link":"https:\/\/indecosoft.ro\/site\/starecivila-en\/","title":{"rendered":"StareCivila En"},"content":{"rendered":"<section class=\"kc-elm kc-css-878078 kc_row\"><div class=\"kc-row-container  kc-container\"><div class=\"kc-wrap-columns\"><div class=\"kc-elm kc-css-811525 kc_col-sm-3 kc_column kc_col-sm-3\"><div class=\"kc-col-container\"><div class=\"kc-elm kc-css-797101 kc_shortcode kc_single_image\">\n\n        <img decoding=\"async\" src=\"https:\/\/www.indecosoft.ro\/site\/wp-content\/uploads\/2017\/07\/logo_stare_civila-200x200xc.png\" class=\"\" alt=\"\" \/>    <\/div>\n<\/div><\/div><div class=\"kc-elm kc-css-10747 kc_col-sm-9 kc_column kc_col-sm-9\"><div class=\"kc-col-container\"><div class=\"kc-elm kc-css-268138\" style=\"height: 60px; clear: both; width:100%;\"><\/div>\n<div class=\"kc-elm kc-css-643560 kc-animated kc-animate-eff-fadeIn kc-animate-speed-3.5s kc-title-wrap \">\n\n\t<h1 class=\"kc_title\">StareCivila<\/h1>\n<\/div>\n<div class=\"kc-elm kc-css-944850\" style=\"height: 20px; clear: both; width:100%;\"><\/div><div class=\"kc-elm kc-css-328301 kc_text_block\"><\/p>\n<div id=\"gt-c\" class=\"g-section\">\n<div id=\"gt-form-c\">\n<form id=\"gt-form\" action=\"\/\" enctype=\"application\/x-www-form-urlencoded\" method=\"post\" name=\"text_form\">\n<div id=\"gt-text-all\">\n<div id=\"gt-main\">\n<div id=\"gt-text-c\">\n<div id=\"gt-text-top\">\n<div id=\"gt-res-c\" class=\"g-unit\">\n<div id=\"gt-res-p\">\n<div id=\"gt-res-data\">\n<div id=\"gt-res-wrap\">\n<div id=\"gt-res-content\">\n<div id=\"gt-res-dir-ctr\" class=\"trans-verified-button-small\" dir=\"ltr\"><strong><span id=\"result_box\" lang=\"en\" tabindex=\"-1\">The StareCivila Application provides for the drawing up, keeping, recording and issuing of a one-stop-shop for civil status documents, the registration of documents and civil status acts, as well as the claims and changes in the civil status, at the domicile and residence of the person.<\/span><\/strong><\/div>\n<\/div>\n<\/div>\n<\/div>\n<\/div>\n<\/div>\n<\/div>\n<\/div>\n<\/div>\n<\/div>\n<\/form>\n<\/div>\n<\/div>\n<p>\n<\/div><div class=\"kc-elm kc-css-957035\" style=\"height: 30px; clear: both; width:100%;\"><\/div><div class=\"kc-elm kc-css-983782 kc_text_block\"><\/p>\n<div id=\"gt-c\" class=\"g-section\">\n<div id=\"gt-form-c\">\n<form id=\"gt-form\" action=\"\/\" enctype=\"application\/x-www-form-urlencoded\" method=\"post\" name=\"text_form\">\n<div id=\"gt-text-all\">\n<div id=\"gt-main\">\n<div id=\"gt-text-c\">\n<div id=\"gt-text-top\">\n<div id=\"gt-res-c\" class=\"g-unit\">\n<div id=\"gt-res-p\">\n<div id=\"gt-res-data\">\n<div id=\"gt-res-wrap\">\n<div id=\"gt-res-content\">\n<div id=\"gt-res-dir-ctr\" class=\"trans-verified-button-large\" dir=\"ltr\"><strong><span id=\"result_box\" class=\"short_text\" lang=\"en\" tabindex=\"-1\">The system provides management features for:<\/span><\/strong><\/div>\n<ul>\n<li class=\"trans-verified-button-large\" dir=\"ltr\">compilation and maintenance of civil status registers;<\/li>\n<li class=\"trans-verified-button-large\" dir=\"ltr\">completing, correcting, canceling or reconstituting civil status documents, as well as any claims made on civil status documents and identity papers;<\/li>\n<li class=\"trans-verified-button-large\" dir=\"ltr\">the establishment, updating and administration of the local register of the person;<\/li>\n<li class=\"trans-verified-button-large\" dir=\"ltr\">maintaining records of records for each category of documents issued;<\/li>\n<li class=\"trans-verified-button-large\" dir=\"ltr\">issuing birth certificates, marriage and death, identity cards;<\/li>\n<li class=\"trans-verified-button-large\" dir=\"ltr\">Keep records of other person data (Military training, Religion etc.)<\/li>\n<li class=\"trans-verified-button-large\" dir=\"ltr\">registration of claims and changes in the civil status, at the domicile and residence of the person, according to the law;<\/li>\n<li class=\"trans-verified-button-large\" dir=\"ltr\">to keep records of records for each category of documents issued;<\/li>\n<li class=\"trans-verified-button-large\" dir=\"ltr\">printing of released documents and mentions;<\/li>\n<li class=\"trans-verified-button-large\" dir=\"ltr\">person search and ordering filters;<\/li>\n<li class=\"trans-verified-button-large\" dir=\"ltr\"><span title=\"posibilit\u0103\u0163i pentru definirea unor men\u0163iuni noi;\">possibilities for defining new terms; <\/span><span title=\"configurare\/verificare CNP; \">CNP configuration \/ verification<\/span><\/li>\n<li class=\"trans-verified-button-large\" dir=\"ltr\">definition of civil status officers;<\/li>\n<\/ul>\n<\/div>\n<\/div>\n<\/div>\n<\/div>\n<\/div>\n<\/div>\n<\/div>\n<\/div>\n<\/div>\n<\/form>\n<\/div>\n<\/div>\n<p>\n<\/div><div class=\"kc-elm kc-css-309886\" style=\"height: 50px; clear: both; width:100%;\"><\/div><\/div><\/div><\/div><\/div><\/section>\n","protected":false},"excerpt":{"rendered":"","protected":false},"author":1,"featured_media":0,"parent":0,"menu_order":0,"comment_status":"closed","ping_status":"closed","template":"","meta":{"footnotes":""},"_links":{"self":[{"href":"https:\/\/indecosoft.ro\/site\/wp-json\/wp\/v2\/pages\/6810"}],"collection":[{"href":"https:\/\/indecosoft.ro\/site\/wp-json\/wp\/v2\/pages"}],"about":[{"href":"https:\/\/indecosoft.ro\/site\/wp-json\/wp\/v2\/types\/page"}],"author":[{"embeddable":true,"href":"https:\/\/indecosoft.ro\/site\/wp-json\/wp\/v2\/users\/1"}],"replies":[{"embeddable":true,"href":"https:\/\/indecosoft.ro\/site\/wp-json\/wp\/v2\/comments?post=6810"}],"version-history":[{"count":1,"href":"https:\/\/indecosoft.ro\/site\/wp-json\/wp\/v2\/pages\/6810\/revisions"}],"predecessor-version":[{"id":6811,"href":"https:\/\/indecosoft.ro\/site\/wp-json\/wp\/v2\/pages\/6810\/revisions\/6811"}],"wp:attachment":[{"href":"https:\/\/indecosoft.ro\/site\/wp-json\/wp\/v2\/media?parent=6810"}],"curies":[{"name":"wp","href":"https:\/\/api.w.org\/{rel}","templated":true}]}}