{"id":6791,"date":"2017-09-29T08:46:53","date_gmt":"2017-09-29T06:46:53","guid":{"rendered":"https:\/\/indecosoft.ro\/site\/?page_id=6791"},"modified":"2018-03-12T12:29:45","modified_gmt":"2018-03-12T10:29:45","slug":"resum-en","status":"publish","type":"page","link":"https:\/\/indecosoft.ro\/site\/resum-en\/","title":{"rendered":"ResUm En"},"content":{"rendered":"<section class=\"kc-elm kc-css-984928 kc_row\"><div class=\"kc-row-container  kc-container\"><div class=\"kc-wrap-columns\"><div class=\"kc-elm kc-css-908463 kc_col-sm-3 kc_column kc_col-sm-3\"><div class=\"kc-col-container\"><div class=\"kc-elm kc-css-46626 kc_shortcode kc_single_image\">\n\n        <img decoding=\"async\" src=\"https:\/\/www.indecosoft.ro\/site\/wp-content\/uploads\/2017\/07\/salarii-200x200xc.png\" class=\"\" alt=\"\" \/>    <\/div>\n<\/div><\/div><div class=\"kc-elm kc-css-71793 kc_col-sm-9 kc_column kc_col-sm-9\"><div class=\"kc-col-container\"><div class=\"kc-elm kc-css-855074\" style=\"height: 60px; clear: both; width:100%;\"><\/div>\n<div class=\"kc-elm kc-css-163138 kc-animated kc-animate-eff-fadeIn kc-animate-speed-3.5s kc-title-wrap \">\n\n\t<h1 class=\"kc_title\">ReSum<\/h1>\n<\/div>\n<div class=\"kc-elm kc-css-750887\" style=\"height: 20px; clear: both; width:100%;\"><\/div><div class=\"kc-elm kc-css-836958 kc_text_block\"><\/p>\n<div class=\"row-fluid\">\n<div class=\"wpb_content_element span12 wpb_text_column\">\n<div class=\"wpb_wrapper\">\n<div id=\"gt-c\" class=\"g-section\">\n<div id=\"gt-form-c\">\n<form id=\"gt-form\" action=\"\/\" enctype=\"application\/x-www-form-urlencoded\" method=\"post\" name=\"text_form\">\n<div id=\"gt-text-all\">\n<div id=\"gt-main\">\n<div id=\"gt-text-c\">\n<div id=\"gt-text-top\">\n<div id=\"gt-res-c\" class=\"g-unit\">\n<div id=\"gt-res-p\">\n<div id=\"gt-res-data\">\n<div id=\"gt-res-wrap\">\n<div id=\"gt-res-content\">\n<div id=\"gt-res-dir-ctr\" class=\"trans-verified-button-small\" dir=\"ltr\"><strong><span id=\"result_box\" lang=\"en\" tabindex=\"-1\">The ReSum application provides IT support for the Human Resources department to manage employee staff, calculate salary rights and make statements to social security institutions.<\/span><\/strong><\/div>\n<\/div>\n<\/div>\n<\/div>\n<\/div>\n<\/div>\n<\/div>\n<\/div>\n<\/div>\n<\/div>\n<\/form>\n<\/div>\n<\/div>\n<\/div>\n<\/div>\n<\/div>\n<div class=\"row-fluid\">\n<div class=\"wpb_content_element span12 wpb_text_column\">\n<div class=\"wpb_wrapper\">\n<div id=\"gt-c\" class=\"g-section\">\n<div id=\"gt-form-c\">\n<form id=\"gt-form\" action=\"\/\" enctype=\"application\/x-www-form-urlencoded\" method=\"post\" name=\"text_form\">\n<div id=\"gt-text-all\">\n<div id=\"gt-main\">\n<div id=\"gt-text-c\">\n<div id=\"gt-text-top\">\n<div id=\"gt-res-c\" class=\"g-unit\">\n<div id=\"gt-res-p\">\n<div id=\"gt-res-data\">\n<div id=\"gt-res-wrap\">\n<div id=\"gt-res-content\">\n<div id=\"gt-res-dir-ctr\" class=\"trans-verified-button-small\" dir=\"ltr\">\n<p><span id=\"result_box\" lang=\"en\" tabindex=\"-1\"><span title=\"\u00cen conformitate cu legisla\u0163ia specific\u0103 func\u0163ionarilor publici, gestionarea angaja\u021bilor se va face diferen\u0163iat pentru: func\u0163ionari publici;\">According to the specific legislation of civil servants, the management of the employees will be differentiated for: civil servants; <\/span><span title=\"personal contractual\u00a0;\">contract staff; <\/span><span title=\"personal contractual de deservire\u00a0;\">contract staff; <\/span><span title=\"demnitari numi\u021bi;\">named dignitaries; <\/span><span title=\"demnitari ale\u0219i;\">elected dignitaries; <\/span><span title=\"alte categorii de personal conform codului muncii; \">other categories of staff according to the labor code;<\/span><\/span><\/p>\n<p><span title=\"Modelul organizatoric \u015fi func\u0163ional al institu\u0163iei se poate elabora pe mai multe niveluri ierarhice cu specificarea fi\u015fei postului pentru completarea statului de func\u0163iuni.\">The organizational and functional model of the institution can be elaborated on several hierarchical levels, specifying the job description for filling the state of functions. <\/span><span title=\"Pentru fiecare post se pot completa date ce privesc \u00eentocmirea statelor de personal , fi\u0219a postului.\">For each post, you can fill in data related to staffing, job description. <\/span><span title=\"O serie de date se completeaz\u0103 \u00een mod automat ca de exemplu \u00een cazul grada\u021biei.\">A series of data is automatically filled in as in the case of gradation. <\/span><span title=\"Aceasta se completeaz\u0103 automat \u00een func\u021bie de vechimea angajatului care ocup\u0103 postul respectiv. \">It is automatically filled in depending on the age of the employee occupying the post.<\/span><\/p>\n<p><span title=\"Unui angajat i se pot ata\u0219a unul sau mai multe contracte de munc\u0103 , fiecare dintre acestea fiind gestionat distinct.\">One employee can join one or more employment contracts, each of which is managed separately. <\/span><span title=\"Fiecare contract poate beneficia de \u00eenc\u0103 15 sporuri cu formul\u0103 de calcul distinct\u0103, pe l\u00e2ng\u0103 salar de \u00eencadrare , indemniza\u021bie de conducere , merit , vechime . \">Each contract may benefit from 15 more increments with a distinct computing formula, besides salary, driving allowance, merit, seniority.<\/span><\/p>\n<p><span title=\"Definirea organigramei permite actualizarea datelor pe un set restr\u00e2ns de personal (birou\/ departament\/ direc\u021bie\/serviciu etc), sau pe toat\u0103 institu\u021bia.\">Defining the organizational chart allows data to be updated on a small set of staff (office \/ department \/ direction \/ service, etc.) or across the institution.<\/span><\/p>\n<\/div>\n<div dir=\"ltr\">\u00a0<\/div>\n<\/div>\n<\/div>\n<\/div>\n<\/div>\n<\/div>\n<\/div>\n<\/div>\n<\/div>\n<\/div>\n<\/form>\n<\/div>\n<\/div>\n<div id=\"gt-c\" class=\"g-section\">\n<div id=\"gt-form-c\">\n<form id=\"gt-form\" action=\"\/\" enctype=\"application\/x-www-form-urlencoded\" method=\"post\" name=\"text_form\">\n<div id=\"gt-text-all\">\n<div id=\"gt-main\">\n<div id=\"gt-text-c\">\n<div id=\"gt-text-top\">\n<div id=\"gt-res-c\" class=\"g-unit\">\n<div id=\"gt-res-p\">\n<div id=\"gt-res-data\">\n<div id=\"gt-res-wrap\">\n<div id=\"gt-res-content\">\n<div id=\"gt-res-dir-ctr\" class=\"trans-verified-button-small\" dir=\"ltr\"><span id=\"result_box\" lang=\"en\" tabindex=\"-1\">There is a possibility to manage the time of your own device separately from the <strong>counselors&#8217; time, separate commission<\/strong>s, or <strong>other types of tips<\/strong>. At the same time, for each of these types of attachments there is the possibility to make different listings: payment state, centralizer, recapitulative situation, etc.<\/span><\/div>\n<\/div>\n<\/div>\n<\/div>\n<\/div>\n<\/div>\n<\/div>\n<\/div>\n<\/div>\n<\/div>\n<\/form>\n<\/div>\n<\/div>\n<div id=\"gt-c\" class=\"g-section\">\n<div id=\"gt-form-c\">\n<form id=\"gt-form\" action=\"\/\" enctype=\"application\/x-www-form-urlencoded\" method=\"post\" name=\"text_form\">\n<div id=\"gt-text-all\">\n<div id=\"gt-main\">\n<div id=\"gt-text-c\">\n<div id=\"gt-text-top\">\n<div id=\"gt-res-c\" class=\"g-unit\">\n<div id=\"gt-res-p\">\n<div id=\"gt-res-data\">\n<div id=\"gt-res-wrap\">\n<div id=\"gt-res-content\">\n<div id=\"gt-res-dir-ctr\" class=\"trans-verified-button-small\" dir=\"ltr\">\n<p><span id=\"result_box\" lang=\"en\" tabindex=\"-1\"><span title=\"La \u00eentocmirea calculului salariului pentru aparatul propriu se pot introduce : \">When calculating the salary calculation for your own device, you can enter:<\/span><\/span><\/p>\n<p><span title=\"-\u00a0\u00a0\u00a0\u00a0\u00a0 Ore suplimentare (75%\/100%) ;\">&#8211; Additional hours (75% \/ 100%); <\/span><span title=\"Alte sume ;\">Other amounts; <\/span><span title=\"Premii ;\">Prizes; <\/span><span title=\"Premii 2%\/10% ;\">Prizes 2% \/ 10%; <\/span><span title=\"Prim\u0103 pensionare ;\">First retirement; <\/span><span title=\"Prim\u0103 concediu;\">First vacation; <\/span><span title=\"Stimulente;\">incentives; <\/span><span title=\"Salar 13 ;\">Salar 13; <\/span><span title=\"Diverse drepturi ca \u0219i eviden\u021b\u0103 distinct\u0103 (drepturi sociale , \u021binuta , ghi\u0219eu) \">Various rights as distinct evidence (social rights, attire, counters)<\/span><\/p>\n<p><span title=\"-\u00a0\u00a0\u00a0\u00a0\u00a0 Re\u021binere sindicat, cu posibilitate de calcul diferit\u0103 \u00een func\u021bie de fiecare sindicat. \">&#8211; Retention of the trade union, with different calculation possibilities for each trade union.<\/span><\/p>\n<p><span title=\"-\u00a0\u00a0\u00a0\u00a0\u00a0 Re\u021bineri CAR , Pensie Alimentar\u0103 , Popriri , Garan\u021bii . \">&#8211; CAR Reserves, Food Pensions, Compensations, Guarantees.<\/span><\/p>\n<p><span title=\"-\u00a0\u00a0\u00a0\u00a0\u00a0 Concedii medicale (ini\u021bial\/continuare) , calculul \u0219i gestionarea se face automat de c\u0103tre aplica\u021bie. \">&#8211; Medical leave (initial \/ sequential), calculation and management is done automatically by the application.<\/span><\/p>\n<p><span title=\"-\u00a0\u00a0\u00a0\u00a0\u00a0 Ore garda , ore bloc operator , salar majorat , chem\u0103ri de la domiciliu (acestea sunt utilizate de c\u0103tre spitale) \">&#8211; Guard Hours, Operator Block Hours, Higher Salary, Calls From Home (These Are Used By Hospitals)<\/span><\/p>\n<p><span title=\"Pentru \u00eentocmirea calculului salariului se poate porni de la \u00eentocmirea foii de prezen\u021b\u0103 (pe perioad\u0103 sau pe lun\u0103).\">The calculation of the salary can start from the drawing of the attendance sheet (period or per month). <\/span><span title=\"\u00cen foaia de prezen\u021b\u0103 se opereaz\u0103 doar excep\u021biile de la zilele lucrate , adic\u0103 : \">Only exceptions to days worked are in the attendance sheet, ie:<\/span><\/p>\n<p><span title=\"-\u00a0\u00a0\u00a0\u00a0\u00a0 concedii de odihn\u0103 ;\">&#8211; rest leave; <\/span><span title=\"concedii medicale ;\">medical leave; <\/span><span title=\"concedii de studii ;\">study leave; <\/span><span title=\"nemotivate etc. \">unmotivated, etc.<\/span><\/p>\n<p><span title=\"Tot la baza \u00eentocmirii pontajului se pot utiliza \u0219i celelalte op\u021biuni disponibile \u00een aplica\u021bie : \">At the same time, the other options available in the application can also be used:<\/span><\/p>\n<p><span title=\"-\u00a0\u00a0\u00a0\u00a0\u00a0 Avansuri (eviden\u021b\u0103 distinct\u0103 \u2013 avans concediu, salar , premii, stimulente , comisii, prim\u0103 concediu ), \">&#8211; Advance payments (distinct evidence &#8211; advance leave, salary, prizes, incentives, commissions, first leave),<\/span><\/p>\n<p><span title=\"-\u00a0\u00a0\u00a0\u00a0\u00a0 Avansuri anticipate , la fel ca \u0219i la Avansuri , se folosesc pentru luni care\u00a0nu sunt \u00eenc\u0103 ini\u021bializate, \">&#8211; Early advances, like Advance, are used for months that are not yet initialized,<\/span><\/p>\n<p><span title=\"-\u00a0\u00a0\u00a0\u00a0\u00a0 Re\u021bineri \u2013 orice alte tipuri de alte re\u021bineri (ex Rate b\u0103nci , Chirii, \u00a0etc), \">&#8211; Deductions &#8211; any other types of other retentions (eg bank rates, rent, etc),<\/span><\/p>\n<p><span title=\"-\u00a0\u00a0\u00a0\u00a0\u00a0 Pensie facultativ\u0103 \u2013 gestioneaz\u0103 automat pensiile facultative , pe tip asigurator \u00een cazul \u00een care sunt mai mul\u021bi , \u0219i face diferen\u021bierea automat\u0103 a plafonului de deductibilitate (400 euro pentru 2012), suma care dep\u0103\u0219e\u0219te plafonul stabilit este trecut\u0103 automat de c\u0103tre aplica\u021bie pe sume nedeductibile, \">&#8211; Optional pension &#8211; automatically manages optional pensions, by type of insurer, if there are several, and automatically differentiates the deductibility ceiling (400 euros for 2012), the amount exceeding the established ceiling is automatically passed by the application on non-deductible amounts,<\/span><\/p>\n<p><span title=\"-\u00a0\u00a0\u00a0\u00a0\u00a0 Alte drepturi \u2013 acestea de regul\u0103 sunt alte sume care se pot introduce ca \u0219i eviden\u021b\u0103 separat\u0103 \u0219i se adun\u0103 \u00een total brut (diferen\u021be concedii, etc).\">&#8211; Other rights &#8211; these are usually other amounts that can be entered as separate accounts and aggregate gross (breaks leave, etc.).<\/span><\/p>\n<\/div>\n<div dir=\"ltr\">\u00a0<\/div>\n<\/div>\n<\/div>\n<\/div>\n<\/div>\n<\/div>\n<\/div>\n<\/div>\n<\/div>\n<\/div>\n<\/form>\n<\/div>\n<\/div>\n<div id=\"gt-c\" class=\"g-section\">\n<div id=\"gt-form-c\">\n<form id=\"gt-form\" action=\"\/\" enctype=\"application\/x-www-form-urlencoded\" method=\"post\" name=\"text_form\">\n<div id=\"gt-text-all\">\n<div id=\"gt-main\">\n<div id=\"gt-text-c\">\n<div id=\"gt-text-top\">\n<div id=\"gt-res-c\" class=\"g-unit\">\n<div id=\"gt-res-p\">\n<div id=\"gt-res-data\">\n<div id=\"gt-res-wrap\">\n<div id=\"gt-res-content\">\n<div id=\"gt-res-dir-ctr\" class=\"trans-verified-button-small\" dir=\"ltr\"><span id=\"result_box\" lang=\"en\" tabindex=\"-1\"><strong>The application keeps track of the Professionals File<\/strong>, with the possibility of transferring amounts from the employment contract, time sheet, attendance sheet for the data set that is specific to each form, eg F form with salary rights.<\/span><\/div>\n<div dir=\"ltr\">\u00a0<\/div>\n<\/div>\n<\/div>\n<\/div>\n<\/div>\n<\/div>\n<\/div>\n<\/div>\n<\/div>\n<\/div>\n<\/form>\n<\/div>\n<\/div>\n<div id=\"gt-c\" class=\"g-section\">\n<div id=\"gt-form-c\">\n<form id=\"gt-form\" action=\"\/\" enctype=\"application\/x-www-form-urlencoded\" method=\"post\" name=\"text_form\">\n<div id=\"gt-text-all\">\n<div id=\"gt-main\">\n<div id=\"gt-text-c\">\n<div id=\"gt-text-top\">\n<div id=\"gt-res-c\" class=\"g-unit\">\n<div id=\"gt-res-p\">\n<div id=\"gt-res-data\">\n<div id=\"gt-res-wrap\">\n<div id=\"gt-res-content\">\n<div id=\"gt-res-dir-ctr\" class=\"trans-verified-button-small\" dir=\"ltr\"><span id=\"result_box\" lang=\"en\" tabindex=\"-1\"><strong>The application allows generation of accounting notes in the budget \/ accounting module<\/strong>, this can be done at the node level in the organization chart (department) or at the group level.<\/span><\/div>\n<div dir=\"ltr\">\u00a0<\/div>\n<\/div>\n<\/div>\n<\/div>\n<\/div>\n<\/div>\n<\/div>\n<\/div>\n<\/div>\n<\/div>\n<\/form>\n<\/div>\n<\/div>\n<div id=\"gt-c\" class=\"g-section\">\n<div id=\"gt-form-c\">\n<form id=\"gt-form\" action=\"\/\" enctype=\"application\/x-www-form-urlencoded\" method=\"post\" name=\"text_form\">\n<div id=\"gt-text-all\">\n<div id=\"gt-main\">\n<div id=\"gt-text-c\">\n<div id=\"gt-text-top\">\n<div id=\"gt-res-c\" class=\"g-unit\">\n<div id=\"gt-res-p\">\n<div id=\"gt-res-data\">\n<div id=\"gt-res-wrap\">\n<div id=\"gt-res-content\">\n<div id=\"gt-res-dir-ctr\" class=\"trans-verified-button-small\" dir=\"ltr\"><span id=\"result_box\" lang=\"en\" tabindex=\"-1\">Group export is done if there are several departments in the organizational chart that are paid from the same budget chapter and there is no department in the organizational chart to make a total for them.<\/span><\/div>\n<div dir=\"ltr\">\u00a0<\/div>\n<\/div>\n<\/div>\n<\/div>\n<\/div>\n<\/div>\n<\/div>\n<\/div>\n<\/div>\n<\/div>\n<\/form>\n<\/div>\n<\/div>\n<div id=\"gt-c\" class=\"g-section\">\n<div id=\"gt-form-c\">\n<form id=\"gt-form\" action=\"\/\" enctype=\"application\/x-www-form-urlencoded\" method=\"post\" name=\"text_form\">\n<div id=\"gt-text-all\">\n<div id=\"gt-main\">\n<div id=\"gt-text-c\">\n<div id=\"gt-text-top\">\n<div id=\"gt-res-c\" class=\"g-unit\">\n<div id=\"gt-res-p\">\n<div id=\"gt-res-data\">\n<div id=\"gt-res-wrap\">\n<div id=\"gt-res-content\">\n<div id=\"gt-res-dir-ctr\" class=\"trans-verified-button-small\" dir=\"ltr\"><span id=\"result_box\" lang=\"en\" tabindex=\"-1\">The <strong>automatic link<\/strong> with the <strong>ASISOC<\/strong> automatically manages the employment contracts that are entered into the social assistance application to personal assistants, and only the timesheets (exceptions to the days worked) will be made in the human resources application.<\/span><\/div>\n<div dir=\"ltr\">\u00a0<\/div>\n<\/div>\n<\/div>\n<\/div>\n<\/div>\n<\/div>\n<\/div>\n<\/div>\n<\/div>\n<\/div>\n<\/form>\n<\/div>\n<\/div>\n<div id=\"gt-c\" class=\"g-section\">\n<div id=\"gt-form-c\">\n<form id=\"gt-form\" action=\"\/\" enctype=\"application\/x-www-form-urlencoded\" method=\"post\" name=\"text_form\">\n<div id=\"gt-text-all\">\n<div id=\"gt-main\">\n<div id=\"gt-text-c\">\n<div id=\"gt-text-top\">\n<div id=\"gt-res-c\" class=\"g-unit\">\n<div id=\"gt-res-p\">\n<div id=\"gt-res-data\">\n<div id=\"gt-res-wrap\">\n<div id=\"gt-res-content\">\n<div id=\"gt-res-dir-ctr\" class=\"trans-verified-button-small\" dir=\"ltr\"><span id=\"result_box\" lang=\"en\" tabindex=\"-1\"><strong>Reports<\/strong> &#8211; the application has the ability to draw up staffing, payment states, centralizers, recapitulative statements, card feeds, and a variety of other listings such as: overtime hours, various types of certificates, various lists with totals, centralizers grouped by various criteria that can be useful to various statistical situations. The app handles about 270 reports.<\/span><\/div>\n<div dir=\"ltr\">\u00a0<\/div>\n<\/div>\n<\/div>\n<\/div>\n<\/div>\n<\/div>\n<\/div>\n<\/div>\n<\/div>\n<\/div>\n<\/form>\n<\/div>\n<\/div>\n<div id=\"gt-c\" class=\"g-section\">\n<div id=\"gt-form-c\">\n<form id=\"gt-form\" action=\"\/\" enctype=\"application\/x-www-form-urlencoded\" method=\"post\" name=\"text_form\">\n<div id=\"gt-text-all\">\n<div id=\"gt-main\">\n<div id=\"gt-text-c\">\n<div id=\"gt-text-top\">\n<div id=\"gt-res-c\" class=\"g-unit\">\n<div id=\"gt-res-p\">\n<div id=\"gt-res-data\">\n<div id=\"gt-res-wrap\">\n<div id=\"gt-res-content\">\n<div id=\"gt-res-dir-ctr\" class=\"trans-verified-button-small\" dir=\"ltr\"><span id=\"result_box\" lang=\"en\" tabindex=\"-1\"><strong>Monthly \/ Yearly Situations &#8211; Cards<\/strong> &#8211; The application allows the generation of the card feed file (advance \/ payout) for 15 different banks (BCR, BRD, Transilvania, CEC, etc.). The application <strong>automatically generates the fiscal cards and the 112<\/strong>\u00a0<strong>declaration<\/strong> on the basis of the data entered, without the need for further edits, also at the end of the year, it is possible to automatically generate Fiscal Fills without the need for additional edits.<\/span><\/div>\n<\/div>\n<\/div>\n<\/div>\n<\/div>\n<\/div>\n<\/div>\n<\/div>\n<\/div>\n<\/div>\n<\/form>\n<\/div>\n<\/div>\n<\/div>\n<\/div>\n<\/div>\n<p>\n<\/div><div class=\"kc-elm kc-css-209517\" style=\"height: 50px; clear: both; width:100%;\"><\/div><\/div><\/div><\/div><\/div><\/section>\n","protected":false},"excerpt":{"rendered":"","protected":false},"author":1,"featured_media":0,"parent":0,"menu_order":0,"comment_status":"closed","ping_status":"closed","template":"","meta":{"footnotes":""},"_links":{"self":[{"href":"https:\/\/indecosoft.ro\/site\/wp-json\/wp\/v2\/pages\/6791"}],"collection":[{"href":"https:\/\/indecosoft.ro\/site\/wp-json\/wp\/v2\/pages"}],"about":[{"href":"https:\/\/indecosoft.ro\/site\/wp-json\/wp\/v2\/types\/page"}],"author":[{"embeddable":true,"href":"https:\/\/indecosoft.ro\/site\/wp-json\/wp\/v2\/users\/1"}],"replies":[{"embeddable":true,"href":"https:\/\/indecosoft.ro\/site\/wp-json\/wp\/v2\/comments?post=6791"}],"version-history":[{"count":2,"href":"https:\/\/indecosoft.ro\/site\/wp-json\/wp\/v2\/pages\/6791\/revisions"}],"predecessor-version":[{"id":7114,"href":"https:\/\/indecosoft.ro\/site\/wp-json\/wp\/v2\/pages\/6791\/revisions\/7114"}],"wp:attachment":[{"href":"https:\/\/indecosoft.ro\/site\/wp-json\/wp\/v2\/media?parent=6791"}],"curies":[{"name":"wp","href":"https:\/\/api.w.org\/{rel}","templated":true}]}}