{"id":6734,"date":"2017-09-28T13:13:40","date_gmt":"2017-09-28T11:13:40","guid":{"rendered":"https:\/\/indecosoft.ro\/site\/?page_id=6734"},"modified":"2017-09-29T09:59:14","modified_gmt":"2017-09-29T07:59:14","slug":"portal-rasnov-city-hall","status":"publish","type":"page","link":"https:\/\/indecosoft.ro\/site\/portal-rasnov-city-hall\/","title":{"rendered":"Portal Rasnov City Hall En"},"content":{"rendered":"<section class=\"kc-elm kc-css-685631 kc_row\"><div class=\"kc-row-container  kc-container\"><div class=\"kc-wrap-columns\"><div class=\"kc-elm kc-css-757484 kc_col-sm-3 kc_column kc_col-sm-3\"><div class=\"kc-col-container\"><div class=\"kc-elm kc-css-161835 kc_shortcode kc_single_image\">\n\n        <img decoding=\"async\" src=\"https:\/\/www.indecosoft.ro\/site\/wp-content\/uploads\/2017\/07\/print_rasnov-200x200xc.png\" class=\"\" alt=\"\" \/>    <\/div>\n<\/div><\/div><div class=\"kc-elm kc-css-869231 kc_col-sm-9 kc_column kc_col-sm-9\"><div class=\"kc-col-container\"><div class=\"kc-elm kc-css-171189\" style=\"height: 60px; clear: both; width:100%;\"><\/div>\n<div class=\"kc-elm kc-css-979206 kc-animated kc-animate-eff-fadeIn kc-animate-speed-3.5s kc-title-wrap \">\n\n\t<h1 class=\"kc_title\">Portal Rasnov City Hall<\/h1>\n<\/div>\n<div class=\"kc-elm kc-css-793117\" style=\"height: 20px; clear: both; width:100%;\"><\/div><div class=\"kc-elm kc-css-172742 kc_text_block\"><\/p>\n<div class=\"row-fluid\">\n<div class=\"wpb_content_element span12 wpb_text_column\">\n<div class=\"wpb_wrapper\">\n<div class=\"row-fluid\">\n<div class=\"wpb_content_element span12 wpb_text_column\">\n<div class=\"wpb_wrapper\">\n<div class=\"row-fluid\">\n<div class=\"wpb_content_element span12 wpb_text_column\">\n<div class=\"wpb_wrapper\">\n<div class=\"row-fluid\">\n<div class=\"wpb_content_element span12 wpb_text_column\">\n<div class=\"wpb_wrapper\">\n<div id=\"gt-c\" class=\"g-section\">\n<div id=\"gt-form-c\">\n<form id=\"gt-form\" action=\"\/\" enctype=\"application\/x-www-form-urlencoded\" method=\"post\" name=\"text_form\">\n<div id=\"gt-text-all\">\n<div id=\"gt-main\">\n<div id=\"gt-text-c\">\n<div id=\"gt-text-top\">\n<div id=\"gt-res-c\" class=\"g-unit\">\n<div id=\"gt-res-p\">\n<div id=\"gt-res-data\">\n<div id=\"gt-res-wrap\">\n<div id=\"gt-res-content\">\n<div id=\"gt-res-dir-ctr\" class=\"trans-verified-button-small\" dir=\"ltr\">\n<p><span id=\"result_box\" lang=\"en\" tabindex=\"-1\"><strong>The Rasnov City Hall portal is a complex system designed both for informing the citizens of R\u00e2\u015fnov and for informing the city hall officials and economic agents.<\/strong><\/span><\/p>\n<p>The portal uses web technologies both in the user interface and in the administration interface.<\/p>\n<p>The Rasnov City Hall portal consists of three components:<\/p>\n<\/div>\n<\/div>\n<\/div>\n<\/div>\n<\/div>\n<\/div>\n<\/div>\n<\/div>\n<\/div>\n<\/div>\n<\/form>\n<\/div>\n<\/div>\n<\/div>\n<\/div>\n<\/div>\n<div class=\"row-fluid\">\n<div class=\"wpb_content_element span12 wpb_text_column\">\n<div class=\"wpb_wrapper\">\n<ul>\n<li>\n<div id=\"gt-c\" class=\"g-section\">\n<div id=\"gt-form-c\">\n<form id=\"gt-form\" action=\"\/\" enctype=\"application\/x-www-form-urlencoded\" method=\"post\" name=\"text_form\">\n<div id=\"gt-text-all\">\n<div id=\"gt-main\">\n<div id=\"gt-text-c\">\n<div id=\"gt-text-top\">\n<div id=\"gt-res-c\" class=\"g-unit\">\n<div id=\"gt-res-p\">\n<div id=\"gt-res-data\">\n<div id=\"gt-res-wrap\">\n<div id=\"gt-res-content\">\n<div id=\"gt-res-dir-ctr\" class=\"trans-verified-button-large\" dir=\"ltr\"><span id=\"result_box\" class=\"short_text\" lang=\"en\" tabindex=\"-1\">The internet component for citizens,<\/span><\/div>\n<\/div>\n<\/div>\n<\/div>\n<\/div>\n<\/div>\n<\/div>\n<\/div>\n<\/div>\n<\/div>\n<\/form>\n<\/div>\n<\/div>\n<\/li>\n<li>\n<div id=\"gt-c\" class=\"g-section\">\n<div id=\"gt-form-c\">\n<form id=\"gt-form\" action=\"\/\" enctype=\"application\/x-www-form-urlencoded\" method=\"post\" name=\"text_form\">\n<div id=\"gt-text-all\">\n<div id=\"gt-main\">\n<div id=\"gt-text-c\">\n<div id=\"gt-text-top\">\n<div id=\"gt-res-c\" class=\"g-unit\">\n<div id=\"gt-res-p\">\n<div id=\"gt-res-data\">\n<div id=\"gt-res-wrap\">\n<div id=\"gt-res-content\">\n<div id=\"gt-res-dir-ctr\" class=\"trans-verified-button-large\" dir=\"ltr\"><span id=\"result_box\" class=\"short_text\" lang=\"en\" tabindex=\"-1\">The intranet component for civil servants,<\/span><\/div>\n<\/div>\n<\/div>\n<\/div>\n<\/div>\n<\/div>\n<\/div>\n<\/div>\n<\/div>\n<\/div>\n<\/form>\n<\/div>\n<\/div>\n<\/li>\n<li>\n<div id=\"gt-c\" class=\"g-section\">\n<div id=\"gt-form-c\">\n<form id=\"gt-form\" action=\"\/\" enctype=\"application\/x-www-form-urlencoded\" method=\"post\" name=\"text_form\">\n<div id=\"gt-text-all\">\n<div id=\"gt-main\">\n<div id=\"gt-text-c\">\n<div id=\"gt-text-top\">\n<div id=\"gt-res-c\" class=\"g-unit\">\n<div id=\"gt-res-p\">\n<div id=\"gt-res-data\">\n<div id=\"gt-res-wrap\">\n<div id=\"gt-res-content\">\n<div id=\"gt-res-dir-ctr\" class=\"trans-verified-button-large\" dir=\"ltr\"><span id=\"result_box\" class=\"short_text\" lang=\"en\" tabindex=\"-1\">Extranet component for economic agents.<\/span><\/div>\n<\/div>\n<\/div>\n<\/div>\n<\/div>\n<\/div>\n<\/div>\n<\/div>\n<\/div>\n<\/div>\n<\/form>\n<\/div>\n<\/div>\n<\/li>\n<\/ul>\n<div id=\"gt-c\" class=\"g-section\">\n<div id=\"gt-form-c\">\n<form id=\"gt-form\" action=\"\/\" enctype=\"application\/x-www-form-urlencoded\" method=\"post\" name=\"text_form\">\n<div id=\"gt-text-all\">\n<div id=\"gt-main\">\n<div id=\"gt-text-c\">\n<div id=\"gt-text-top\">\n<div id=\"gt-res-c\" class=\"g-unit\">\n<div id=\"gt-res-p\">\n<div id=\"gt-res-data\">\n<div id=\"gt-res-wrap\">\n<div id=\"gt-res-content\">\n<div id=\"gt-res-dir-ctr\" class=\"trans-verified-button-small\" dir=\"ltr\">\n<p><span id=\"result_box\" lang=\"en\" tabindex=\"-1\"><span title=\"Componenta pentru cet\u0103\u0163eni ofer\u0103 acestora informa\u0163ii de interes general, dar \u015fi informa\u0163ii specifice.\">The Citizens Component provides them with information of general interest as well as specific information. <\/span><span title=\"Aceast\u0103 component\u0103 este integrat\u0103 cu urm\u0103toarele module implementate la nivelul prim\u0103riei: \">This component is integrated with the following modules implemented at the City Hall:<\/span><\/span><\/p>\n<p><span title=\"-\u00a0\u00a0\u00a0\u00a0\u00a0\u00a0\u00a0 aplica\u0163ia de Management al documentelor, \">&#8211; Document Management application,<\/span><\/p>\n<p><span title=\"-\u00a0\u00a0\u00a0\u00a0\u00a0\u00a0\u00a0 aplica\u0163ia de Urbanism, \">&#8211; the Urbanism application,<\/span><\/p>\n<p><span title=\"-\u00a0\u00a0\u00a0\u00a0\u00a0\u00a0\u00a0 aplica\u0163ia de Audien\u0163e, \">&#8211; Audience app,<\/span><\/p>\n<p><span title=\"-\u00a0\u00a0\u00a0\u00a0\u00a0\u00a0\u00a0 aplica\u0163ia de depunere a peti\u0163iilor, \">&#8211; application for petitions,<\/span><\/p>\n<p><span title=\"-\u00a0\u00a0\u00a0\u00a0\u00a0\u00a0\u00a0 aplica\u0163ia de pl\u0103\u0163i online. \">&#8211; Online payment application.<\/span><\/p>\n<p><span title=\"Componenta web pentru cet\u0103\u0163eni ofer\u0103 \u015ftiri publice, informa\u0163ii despre prim\u0103rie, despre conducerea prim\u0103riei, despre consiliul local, informa\u0163ii turistice, curs valutar \u015fi evenimentele organizate de prim\u0103rie.\">The web component for citizens provides public news, information about the mayoralty, town hall leadership, local council, tourist information, currency exchange, and events organized by the mayoralty. <\/span><span title=\"Ofer\u0103 cet\u0103\u0163enilor acces la un forum de discu\u0163ii \u015fi la o sec\u0163iune de c\u0103utare \u00een cadrul portalului. \">It gives citizens access to a discussion forum and a search section within the portal.<\/span><\/p>\n<p><span title=\"Componenta intranet pentru func\u0163ionarii publici con\u0163ine un avizier public intern de comunicare.\">The intranet component for civil servants contains a public internal communication notice. <\/span><span title=\"Utilizatorii au acces la o agenda virtual\u0103 pentru programarea \u015fi anun\u0163area anumitor evenimente. \">Users have access to a virtual agenda for programming and announcing certain events.<\/span><\/p>\n<p><span title=\"Componenta extranet ofer\u0103 posibilitatea utilizatorilor din exteriorul prim\u0103riei, cet\u0103\u0163eni sau agen\u0163i economici, s\u0103-\u015fi creeze un cont de utilizator.\">The extranet component allows users outside the city hall, citizens, or businesses to create a user account. <\/span><span title=\"Dup\u0103 autentificare ace\u015fti utilizatori au acces de editare \u015fi vizualizare \u015fi la alte informa\u0163ii dec\u00e2t cele expuse \u00een componenta internet.\">After login, these users have access to editing and viewing and other information than those displayed in the Internet component.<\/span><\/p>\n<\/div>\n<\/div>\n<\/div>\n<\/div>\n<\/div>\n<\/div>\n<\/div>\n<\/div>\n<\/div>\n<\/div>\n<\/form>\n<\/div>\n<\/div>\n<\/div>\n<\/div>\n<\/div>\n<\/div>\n<\/div>\n<\/div>\n<\/div>\n<\/div>\n<\/div>\n<\/div>\n<\/div>\n<\/div>\n<p>\n<\/div><div class=\"kc-elm kc-css-192889\" style=\"height: 50px; clear: both; width:100%;\"><\/div><\/div><\/div><\/div><\/div><\/section>\n","protected":false},"excerpt":{"rendered":"","protected":false},"author":1,"featured_media":0,"parent":0,"menu_order":0,"comment_status":"closed","ping_status":"closed","template":"","meta":{"footnotes":""},"_links":{"self":[{"href":"https:\/\/indecosoft.ro\/site\/wp-json\/wp\/v2\/pages\/6734"}],"collection":[{"href":"https:\/\/indecosoft.ro\/site\/wp-json\/wp\/v2\/pages"}],"about":[{"href":"https:\/\/indecosoft.ro\/site\/wp-json\/wp\/v2\/types\/page"}],"author":[{"embeddable":true,"href":"https:\/\/indecosoft.ro\/site\/wp-json\/wp\/v2\/users\/1"}],"replies":[{"embeddable":true,"href":"https:\/\/indecosoft.ro\/site\/wp-json\/wp\/v2\/comments?post=6734"}],"version-history":[{"count":2,"href":"https:\/\/indecosoft.ro\/site\/wp-json\/wp\/v2\/pages\/6734\/revisions"}],"predecessor-version":[{"id":6830,"href":"https:\/\/indecosoft.ro\/site\/wp-json\/wp\/v2\/pages\/6734\/revisions\/6830"}],"wp:attachment":[{"href":"https:\/\/indecosoft.ro\/site\/wp-json\/wp\/v2\/media?parent=6734"}],"curies":[{"name":"wp","href":"https:\/\/api.w.org\/{rel}","templated":true}]}}