{"id":6706,"date":"2017-09-28T10:31:37","date_gmt":"2017-09-28T08:31:37","guid":{"rendered":"https:\/\/indecosoft.ro\/site\/?page_id=6706"},"modified":"2017-09-28T10:31:37","modified_gmt":"2017-09-28T08:31:37","slug":"ecub-admin-en","status":"publish","type":"page","link":"https:\/\/indecosoft.ro\/site\/ecub-admin-en\/","title":{"rendered":"eCUB Admin En"},"content":{"rendered":"<section class=\"kc-elm kc-css-921375 kc_row\"><div class=\"kc-row-container  kc-container\"><div class=\"kc-wrap-columns\"><div class=\"kc-elm kc-css-310554 kc_col-sm-3 kc_column kc_col-sm-3\"><div class=\"kc-col-container\"><div class=\"kc-elm kc-css-153601 kc_shortcode kc_single_image\">\n\n        <img decoding=\"async\" src=\"https:\/\/www.indecosoft.ro\/site\/wp-content\/uploads\/2017\/07\/adp_ecub_management-200x200xc.png\" class=\"\" alt=\"\" \/>    <\/div>\n<\/div><\/div><div class=\"kc-elm kc-css-35054 kc_col-sm-9 kc_column kc_col-sm-9\"><div class=\"kc-col-container\"><div class=\"kc-elm kc-css-74967\" style=\"height: 60px; clear: both; width:100%;\"><\/div>\n<div class=\"kc-elm kc-css-370439 kc-animated kc-animate-eff-fadeIn kc-animate-speed-3.5s kc-title-wrap \">\n\n\t<h1 class=\"kc_title\">eCUB Admin<\/h1>\n<\/div>\n<div class=\"kc-elm kc-css-859326\" style=\"height: 20px; clear: both; width:100%;\"><\/div><div class=\"kc-elm kc-css-325921 kc_text_block\"><\/p>\n<div id=\"gt-c\" class=\"g-section\">\n<div id=\"gt-form-c\">\n<form id=\"gt-form\" action=\"\/\" enctype=\"application\/x-www-form-urlencoded\" method=\"post\" name=\"text_form\">\n<div id=\"gt-text-all\">\n<div id=\"gt-main\">\n<div id=\"gt-text-c\">\n<div id=\"gt-text-top\">\n<div id=\"gt-res-c\" class=\"g-unit\">\n<div id=\"gt-res-p\">\n<div id=\"gt-res-data\">\n<div id=\"gt-res-wrap\">\n<div id=\"gt-res-content\">\n<div id=\"gt-res-dir-ctr\" class=\"trans-verified-button-small\" dir=\"ltr\"><span id=\"result_box\" lang=\"en\" tabindex=\"-1\"><strong>eCUB Admin<\/strong> is a unitary management center for all modules that define the eCUB product<\/span><\/div>\n<\/div>\n<\/div>\n<\/div>\n<\/div>\n<\/div>\n<\/div>\n<\/div>\n<\/div>\n<\/div>\n<\/form>\n<\/div>\n<\/div>\n<p>\n<\/div><div class=\"kc-elm kc-css-830812\" style=\"height: 20px; clear: both; width:100%;\"><\/div><div class=\"kc-elm kc-css-694660 kc_text_block\"><\/p>\n<div id=\"gt-c\" class=\"g-section\">\n<div id=\"gt-form-c\">\n<form id=\"gt-form\" action=\"\/\" enctype=\"application\/x-www-form-urlencoded\" method=\"post\" name=\"text_form\">\n<div id=\"gt-text-all\">\n<div id=\"gt-main\">\n<div id=\"gt-text-c\">\n<div id=\"gt-text-top\">\n<div id=\"gt-res-c\" class=\"g-unit\">\n<div id=\"gt-res-p\">\n<div id=\"gt-res-data\">\n<div id=\"gt-res-wrap\">\n<div id=\"gt-res-content\">\n<div id=\"gt-res-dir-ctr\" class=\"trans-verified-button-small\" dir=\"ltr\">\n<p><span id=\"result_box\" lang=\"en\" tabindex=\"-1\"><span title=\"eCub Admin acoper\u0103 necesit\u0103\u0163ile fundamentale de administrare: \"><strong>eCub Admin covers the basic management needs:<\/strong><\/span><\/span><\/p>\n<p><span title=\"-\u00a0\u00a0\u00a0\u00a0\u00a0 instalare \u015fi \u00eentre\u0163inere; \">&#8211; installation and maintenance;<\/span><\/p>\n<p><span title=\"-\u00a0\u00a0\u00a0\u00a0\u00a0 drepturi de acces \u00een sistem; \">&#8211; system access rights;<\/span><\/p>\n<p><span title=\"-\u00a0\u00a0\u00a0\u00a0\u00a0 siguran\u0163a datelor. \">&#8211; Data security.<\/span><\/p>\n<p><span title=\"La instalarea sistemului, eCUBAdmin asist\u0103 faza de ata\u015fare \u015fi configurare ini\u0163ial\u0103 a bazelor de date.\">When installing the system, eCUBAdmin assists with the initial database attachment and configuration phase. <\/span><span title=\"\u00cen continuare ofer\u0103 suport pentru gestionarea versiunilor at\u00e2t pentru aplica\u0163iile client c\u00e2t \u015fi ale structurii bazelor de date, fiind automatizate actualizarea acestora prin internet \u015fi distribuirea componentelor necesare pe sta\u0163iile de lucru. \">It then provides support for version management for both client and database applications, automating their updating over the Internet and distributing the necessary components on workstations.<\/span><\/p>\n<p><span title=\"Submodulul de administrare a drepturilor de acces permite: \"><strong>The access rights management sub-module allows:<\/strong><\/span><\/p>\n<p><span title=\"-\u00a0\u00a0\u00a0\u00a0\u00a0 crearea grupurilor de utilizatori \u015fi configurarea nivelelor de acces \u00een sistem pe grupuri; \">&#8211; Creating user groups and setting up system access levels by groups;<\/span><\/p>\n<p><span title=\"-\u00a0\u00a0\u00a0\u00a0\u00a0 crearea de conturi de utilizatori \u015fi includerea lor \u00een grupuri specifice fiec\u0103rui modul; \">&#8211; creating user accounts and including them in groups specific to each module;<\/span><\/p>\n<p><span title=\"-\u00a0\u00a0\u00a0\u00a0\u00a0 gestiunea profilelor utilizatorilor, schimbarea parolelor de autentificare; \">&#8211; user profiles management, change of authentication passwords;<\/span><\/p>\n<p><span title=\"-\u00a0\u00a0\u00a0\u00a0\u00a0 setarea accesului la anumite facilit\u0103\u021bi nou oferite de IndecoSoft \u00een aplica\u021biile din pachetul ECub. \">&#8211; setting access to certain new features offered by IndecoSoft in the applications in the ECub package.<\/span><\/p>\n<p><span title=\"Componenta pentru siguran\u0163a datelor permite realizarea salv\u0103rilor periodice a datelor (backup), a restaur\u0103rilor \u00een cazuri speciale,\u00a0 precum \u015fi monitorizarea consisten\u0163ei bazelor de date \u015fi interac\u0163iunii utilizatorilor cu acestea.\">The Data Safety Component allows you to perform periodic rescue (backup), restore in special cases, and monitor the consistency of databases and user interaction with them.<\/span><\/p>\n<\/div>\n<\/div>\n<\/div>\n<\/div>\n<\/div>\n<\/div>\n<\/div>\n<\/div>\n<\/div>\n<\/div>\n<\/form>\n<\/div>\n<\/div>\n<p>\n<\/div><div class=\"kc-elm kc-css-979366\" style=\"height: 50px; clear: both; width:100%;\"><\/div><\/div><\/div><\/div><\/div><\/section>\n","protected":false},"excerpt":{"rendered":"","protected":false},"author":1,"featured_media":0,"parent":0,"menu_order":0,"comment_status":"closed","ping_status":"closed","template":"","meta":{"footnotes":""},"_links":{"self":[{"href":"https:\/\/indecosoft.ro\/site\/wp-json\/wp\/v2\/pages\/6706"}],"collection":[{"href":"https:\/\/indecosoft.ro\/site\/wp-json\/wp\/v2\/pages"}],"about":[{"href":"https:\/\/indecosoft.ro\/site\/wp-json\/wp\/v2\/types\/page"}],"author":[{"embeddable":true,"href":"https:\/\/indecosoft.ro\/site\/wp-json\/wp\/v2\/users\/1"}],"replies":[{"embeddable":true,"href":"https:\/\/indecosoft.ro\/site\/wp-json\/wp\/v2\/comments?post=6706"}],"version-history":[{"count":1,"href":"https:\/\/indecosoft.ro\/site\/wp-json\/wp\/v2\/pages\/6706\/revisions"}],"predecessor-version":[{"id":6707,"href":"https:\/\/indecosoft.ro\/site\/wp-json\/wp\/v2\/pages\/6706\/revisions\/6707"}],"wp:attachment":[{"href":"https:\/\/indecosoft.ro\/site\/wp-json\/wp\/v2\/media?parent=6706"}],"curies":[{"name":"wp","href":"https:\/\/api.w.org\/{rel}","templated":true}]}}