{"id":6694,"date":"2017-09-28T09:47:10","date_gmt":"2017-09-28T07:47:10","guid":{"rendered":"https:\/\/indecosoft.ro\/site\/?page_id=6694"},"modified":"2017-09-29T09:52:16","modified_gmt":"2017-09-29T07:52:16","slug":"the-history-en","status":"publish","type":"page","link":"https:\/\/indecosoft.ro\/site\/about-us-2\/the-history-en\/","title":{"rendered":"The history En"},"content":{"rendered":"<p><section class=\"kc-elm kc-css-896222 kc_row\"><div class=\"kc-row-container  kc-container\"><div class=\"kc-wrap-columns\"><div class=\"kc-elm kc-css-145828 kc_col-sm-12 kc_column kc_col-sm-12\"><div class=\"kc-col-container\"><div class=\"kc-elm kc-css-651536 kc_shortcode kc_single_image\">\n\n        <img decoding=\"async\" src=\"https:\/\/www.indecosoft.ro\/site\/wp-content\/uploads\/2011\/12\/DSC_1987-resize-950x360-1.png\" class=\"\" alt=\"\" \/>    <\/div>\n<div class=\"kc-elm kc-css-937288\" style=\"height: 50px; clear: both; width:100%;\"><\/div>\n<div class=\"kc-elm kc-css-943347 kc-animated kc-animate-eff-bounceInRight kc-animate-delay-500 kc-animate-speed-3.5s kc-title-wrap \">\n\n\t<h5 class=\"kc_title\">Our history<\/h5>\n<\/div>\n<div class=\"kc-elm kc-css-454858\" style=\"height: 50px; clear: both; width:100%;\"><\/div><\/div><\/div><\/div><\/div><\/section><section class=\"kc-elm kc-css-955744 kc_row\"><div class=\"kc-row-container  kc-container\"><div class=\"kc-wrap-columns\"><div class=\"kc-elm kc-css-426108 kc_col-sm-6 kc_column kc_col-sm-6\"><div class=\"kc-col-container\"><div class=\"kc-elm kc-css-138449 kc_text_block\"><\/p>\n<div id=\"gt-c\" class=\"g-section\">\n<div id=\"gt-form-c\">\n<form id=\"gt-form\" action=\"\/\" enctype=\"application\/x-www-form-urlencoded\" method=\"post\" name=\"text_form\">\n<div id=\"gt-text-all\">\n<div id=\"gt-main\">\n<div id=\"gt-text-c\">\n<div id=\"gt-text-top\">\n<div id=\"gt-res-c\" class=\"g-unit\">\n<div id=\"gt-res-p\">\n<div id=\"gt-res-data\">\n<div id=\"gt-res-wrap\">\n<div id=\"gt-res-content\">\n<div id=\"gt-res-dir-ctr\" class=\"trans-verified-button-small\" dir=\"ltr\">\n<p><span id=\"result_box\" lang=\"en\" tabindex=\"-1\"><span title=\"1990 \u2013 Dorin Barbul \u00eenfiin\u021beaz\u0103 Indeco Soft SNC, care \u00een anul 1993 devine S.R.L., firm\u0103 profilat\u0103 pe produc\u021bia de software financiar-contabil \u0219i bazat\u0103 pe experien\u021ba c\u00e2\u0219tigat\u0103 de fondator \u00een InfoMara \u2013 Centrul Teritorial de Calcul Electronic. \"><strong>1990<\/strong> &#8211; Dorin Barbul establishes <strong>Indeco Soft<\/strong> SNC, which in 1993 became S.R.L., a company specialized in the production of financial-accounting software and based on the experience gained by the founder in InfoMara &#8211; Territorial Electronic Computing Center.<\/span><\/span><\/p>\n<p><span title=\"2000 \u2013 firma se orienteaz\u0103 pe dezvoltare software specializat pentru administra\u021bia public\u0103 local\u0103, se mut\u0103 \u00eentr-un sediu nou iar echipa se extinde la 7 angaja\u021bi;\"><strong>2000<\/strong> &#8211; the company is focused on specialized software development for the <strong>local public administration<\/strong>, moves to a new headquarters and the team extends to 7 employees; <\/span><span title=\"principalul client este Municipiul Baia Mare. \">the main client is Baia Mare Municipality.<\/span><\/p>\n<p><span title=\"2002 \u2013 se includ \u00een portofoliu prim\u0103rii de ora\u0219e \u0219i comune din jude\u021bul Maramure\u0219 \u0219i se lanseaz\u0103 prima versiune a solu\u021biei informatice de gestiune a taxelor \u0219i impozitelor, Impotax. \"><strong>2002<\/strong> &#8211; are included in the portfolios of city and communal town halls in Maramure\u015f County and the first version of the tax administration and tax administration solution, <strong>Impotax<\/strong>, is launched.<\/span><\/p>\n<p><span title=\"2003 \u2013 se lanseaz\u0103 un nou pachet de solu\u021bii financiar-contabile pentru administra\u021bia public\u0103 local\u0103 sub brandul eCUB, iar firma cu un efectiv de 13 angaja\u021bi devine partener Microsoft;\"><strong>2003<\/strong> &#8211; a new financial-accounting solution package for local government is launched under the<strong> eCUB<\/strong> brand and the company with a staff of 13 employees becomes a <strong>Microsoft partner<\/strong>; <\/span><span title=\"\u00een portofoliul de clien\u021bi intr\u0103 Municipiile Bistri\u021ba \u0219i Zal\u0103u. \">the clients portfolio enters the Bistrita and Zalau municipalities.<\/span><\/p>\n<p><span title=\"2004 \u2013 sunt angaja\u021bi 15 asisten\u021bi software cu rol de distribu\u021bie a produselor \u0219i prestarea serviciilor specializate la clien\u021bi, pentru jude\u021bele limitrofe;\"><strong>2004<\/strong> &#8211; 15 software assistants are assigned to distribute products and provide specialized customer services for neighboring counties; <\/span><span title=\"portofoliul de solu\u021bii tehnice cre\u0219te semnificativ acoperind \u0219i alte procese din administra\u021bia public\u0103, inclusiv necesit\u0103\u021bi de content management. \">the portfolio of technical solutions significantly increases the coverage of other public administration processes, including content management needs.<\/span><\/p>\n<p><span title=\"2005 \u2013 compania devine cea mai important\u0103 din jude\u021bul Maramure\u0219 \u00een domeniul IT (premiu acordat de CCIMM, anual 2005 - 2010);\"><strong>2005<\/strong> &#8211; the company becomes the most important in Maramure\u015f County in the field of IT (award granted by CCIMM, year 2005 &#8211; 2010); <\/span><span title=\"num\u0103rul de angaja\u021bi depa\u0219e\u0219te 50, din care aproximativ 30 localiza\u021bi \u00een Baia Mare;\">the number of employees exceeds 50, out of which about 30 are located in Baia Mare; <\/span><span title=\"sediul central se mut\u0103 \u00eentr-o cl\u0103dire nou\u0103, dedicat\u0103;\">the head office moves into a new, dedicated building; <\/span><span title=\"se deruleaz\u0103 2 proiecte importante, la Prim\u0103ria Municipiului Arad \u0219i Prim\u0103ria Municipiului Slatina. \">two important projects are being carried out at the Arad City Hall and the City Hall of Slatina.<\/span><\/p>\n<p><span title=\"2005 \u2013 la conferin\u021ba anual\u0103 ANIAP, Indeco Soft ca\u0219tig\u0103 Premiul I \u00een concursul de prezent\u0103ri cu conceptul inovativ SIGMA, solu\u021bie de integrare \u0219i management. \"><strong>2005<\/strong> &#8211; at ANIAP Annual Conference,<strong> Indeco Soft wins the First Prize<\/strong> in the Presentation Contest with the innovative <strong>SIGMA<\/strong> concept, integration and management solution.<\/span><\/p>\n<p><span title=\"2006\u00a0\u2013 Prim\u0103ria Municipiului Oradea incepe migrarea pe aplica\u021bii Indeco Soft.\"><strong>2006<\/strong> &#8211; Oradea City Hall starts migrating to <strong>Indeco Soft<\/strong> applications.<\/span><\/p>\n<\/div>\n<\/div>\n<\/div>\n<\/div>\n<\/div>\n<\/div>\n<\/div>\n<\/div>\n<\/div>\n<\/div>\n<\/form>\n<\/div>\n<\/div>\n<p><!--:--><\/p>\n<p>\n<\/div><\/div><\/div><div class=\"kc-elm kc-css-962943 kc_col-sm-6 kc_column kc_col-sm-6\"><div class=\"kc-col-container\"><div class=\"kc-elm kc-css-78281 kc_text_block\"><\/p>\n<div id=\"gt-c\" class=\"g-section\">\n<div id=\"gt-form-c\">\n<form id=\"gt-form\" action=\"\/\" enctype=\"application\/x-www-form-urlencoded\" method=\"post\" name=\"text_form\">\n<div id=\"gt-text-all\">\n<div id=\"gt-main\">\n<div id=\"gt-text-c\">\n<div id=\"gt-text-top\">\n<div id=\"gt-res-c\" class=\"g-unit\">\n<div id=\"gt-res-p\">\n<div id=\"gt-res-data\">\n<div id=\"gt-res-wrap\">\n<div id=\"gt-res-content\">\n<div id=\"gt-res-dir-ctr\" class=\"trans-verified-button-small\" dir=\"ltr\">\n<p><span id=\"result_box\" lang=\"en\" tabindex=\"-1\"><span title=\"2007 \u2013 Indeco Soft se implic\u0103 \u00een via\u021ba comunit\u0103\u021bii prin deschiderea unui centru de instruire pentru elevi \u00een colaborare cu biblioteca jude\u021bean\u0103. \"><strong>2007<\/strong> &#8211; <strong>Indeco Soft<\/strong> is involved in community life by opening a training center for pupils in collaboration with the county library.<\/span><\/span><\/p>\n<p><span title=\"2008 \u2013 la conferin\u021ba anual\u0103 organizat\u0103 de ANIAP implementarea SIGMA de la Prim\u0103ria Municipiului Oradea ca\u0219tig\u0103 la categoria solu\u021bia anului. \"><strong>2008<\/strong> &#8211; at the annual conference organized by ANIAP, the implementation of SIGMA from the City Hall of Oradea wins the category of the<strong> solution of the year.<\/strong><\/span><\/p>\n<p><span title=\"2008 \u2013 Prim\u0103ria Baia Mare prin Direc\u021bia de Impozite \u0219i Taxe este prima institu\u021bie din \u021bar\u0103 care \u00eencaseaz\u0103 impozitele cu cardul bancar prin internet, folosind solu\u021bia Indeco Soft \u00eenregistrat\u0103 sub marca GlobalPay. \"><strong>2008<\/strong> &#8211; The Baia Mare City Hall through Tax and Tax Directorate is the <strong>first institution in the country<\/strong> <strong>to collect taxes via<\/strong> <strong>bank card via the Internet using the Indeco Soft solution<\/strong> under the <strong>GlobalPay<\/strong> brand.<\/span><\/p>\n<p><span title=\"2009 \u2013 este lansat cel mai complet sistem de gestiune integrat a presta\u021biilor \u0219i serviciilor sociale sub brandul AsiSoc;\"><strong>2009<\/strong> &#8211; the most complete integrated management system for social services and services under the <strong>AsiSoc<\/strong> brand is launched; <\/span><span title=\"sunt dezvoltate solu\u021bii de servicii electronice online pentru cet\u0103\u021beni. \">online e-services solutions for citizens are being developed.<\/span><\/p>\n<p><span title=\"2010 \u2013 solu\u021bia GlobalPay devine instrumentul de \u00eencasare online a taxelor \u0219i impozitelor pentru 9 ora\u0219e (din 15 care au sisteme de \u00eencasare online) \u0219i adun\u0103 88% din tranzac\u021biile online \u00een domeniu;\"><strong>2010<\/strong> &#8211; <strong>GlobalPay<\/strong> becomes the online tax collection tool for 9 cities (out of 15 with online cashing systems) and adds 88% of online transactions in the field; <\/span><span title=\"Indeco Soft devine membru APERO \u0219i \u00eempreun\u0103 demareaz\u0103 un proiect de dezvoltare a unui sistem na\u021bional de \u00eencasare online a taxelor \u0219i impozitelor;\"><strong>Indeco Soft<\/strong> becomes a member of APERO and together launches a project to develop a national system for online collection of taxes and duties; <\/span><span title=\"proiectul implic\u0103 MCSI, MFP \u0219i MAI \u0219i se concretizeaz\u0103 \u00een SNEP \u2013 Sistemul Na\u021bional Electronic de Pla\u021bi online a taxelor \u0219i impozitelor. \">the project involves MCSI, MFP and MAI and is reflected in <strong>SNEP &#8211; the National Electronic Payment System for Taxes and Taxes.<\/strong><\/span><\/p>\n<p><span title=\"2011 \u2013 este inaugurat noul sediu, o construc\u021bie modern\u0103 special proiectat\u0103 pentru a g\u0103zdui Indeco Soft;\"><strong>2011<\/strong> &#8211; the new headquarters is inaugurated, a modern construction specially designed to host <strong>Indeco Soft<\/strong>; <\/span><span title=\"num\u0103rul angaja\u021bilor ajunge la 100;\">the number of employees reaches 100; <\/span><span title=\"se deruleaz\u0103 un proiect de informatizare integrat\u0103 a Prim\u0103riei Municipiului T\u00e2rgu Mure\u0219;\">an integrated computerization project of the City Hall of Targu Mures is being carried out; <\/span><span title=\"Indeco Soft implementeaz\u0103 un prim proiect contractat de o autoritate din alt\u0103 \u021bar\u0103 \u2013 Serbia \u2013 \u00een domeniul managementului apelor. \"><strong>Indeco Soft<\/strong> implements a first project contracted by an authority in another country &#8211; Serbia &#8211; in the field of water management.<\/span><\/p>\n<p><span title=\"2015\u00a0\u2013 Indeco Soft devine membru al ARIES, filiala Transilvania \u0219i partener \u00een cadrul clusterului de inovare iTechTransilvania.\"><strong>2015 &#8211; Indeco Soft<\/strong> becomes a member of ARIES, the Transylvania subsidiary and a partner in the iTechTransilvania innovation cluster. <\/span><span title=\"Implicarea social\u0103 a Indeco Soft se materializeaz\u0103 prin sprijinirea a dou\u0103 structuri de economie social\u0103 - servicii de arhivare fizic\u0103\/electronic\u0103 a documentelor \u0219i servicii de eHealth, prin furnizarea unor solu\u021bii software inovatoare.\">The social involvement of<strong> Indeco Soft<\/strong> is materialized by supporting two social economy structures &#8211; physical \/ electronic archiving services and eHealth services by providing innovative software solutions.<\/span><\/p>\n<\/div>\n<\/div>\n<\/div>\n<\/div>\n<\/div>\n<\/div>\n<\/div>\n<\/div>\n<\/div>\n<\/div>\n<\/form>\n<\/div>\n<\/div>\n<p><!--:--><\/p>\n<p>\n<\/div><\/div><\/div><\/div><\/div><\/section><section class=\"kc-elm kc-css-145931 kc_row\"><div class=\"kc-row-container  kc-container\"><div class=\"kc-wrap-columns\"><div class=\"kc-elm kc-css-266679 kc_col-sm-12 kc_column kc_col-sm-12\"><div class=\"kc-col-container\"><div class=\"kc-elm kc-css-106619\" style=\"height: 100px; clear: both; width:100%;\"><\/div><\/div><\/div><\/div><\/div><\/section><\/p>\n","protected":false},"excerpt":{"rendered":"","protected":false},"author":1,"featured_media":0,"parent":6604,"menu_order":0,"comment_status":"closed","ping_status":"closed","template":"","meta":{"footnotes":""},"_links":{"self":[{"href":"https:\/\/indecosoft.ro\/site\/wp-json\/wp\/v2\/pages\/6694"}],"collection":[{"href":"https:\/\/indecosoft.ro\/site\/wp-json\/wp\/v2\/pages"}],"about":[{"href":"https:\/\/indecosoft.ro\/site\/wp-json\/wp\/v2\/types\/page"}],"author":[{"embeddable":true,"href":"https:\/\/indecosoft.ro\/site\/wp-json\/wp\/v2\/users\/1"}],"replies":[{"embeddable":true,"href":"https:\/\/indecosoft.ro\/site\/wp-json\/wp\/v2\/comments?post=6694"}],"version-history":[{"count":2,"href":"https:\/\/indecosoft.ro\/site\/wp-json\/wp\/v2\/pages\/6694\/revisions"}],"predecessor-version":[{"id":6824,"href":"https:\/\/indecosoft.ro\/site\/wp-json\/wp\/v2\/pages\/6694\/revisions\/6824"}],"up":[{"embeddable":true,"href":"https:\/\/indecosoft.ro\/site\/wp-json\/wp\/v2\/pages\/6604"}],"wp:attachment":[{"href":"https:\/\/indecosoft.ro\/site\/wp-json\/wp\/v2\/media?parent=6694"}],"curies":[{"name":"wp","href":"https:\/\/api.w.org\/{rel}","templated":true}]}}