{"id":6661,"date":"2017-09-27T11:04:05","date_gmt":"2017-09-27T09:04:05","guid":{"rendered":"https:\/\/indecosoft.ro\/site\/?page_id=6661"},"modified":"2017-09-27T11:06:01","modified_gmt":"2017-09-27T09:06:01","slug":"cid-en","status":"publish","type":"page","link":"https:\/\/indecosoft.ro\/site\/cid-en\/","title":{"rendered":"CID En"},"content":{"rendered":"<section class=\"kc-elm kc-css-247116 kc_row\"><div class=\"kc-row-container  kc-container\"><div class=\"kc-wrap-columns\"><div class=\"kc-elm kc-css-339381 kc_col-sm-3 kc_column kc_col-sm-3\"><div class=\"kc-col-container\"><div class=\"kc-elm kc-css-355802 kc_shortcode kc_single_image\">\n\n        <img decoding=\"async\" src=\"https:\/\/www.indecosoft.ro\/site\/wp-content\/uploads\/2017\/07\/CID_images-200x200xc.png\" class=\"\" alt=\"\" \/>    <\/div>\n<\/div><\/div><div class=\"kc-elm kc-css-741307 kc_col-sm-9 kc_column kc_col-sm-9\"><div class=\"kc-col-container\"><div class=\"kc-elm kc-css-822884\" style=\"height: 60px; clear: both; width:100%;\"><\/div>\n<div class=\"kc-elm kc-css-239373 kc-animated kc-animate-eff-fadeIn kc-animate-speed-3.5s kc-title-wrap \">\n\n\t<h1 class=\"kc_title\">CID<\/h1>\n<\/div>\n<div class=\"kc-elm kc-css-475242\" style=\"height: 20px; clear: both; width:100%;\"><\/div><div class=\"kc-elm kc-css-155217 kc_text_block\"><\/p>\n<div id=\"gt-c\" class=\"g-section\">\n<div id=\"gt-form-c\">\n<form id=\"gt-form\" action=\"\/\" enctype=\"application\/x-www-form-urlencoded\" method=\"post\" name=\"text_form\">\n<div id=\"gt-text-all\">\n<div id=\"gt-main\">\n<div id=\"gt-text-c\">\n<div id=\"gt-text-top\">\n<div id=\"gt-res-c\" class=\"g-unit\">\n<div id=\"gt-res-p\">\n<div id=\"gt-res-data\">\n<div id=\"gt-res-wrap\">\n<div id=\"gt-res-content\">\n<div id=\"gt-res-dir-ctr\" class=\"trans-verified-button-small\" dir=\"ltr\"><strong><span id=\"result_box\" lang=\"en\" tabindex=\"-1\">The Internal Circulation of Documents Module is intended to track the flow and storage of electronic documents and images of written documents within an institution. It&#8217;s designed in Web technology and is thus accessible through browser-based authentication.<\/span><\/strong><\/div>\n<\/div>\n<\/div>\n<\/div>\n<\/div>\n<\/div>\n<\/div>\n<\/div>\n<\/div>\n<\/div>\n<\/form>\n<\/div>\n<\/div>\n<p>\n<\/div><div class=\"kc-elm kc-css-478511\" style=\"height: 30px; clear: both; width:100%;\"><\/div><div class=\"kc-elm kc-css-834296 kc_text_block\"><\/p>\n<div id=\"gt-c\" class=\"g-section\">\n<div id=\"gt-form-c\">\n<form id=\"gt-form\" action=\"\/\" enctype=\"application\/x-www-form-urlencoded\" method=\"post\" name=\"text_form\">\n<div id=\"gt-text-all\">\n<div id=\"gt-main\">\n<div id=\"gt-text-c\">\n<div id=\"gt-text-top\">\n<div id=\"gt-res-c\" class=\"g-unit\">\n<div id=\"gt-res-p\">\n<div id=\"gt-res-data\">\n<div id=\"gt-res-wrap\">\n<div id=\"gt-res-content\">\n<div id=\"gt-res-dir-ctr\" class=\"trans-verified-button-small\" dir=\"ltr\">\n<p><span id=\"result_box\" lang=\"en\" tabindex=\"-1\"><span title=\"Aplica\u021bia pune la dispozi\u021bie urm\u0103toarele facilit\u0103\u021bi: \"><strong>The application provides the following features:<\/strong><\/span><\/span><\/p>\n<ul>\n<li><span title=\"-stocheaz\u0103 \u0219i administreaz\u0103 documentele cu caracter local, coresponden\u021ba intern\u0103 \u0219i extern\u0103, cererile cet\u0103\u021benilor, firmelor sau diverselor organiza\u021bii; \">stocks and manages local documents, internal and external correspondence, requests from citizens, companies or various organizations;<\/span><\/li>\n<li><span title=\"-posibilitatea gestionarii mai multor registre pentru documente. \">the ability to manage multiple document registers.<\/span><\/li>\n<li><span title=\"-permite ad\u0103ugarea, modificarea, transferul, operarea unui document; \">permit the addition, modification, transfer, operation of a document;<\/span><\/li>\n<li><span title=\"-afi\u0219eaz\u0103 traseul circula\u021biei documentului, astfel \u00eenc\u00e2t \u00een orice moment se \u0219tie unde se afl\u0103 orice document; \">shows the document&#8217;s flow path, so that anywhere it is known where every document is;<\/span><\/li>\n<li><span title=\"-tine eviden\u021ba stadiului de procesare al unui anumit document; \">to keep track of the processing stage of a specific document;<\/span><\/li>\n<li><span title=\"-afi\u0219eaz\u0103 lista documentelor filtrate dup\u0103 mai multe criterii: documente \u00een lucru, urgente, expirate, documente de expediat; \">describes the list of filtered documents according to several criteria: working documents, urgent, expired, dispatched documents;<\/span><\/li>\n<li><span title=\"-afi\u0219eaz\u0103 registru general indexat, cu toate documentele din anul curent sau un an anterior; \">described an index of general index, with all current or previous year documents;<\/span><\/li>\n<li><span title=\"-permite localizarea rapid\u0103 a unui document prin unelte de c\u0103utare complex\u0103 dup\u0103 diverse criterii; \">Allows quick localization of a document through complex search tools according to various criteria.<\/span><\/li>\n<li><span title=\"-listeaz\u0103 borderouri \u0219i rapoarte pe o anumit\u0103 perioad\u0103 de timp sau zilnice. \">describes borders and reports over a certain amount of time or daily.<\/span><\/li>\n<\/ul>\n<p><span title=\"Documentele electronice sunt arhivate \u0219i protejate \u00eempotriva pierderilor sau distrugerii accidentale. \">Electronic documents are archived and protected against accidental loss or destruction.<\/span><\/p>\n<p><span title=\"Modulul\u00a0CIDonline\u00a0permite\u00a0 vizualizarea de c\u0103tre contribuabil a cererilor depuse la institu\u021bii ale administra\u021biei locale (primarii, consilii jude\u021bene sau altele). \">The CIDonline module allows the taxpayer to view the applications submitted to local government institutions (mayors, county councils or others).<\/span><\/p>\n<p><span title=\"Sunt puse la dispozi\u021bie urm\u0103toarele func\u021biuni: \"><strong>The following functions are available:<\/strong><\/span><\/p>\n<ul>\n<li><span title=\"-integrarea aplica\u021biei \u00een site-ul institu\u021biei; \">integration of the application on the site of the institution;<\/span><\/li>\n<li><span title=\"-c\u0103utare dup\u0103 diferi\u021bi parametri pentru accesul rapid la un document; \">search for different parameters for quick access to a document;<\/span><\/li>\n<li><span title=\"-consultarea stadiului proces\u0103rii documentelor depuse; \">consulting the status of processing of submitted documents;<\/span><\/li>\n<li><span title=\"-acces autorizat la informa\u021bii.\">Access to information.<\/span><\/li>\n<\/ul>\n<\/div>\n<\/div>\n<\/div>\n<\/div>\n<\/div>\n<\/div>\n<\/div>\n<\/div>\n<\/div>\n<\/div>\n<\/form>\n<\/div>\n<\/div>\n<p>\n<\/div><div class=\"kc-elm kc-css-886787\" style=\"height: 50px; clear: both; width:100%;\"><\/div><\/div><\/div><\/div><\/div><\/section>\n","protected":false},"excerpt":{"rendered":"","protected":false},"author":1,"featured_media":0,"parent":0,"menu_order":0,"comment_status":"closed","ping_status":"closed","template":"","meta":{"footnotes":""},"_links":{"self":[{"href":"https:\/\/indecosoft.ro\/site\/wp-json\/wp\/v2\/pages\/6661"}],"collection":[{"href":"https:\/\/indecosoft.ro\/site\/wp-json\/wp\/v2\/pages"}],"about":[{"href":"https:\/\/indecosoft.ro\/site\/wp-json\/wp\/v2\/types\/page"}],"author":[{"embeddable":true,"href":"https:\/\/indecosoft.ro\/site\/wp-json\/wp\/v2\/users\/1"}],"replies":[{"embeddable":true,"href":"https:\/\/indecosoft.ro\/site\/wp-json\/wp\/v2\/comments?post=6661"}],"version-history":[{"count":2,"href":"https:\/\/indecosoft.ro\/site\/wp-json\/wp\/v2\/pages\/6661\/revisions"}],"predecessor-version":[{"id":6663,"href":"https:\/\/indecosoft.ro\/site\/wp-json\/wp\/v2\/pages\/6661\/revisions\/6663"}],"wp:attachment":[{"href":"https:\/\/indecosoft.ro\/site\/wp-json\/wp\/v2\/media?parent=6661"}],"curies":[{"name":"wp","href":"https:\/\/api.w.org\/{rel}","templated":true}]}}