{"id":6646,"date":"2017-09-27T09:58:55","date_gmt":"2017-09-27T07:58:55","guid":{"rendered":"https:\/\/indecosoft.ro\/site\/?page_id=6646"},"modified":"2017-09-27T10:24:01","modified_gmt":"2017-09-27T08:24:01","slug":"budget","status":"publish","type":"page","link":"https:\/\/indecosoft.ro\/site\/budget\/","title":{"rendered":"Buget En"},"content":{"rendered":"<section class=\"kc-elm kc-css-99071 kc_row\"><div class=\"kc-row-container  kc-container\"><div class=\"kc-wrap-columns\"><div class=\"kc-elm kc-css-935687 kc_col-sm-3 kc_column kc_col-sm-3\"><div class=\"kc-col-container\"><div class=\"kc-elm kc-css-991431 kc_shortcode kc_single_image\">\n\n        <img decoding=\"async\" src=\"https:\/\/www.indecosoft.ro\/site\/wp-content\/uploads\/2017\/07\/adp_buget-200x200xc.png\" class=\"\" alt=\"\" \/>    <\/div>\n<\/div><\/div><div class=\"kc-elm kc-css-88633 kc_col-sm-9 kc_column kc_col-sm-9\"><div class=\"kc-col-container\"><div class=\"kc-elm kc-css-453565\" style=\"height: 60px; clear: both; width:100%;\"><\/div>\n<div class=\"kc-elm kc-css-210067 kc-animated kc-animate-eff-fadeIn kc-animate-speed-3.5s kc-title-wrap \">\n\n\t<h1 class=\"kc_title\">Buget<\/h1>\n<\/div>\n<div class=\"kc-elm kc-css-992484\" style=\"height: 20px; clear: both; width:100%;\"><\/div><div class=\"kc-elm kc-css-825305 kc_text_block\"><\/p>\n<div class=\"row-fluid\">\n<div id=\"gt-c\" class=\"g-section\">\n<div id=\"gt-form-c\">\n<form id=\"gt-form\" action=\"\/\" enctype=\"application\/x-www-form-urlencoded\" method=\"post\" name=\"text_form\">\n<div id=\"gt-text-all\">\n<div id=\"gt-main\">\n<div id=\"gt-text-c\">\n<div id=\"gt-text-top\">\n<div id=\"gt-res-c\" class=\"g-unit\">\n<div id=\"gt-res-p\">\n<div id=\"gt-res-data\">\n<div id=\"gt-res-wrap\">\n<div id=\"gt-res-content\">\n<div id=\"gt-res-dir-ctr\" class=\"trans-verified-button-small\" dir=\"ltr\"><strong><span id=\"result_box\" lang=\"en\" tabindex=\"-1\">The Budget Module allows revenue and expenditure management based on budget, involving the commitment of expenses required by the smooth running of the activities to the extent of the estimated revenues.<\/span><\/strong><\/div>\n<\/div>\n<\/div>\n<\/div>\n<\/div>\n<\/div>\n<\/div>\n<\/div>\n<\/div>\n<\/div>\n<\/form>\n<\/div>\n<\/div>\n<\/div>\n<p>\n<\/div><div class=\"kc-elm kc-css-617056\" style=\"height: 30px; clear: both; width:100%;\"><\/div><div class=\"kc-elm kc-css-588997 kc_text_block\"><\/p>\n<div id=\"gt-c\" class=\"g-section\">\n<div id=\"gt-form-c\">\n<form id=\"gt-form\" action=\"\/\" enctype=\"application\/x-www-form-urlencoded\" method=\"post\" name=\"text_form\">\n<div id=\"gt-text-all\">\n<div id=\"gt-main\">\n<div id=\"gt-text-c\">\n<div id=\"gt-text-top\">\n<div id=\"gt-res-c\" class=\"g-unit\">\n<div id=\"gt-res-p\">\n<div id=\"gt-res-data\">\n<div id=\"gt-res-wrap\">\n<div id=\"gt-res-content\">\n<div id=\"gt-res-dir-ctr\" class=\"trans-verified-button-small\" dir=\"ltr\"><span id=\"result_box\" lang=\"en\" tabindex=\"-1\">The information is organized on budgetary exercises and types of budgets (sources of funding) and takes into account the budgetary classification established by law and the division of the year in quarters.<\/span><\/div>\n<\/div>\n<\/div>\n<\/div>\n<\/div>\n<\/div>\n<\/div>\n<\/div>\n<\/div>\n<\/div>\n<\/form>\n<\/div>\n<\/div>\n<p>\n<\/div><div class=\"kc-elm kc-css-301299\" style=\"height: 20px; clear: both; width:100%;\"><\/div><div class=\"kc-elm kc-css-431280 kc_text_block\"><\/p>\n<div class=\"row-fluid\">\n<div class=\"wpb_content_element span12 wpb_text_column\">\n<div class=\"wpb_wrapper\">\n<div class=\"row-fluid\">\n<div class=\"wpb_content_element span12 wpb_text_column\">\n<div class=\"wpb_wrapper\">\n<div id=\"gt-c\" class=\"g-section\">\n<div id=\"gt-form-c\">\n<form id=\"gt-form\" action=\"\/\" enctype=\"application\/x-www-form-urlencoded\" method=\"post\" name=\"text_form\">\n<div id=\"gt-text-all\">\n<div id=\"gt-main\">\n<div id=\"gt-text-c\">\n<div id=\"gt-text-top\">\n<div id=\"gt-res-c\" class=\"g-unit\">\n<div id=\"gt-res-p\">\n<div id=\"gt-res-data\">\n<div id=\"gt-res-wrap\">\n<div id=\"gt-res-content\">\n<div id=\"gt-res-dir-ctr\" class=\"trans-verified-button-small\" dir=\"ltr\">\n<p><span id=\"result_box\" lang=\"en\" tabindex=\"-1\"><span title=\"Programul permite: \"><strong>The program allows:<\/strong><\/span><\/span><\/p>\n<p><span title=\"-\u00a0\u00a0\u00a0\u00a0\u00a0 configurarea clasifica\u0163iei bugetare; \">&#8211; setting up the budget classification;<br \/>\n<\/span><span title=\"-\u00a0\u00a0\u00a0\u00a0\u00a0 \u00eenregistrarea prevederilor bugetare defalcate pe trimestre; \">&#8211; registration of budgetary provisions broken down by quarter;<br \/>\n<\/span><span title=\"-\u00a0\u00a0\u00a0\u00a0\u00a0 consolidarea bugetului de venituri \u015fi cheltuieli; \">&#8211; consolidating the revenue and expenditure budget;<br \/>\n<\/span><span title=\"-\u00a0\u00a0\u00a0\u00a0\u00a0 rectificarea bugetului f\u0103r\u0103 restr\u00e2ngerea accesului la starea anterioar\u0103; \">&#8211; rectifying the budget without restricting access to the previous state;<br \/>\n<\/span><span title=\"-\u00a0\u00a0\u00a0\u00a0\u00a0 detalierea cheltuielilor pe capitole, subcapitole, articole \u015fi aliniate pe o structur\u0103 configurabil\u0103; \">&#8211; detailing the expenses by chapters, subchapters, articles and aligned on a configurable structure;<br \/>\n<\/span><span title=\"-\u00a0\u00a0\u00a0\u00a0\u00a0 deschideri \u015fi reparti\u0163ii de credite pe titluri; \">&#8211; Openings and distribution of credits by title;<br \/>\n<\/span><span title=\"-\u00a0\u00a0\u00a0\u00a0\u00a0 angajarea, lichidarea, ordonan\u0163area \u015fi plata cheltuielilor pe articole de buget cu \u00eentocmirea anexelor 1, 2 \u015fi 3 \u015fi posibilitatea list\u0103rii ordinului de plat\u0103; \">&#8211; the commitment, clearance, authorization and payment of expenditure on budget items with the drawing up of Annexes 1, 2 and 3 and the possibility of listing the payment order;<br \/>\n<\/span><span title=\"-\u00a0\u00a0\u00a0\u00a0\u00a0 gestiunea automatizat\u0103 a registrului CFP; \">&#8211; the automated management of the CFP register;<br \/>\n<\/span><span title=\"-\u00a0\u00a0\u00a0\u00a0\u00a0 raport\u0103ri specifice: execu\u0163ie bugetar\u0103, fi\u015fe de credite, cont de execu\u0163ie, etc. \">&#8211; Specific reports: budget execution, credit cards, execution account, etc.<br \/>\n<\/span><span title=\"-\u00a0\u00a0\u00a0\u00a0\u00a0 submodulul Execu\u021bie salarii permite introducerea automat\u0103 a execu\u021biei salariilor at\u00e2t \u00een execu\u021bia bugatar\u0103 c\u00e2t \u0219i \u00een contabilitate \">&#8211; the Salary Execution submodel allows the automatic introduction of salary execution in both the execution and the accounting<br \/>\n<\/span><span title=\"-\u00a0\u00a0\u00a0\u00a0\u00a0 submodul Introducere facturi permite introducerea automat\u0103 a datelor \u0219i produselor de pe o factur\u0103, informa\u021biile urm\u00e2nd a se genera \u00een ALOP, \u00een jurnalele analitice din contabilitate, efectuandu-se at\u00e2t recep\u021bia obiectelor de inventar sau a materialelor c\u00e2t \u0219i recep\u021bia mijloacelor fixe.\">&#8211; The Invoice Sub-Module sub-module allows the automatic input of data and products on an invoice, the information to be generated in the ALOP in the analytical logbooks, both receiving the inventory items or materials and receiving the fixed assets.<\/span><\/p>\n<\/div>\n<\/div>\n<\/div>\n<\/div>\n<\/div>\n<\/div>\n<\/div>\n<\/div>\n<\/div>\n<\/div>\n<\/form>\n<\/div>\n<\/div>\n<\/div>\n<\/div>\n<\/div>\n<\/div>\n<\/div>\n<\/div>\n<p>\n<\/div><div class=\"kc-elm kc-css-40677\" style=\"height: 50px; clear: both; width:100%;\"><\/div><\/div><\/div><\/div><\/div><\/section>\n","protected":false},"excerpt":{"rendered":"","protected":false},"author":1,"featured_media":0,"parent":0,"menu_order":0,"comment_status":"closed","ping_status":"closed","template":"","meta":{"footnotes":""},"_links":{"self":[{"href":"https:\/\/indecosoft.ro\/site\/wp-json\/wp\/v2\/pages\/6646"}],"collection":[{"href":"https:\/\/indecosoft.ro\/site\/wp-json\/wp\/v2\/pages"}],"about":[{"href":"https:\/\/indecosoft.ro\/site\/wp-json\/wp\/v2\/types\/page"}],"author":[{"embeddable":true,"href":"https:\/\/indecosoft.ro\/site\/wp-json\/wp\/v2\/users\/1"}],"replies":[{"embeddable":true,"href":"https:\/\/indecosoft.ro\/site\/wp-json\/wp\/v2\/comments?post=6646"}],"version-history":[{"count":3,"href":"https:\/\/indecosoft.ro\/site\/wp-json\/wp\/v2\/pages\/6646\/revisions"}],"predecessor-version":[{"id":6657,"href":"https:\/\/indecosoft.ro\/site\/wp-json\/wp\/v2\/pages\/6646\/revisions\/6657"}],"wp:attachment":[{"href":"https:\/\/indecosoft.ro\/site\/wp-json\/wp\/v2\/media?parent=6646"}],"curies":[{"name":"wp","href":"https:\/\/api.w.org\/{rel}","templated":true}]}}