{"id":6630,"date":"2017-09-27T08:15:21","date_gmt":"2017-09-27T06:15:21","guid":{"rendered":"https:\/\/indecosoft.ro\/site\/?page_id=6630"},"modified":"2017-09-27T08:19:04","modified_gmt":"2017-09-27T06:19:04","slug":"acon-2","status":"publish","type":"page","link":"https:\/\/indecosoft.ro\/site\/acon-2\/","title":{"rendered":"Acon En"},"content":{"rendered":"<section class=\"kc-elm kc-css-629747 kc_row\"><div class=\"kc-row-container  kc-container\"><div class=\"kc-wrap-columns\"><div class=\"kc-elm kc-css-791914 kc_col-sm-3 kc_column kc_col-sm-3\"><div class=\"kc-col-container\"><div class=\"kc-elm kc-css-518172 kc_shortcode kc_single_image\">\n\n        <img decoding=\"async\" src=\"https:\/\/www.indecosoft.ro\/site\/wp-content\/uploads\/2017\/07\/adp_acon-200x200xc.png\" class=\"\" alt=\"\" \/>    <\/div>\n<\/div><\/div><div class=\"kc-elm kc-css-863851 kc_col-sm-9 kc_column kc_col-sm-9\"><div class=\"kc-col-container\"><div class=\"kc-elm kc-css-608849\" style=\"height: 60px; clear: both; width:100%;\"><\/div>\n<div class=\"kc-elm kc-css-162850 kc-animated kc-animate-eff-fadeIn kc-animate-speed-3.5s kc-title-wrap \">\n\n\t<h1 class=\"kc_title\">Acon<\/h1>\n<\/div>\n<div class=\"kc-elm kc-css-756450\" style=\"height: 20px; clear: both; width:100%;\"><\/div><div class=\"kc-elm kc-css-131173 kc_text_block\"><\/p>\n<div id=\"gt-c\" class=\"g-section\">\n<div id=\"gt-form-c\">\n<form id=\"gt-form\" action=\"\/\" enctype=\"application\/x-www-form-urlencoded\" method=\"post\" name=\"text_form\">\n<div id=\"gt-text-all\">\n<div id=\"gt-main\">\n<div id=\"gt-text-c\">\n<div id=\"gt-text-top\">\n<div id=\"gt-res-c\" class=\"g-unit\">\n<div id=\"gt-res-p\">\n<div id=\"gt-res-data\">\n<div id=\"gt-res-wrap\">\n<div id=\"gt-res-content\">\n<div id=\"gt-res-dir-ctr\" class=\"trans-verified-button-small\" dir=\"ltr\"><strong><span id=\"result_box\" lang=\"en\" tabindex=\"-1\">The Acon module provides the IT support required for the procurement process in accordance with Government Emergency Ordinance no. 34\/2006.<\/span><\/strong><\/div>\n<\/div>\n<\/div>\n<\/div>\n<\/div>\n<\/div>\n<\/div>\n<\/div>\n<\/div>\n<\/div>\n<\/form>\n<\/div>\n<\/div>\n<p>\n<\/div><div class=\"kc-elm kc-css-651807\" style=\"height: 30px; clear: both; width:100%;\"><\/div><div class=\"kc-elm kc-css-912116 kc_text_block\"><\/p>\n<div id=\"gt-c\" class=\"g-section\">\n<div id=\"gt-form-c\">\n<form id=\"gt-form\" action=\"\/\" enctype=\"application\/x-www-form-urlencoded\" method=\"post\" name=\"text_form\">\n<div id=\"gt-text-all\">\n<div id=\"gt-main\">\n<div id=\"gt-text-c\">\n<div id=\"gt-text-top\">\n<div id=\"gt-res-c\" class=\"g-unit\">\n<div id=\"gt-res-p\">\n<div id=\"gt-res-data\">\n<div id=\"gt-res-wrap\">\n<div id=\"gt-res-content\">\n<div id=\"gt-res-dir-ctr\" class=\"trans-verified-button-small\" dir=\"ltr\">\n<p><span id=\"result_box\" lang=\"en\" tabindex=\"-1\"><span title=\"Aplica\u0163ia permite \u00eentocmirea Programului anual de achizi\u0163ii \u015fi clasificarea intr\u0103rilor \u00een aceast\u0103 list\u0103 dup\u0103 tipul achizi\u0163iei \u2013 produse, lucr\u0103ri, servicii \u2013 codul vocabularului comun CPV \u015fi procedura de atribuire \u2013 dialog, licita\u0163ie deschis\u0103 sau restr\u00e2ns\u0103, negociere, cerere de ofert\u0103, concurs de solu\u0163ii. \">The application allows the preparation of the annual procurement program and the classification of entries in this list by type of acquisition &#8211; products, works, services &#8211; CPV common vocabulary code and award procedure &#8211; dialogue, open or restricted bidding, negotiation, bidding, solution contest.<\/span><\/span><\/p>\n<p><span title=\"Etapele de derulare sunt preconfigurate \u00een conformitate cu Ghidul pentru atribuirea contractelor de achizi\u0163ie public\u0103 \u015fi includ modele de documente care trebuiesc \u00eentocmite\u00a0 pentru fiecare pas al procedurii.\">The deployment steps are preconfigured in accordance with the Guidelines for the award of public procurement contracts and include model documents to be drafted for each step of the procedure. <\/span><span title=\"Programul completeaz\u0103 automat aceste modele cu datele specifice fiec\u0103rei achizi\u0163ii gener\u00e2nd documenta\u0163ia specific\u0103 \u00een format MS Word doc, documentele put\u00e2nd fi utilizate \u015fi editate ulterior integrat sau independent de modul. \">The program automatically completes these models with the acquisition-specific data generating specific documentation in MS Word doc format, and documents can be used and subsequently edited or independent of the module.<\/span><\/p>\n<p><span title=\"Pentru derularea procedurii se configureaz\u0103 criterii de eligibilitate, criterii de calificare precum \u015fi criterii de evaluare pe baza c\u0103rora fiecare membru al comisiei va puncta ofertele. \">Procedures for eligibility criteria, qualification criteria as well as evaluation criteria on the basis of which each member of the commission will score the offers.<\/span><\/p>\n<p><span title=\"Participan\u0163ii sunt agen\u0163ii economici care cump\u0103r\u0103 caietul de sarcini \u015fi depun oferte.\">Participants are economic agents who buy the specifications and submit offers. <\/span><span title=\"Este desemnat\u0103 c\u00e2\u015ftig\u0103toare automat oferta evaluat\u0103 cu punctajul cumulat maxim.\">A winning bid automatically is rated as the maximum cumulative score.<\/span><\/p>\n<\/div>\n<\/div>\n<\/div>\n<\/div>\n<\/div>\n<\/div>\n<\/div>\n<\/div>\n<\/div>\n<\/div>\n<\/form>\n<\/div>\n<\/div>\n<p>\n<\/div><div class=\"kc-elm kc-css-212540\" style=\"height: 50px; clear: both; width:100%;\"><\/div><\/div><\/div><\/div><\/div><\/section>\n","protected":false},"excerpt":{"rendered":"","protected":false},"author":1,"featured_media":0,"parent":0,"menu_order":0,"comment_status":"closed","ping_status":"closed","template":"","meta":{"footnotes":""},"_links":{"self":[{"href":"https:\/\/indecosoft.ro\/site\/wp-json\/wp\/v2\/pages\/6630"}],"collection":[{"href":"https:\/\/indecosoft.ro\/site\/wp-json\/wp\/v2\/pages"}],"about":[{"href":"https:\/\/indecosoft.ro\/site\/wp-json\/wp\/v2\/types\/page"}],"author":[{"embeddable":true,"href":"https:\/\/indecosoft.ro\/site\/wp-json\/wp\/v2\/users\/1"}],"replies":[{"embeddable":true,"href":"https:\/\/indecosoft.ro\/site\/wp-json\/wp\/v2\/comments?post=6630"}],"version-history":[{"count":2,"href":"https:\/\/indecosoft.ro\/site\/wp-json\/wp\/v2\/pages\/6630\/revisions"}],"predecessor-version":[{"id":6634,"href":"https:\/\/indecosoft.ro\/site\/wp-json\/wp\/v2\/pages\/6630\/revisions\/6634"}],"wp:attachment":[{"href":"https:\/\/indecosoft.ro\/site\/wp-json\/wp\/v2\/media?parent=6630"}],"curies":[{"name":"wp","href":"https:\/\/api.w.org\/{rel}","templated":true}]}}