{"id":5932,"date":"2017-07-20T14:08:16","date_gmt":"2017-07-20T12:08:16","guid":{"rendered":"https:\/\/indecosoft.ro\/site\/?page_id=5932"},"modified":"2017-09-26T14:43:30","modified_gmt":"2017-09-26T12:43:30","slug":"rdiplanner","status":"publish","type":"page","link":"https:\/\/indecosoft.ro\/site\/rdiplanner\/","title":{"rendered":"RDIPlanner"},"content":{"rendered":"<section class=\"kc-elm kc-css-589354 kc_row\"><div class=\"kc-row-container  kc-container\"><div class=\"kc-wrap-columns\"><div class=\"kc-elm kc-css-993919 kc_col-sm-3 kc_column kc_col-sm-3\"><div class=\"kc-col-container\"><div class=\"kc-elm kc-css-512881 kc_shortcode kc_single_image\">\n\n        <img decoding=\"async\" src=\"https:\/\/www.indecosoft.ro\/site\/wp-content\/uploads\/2012\/12\/rdiplanner2-200x200xc.png\" class=\"\" alt=\"\" \/>    <\/div>\n<\/div><\/div><div class=\"kc-elm kc-css-130561 kc_col-sm-9 kc_column kc_col-sm-9\"><div class=\"kc-col-container\"><div class=\"kc-elm kc-css-689980\" style=\"height: 60px; clear: both; width:100%;\"><\/div>\n<div class=\"kc-elm kc-css-206294 kc-animated kc-animate-eff-fadeIn kc-animate-speed-3.5s kc-title-wrap \">\n\n\t<h1 class=\"kc_title\">RDIPlanner<\/h1>\n<\/div>\n<div class=\"kc-elm kc-css-351419\" style=\"height: 20px; clear: both; width:100%;\"><\/div><div class=\"kc-elm kc-css-271017 kc_text_block\"><\/p>\n<div class=\"row-fluid\">\n<div class=\"wpb_content_element span12 wpb_text_column\">\n<div class=\"wpb_wrapper\">\n<div class=\"row-fluid\">\n<div class=\"wpb_content_element span12 wpb_text_column\">\n<div class=\"wpb_wrapper\">\n<p><strong>Modulul\u00a0RDIPlanner\u00a0este destinat planific\u0103rii, raport\u0103rii \u015fi eviden\u0163ierii activit\u0103\u0163ilor de cercetare-dezvoltare \u015fi inovare, evalu\u0103rii activit\u0103\u0163ii de cercetare.<\/strong><\/p>\n<\/div>\n<\/div>\n<\/div>\n<div class=\"row-fluid\">\n<div class=\"wpb_content_element span12 wpb_text_column\">\n<div class=\"wpb_wrapper\">\n<p>Aplica\u021bia permite fiec\u0103rui cadru didactic planificarea \u0219i raportarea propriei activit\u0103\u021bi \u00een intervale prestabilite de c\u0103tre administratorul sistemului.<\/p>\n<p>\u00cen func\u021bie de nivelul de acces, modulul d\u0103 posibilitatea gener\u0103rii de rapoarte complexe legate de planific\u0103ri, raport\u0103ri, punctaje la nivel de universitate , organigram\u0103, echipe de cercetare.<\/p>\n<p>Este dezvoltat \u00een tehnologie Web fiind astfel u\u0219or accesibil prin browser, pe baz\u0103 de autentificare.<\/p>\n<\/div>\n<\/div>\n<\/div>\n<\/div>\n<\/div>\n<\/div>\n<p>\n<\/div><div class=\"kc-elm kc-css-725872\" style=\"height: 50px; clear: both; width:100%;\"><\/div><\/div><\/div><\/div><\/div><\/section>\n","protected":false},"excerpt":{"rendered":"","protected":false},"author":1,"featured_media":0,"parent":0,"menu_order":0,"comment_status":"closed","ping_status":"closed","template":"","meta":{"footnotes":""},"_links":{"self":[{"href":"https:\/\/indecosoft.ro\/site\/wp-json\/wp\/v2\/pages\/5932"}],"collection":[{"href":"https:\/\/indecosoft.ro\/site\/wp-json\/wp\/v2\/pages"}],"about":[{"href":"https:\/\/indecosoft.ro\/site\/wp-json\/wp\/v2\/types\/page"}],"author":[{"embeddable":true,"href":"https:\/\/indecosoft.ro\/site\/wp-json\/wp\/v2\/users\/1"}],"replies":[{"embeddable":true,"href":"https:\/\/indecosoft.ro\/site\/wp-json\/wp\/v2\/comments?post=5932"}],"version-history":[{"count":2,"href":"https:\/\/indecosoft.ro\/site\/wp-json\/wp\/v2\/pages\/5932\/revisions"}],"predecessor-version":[{"id":6570,"href":"https:\/\/indecosoft.ro\/site\/wp-json\/wp\/v2\/pages\/5932\/revisions\/6570"}],"wp:attachment":[{"href":"https:\/\/indecosoft.ro\/site\/wp-json\/wp\/v2\/media?parent=5932"}],"curies":[{"name":"wp","href":"https:\/\/api.w.org\/{rel}","templated":true}]}}