{"id":5928,"date":"2017-07-20T14:05:09","date_gmt":"2017-07-20T12:05:09","guid":{"rendered":"https:\/\/indecosoft.ro\/site\/?page_id=5928"},"modified":"2017-09-26T14:30:25","modified_gmt":"2017-09-26T12:30:25","slug":"curriculum","status":"publish","type":"page","link":"https:\/\/indecosoft.ro\/site\/curriculum\/","title":{"rendered":"Curriculum"},"content":{"rendered":"<section class=\"kc-elm kc-css-48669 kc_row\"><div class=\"kc-row-container  kc-container\"><div class=\"kc-wrap-columns\"><div class=\"kc-elm kc-css-816222 kc_col-sm-3 kc_column kc_col-sm-3\"><div class=\"kc-col-container\"><div class=\"kc-elm kc-css-974496 kc_shortcode kc_single_image\">\n\n        <img decoding=\"async\" src=\"https:\/\/www.indecosoft.ro\/site\/wp-content\/uploads\/2012\/12\/curriculum3-200x200xc.png\" class=\"\" alt=\"\" \/>    <\/div>\n<\/div><\/div><div class=\"kc-elm kc-css-477916 kc_col-sm-9 kc_column kc_col-sm-9\"><div class=\"kc-col-container\"><div class=\"kc-elm kc-css-750279\" style=\"height: 60px; clear: both; width:100%;\"><\/div>\n<div class=\"kc-elm kc-css-86228 kc-animated kc-animate-eff-fadeIn kc-animate-speed-3.5s kc-title-wrap \">\n\n\t<h1 class=\"kc_title\">Curriculum<\/h1>\n<\/div>\n<div class=\"kc-elm kc-css-232839\" style=\"height: 20px; clear: both; width:100%;\"><\/div><div class=\"kc-elm kc-css-367866 kc_text_block\"><\/p>\n<div class=\"row-fluid\">\n<div class=\"wpb_content_element span12 wpb_text_column\">\n<div class=\"wpb_wrapper\">\n<p><strong>Aplica\u0163ia informatic\u0103\u00a0Curriculum\u00a0este destinat\u0103 asist\u0103rii, planific\u0103rii, organiz\u0103rii \u015fi desf\u0103\u0219ur\u0103rii activit\u0103\u0163ii didactice.<\/strong><\/p>\n<\/div>\n<\/div>\n<\/div>\n<div class=\"row-fluid\">\n<div class=\"wpb_content_element span12 wpb_text_column\">\n<div class=\"wpb_wrapper\">\n<p>Aplica\u0163ia informatic\u0103 permite definirea planurilor de \u00eenv\u0103\u021b\u0103m\u00e2nt pentru fiecare specializare \u00een parte din cadrul departamentelor. Activitatea didactic\u0103 poate fi detaliat\u0103 la nivel de grupe \u015fi subgrupe pentru fiecare tip de activitate (curs, seminar, laborator etc) la nivel de disciplina de studiu. De asemenea pot fi stabilite activit\u0103\u021bile care se fac \u00een comun cum sunt cursurile sau seminariile comune.<\/p>\n<p>Pe baza planurilor de \u00eenv\u0103\u021b\u0103m\u00e2nt se \u00eentocmesc statele de func\u0163ii ale cadrelor didactice angajate sau asociate. Aplica\u021bia valideaz\u0103 orele alocate din planurilor de \u00eenv\u0103\u021b\u0103m\u00e2nt at\u00e2t la norma de baz\u0103 c\u00e2t \u0219i plata cu ora, precum \u0219i unicitatea asocierii dintre ore \u0219i cadrele didactice care le sus\u021bin.<\/p>\n<p>\u00cen func\u021bie de nivelul de acces, cadrele didactice pot s\u0103-\u0219i fac\u0103 raportarea activit\u0103\u021bii desf\u0103\u0219urate efectiv la plata cu ora, iar aplica\u021bia valideaz\u0103 num\u0103rul total de ore raportat cu norma rezultat\u0103 din statele de func\u021bii.<\/p>\n<p>Aplica\u0163ia informatic\u0103 se integreaz\u0103 cu modulul de salarizare \u00een care va genera automat din statele de func\u0163ii plata cu ora pentru calcul salarii.<\/p>\n<\/div>\n<\/div>\n<\/div>\n<p>\n<\/div><div class=\"kc-elm kc-css-300134\" style=\"height: 50px; clear: both; width:100%;\"><\/div><\/div><\/div><\/div><\/div><\/section>\n","protected":false},"excerpt":{"rendered":"","protected":false},"author":1,"featured_media":0,"parent":0,"menu_order":0,"comment_status":"closed","ping_status":"closed","template":"","meta":{"footnotes":""},"_links":{"self":[{"href":"https:\/\/indecosoft.ro\/site\/wp-json\/wp\/v2\/pages\/5928"}],"collection":[{"href":"https:\/\/indecosoft.ro\/site\/wp-json\/wp\/v2\/pages"}],"about":[{"href":"https:\/\/indecosoft.ro\/site\/wp-json\/wp\/v2\/types\/page"}],"author":[{"embeddable":true,"href":"https:\/\/indecosoft.ro\/site\/wp-json\/wp\/v2\/users\/1"}],"replies":[{"embeddable":true,"href":"https:\/\/indecosoft.ro\/site\/wp-json\/wp\/v2\/comments?post=5928"}],"version-history":[{"count":2,"href":"https:\/\/indecosoft.ro\/site\/wp-json\/wp\/v2\/pages\/5928\/revisions"}],"predecessor-version":[{"id":6542,"href":"https:\/\/indecosoft.ro\/site\/wp-json\/wp\/v2\/pages\/5928\/revisions\/6542"}],"wp:attachment":[{"href":"https:\/\/indecosoft.ro\/site\/wp-json\/wp\/v2\/media?parent=5928"}],"curies":[{"name":"wp","href":"https:\/\/api.w.org\/{rel}","templated":true}]}}