{"id":5920,"date":"2017-07-20T13:57:50","date_gmt":"2017-07-20T11:57:50","guid":{"rendered":"https:\/\/indecosoft.ro\/site\/?page_id=5920"},"modified":"2017-09-26T14:52:41","modified_gmt":"2017-09-26T12:52:41","slug":"sigma","status":"publish","type":"page","link":"https:\/\/indecosoft.ro\/site\/sigma\/","title":{"rendered":"SIGMA"},"content":{"rendered":"<p><section class=\"kc-elm kc-css-646807 kc_row\"><div class=\"kc-row-container  kc-container\"><div class=\"kc-wrap-columns\"><div class=\"kc-elm kc-css-706794 kc_col-sm-3 kc_column kc_col-sm-3\"><div class=\"kc-col-container\"><div class=\"kc-elm kc-css-727764 kc_shortcode kc_single_image\">\n\n        <img decoding=\"async\" src=\"https:\/\/www.indecosoft.ro\/site\/wp-content\/uploads\/2017\/07\/logo_sigma-200x200xc.png\" class=\"\" alt=\"\" \/>    <\/div>\n<\/div><\/div><div class=\"kc-elm kc-css-161503 kc_col-sm-9 kc_column kc_col-sm-9\"><div class=\"kc-col-container\"><div class=\"kc-elm kc-css-615970\" style=\"height: 60px; clear: both; width:100%;\"><\/div>\n<div class=\"kc-elm kc-css-431311 kc-animated kc-animate-eff-fadeIn kc-animate-speed-3.5s kc-title-wrap \">\n\n\t<h1 class=\"kc_title\">SIGMA<\/h1>\n<\/div>\n<div class=\"kc-elm kc-css-711600\" style=\"height: 20px; clear: both; width:100%;\"><\/div><div class=\"kc-elm kc-css-467958 kc_text_block\"><\/p>\n<div class=\"row-fluid\">\n<div class=\"wpb_content_element span12 wpb_text_column\">\n<div class=\"wpb_wrapper\">\n<div class=\"row-fluid\">\n<div class=\"wpb_content_element span12 wpb_text_column\">\n<div class=\"wpb_wrapper\">\n<div class=\"row-fluid\">\n<div class=\"wpb_content_element span12 wpb_text_column\">\n<div class=\"wpb_wrapper\">\n<div class=\"row-fluid\">\n<div class=\"wpb_content_element span12 wpb_text_column\">\n<div class=\"wpb_wrapper\">\n<div class=\"row-fluid\">\n<div class=\"wpb_content_element span12 wpb_text_column\">\n<div class=\"wpb_wrapper\">\n<div class=\"row-fluid\">\n<div class=\"wpb_content_element span12 wpb_text_column\">\n<div class=\"wpb_wrapper\">\n<div class=\"row-fluid\">\n<div class=\"wpb_content_element span12 wpb_text_column\">\n<div class=\"wpb_wrapper\">\n<p><strong>SIGMA\u2013 Sistem Interactiv Grafic pentru Management \u00een Administra\u0163ie \u2013 este o solu\u0163ie software complet\u0103, flexibil\u0103 \u0219i modular\u0103, orientat\u0103 pe doua axe esen\u021biale pentru implementarea principiilor de e-Guvernare: integrarea datelor din surse multiple \u015fi managementul performant bazat pe informa\u021bii, planificare \u0219i monitorizare urban\u0103.<\/strong><\/p>\n<\/div>\n<\/div>\n<\/div>\n<div class=\"row-fluid\">\n<div class=\"wpb_content_element span12 wpb_text_column\">\n<div class=\"wpb_wrapper\">\n<p>Prin integrare se realizeaz\u0103 transferul de date \u00eentre aplica\u021biile software specializate \u0219i este permis accesul modulului managerial la date \u00een forma lor original\u0103 sau procesate. Avantajele cheie ale integr\u0103rii sunt:<\/p>\n<ul>\n<li>Standardizarea \u0219i utilizarea \u00een comun a datelor de interes general: registrul de persoane, registrul de adrese, registrul de propriet\u0103\u021bi.<\/li>\n<li>Eficientizare prin reutilizarea informa\u021biilor stocate in bazele de date, implic\u00e2nd reducerea birocra\u021biei \u0219i a efortului\/timpului de operare, eliminarea erorilor.<\/li>\n<li>Analize \u0219i rapoarte compuse, acces la informa\u0163ii securizat \u0219i diferen\u021biat, transfer rapid al informa\u0163iilor \u00eentre utilizatori.<\/li>\n<li>Controlul proceselor, responsabilizarea furniz\u0103rii \u015fi administr\u0103rii informa\u0163iilor.<\/li>\n<\/ul>\n<p>Integrarea se realizeaz\u0103 prin componente software adaptabile de interconectare, utiliz\u00e2nd standardul XML, \u0219i care fac posibil accesul securizat la baze de date aflate \u00een loca\u021bii diferite. SIGMA integreaz\u0103 at\u00e2t date stocate de diverse aplica\u021bii software c\u00e2t \u0219i date rezultate din procese de colectare direct\u0103 prin inventariere, chestionare, import, preluare de la ter\u021bi.<\/p>\n<p>Ca instrument de management, SIGMA permite:<\/p>\n<ul>\n<li>Accesul rapid \u0219i intuitiv la date punctuale \u0219i statistice prin interfa\u021ba GIS: harta digital\u0103 a ora\u0219ului cu elemente interactive (str\u0103zi, numere po\u0219tale, obiective, re\u021bele, zone, \u2026)<\/li>\n<li>Monitorizarea interven\u021biilor, a cheltuielilor \u0219i veniturilor, in context geospa\u021bial.<\/li>\n<li>Planificare urban\u0103, dezvoltare de strategii \u0219i corelarea ac\u021biunilor printr-un sistem de management colaborativ integrat.<\/li>\n<li>Evaluarea \u0219i monitorizarea indicatorilor sociali, economici, teritoriali, de infrastructur\u0103 \u0219i de mediu \u2013 analiza evolu\u021biei, compara\u021bii, predic\u021bii, reprezentare prin cartograme.<\/li>\n<li>Analiz\u0103 \u0219i raportare prin corelarea datelor din surse multiple.<\/li>\n<li>Supervizarea proceselor interne \u0219i cele \u00een rela\u021bie cu cet\u0103\u021benii.<\/li>\n<\/ul>\n<\/div>\n<\/div>\n<\/div>\n<\/div>\n<\/div>\n<\/div>\n<\/div>\n<\/div>\n<\/div>\n<\/div>\n<\/div>\n<\/div>\n<\/div>\n<\/div>\n<\/div>\n<\/div>\n<\/div>\n<\/div>\n<\/div>\n<\/div>\n<\/div>\n<p>\n<\/div><div class=\"kc-elm kc-css-141653\" style=\"height: 50px; clear: both; width:100%;\"><\/div><\/div><\/div><\/div><\/div><\/section><section class=\"kc-elm kc-css-54853 kc_row\"><div class=\"kc-row-container  kc-container\"><div class=\"kc-wrap-columns\"><div class=\"kc-elm kc-css-942738 kc_col-sm-12 kc_column kc_col-sm-12\"><div class=\"kc-col-container\"><div class=\"kc-image-gallery kc-elm kc-css-246950\"><h3 class=\"kc-title image-gallery-title\">Imagini<\/h3>\n<div class=\"kc_image_gallery kc-carousel-image kc-grid \" data-image_masonry=\"yes\">\n<div class=\"item-grid grid-4\"><a href=\"https:\/\/www.indecosoft.ro\/site\/wp-content\/uploads\/2012\/08\/arhitectura.png\" target=\"_blank\"><img decoding=\"async\" src=\"https:\/\/www.indecosoft.ro\/site\/wp-content\/uploads\/2012\/08\/arhitectura-250x250xc.png\" alt=\"Arhitectura SIGMA\"\/><\/a><\/div><div class=\"item-grid grid-4\"><a href=\"https:\/\/www.indecosoft.ro\/site\/wp-content\/uploads\/2012\/08\/carogrameSIGMA.png\" target=\"_blank\"><img decoding=\"async\" src=\"https:\/\/www.indecosoft.ro\/site\/wp-content\/uploads\/2012\/08\/carogrameSIGMA-250x250xc.png\" alt=\"Cartograme SIGMA\"\/><\/a><\/div><div class=\"item-grid grid-4\"><a href=\"https:\/\/www.indecosoft.ro\/site\/wp-content\/uploads\/2012\/08\/sigma1.png\" target=\"_blank\"><img decoding=\"async\" src=\"https:\/\/www.indecosoft.ro\/site\/wp-content\/uploads\/2012\/08\/sigma1-250x250xc.png\" alt=\"SIGMA 1\"\/><\/a><\/div><div class=\"item-grid grid-4\"><a href=\"https:\/\/www.indecosoft.ro\/site\/wp-content\/uploads\/2012\/08\/sigma2.png\" target=\"_blank\"><img decoding=\"async\" src=\"https:\/\/www.indecosoft.ro\/site\/wp-content\/uploads\/2012\/08\/sigma2-250x250xc.png\" alt=\"\"\/><\/a><\/div><\/div>\n<\/div><div class=\"kc-elm kc-css-946316\" style=\"height: 70px; clear: both; width:100%;\"><\/div><\/div><\/div><\/div><\/div><\/section><\/p>\n","protected":false},"excerpt":{"rendered":"","protected":false},"author":1,"featured_media":0,"parent":0,"menu_order":0,"comment_status":"closed","ping_status":"closed","template":"","meta":{"footnotes":""},"_links":{"self":[{"href":"https:\/\/indecosoft.ro\/site\/wp-json\/wp\/v2\/pages\/5920"}],"collection":[{"href":"https:\/\/indecosoft.ro\/site\/wp-json\/wp\/v2\/pages"}],"about":[{"href":"https:\/\/indecosoft.ro\/site\/wp-json\/wp\/v2\/types\/page"}],"author":[{"embeddable":true,"href":"https:\/\/indecosoft.ro\/site\/wp-json\/wp\/v2\/users\/1"}],"replies":[{"embeddable":true,"href":"https:\/\/indecosoft.ro\/site\/wp-json\/wp\/v2\/comments?post=5920"}],"version-history":[{"count":2,"href":"https:\/\/indecosoft.ro\/site\/wp-json\/wp\/v2\/pages\/5920\/revisions"}],"predecessor-version":[{"id":6586,"href":"https:\/\/indecosoft.ro\/site\/wp-json\/wp\/v2\/pages\/5920\/revisions\/6586"}],"wp:attachment":[{"href":"https:\/\/indecosoft.ro\/site\/wp-json\/wp\/v2\/media?parent=5920"}],"curies":[{"name":"wp","href":"https:\/\/api.w.org\/{rel}","templated":true}]}}