{"id":5913,"date":"2017-07-20T13:31:46","date_gmt":"2017-07-20T11:31:46","guid":{"rendered":"https:\/\/indecosoft.ro\/site\/?page_id=5913"},"modified":"2017-09-26T14:52:17","modified_gmt":"2017-09-26T12:52:17","slug":"sicc","status":"publish","type":"page","link":"https:\/\/indecosoft.ro\/site\/sicc\/","title":{"rendered":"SICC"},"content":{"rendered":"<section class=\"kc-elm kc-css-517337 kc_row\"><div class=\"kc-row-container  kc-container\"><div class=\"kc-wrap-columns\"><div class=\"kc-elm kc-css-211195 kc_col-sm-3 kc_column kc_col-sm-3\"><div class=\"kc-col-container\"><div class=\"kc-elm kc-css-824503 kc_shortcode kc_single_image\">\n\n        <img decoding=\"async\" src=\"https:\/\/www.indecosoft.ro\/site\/wp-content\/uploads\/2017\/07\/logo_sicc-200x200xc.png\" class=\"\" alt=\"\" \/>    <\/div>\n<\/div><\/div><div class=\"kc-elm kc-css-207291 kc_col-sm-9 kc_column kc_col-sm-9\"><div class=\"kc-col-container\"><div class=\"kc-elm kc-css-562027\" style=\"height: 60px; clear: both; width:100%;\"><\/div>\n<div class=\"kc-elm kc-css-982481 kc-animated kc-animate-eff-fadeIn kc-animate-speed-3.5s kc-title-wrap \">\n\n\t<h1 class=\"kc_title\">SICC<\/h1>\n<\/div>\n<div class=\"kc-elm kc-css-481732\" style=\"height: 20px; clear: both; width:100%;\"><\/div><div class=\"kc-elm kc-css-560157 kc_text_block\"><\/p>\n<div class=\"row-fluid\">\n<div class=\"wpb_content_element span12 wpb_text_column\">\n<div class=\"wpb_wrapper\">\n<div class=\"row-fluid\">\n<div class=\"wpb_content_element span12 wpb_text_column\">\n<div class=\"wpb_wrapper\">\n<div class=\"row-fluid\">\n<div class=\"wpb_content_element span12 wpb_text_column\">\n<div class=\"wpb_wrapper\">\n<div class=\"row-fluid\">\n<div class=\"wpb_content_element span12 wpb_text_column\">\n<div class=\"wpb_wrapper\">\n<div class=\"row-fluid\">\n<div class=\"wpb_content_element span12 wpb_text_column\">\n<div class=\"wpb_wrapper\">\n<div class=\"row-fluid\">\n<div class=\"wpb_content_element span12 wpb_text_column\">\n<div class=\"wpb_wrapper\">\n<div class=\"row-fluid\">\n<div class=\"wpb_content_element span12 wpb_text_column\">\n<div class=\"wpb_wrapper\">\n<p><strong>SICC\u00a0este un sistem multiutilizator de centralizare a datelor la nivel de buget, bilan\u0163, dare de seam\u0103 \u015fi comunicare \u00eentre subunit\u0103\u0163ile unei prim\u0103rii. Faciliteaz\u0103\u00a0transmiterea de date \u00eentre acestea \u015fi \u00eentocmirea unor situa\u0163ii anuale, trimestriale, lunare.<br \/>\n<\/strong><\/p>\n<\/div>\n<\/div>\n<\/div>\n<div class=\"row-fluid\">\n<div class=\"wpb_content_element span12 wpb_text_column\">\n<div class=\"wpb_wrapper\">\n<p>Sistemul restric\u0163ioneaz\u0103 accesul prin intermediul drepturilor de acces pentru fiecare grup de utilizatori \u00een parte \u015fi prin asocierea unei subunit\u0103\u0163i fiec\u0103rui utilizator \u00eenregistrat.<\/p>\n<p>Sunt puse la dispozi\u0163ie urm\u0103toarele facilit\u0103\u0163i:<\/p>\n<ul>\n<li>configurarea tipurilor de consum \u015fi a tipurilor de subunit\u0103\u0163i<\/li>\n<li>\u00eentocmirea organigramei institu\u0163iei\/prim\u0103riei<\/li>\n<li>centralizarea situa\u0163iilor din buget, contabilitate, dare de seam\u0103, bilan\u0163 lunar \u015fi situa\u0163ii de personal<\/li>\n<li>\u00eentocmirea de grafice pe baza datelor centralizate<\/li>\n<li>centralizarea tuturor consumurilor efectuate de fiecare subunitate \u00een parte, pe anul sau luna dorit\u0103<\/li>\n<li>transmiterea de mesaje si documente, electonic, \u00eentre subunit\u0103\u0163i<\/li>\n<li>listarea mesajelor \u015fi documentelor ata\u015fate<\/li>\n<\/ul>\n<p>Aplica\u0163ia poate func\u0163iona independent sau integrat\u0103 cu aplica\u0163ia Sigma.<\/p>\n<\/div>\n<\/div>\n<\/div>\n<\/div>\n<\/div>\n<\/div>\n<\/div>\n<\/div>\n<\/div>\n<\/div>\n<\/div>\n<\/div>\n<\/div>\n<\/div>\n<\/div>\n<\/div>\n<\/div>\n<\/div>\n<\/div>\n<\/div>\n<\/div>\n<p>\n<\/div><div class=\"kc-elm kc-css-534241\" style=\"height: 50px; clear: both; width:100%;\"><\/div><\/div><\/div><\/div><\/div><\/section>\n","protected":false},"excerpt":{"rendered":"","protected":false},"author":1,"featured_media":0,"parent":0,"menu_order":0,"comment_status":"closed","ping_status":"closed","template":"","meta":{"footnotes":""},"_links":{"self":[{"href":"https:\/\/indecosoft.ro\/site\/wp-json\/wp\/v2\/pages\/5913"}],"collection":[{"href":"https:\/\/indecosoft.ro\/site\/wp-json\/wp\/v2\/pages"}],"about":[{"href":"https:\/\/indecosoft.ro\/site\/wp-json\/wp\/v2\/types\/page"}],"author":[{"embeddable":true,"href":"https:\/\/indecosoft.ro\/site\/wp-json\/wp\/v2\/users\/1"}],"replies":[{"embeddable":true,"href":"https:\/\/indecosoft.ro\/site\/wp-json\/wp\/v2\/comments?post=5913"}],"version-history":[{"count":3,"href":"https:\/\/indecosoft.ro\/site\/wp-json\/wp\/v2\/pages\/5913\/revisions"}],"predecessor-version":[{"id":6585,"href":"https:\/\/indecosoft.ro\/site\/wp-json\/wp\/v2\/pages\/5913\/revisions\/6585"}],"wp:attachment":[{"href":"https:\/\/indecosoft.ro\/site\/wp-json\/wp\/v2\/media?parent=5913"}],"curies":[{"name":"wp","href":"https:\/\/api.w.org\/{rel}","templated":true}]}}