{"id":5905,"date":"2017-07-20T13:19:50","date_gmt":"2017-07-20T11:19:50","guid":{"rendered":"https:\/\/indecosoft.ro\/site\/?page_id=5905"},"modified":"2018-02-23T09:08:41","modified_gmt":"2018-02-23T07:08:41","slug":"aqua","status":"publish","type":"page","link":"https:\/\/indecosoft.ro\/site\/aqua\/","title":{"rendered":"Aqua"},"content":{"rendered":"<section class=\"kc-elm kc-css-466574 kc_row\"><div class=\"kc-row-container  kc-container\"><div class=\"kc-wrap-columns\"><div class=\"kc-elm kc-css-15228 kc_col-sm-3 kc_column kc_col-sm-3\"><div class=\"kc-col-container\"><div class=\"kc-elm kc-css-49103 kc_shortcode kc_single_image\">\n\n        <img decoding=\"async\" src=\"https:\/\/www.indecosoft.ro\/site\/wp-content\/uploads\/2017\/07\/logo_aqua-200x200xc.png\" class=\"\" alt=\"\" \/>    <\/div>\n<\/div><\/div><div class=\"kc-elm kc-css-585167 kc_col-sm-9 kc_column kc_col-sm-9\"><div class=\"kc-col-container\"><div class=\"kc-elm kc-css-504255\" style=\"height: 60px; clear: both; width:100%;\"><\/div>\n<div class=\"kc-elm kc-css-90103 kc-animated kc-animate-eff-fadeIn kc-animate-speed-3.5s kc-title-wrap \">\n\n\t<h1 class=\"kc_title\">AQUA<\/h1>\n<\/div>\n<div class=\"kc-elm kc-css-990621\" style=\"height: 20px; clear: both; width:100%;\"><\/div><div class=\"kc-elm kc-css-271891 kc_text_block\"><\/p>\n<div class=\"row-fluid\">\n<div class=\"wpb_content_element span12 wpb_text_column\">\n<div class=\"wpb_wrapper\">\n<div class=\"row-fluid\">\n<div class=\"wpb_content_element span12 wpb_text_column\">\n<div class=\"wpb_wrapper\">\n<div class=\"row-fluid\">\n<div class=\"wpb_content_element span12 wpb_text_column\">\n<div class=\"wpb_wrapper\">\n<div class=\"row-fluid\">\n<div class=\"wpb_content_element span12 wpb_text_column\">\n<div class=\"wpb_wrapper\">\n<div class=\"row-fluid\">\n<div class=\"wpb_content_element span12 wpb_text_column\">\n<div class=\"wpb_wrapper\">\n<div class=\"row-fluid\">\n<div class=\"wpb_content_element span12 wpb_text_column\">\n<div class=\"wpb_wrapper\">\n<p><strong>Aplica\u0163ia\u00a0AQUA\u00a0este un sistem informatic de management al apelor la nivel regional.<\/strong><\/p>\n<\/div>\n<\/div>\n<\/div>\n<div class=\"row-fluid\">\n<div class=\"wpb_content_element span12 wpb_text_column\">\n<div class=\"wpb_wrapper\">\n<p>Sistemul\u00a0<strong>Aqua<\/strong>\u00a0 realizeaz\u0103 toate opera\u0163iunile necesare pentru gestionarea datelor din cadrul departamentelor de gospod\u0103rire a apelor. Sistemul are \u00een centru o interfa\u0163\u0103 interactiv\u0103 bazat\u0103 pe reprezentarea grafic\u0103 a regiunii compus\u0103 din elementele de interes (re\u0163ea hidrografic\u0103, localit\u0103\u021bi, infrastructura tehnic\u0103 a sistemului de gospod\u0103rire a apei, drumuri, etc.). Interfa\u021ba aplica\u0163iei este construit\u0103 peste o hart\u0103 digital\u0103 interactiv\u0103 care asigur\u0103 un sistem func\u0163ional de colectare, prelucrare \u015fi management al informa\u0163iilor \u015fi datelor statistice disponibile \u00een baza de date.<\/p>\n<p>Aplica\u0163ia ofer\u0103 urm\u0103toarele\u00a0<strong>facilit\u0103\u0163i<\/strong>\u00a0:<\/p>\n<ul>\n<li>interactivitate cu harta prin afi\u015farea\/ascunderea elementelor constituente (localit\u0103\u0163i, r\u00e2uri, drumuri, denumiri etc.), conturarea \u00a0de noi elemente (zone, re\u0163ele), c\u0103utarea \u015fi amplasarea rapid\u0103 a elementelor \u00een spa\u0163iul h\u0103r\u0163ii<\/li>\n<li>posibilitatea de divizare a \u00eentregului teritoriu \u00een zone pentru eviden\u0163ierea unor \u00a0situa\u0163ii \u00een cadrul rapoartelor<\/li>\n<li>vizualizarea obiectivelor turistice, organizate \u00een categorii, cu informa\u0163ii utile \u015fi imagini de prezentare, structurate pe zone, parteneri, drumuri, r\u00e2uri, re\u0163ele, \u015fi localit\u0103\u0163i<\/li>\n<li>instrumente de m\u0103surare distan\u0163e \u00eentre diverse elemente \u015fi pozitionare a acestora prin intermediul coordonatelor GPS<\/li>\n<li>monitorizarea proiectelor \u015fi investi\u0163iilor pentru fiecare localitate \u00een parte<\/li>\n<li>definirea \u015fi reprezentarea de re\u0163ele variate(ap\u0103, electric\u0103, gaz, internet, transport, telefonie)<\/li>\n<li>intensitatea de manifestare a unui fenomen \u00een func\u0163ie de anumi\u0163i indicatori \u015fi a unor situa\u0163ii din rapoarte, reprezentat\u0103\u00a0 prin intermediul cartogramelor<\/li>\n<li>monitorizarea obiectivelor\u00a0 prin definirea alertelor \u2013 aceast\u0103 op\u0163iune faciliteaz\u0103 \u00a0luarea deciziilor, punerea \u00een aplicare a planurilor de ac\u0163iuni \u015fi luarea m\u0103surilor corective<\/li>\n<li>reprezentarea datelor \u00een forme mixte \u2013 tabele de valori sau grafice \u2013 cu ajutorul c\u0103rora este mai bine ilustrat\u0103 situa\u0163ia unor indicatori sau indici \u00eentr-un anumit interval de timp;<\/li>\n<li>diverse situa\u0163ii \u2013 evolu\u0163ia indicatorilor statistici ai unei localit\u0103\u0163i sau a tuturor localit\u0103\u0163ilor existente \u00een aplica\u0163ie, situa\u0163ia hidrologic\u0103 pe r\u00e2uri<\/li>\n<li>infrastructura rutier\u0103 care pune la dispozi\u0163ie re\u0163eaua de drumuri cu obiectivele asociate<\/li>\n<\/ul>\n<p>Programul este structurat pe dou\u0103 module: Administrare \u015fi Aqua, aplica\u0163ia \u00een sine. Sistemul restric\u0163ioneaz\u0103 accesul \u015fi interactivitatea prin intermediul drepturilor de acces pentru fiecare din aceste module \u015fi pentru fiecare grup de utilizatori \u00een parte.<\/p>\n<p>Reprezentarea grafic\u0103 permite interpretarea rapid\u0103 \u015fi eficient\u0103 a datelor facilit\u00e2nd luarea deciziilor \u015fi conturarea concluziilor.<\/p>\n<\/div>\n<\/div>\n<\/div>\n<\/div>\n<\/div>\n<\/div>\n<\/div>\n<\/div>\n<\/div>\n<\/div>\n<\/div>\n<\/div>\n<\/div>\n<\/div>\n<\/div>\n<\/div>\n<\/div>\n<\/div>\n<p>\n<\/div><div class=\"kc-elm kc-css-914843\" style=\"height: 50px; clear: both; width:100%;\"><\/div><\/div><\/div><\/div><\/div><\/section>\n","protected":false},"excerpt":{"rendered":"","protected":false},"author":1,"featured_media":0,"parent":0,"menu_order":0,"comment_status":"closed","ping_status":"closed","template":"","meta":{"footnotes":""},"_links":{"self":[{"href":"https:\/\/indecosoft.ro\/site\/wp-json\/wp\/v2\/pages\/5905"}],"collection":[{"href":"https:\/\/indecosoft.ro\/site\/wp-json\/wp\/v2\/pages"}],"about":[{"href":"https:\/\/indecosoft.ro\/site\/wp-json\/wp\/v2\/types\/page"}],"author":[{"embeddable":true,"href":"https:\/\/indecosoft.ro\/site\/wp-json\/wp\/v2\/users\/1"}],"replies":[{"embeddable":true,"href":"https:\/\/indecosoft.ro\/site\/wp-json\/wp\/v2\/comments?post=5905"}],"version-history":[{"count":6,"href":"https:\/\/indecosoft.ro\/site\/wp-json\/wp\/v2\/pages\/5905\/revisions"}],"predecessor-version":[{"id":7057,"href":"https:\/\/indecosoft.ro\/site\/wp-json\/wp\/v2\/pages\/5905\/revisions\/7057"}],"wp:attachment":[{"href":"https:\/\/indecosoft.ro\/site\/wp-json\/wp\/v2\/media?parent=5905"}],"curies":[{"name":"wp","href":"https:\/\/api.w.org\/{rel}","templated":true}]}}