{"id":5899,"date":"2017-07-20T12:20:23","date_gmt":"2017-07-20T10:20:23","guid":{"rendered":"https:\/\/indecosoft.ro\/site\/?page_id=5899"},"modified":"2017-09-26T14:53:29","modified_gmt":"2017-09-26T12:53:29","slug":"sofm-sistem-de-ocupare-a-fortei-de-munca","status":"publish","type":"page","link":"https:\/\/indecosoft.ro\/site\/sofm-sistem-de-ocupare-a-fortei-de-munca\/","title":{"rendered":"SOFM \u2013 Sistem de ocupare a for\u0163ei de munc\u0103"},"content":{"rendered":"<section class=\"kc-elm kc-css-356367 kc_row\"><div class=\"kc-row-container  kc-container\"><div class=\"kc-wrap-columns\"><div class=\"kc-elm kc-css-530357 kc_col-sm-3 kc_column kc_col-sm-3\"><div class=\"kc-col-container\"><div class=\"kc-elm kc-css-801857 kc_shortcode kc_single_image\">\n\n        <img decoding=\"async\" src=\"https:\/\/www.indecosoft.ro\/site\/wp-content\/uploads\/2017\/07\/print_sofm-200x200xc.png\" class=\"\" alt=\"\" \/>    <\/div>\n<\/div><\/div><div class=\"kc-elm kc-css-540324 kc_col-sm-9 kc_column kc_col-sm-9\"><div class=\"kc-col-container\"><div class=\"kc-elm kc-css-685594\" style=\"height: 60px; clear: both; width:100%;\"><\/div>\n<div class=\"kc-elm kc-css-184350 kc-animated kc-animate-eff-fadeIn kc-animate-speed-3.5s kc-title-wrap \">\n\n\t<h1 class=\"kc_title\">SOFM \u2013 Sistem de ocupare a for\u0163ei de munc\u0103<\/h1>\n<\/div>\n<div class=\"kc-elm kc-css-601956\" style=\"height: 20px; clear: both; width:100%;\"><\/div><div class=\"kc-elm kc-css-257121 kc_text_block\"><\/p>\n<div class=\"row-fluid\">\n<div class=\"wpb_content_element span12 wpb_text_column\">\n<div class=\"wpb_wrapper\">\n<div class=\"row-fluid\">\n<div class=\"wpb_content_element span12 wpb_text_column\">\n<div class=\"wpb_wrapper\">\n<div class=\"row-fluid\">\n<div class=\"wpb_content_element span12 wpb_text_column\">\n<div class=\"wpb_wrapper\">\n<div class=\"row-fluid\">\n<div class=\"wpb_content_element span12 wpb_text_column\">\n<div class=\"wpb_wrapper\">\n<div class=\"row-fluid\">\n<div class=\"wpb_content_element span12 wpb_text_column\">\n<div class=\"wpb_wrapper\">\n<p><strong>Portalul are ca \u015fi obiectiv facilitarea accesului \u015fi a schimbului de informa\u0163ii relevante privind pia\u0163a muncii pentru factorii interesa\u0163i primari \u015fi cei secundari (actori sociali zonali implica\u0163i) prin crearea unei re\u0163ele zonale de comunicare, informare, promovare care include \u015fi sistemul de monitorizare \u015fi evaluare a aplic\u0103rii planului de m\u0103suri.<\/strong><\/p>\n<\/div>\n<\/div>\n<\/div>\n<div class=\"row-fluid\">\n<div class=\"wpb_content_element span12 wpb_text_column\">\n<div class=\"wpb_wrapper\">\n<div>\n<div>\n<div>\n<p>Factorii implica\u0163i sunt:<\/p>\n<ul>\n<li>Furnizori priva\u0163i de servicii pe pia\u0163a muncii;<\/li>\n<li>Unit\u0103\u0163i administrativ \u2013 teritoriale;<\/li>\n<li>\u015fomeri de lung\u0103 durat\u0103, persoane inactive;<\/li>\n<li>orice persoan\u0103 care este \u00een c\u0103utarea unui loc de munc\u0103.<\/li>\n<\/ul>\n<p>Solu\u0163ii propuse de portal :<\/p>\n<p>&#8211; reducerea \u015fomajului prin corelarea activit\u0103\u0163ilor economice locale cu resursele locale, responsabilitatea social\u0103 a angajatorilor;<\/p>\n<p>&#8211; descentralizarea serviciilor active de ocupare la nivel local, furnizarea personalizat\u0103 adaptat\u0103 specificului local a serviciilor active de ocupare prin intermediul serviciilor sociale;<\/p>\n<p>&#8211; trecerea de la servicii pasive (consumatoare bugetare) la servicii active (economii bugetare) \u00a0cu diversificarea ofertei de servicii locale.<\/p>\n<\/div>\n<\/div>\n<\/div>\n<\/div>\n<\/div>\n<\/div>\n<\/div>\n<\/div>\n<\/div>\n<div class=\"row-fluid\"><\/div>\n<\/div>\n<\/div>\n<\/div>\n<\/div>\n<\/div>\n<\/div>\n<\/div>\n<\/div>\n<\/div>\n<p>\n<\/div><div class=\"kc-elm kc-css-728645\" style=\"height: 50px; clear: both; width:100%;\"><\/div><\/div><\/div><\/div><\/div><\/section>\n","protected":false},"excerpt":{"rendered":"","protected":false},"author":1,"featured_media":0,"parent":0,"menu_order":0,"comment_status":"closed","ping_status":"closed","template":"","meta":{"footnotes":""},"_links":{"self":[{"href":"https:\/\/indecosoft.ro\/site\/wp-json\/wp\/v2\/pages\/5899"}],"collection":[{"href":"https:\/\/indecosoft.ro\/site\/wp-json\/wp\/v2\/pages"}],"about":[{"href":"https:\/\/indecosoft.ro\/site\/wp-json\/wp\/v2\/types\/page"}],"author":[{"embeddable":true,"href":"https:\/\/indecosoft.ro\/site\/wp-json\/wp\/v2\/users\/1"}],"replies":[{"embeddable":true,"href":"https:\/\/indecosoft.ro\/site\/wp-json\/wp\/v2\/comments?post=5899"}],"version-history":[{"count":3,"href":"https:\/\/indecosoft.ro\/site\/wp-json\/wp\/v2\/pages\/5899\/revisions"}],"predecessor-version":[{"id":6588,"href":"https:\/\/indecosoft.ro\/site\/wp-json\/wp\/v2\/pages\/5899\/revisions\/6588"}],"wp:attachment":[{"href":"https:\/\/indecosoft.ro\/site\/wp-json\/wp\/v2\/media?parent=5899"}],"curies":[{"name":"wp","href":"https:\/\/api.w.org\/{rel}","templated":true}]}}