{"id":5894,"date":"2017-07-20T12:17:49","date_gmt":"2017-07-20T10:17:49","guid":{"rendered":"https:\/\/indecosoft.ro\/site\/?page_id=5894"},"modified":"2017-09-26T14:55:59","modified_gmt":"2017-09-26T12:55:59","slug":"portal-primaria-rasnov","status":"publish","type":"page","link":"https:\/\/indecosoft.ro\/site\/portal-primaria-rasnov\/","title":{"rendered":"Portal Prim\u0103ria R\u00e2\u015fnov"},"content":{"rendered":"<section class=\"kc-elm kc-css-994258 kc_row\"><div class=\"kc-row-container  kc-container\"><div class=\"kc-wrap-columns\"><div class=\"kc-elm kc-css-504730 kc_col-sm-3 kc_column kc_col-sm-3\"><div class=\"kc-col-container\"><div class=\"kc-elm kc-css-921471 kc_shortcode kc_single_image\">\n\n        <img decoding=\"async\" src=\"https:\/\/www.indecosoft.ro\/site\/wp-content\/uploads\/2017\/07\/print_rasnov-200x200xc.png\" class=\"\" alt=\"\" \/>    <\/div>\n<\/div><\/div><div class=\"kc-elm kc-css-665076 kc_col-sm-9 kc_column kc_col-sm-9\"><div class=\"kc-col-container\"><div class=\"kc-elm kc-css-167371\" style=\"height: 60px; clear: both; width:100%;\"><\/div>\n<div class=\"kc-elm kc-css-909098 kc-animated kc-animate-eff-fadeIn kc-animate-speed-3.5s kc-title-wrap \">\n\n\t<h1 class=\"kc_title\">Portal Prim\u0103ria R\u00e2\u015fnov<\/h1>\n<\/div>\n<div class=\"kc-elm kc-css-50828\" style=\"height: 20px; clear: both; width:100%;\"><\/div><div class=\"kc-elm kc-css-711676 kc_text_block\"><\/p>\n<div class=\"row-fluid\">\n<div class=\"wpb_content_element span12 wpb_text_column\">\n<div class=\"wpb_wrapper\">\n<div class=\"row-fluid\">\n<div class=\"wpb_content_element span12 wpb_text_column\">\n<div class=\"wpb_wrapper\">\n<div class=\"row-fluid\">\n<div class=\"wpb_content_element span12 wpb_text_column\">\n<div class=\"wpb_wrapper\">\n<div class=\"row-fluid\">\n<div class=\"wpb_content_element span12 wpb_text_column\">\n<div class=\"wpb_wrapper\">\n<p><strong>Portalul Prim\u0103riei R\u00e2\u015fnov este un sistem complex destinat at\u00e2t inform\u0103rii cet\u0103\u0163enilor ora\u015fului R\u00e2\u015fnov, c\u00e2t \u015fi inform\u0103rii func\u0163ionarilor prim\u0103riei \u015fi agen\u0163ilor economici din ora\u015f.<\/strong><\/p>\n<\/div>\n<\/div>\n<\/div>\n<div class=\"row-fluid\">\n<div class=\"wpb_content_element span12 wpb_text_column\">\n<div class=\"wpb_wrapper\">\n<p>Portalul folose\u015fte tehnologii web at\u00e2t \u00een interfa\u0163a cu utilizatorii c\u00e2t \u015fi \u00een interfa\u0163a de administrare.<\/p>\n<p>Portalul Prim\u0103ria R\u00e2\u015fnov este format din trei componente :<\/p>\n<ul>\n<li>Componenta internet pentru cet\u0103\u0163eni,<\/li>\n<li>Componenta intranet pentru func\u0163ionari publici,<\/li>\n<li>Componenta extranet pentru agen\u0163i economici.<\/li>\n<\/ul>\n<p>Componenta pentru cet\u0103\u0163eni ofer\u0103 acestora informa\u0163ii de interes general, dar \u015fi informa\u0163ii specifice. Aceast\u0103 component\u0103 este integrat\u0103 cu urm\u0103toarele module implementate la nivelul prim\u0103riei:<\/p>\n<p>&#8211;\u00a0\u00a0\u00a0\u00a0\u00a0\u00a0\u00a0 aplica\u0163ia de Management al documentelor,<\/p>\n<p>&#8211;\u00a0\u00a0\u00a0\u00a0\u00a0\u00a0\u00a0 aplica\u0163ia de Urbanism,<\/p>\n<p>&#8211;\u00a0\u00a0\u00a0\u00a0\u00a0\u00a0\u00a0 aplica\u0163ia de Audien\u0163e,<\/p>\n<p>&#8211;\u00a0\u00a0\u00a0\u00a0\u00a0\u00a0\u00a0 aplica\u0163ia de depunere a peti\u0163iilor,<\/p>\n<p>&#8211;\u00a0\u00a0\u00a0\u00a0\u00a0\u00a0\u00a0 aplica\u0163ia de pl\u0103\u0163i online.<\/p>\n<p>Componenta web pentru cet\u0103\u0163eni ofer\u0103 \u015ftiri publice, informa\u0163ii despre prim\u0103rie, despre conducerea prim\u0103riei, despre consiliul local, informa\u0163ii turistice, curs valutar \u015fi evenimentele organizate de prim\u0103rie. Ofer\u0103 cet\u0103\u0163enilor acces la un forum de discu\u0163ii \u015fi la o sec\u0163iune de c\u0103utare \u00een cadrul portalului.<\/p>\n<p>Componenta intranet pentru func\u0163ionarii publici con\u0163ine un avizier public intern de comunicare. Utilizatorii au acces la o agenda virtual\u0103 pentru programarea \u015fi anun\u0163area anumitor evenimente.<\/p>\n<p>Componenta extranet ofer\u0103 posibilitatea utilizatorilor din exteriorul prim\u0103riei, cet\u0103\u0163eni sau agen\u0163i economici, s\u0103-\u015fi creeze un cont de utilizator. Dup\u0103 autentificare ace\u015fti utilizatori au acces de editare \u015fi vizualizare \u015fi la alte informa\u0163ii dec\u00e2t cele expuse \u00een componenta internet.<\/p>\n<\/div>\n<\/div>\n<\/div>\n<\/div>\n<\/div>\n<\/div>\n<\/div>\n<\/div>\n<\/div>\n<\/div>\n<\/div>\n<\/div>\n<p>\n<\/div><div class=\"kc-elm kc-css-857270\" style=\"height: 50px; clear: both; width:100%;\"><\/div><\/div><\/div><\/div><\/div><\/section>\n","protected":false},"excerpt":{"rendered":"","protected":false},"author":1,"featured_media":0,"parent":0,"menu_order":0,"comment_status":"closed","ping_status":"closed","template":"","meta":{"footnotes":""},"_links":{"self":[{"href":"https:\/\/indecosoft.ro\/site\/wp-json\/wp\/v2\/pages\/5894"}],"collection":[{"href":"https:\/\/indecosoft.ro\/site\/wp-json\/wp\/v2\/pages"}],"about":[{"href":"https:\/\/indecosoft.ro\/site\/wp-json\/wp\/v2\/types\/page"}],"author":[{"embeddable":true,"href":"https:\/\/indecosoft.ro\/site\/wp-json\/wp\/v2\/users\/1"}],"replies":[{"embeddable":true,"href":"https:\/\/indecosoft.ro\/site\/wp-json\/wp\/v2\/comments?post=5894"}],"version-history":[{"count":3,"href":"https:\/\/indecosoft.ro\/site\/wp-json\/wp\/v2\/pages\/5894\/revisions"}],"predecessor-version":[{"id":6735,"href":"https:\/\/indecosoft.ro\/site\/wp-json\/wp\/v2\/pages\/5894\/revisions\/6735"}],"wp:attachment":[{"href":"https:\/\/indecosoft.ro\/site\/wp-json\/wp\/v2\/media?parent=5894"}],"curies":[{"name":"wp","href":"https:\/\/api.w.org\/{rel}","templated":true}]}}