{"id":5874,"date":"2017-07-20T12:01:56","date_gmt":"2017-07-20T10:01:56","guid":{"rendered":"https:\/\/indecosoft.ro\/site\/?page_id=5874"},"modified":"2017-09-26T14:43:55","modified_gmt":"2017-09-26T12:43:55","slug":"recal","status":"publish","type":"page","link":"https:\/\/indecosoft.ro\/site\/recal\/","title":{"rendered":"RECAL"},"content":{"rendered":"<section class=\"kc-elm kc-css-352765 kc_row\"><div class=\"kc-row-container  kc-container\"><div class=\"kc-wrap-columns\"><div class=\"kc-elm kc-css-392666 kc_col-sm-3 kc_column kc_col-sm-3\"><div class=\"kc-col-container\"><div class=\"kc-elm kc-css-245387 kc_shortcode kc_single_image\">\n\n        <img decoding=\"async\" src=\"https:\/\/www.indecosoft.ro\/site\/wp-content\/uploads\/2017\/07\/logo_recal-200x200xc.png\" class=\"\" alt=\"\" \/>    <\/div>\n<\/div><\/div><div class=\"kc-elm kc-css-467934 kc_col-sm-9 kc_column kc_col-sm-9\"><div class=\"kc-col-container\"><div class=\"kc-elm kc-css-997962\" style=\"height: 60px; clear: both; width:100%;\"><\/div>\n<div class=\"kc-elm kc-css-177903 kc-animated kc-animate-eff-fadeIn kc-animate-speed-3.5s kc-title-wrap \">\n\n\t<h1 class=\"kc_title\">RECAL<\/h1>\n<\/div>\n<div class=\"kc-elm kc-css-247447\" style=\"height: 20px; clear: both; width:100%;\"><\/div><div class=\"kc-elm kc-css-364895 kc_text_block\"><\/p>\n<div class=\"row-fluid\">\n<div class=\"wpb_content_element span12 wpb_text_column\">\n<div class=\"wpb_wrapper\">\n<div class=\"row-fluid\">\n<div class=\"wpb_content_element span12 wpb_text_column\">\n<div class=\"wpb_wrapper\">\n<p><strong>Registrul Electronic Central pentru Administra\u021bia Local\u0103 \u2013 este o platform\u0103 informatic\u0103 destinat\u0103 schimbului de informa\u021bii \u00eentre administra\u021biile locale \u00een vederea punerii \u00een aplicare a legisla\u021biei care implic\u0103 notific\u0103ri sau solicit\u0103ri de date interinstitu\u021bionale.<\/strong><\/p>\n<\/div>\n<\/div>\n<\/div>\n<div class=\"row-fluid\">\n<div class=\"wpb_content_element span12 wpb_text_column\">\n<div class=\"wpb_wrapper\">\n<p>Prin participarea prim\u0103riilor, sistemul structureaz\u0103 o important\u0103 colec\u021bie de date de interes comun, accesibile prin servicii online de procesare \u0219i raportare. Platforma permite interconectarea automata cu aplica\u021biile software specializate ale prim\u0103riilor prin protocoale standardizate independente.<\/p>\n<p><strong>Sistemul este destinat aplic\u0103rii prin mijloace electronice a prevederilor legilor:<\/strong><\/p>\n<ul>\n<li>HG 791\/2010 (pentru modificarea \u0219i completarea Normelor metodologice de aplicare a Legii nr. 571\/2003 privind Codul fiscal) viz\u00e2nd aplicarea\u00a0<strong>impozitului majorat<\/strong>\u00a0pentru persoanele care au \u00een proprietate mai multe imobile.<\/li>\n<li>OUG 86\/2010 (pentru modificarea \u0219i completarea Normelor metodologice de aplicare a prevederilor OUG nr. 5\/2003) privind acordarea de\u00a0<strong>ajutoare pentru \u00eenc\u0103lzirea locuin\u021bei<\/strong>, cu excluderea persoanelor care de\u021bin anumite propriet\u0103\u021bi (Anexa 3).<\/li>\n<li>Legea 416\/2001 cu complet\u0103rile legii 276\/2010 privind acordarea de ajutoare sociale (venitul minim garantat) \u0219i care impune realizarea de anchete sociale.<\/li>\n<\/ul>\n<\/div>\n<\/div>\n<\/div>\n<\/div>\n<\/div>\n<\/div>\n<p>\n<\/div><div class=\"kc-elm kc-css-938296\" style=\"height: 50px; clear: both; width:100%;\"><\/div><div class=\"kc-elm kc-css-590104 kc_shortcode kc_single_image\">\n\n        <img decoding=\"async\" src=\"https:\/\/www.indecosoft.ro\/site\/wp-content\/uploads\/2012\/08\/poza-din-brosura-RECAL.png\" class=\"\" alt=\"\" \/>    <\/div>\n<div class=\"kc-elm kc-css-575195\" style=\"height: 50px; clear: both; width:100%;\"><\/div><div class=\"kc-elm kc-css-329938 kc_text_block\"><\/p>\n<p>Informa\u021bia de baz\u0103 pe care este construit sistemul este lista propriet\u0103\u021bilor pentru fiecare contribuabil, centralizat la nivelul tuturor prim\u0103riilor participante. Sistemul clasific\u0103 automat aceast\u0103 list\u0103 \u00een func\u021bie de ordinea de dob\u00e2ndire \u0219i adresa de domiciliu permi\u021b\u00e2nd stabilirea cotei de majorare pentru fiecare proprietate suplimentar\u0103. Rezultatele pot fi accesate ca rapoarte consolidate sau punctual prin c\u0103utare.<\/p>\n<p>Sistemul RECAL este oferit ca serviciu informatic online, disponibil permanent prin internet, f\u0103r\u0103 s\u0103 implice pentru participan\u021bi investi\u021bii \u00een infrastructura hardware.<\/p>\n<p>\n<\/div><div class=\"kc-elm kc-css-312300\" style=\"height: 50px; clear: both; width:100%;\"><\/div><\/div><\/div><\/div><\/div><\/section>\n","protected":false},"excerpt":{"rendered":"","protected":false},"author":1,"featured_media":0,"parent":0,"menu_order":0,"comment_status":"closed","ping_status":"closed","template":"","meta":{"footnotes":""},"_links":{"self":[{"href":"https:\/\/indecosoft.ro\/site\/wp-json\/wp\/v2\/pages\/5874"}],"collection":[{"href":"https:\/\/indecosoft.ro\/site\/wp-json\/wp\/v2\/pages"}],"about":[{"href":"https:\/\/indecosoft.ro\/site\/wp-json\/wp\/v2\/types\/page"}],"author":[{"embeddable":true,"href":"https:\/\/indecosoft.ro\/site\/wp-json\/wp\/v2\/users\/1"}],"replies":[{"embeddable":true,"href":"https:\/\/indecosoft.ro\/site\/wp-json\/wp\/v2\/comments?post=5874"}],"version-history":[{"count":2,"href":"https:\/\/indecosoft.ro\/site\/wp-json\/wp\/v2\/pages\/5874\/revisions"}],"predecessor-version":[{"id":6571,"href":"https:\/\/indecosoft.ro\/site\/wp-json\/wp\/v2\/pages\/5874\/revisions\/6571"}],"wp:attachment":[{"href":"https:\/\/indecosoft.ro\/site\/wp-json\/wp\/v2\/media?parent=5874"}],"curies":[{"name":"wp","href":"https:\/\/api.w.org\/{rel}","templated":true}]}}