{"id":5869,"date":"2017-07-20T11:43:40","date_gmt":"2017-07-20T09:43:40","guid":{"rendered":"https:\/\/indecosoft.ro\/site\/?page_id=5869"},"modified":"2017-09-26T14:33:29","modified_gmt":"2017-09-26T12:33:29","slug":"eaudiente","status":"publish","type":"page","link":"https:\/\/indecosoft.ro\/site\/eaudiente\/","title":{"rendered":"eAudien\u0163e"},"content":{"rendered":"<section class=\"kc-elm kc-css-518194 kc_row\"><div class=\"kc-row-container  kc-container\"><div class=\"kc-wrap-columns\"><div class=\"kc-elm kc-css-202145 kc_col-sm-3 kc_column kc_col-sm-3\"><div class=\"kc-col-container\"><div class=\"kc-elm kc-css-132367 kc_shortcode kc_single_image\">\n\n        <img decoding=\"async\" src=\"https:\/\/www.indecosoft.ro\/site\/wp-content\/uploads\/2017\/07\/logo_eaudiente-200x200xc.png\" class=\"\" alt=\"\" \/>    <\/div>\n<\/div><\/div><div class=\"kc-elm kc-css-709648 kc_col-sm-9 kc_column kc_col-sm-9\"><div class=\"kc-col-container\"><div class=\"kc-elm kc-css-968653\" style=\"height: 60px; clear: both; width:100%;\"><\/div>\n<div class=\"kc-elm kc-css-141191 kc-animated kc-animate-eff-fadeIn kc-animate-speed-3.5s kc-title-wrap \">\n\n\t<h1 class=\"kc_title\">eAudien\u0163e<\/h1>\n<\/div>\n<div class=\"kc-elm kc-css-395445\" style=\"height: 20px; clear: both; width:100%;\"><\/div><div class=\"kc-elm kc-css-528233 kc_text_block\"><\/p>\n<div class=\"row-fluid\">\n<div class=\"wpb_content_element span12 wpb_text_column\">\n<div class=\"wpb_wrapper\">\n<p><strong>Modulul\u00a0eAudien\u021be\u00a0permite depunerea \u0219i vizualizarea\u00a0 online de c\u0103tre contribuabil de cereri pentru audien\u021be c\u0103tre institu\u021bii ale administra\u021biei locale (prim\u0103rii, consilii jude\u021bene sau altele).<\/strong><\/p>\n<\/div>\n<\/div>\n<\/div>\n<div class=\"row-fluid\">\n<div class=\"wpb_content_element span12 wpb_text_column\">\n<div class=\"wpb_wrapper\">\n<p><strong>Modulul are urm\u0103toarele func\u021biuni:<\/strong><\/p>\n<ul>\n<li>ad\u0103ugare cereri specifice pe baza unor formulare predefinite;<\/li>\n<li>completarea informa\u021biilor specifice \u0219i transmiterea electronic\u0103 a documentului;<\/li>\n<li>informarea solicitantului prin email despre \u00eenregistrarea, programarea sau reprogramarea audien\u021bei solicitate;<\/li>\n<li>c\u0103utare complex\u0103 dup\u0103 diferi\u021bi parametri pentru accesul rapid la o cerere;<\/li>\n<li>vizualizarea regi\u0219trilor indexa\u021bi de cereri pe perioade calendaristice;<\/li>\n<li>consultarea stadiului cererilor depuse online;<\/li>\n<\/ul>\n<\/div>\n<\/div>\n<\/div>\n<p>\n<\/div><div class=\"kc-elm kc-css-838797\" style=\"height: 50px; clear: both; width:100%;\"><\/div><\/div><\/div><\/div><\/div><\/section>\n","protected":false},"excerpt":{"rendered":"","protected":false},"author":1,"featured_media":0,"parent":0,"menu_order":0,"comment_status":"closed","ping_status":"closed","template":"","meta":{"footnotes":""},"_links":{"self":[{"href":"https:\/\/indecosoft.ro\/site\/wp-json\/wp\/v2\/pages\/5869"}],"collection":[{"href":"https:\/\/indecosoft.ro\/site\/wp-json\/wp\/v2\/pages"}],"about":[{"href":"https:\/\/indecosoft.ro\/site\/wp-json\/wp\/v2\/types\/page"}],"author":[{"embeddable":true,"href":"https:\/\/indecosoft.ro\/site\/wp-json\/wp\/v2\/users\/1"}],"replies":[{"embeddable":true,"href":"https:\/\/indecosoft.ro\/site\/wp-json\/wp\/v2\/comments?post=5869"}],"version-history":[{"count":2,"href":"https:\/\/indecosoft.ro\/site\/wp-json\/wp\/v2\/pages\/5869\/revisions"}],"predecessor-version":[{"id":6551,"href":"https:\/\/indecosoft.ro\/site\/wp-json\/wp\/v2\/pages\/5869\/revisions\/6551"}],"wp:attachment":[{"href":"https:\/\/indecosoft.ro\/site\/wp-json\/wp\/v2\/media?parent=5869"}],"curies":[{"name":"wp","href":"https:\/\/api.w.org\/{rel}","templated":true}]}}