{"id":5864,"date":"2017-07-20T11:40:04","date_gmt":"2017-07-20T09:40:04","guid":{"rendered":"https:\/\/indecosoft.ro\/site\/?page_id=5864"},"modified":"2024-02-13T10:06:28","modified_gmt":"2024-02-13T08:06:28","slug":"audiente","status":"publish","type":"page","link":"https:\/\/indecosoft.ro\/site\/audiente\/","title":{"rendered":"Audien\u0163e"},"content":{"rendered":"<section class=\"kc-elm kc-css-763058 kc_row\"><div class=\"kc-row-container  kc-container\"><div class=\"kc-wrap-columns\"><div class=\"kc-elm kc-css-988325 kc_col-sm-3 kc_column kc_col-sm-3\"><div class=\"kc-col-container\"><div class=\"kc-elm kc-css-599295 kc_shortcode kc_single_image\">\n\n        <img decoding=\"async\" src=\"https:\/\/www.indecosoft.ro\/site\/wp-content\/uploads\/2017\/07\/logo_audiente-200x200xc.png\" class=\"\" alt=\"\" \/>    <\/div>\n<\/div><\/div><div class=\"kc-elm kc-css-650029 kc_col-sm-9 kc_column kc_col-sm-9\"><div class=\"kc-col-container\"><div class=\"kc-elm kc-css-291654\" style=\"height: 60px; clear: both; width:100%;\"><\/div>\n<div class=\"kc-elm kc-css-231789 kc-animated kc-animate-eff-fadeIn kc-animate-speed-3.5s kc-title-wrap \">\n\n\t<h1 class=\"kc_title\"> Audien\u0163e<\/h1>\n<\/div>\n<div class=\"kc-elm kc-css-230943\" style=\"height: 20px; clear: both; width:100%;\"><\/div><div class=\"kc-elm kc-css-808155 kc_text_block\"><\/p>\n<p><strong>Modulul\u00a0Audien\u021be\u00a0permite gestionarea audien\u021belor, respectiv \u00eenregistrarea solicit\u0103rilor, planificarea, repartizarea pe departamente \u0219i auditori \u0219i \u00eenregistrarea modului de rezolvare a audien\u021belor.<\/strong><\/p>\n<p><strong>Modulul are urm\u0103toarele func\u021biuni:<\/strong><\/p>\n<ul>\n<li>gestionarea auditorilor \u0219i a categoriilor de probleme solicitate;<\/li>\n<li>ad\u0103ugare\/modificare solicitare pentru audienta;<\/li>\n<li>programare automata \u0219i reprogramare la cerere;<\/li>\n<li>listarea bonului de \u00eenregistrare a solicit\u0103rii care se \u00eenm\u00e2neaz\u0103 solicitantului;<\/li>\n<li>listarea fisei audientei care se trimite departamentelor implicate \u00een solu\u021bionare;<\/li>\n<li>\u00eenregistrarea modului de rezolvare a audientelor;<\/li>\n<li>posibilitatea \u00eenregistr\u0103rii unui document \u00een modulul de circula\u021bia documentelor ca rezultat al problemei solicitate;<\/li>\n<li>c\u0103ut\u0103ri dup\u0103 criterii complexe;<\/li>\n<li>diverse rapoarte.<\/li>\n<\/ul>\n<p>\n<\/div><div class=\"kc-elm kc-css-580059\" style=\"height: 50px; clear: both; width:100%;\"><\/div><\/div><\/div><\/div><\/div><\/section>\n","protected":false},"excerpt":{"rendered":"","protected":false},"author":1,"featured_media":0,"parent":0,"menu_order":0,"comment_status":"closed","ping_status":"closed","template":"","meta":{"footnotes":""},"_links":{"self":[{"href":"https:\/\/indecosoft.ro\/site\/wp-json\/wp\/v2\/pages\/5864"}],"collection":[{"href":"https:\/\/indecosoft.ro\/site\/wp-json\/wp\/v2\/pages"}],"about":[{"href":"https:\/\/indecosoft.ro\/site\/wp-json\/wp\/v2\/types\/page"}],"author":[{"embeddable":true,"href":"https:\/\/indecosoft.ro\/site\/wp-json\/wp\/v2\/users\/1"}],"replies":[{"embeddable":true,"href":"https:\/\/indecosoft.ro\/site\/wp-json\/wp\/v2\/comments?post=5864"}],"version-history":[{"count":3,"href":"https:\/\/indecosoft.ro\/site\/wp-json\/wp\/v2\/pages\/5864\/revisions"}],"predecessor-version":[{"id":7429,"href":"https:\/\/indecosoft.ro\/site\/wp-json\/wp\/v2\/pages\/5864\/revisions\/7429"}],"wp:attachment":[{"href":"https:\/\/indecosoft.ro\/site\/wp-json\/wp\/v2\/media?parent=5864"}],"curies":[{"name":"wp","href":"https:\/\/api.w.org\/{rel}","templated":true}]}}