{"id":5853,"date":"2017-07-20T11:33:40","date_gmt":"2017-07-20T09:33:40","guid":{"rendered":"https:\/\/indecosoft.ro\/site\/?page_id=5853"},"modified":"2017-09-26T14:33:59","modified_gmt":"2017-09-26T12:33:59","slug":"epetitii","status":"publish","type":"page","link":"https:\/\/indecosoft.ro\/site\/epetitii\/","title":{"rendered":"ePeti\u0163ii"},"content":{"rendered":"<section class=\"kc-elm kc-css-950996 kc_row\"><div class=\"kc-row-container  kc-container\"><div class=\"kc-wrap-columns\"><div class=\"kc-elm kc-css-177551 kc_col-sm-3 kc_column kc_col-sm-3\"><div class=\"kc-col-container\"><div class=\"kc-elm kc-css-505707 kc_shortcode kc_single_image\">\n\n        <img decoding=\"async\" src=\"https:\/\/www.indecosoft.ro\/site\/wp-content\/uploads\/2017\/07\/logo_epetitii-200x200xc.png\" class=\"\" alt=\"\" \/>    <\/div>\n<\/div><\/div><div class=\"kc-elm kc-css-3716 kc_col-sm-9 kc_column kc_col-sm-9\"><div class=\"kc-col-container\"><div class=\"kc-elm kc-css-63101\" style=\"height: 60px; clear: both; width:100%;\"><\/div>\n<div class=\"kc-elm kc-css-529866 kc-animated kc-animate-eff-fadeIn kc-animate-speed-3.5s kc-title-wrap \">\n\n\t<h1 class=\"kc_title\">ePeti\u0163ii<\/h1>\n<\/div>\n<div class=\"kc-elm kc-css-544659\" style=\"height: 20px; clear: both; width:100%;\"><\/div><div class=\"kc-elm kc-css-101794 kc_text_block\"><\/p>\n<p><strong>Modulul\u00a0ePeti\u021bii\u00a0permite depunerea \u0219i vizualizarea de c\u0103tre contribuabil de cereri (peti\u021bii) c\u0103tre institu\u021bii ale administra\u021biei locale (primarii, consilii jude\u021bene sau altele).<\/strong><\/p>\n<p>\n<\/div><div class=\"kc-elm kc-css-827032\" style=\"height: 30px; clear: both; width:100%;\"><\/div><div class=\"kc-elm kc-css-914640 kc_text_block\"><\/p>\n<p>Modulul\u00a0<strong>ePeti\u021bii<\/strong>\u00a0are urm\u0103toarele func\u021biuni:<\/p>\n<ul>\n<li>ad\u0103ugare documente specifice pe baza unor formulare predefinite;<\/li>\n<li>completarea informa\u021biilor specifice tipului de act ini\u021biat \u0219i transmiterea electronic\u0103 a documentului;<\/li>\n<li>c\u0103utare complex\u0103 dup\u0103 diferi\u021bi parametri pentru accesul rapid la un document;<\/li>\n<li>vizualizarea regi\u0219trilor indexa\u021bi de documente pe perioade calendaristice;<\/li>\n<li>consultarea stadiului proces\u0103rii documentelor at\u00e2t a celor depuse online cat \u0219i a acelora depuse la ghi\u0219eu;<\/li>\n<li>clasificarea cererilor ca fiind cu informa\u021bii de tip public sau privat;<\/li>\n<li>acces autorizat la informa\u021biile private;<\/li>\n<li>acces liber la informa\u021biilor publice<\/li>\n<li>integrarea cu Modulul Circula\u021bia Intern\u0103 a Documentelor (CID), cererile depuse online se \u00eenregistreaz\u0103 direct \u00een CID unde sunt tratate similar celorlalte documente.<\/li>\n<\/ul>\n<p>\n<\/div><div class=\"kc-elm kc-css-857910\" style=\"height: 50px; clear: both; width:100%;\"><\/div><\/div><\/div><\/div><\/div><\/section>\n","protected":false},"excerpt":{"rendered":"","protected":false},"author":1,"featured_media":0,"parent":0,"menu_order":0,"comment_status":"closed","ping_status":"closed","template":"","meta":{"footnotes":""},"_links":{"self":[{"href":"https:\/\/indecosoft.ro\/site\/wp-json\/wp\/v2\/pages\/5853"}],"collection":[{"href":"https:\/\/indecosoft.ro\/site\/wp-json\/wp\/v2\/pages"}],"about":[{"href":"https:\/\/indecosoft.ro\/site\/wp-json\/wp\/v2\/types\/page"}],"author":[{"embeddable":true,"href":"https:\/\/indecosoft.ro\/site\/wp-json\/wp\/v2\/users\/1"}],"replies":[{"embeddable":true,"href":"https:\/\/indecosoft.ro\/site\/wp-json\/wp\/v2\/comments?post=5853"}],"version-history":[{"count":2,"href":"https:\/\/indecosoft.ro\/site\/wp-json\/wp\/v2\/pages\/5853\/revisions"}],"predecessor-version":[{"id":6553,"href":"https:\/\/indecosoft.ro\/site\/wp-json\/wp\/v2\/pages\/5853\/revisions\/6553"}],"wp:attachment":[{"href":"https:\/\/indecosoft.ro\/site\/wp-json\/wp\/v2\/media?parent=5853"}],"curies":[{"name":"wp","href":"https:\/\/api.w.org\/{rel}","templated":true}]}}