{"id":5848,"date":"2017-07-20T11:23:56","date_gmt":"2017-07-20T09:23:56","guid":{"rendered":"https:\/\/indecosoft.ro\/site\/?page_id=5848"},"modified":"2017-09-26T14:40:45","modified_gmt":"2017-09-26T12:40:45","slug":"urbanism","status":"publish","type":"page","link":"https:\/\/indecosoft.ro\/site\/urbanism\/","title":{"rendered":"Urbanism"},"content":{"rendered":"<section class=\"kc-elm kc-css-140058 kc_row\"><div class=\"kc-row-container  kc-container\"><div class=\"kc-wrap-columns\"><div class=\"kc-elm kc-css-407720 kc_col-sm-3 kc_column kc_col-sm-3\"><div class=\"kc-col-container\"><div class=\"kc-elm kc-css-635845 kc_shortcode kc_single_image\">\n\n        <img decoding=\"async\" src=\"https:\/\/www.indecosoft.ro\/site\/wp-content\/uploads\/2017\/07\/urbanism-200x200xc.png\" class=\"\" alt=\"\" \/>    <\/div>\n<\/div><\/div><div class=\"kc-elm kc-css-36787 kc_col-sm-9 kc_column kc_col-sm-9\"><div class=\"kc-col-container\"><div class=\"kc-elm kc-css-938121\" style=\"height: 60px; clear: both; width:100%;\"><\/div>\n<div class=\"kc-elm kc-css-193876 kc-animated kc-animate-eff-fadeIn kc-animate-speed-3.5s kc-title-wrap \">\n\n\t<h1 class=\"kc_title\">Urbanism<\/h1>\n<\/div>\n<div class=\"kc-elm kc-css-644678\" style=\"height: 20px; clear: both; width:100%;\"><\/div><div class=\"kc-elm kc-css-410162 kc_text_block\"><\/p>\n<p><strong>Modulul\u00a0Urbanism\u00a0gestioneaz\u0103 documentele specifice Direc\u021biilor de Urbanism din cadrul prim\u0103riilor \u0219i consiliilor jude\u021bene \u2013 Certificate de Urbanism,\u00a0 Autoriza\u021bii de construire -desfiin\u021bare,\u00a0 Avize favorabile\/nefavorabile.<\/strong><\/p>\n<p>\n<\/div><div class=\"kc-elm kc-css-943183\" style=\"height: 30px; clear: both; width:100%;\"><\/div><div class=\"kc-elm kc-css-600007 kc_text_block\"><\/p>\n<p>Aplica\u021bia poate func\u021biona independent sau integrat cu modulul CID (Circula\u021bia interna a documentelor).<\/p>\n<p>Sistemul are urm\u0103toarele func\u021biuni:<\/p>\n<ul>\n<li>ad\u0103ugarea documentului pe baza unei cereri introduse \u00een modulul CID sau independent;<\/li>\n<li>completarea informa\u021biilor specifice tipului de act ini\u021biat \u0219i listarea documentului;<\/li>\n<li>configurarea de op\u021biuni \u0219i texte predefinite pentru eficientizarea introducerii datelor;<\/li>\n<li>c\u0103utare complex\u0103 dup\u0103 diferi\u021bi parametri pentru accesul rapid la un document;<\/li>\n<li>vizualizarea regi\u0219trilor indexa\u021bi de documente pe perioade calendaristice;<\/li>\n<li>lista autoriza\u021biilor a c\u0103ror valabilitate expir\u0103 \u00eentr-o anumit\u0103 lun\u0103 din an \u0219i alerte pentru ele;<\/li>\n<li>posibilitatea lucrului cu proiecte de AC \u0219i CU care apoi pot fi trecute ca definitive;<\/li>\n<li>emiterea \u00een\u0219tiin\u021b\u0103rilor de plat\u0103;<\/li>\n<li>borderouri de \u0219edin\u021b\u0103 cu posibilitatea ad\u0103ug\u0103rii unui document sau a unui grup de documente la borderou;<\/li>\n<li>posibilitatea vizualiz\u0103rii \u0219i list\u0103rii borderourilor \u0219i rapoartelor \u00een format Excel;<\/li>\n<li>calcul de regularizare a taxei aferente Autoriza\u021biilor de Construire, incluz\u00e2nd calculul dob\u00e2nzilor \u0219i penalit\u0103\u021bilor.<\/li>\n<\/ul>\n<p>Prin integrarea cu portalul sau website-ul institu\u021biei Certificatele de urbanism \u0219i Autoriza\u021biile de construire-desfiin\u021bare sunt publicate \u00een mod automat \u2013 modulul Urbanism online.<\/p>\n<p>Modulul\u00a0<strong>Urbanism online<\/strong>\u00a0are urm\u0103toarele func\u021biuni:<\/p>\n<ul>\n<li>integrarea aplica\u021biei \u00een site-ul institu\u021biei;<\/li>\n<li>c\u0103utare dup\u0103 diferi\u021bi parametri pentru accesul rapid la un document;<\/li>\n<li>acces autorizat la informa\u021bii<\/li>\n<\/ul>\n<p>\n<\/div><div class=\"kc-elm kc-css-708631\" style=\"height: 50px; clear: both; width:100%;\"><\/div><\/div><\/div><\/div><\/div><\/section>\n","protected":false},"excerpt":{"rendered":"","protected":false},"author":1,"featured_media":0,"parent":0,"menu_order":0,"comment_status":"closed","ping_status":"closed","template":"","meta":{"footnotes":""},"_links":{"self":[{"href":"https:\/\/indecosoft.ro\/site\/wp-json\/wp\/v2\/pages\/5848"}],"collection":[{"href":"https:\/\/indecosoft.ro\/site\/wp-json\/wp\/v2\/pages"}],"about":[{"href":"https:\/\/indecosoft.ro\/site\/wp-json\/wp\/v2\/types\/page"}],"author":[{"embeddable":true,"href":"https:\/\/indecosoft.ro\/site\/wp-json\/wp\/v2\/users\/1"}],"replies":[{"embeddable":true,"href":"https:\/\/indecosoft.ro\/site\/wp-json\/wp\/v2\/comments?post=5848"}],"version-history":[{"count":2,"href":"https:\/\/indecosoft.ro\/site\/wp-json\/wp\/v2\/pages\/5848\/revisions"}],"predecessor-version":[{"id":6562,"href":"https:\/\/indecosoft.ro\/site\/wp-json\/wp\/v2\/pages\/5848\/revisions\/6562"}],"wp:attachment":[{"href":"https:\/\/indecosoft.ro\/site\/wp-json\/wp\/v2\/media?parent=5848"}],"curies":[{"name":"wp","href":"https:\/\/api.w.org\/{rel}","templated":true}]}}