{"id":5838,"date":"2017-07-20T10:42:20","date_gmt":"2017-07-20T08:42:20","guid":{"rendered":"https:\/\/indecosoft.ro\/site\/?page_id=5838"},"modified":"2017-09-26T14:41:04","modified_gmt":"2017-09-26T12:41:04","slug":"starecivila","status":"publish","type":"page","link":"https:\/\/indecosoft.ro\/site\/starecivila\/","title":{"rendered":"StareCivila"},"content":{"rendered":"<section class=\"kc-elm kc-css-962516 kc_row\"><div class=\"kc-row-container  kc-container\"><div class=\"kc-wrap-columns\"><div class=\"kc-elm kc-css-147328 kc_col-sm-3 kc_column kc_col-sm-3\"><div class=\"kc-col-container\"><div class=\"kc-elm kc-css-480744 kc_shortcode kc_single_image\">\n\n        <img decoding=\"async\" src=\"https:\/\/www.indecosoft.ro\/site\/wp-content\/uploads\/2017\/07\/logo_stare_civila-200x200xc.png\" class=\"\" alt=\"\" \/>    <\/div>\n<\/div><\/div><div class=\"kc-elm kc-css-14518 kc_col-sm-9 kc_column kc_col-sm-9\"><div class=\"kc-col-container\"><div class=\"kc-elm kc-css-161992\" style=\"height: 60px; clear: both; width:100%;\"><\/div>\n<div class=\"kc-elm kc-css-586201 kc-animated kc-animate-eff-fadeIn kc-animate-speed-3.5s kc-title-wrap \">\n\n\t<h1 class=\"kc_title\">StareCivila<\/h1>\n<\/div>\n<div class=\"kc-elm kc-css-500068\" style=\"height: 20px; clear: both; width:100%;\"><\/div><div class=\"kc-elm kc-css-293311 kc_text_block\"><\/p>\n<p><strong>Aplica\u021bia\u00a0StareCivil\u0103\u00a0asigur\u0103 \u00eentocmirea, p\u0103strarea, eviden\u0163a \u015fi eliberarea \u00een sistem de ghi\u015feu unic a actelor de stare civil\u0103, \u00eenregistrarea actelor \u015fi faptele de stare civil\u0103, precum \u015fi men\u0163iunile \u015fi modific\u0103rile intervenite \u00een statutul civil, \u00een domiciliul \u015fi re\u015fedin\u0163a persoanei.<\/strong><\/p>\n<p>\n<\/div><div class=\"kc-elm kc-css-196867\" style=\"height: 30px; clear: both; width:100%;\"><\/div><div class=\"kc-elm kc-css-822196 kc_text_block\"><\/p>\n<p><strong>Sistemul ofer\u0103 func\u0163iuni de gestionare pentru:<\/strong><\/p>\n<ul>\n<li>\u00a0\u00eentocmirea \u015fi p\u0103strarea registrelor de stare civil\u0103;<\/li>\n<li>completarea, rectificarea, anularea sau reconstituirea actelor de stare civil\u0103, precum \u015fi orice men\u0163iuni f\u0103cute pe actele de stare civil\u0103 \u015fi pe actele de identitate;<\/li>\n<li>constituirea, actualizarea \u015fi administrarea Registrului local de eviden\u0163\u0103 a persoanei;<\/li>\n<li>\u0163inerea registrelor de eviden\u0163\u0103 pentru fiecare categorie de documente eliberate;<\/li>\n<li>eliberare certificate de na\u015ftere, c\u0103s\u0103torie \u015fi deces, c\u0103r\u0163i de identitate;<\/li>\n<li>p\u0103streaz\u0103 eviden\u0163a cu privire la alte date privind persoana (Stagiu militar, Religie etc.);<\/li>\n<li>\u00eenregistrare men\u0163iuni \u015fi modific\u0103ri intervenite \u00een statutul civil, \u00een domiciliul \u015fi re\u015fedin\u0163a persoanei, \u00een condi\u0163iile legii;<\/li>\n<li>s\u0103 \u0163in\u0103 registrele de eviden\u0163\u0103 pentru fiecare categorie de documente eliberate;<\/li>\n<li>tip\u0103rirea actelor eliberate \u015fi a men\u0163iunilor;<\/li>\n<li>c\u0103utarea persoanei \u015fi filtre de ordonare;<\/li>\n<li>posibilit\u0103\u0163i pentru definirea unor men\u0163iuni noi; configurare\/verificare CNP;<\/li>\n<li>definirea ofi\u0163erilor de stare civil\u0103;<\/li>\n<\/ul>\n<p>\n<\/div><div class=\"kc-elm kc-css-525749\" style=\"height: 50px; clear: both; width:100%;\"><\/div><\/div><\/div><\/div><\/div><\/section>\n","protected":false},"excerpt":{"rendered":"","protected":false},"author":1,"featured_media":0,"parent":0,"menu_order":0,"comment_status":"closed","ping_status":"closed","template":"","meta":{"footnotes":""},"_links":{"self":[{"href":"https:\/\/indecosoft.ro\/site\/wp-json\/wp\/v2\/pages\/5838"}],"collection":[{"href":"https:\/\/indecosoft.ro\/site\/wp-json\/wp\/v2\/pages"}],"about":[{"href":"https:\/\/indecosoft.ro\/site\/wp-json\/wp\/v2\/types\/page"}],"author":[{"embeddable":true,"href":"https:\/\/indecosoft.ro\/site\/wp-json\/wp\/v2\/users\/1"}],"replies":[{"embeddable":true,"href":"https:\/\/indecosoft.ro\/site\/wp-json\/wp\/v2\/comments?post=5838"}],"version-history":[{"count":2,"href":"https:\/\/indecosoft.ro\/site\/wp-json\/wp\/v2\/pages\/5838\/revisions"}],"predecessor-version":[{"id":6563,"href":"https:\/\/indecosoft.ro\/site\/wp-json\/wp\/v2\/pages\/5838\/revisions\/6563"}],"wp:attachment":[{"href":"https:\/\/indecosoft.ro\/site\/wp-json\/wp\/v2\/media?parent=5838"}],"curies":[{"name":"wp","href":"https:\/\/api.w.org\/{rel}","templated":true}]}}