{"id":5833,"date":"2017-07-20T10:39:26","date_gmt":"2017-07-20T08:39:26","guid":{"rendered":"https:\/\/indecosoft.ro\/site\/?page_id=5833"},"modified":"2017-09-26T14:09:31","modified_gmt":"2017-09-26T12:09:31","slug":"agroregis","status":"publish","type":"page","link":"https:\/\/indecosoft.ro\/site\/agroregis\/","title":{"rendered":"AgroRegis"},"content":{"rendered":"<section class=\"kc-elm kc-css-280555 kc_row\"><div class=\"kc-row-container  kc-container\"><div class=\"kc-wrap-columns\"><div class=\"kc-elm kc-css-696517 kc_col-sm-3 kc_column kc_col-sm-3\"><div class=\"kc-col-container\"><div class=\"kc-elm kc-css-769492 kc_shortcode kc_single_image\">\n\n        <img decoding=\"async\" src=\"https:\/\/www.indecosoft.ro\/site\/wp-content\/uploads\/2017\/07\/logo_agroregis-200x200xc.png\" class=\"\" alt=\"\" \/>    <\/div>\n<\/div><\/div><div class=\"kc-elm kc-css-4913 kc_col-sm-9 kc_column kc_col-sm-9\"><div class=\"kc-col-container\"><div class=\"kc-elm kc-css-419792\" style=\"height: 60px; clear: both; width:100%;\"><\/div>\n<div class=\"kc-elm kc-css-701235 kc-animated kc-animate-eff-fadeIn kc-animate-speed-3.5s kc-title-wrap \">\n\n\t<h1 class=\"kc_title\">AgroRegis<\/h1>\n<\/div>\n<div class=\"kc-elm kc-css-666138\" style=\"height: 20px; clear: both; width:100%;\"><\/div><div class=\"kc-elm kc-css-546273 kc_text_block\"><\/p>\n<p><strong>Aplica\u0163ia\u00a0AgroRegis\u00a0este destinat\u0103 asigur\u0103rii unei eviden\u0163e unitare \u015fi complete a terenurilor pe categorii de folosin\u0163\u0103 \u015fi a inventarului fiec\u0103rei gospod\u0103rii agricole.<\/strong><\/p>\n<p>\n<\/div><div class=\"kc-elm kc-css-505892\" style=\"height: 30px; clear: both; width:100%;\"><\/div><div class=\"kc-elm kc-css-888973 kc_text_block\"><\/p>\n<p><strong>Sistemul ofer\u0103 func\u0163iuni de gestionare pentru:<\/strong><\/p>\n<ul>\n<li>componen\u0163a fiec\u0103rei gospodarii;<\/li>\n<li>situa\u0163ia terenurilor pe care le de\u0163in membrii gospod\u0103riei, indiferent de titlu, pe categorii de folosin\u0163\u0103 \u015fi mod de utilizare;<\/li>\n<li>eviden\u0163a suprafe\u0163elor cultivate cu principalele culturi \u015fi num\u0103rul de pomi pe specii;<\/li>\n<li>situa\u0163ia efectivelor de animale, pe specii \u015fi categorii, existente la \u00eenceputul anului;<\/li>\n<li>situa\u0163ia cl\u0103dirilor de locuit \u015fi a celorlalte construc\u0163ii gospod\u0103re\u015fti;<\/li>\n<li>mijloacele de transport cu trac\u0163iune animal\u0103 \u015fi mecanic\u0103, situa\u0163ia tractoarelor \u015fi ma\u015finilor agricole.<\/li>\n<\/ul>\n<p>Pentru fiecare parcel\u0103 se \u00eenregistreaz\u0103 denumirea, num\u0103rul topografic \u015fi categoriile de terenuri din care este compus\u0103. Num\u0103rul de volum \u015fi pozi\u0163ia din registrul agricol, al\u0103turi de num\u0103rul topografic sunt cheile de leg\u0103tur\u0103 care asigur\u0103 integrarea modulului cu aplica\u0163ia de impozite \u015fi taxe.<\/p>\n<p>Registrul agricol este organizat pe capitole \u00een conformitate cu Hot\u0103r\u00e2rea Guvernului nr.269 din 2001, permi\u0163\u00e2nd configurarea formulelor pentru fiecare r\u00e2nd \u015fi a componen\u0163ei capitolelor.<\/p>\n<p>Op\u0163iunile de tip\u0103rire includ fi\u015fe detaliate pentru fiecare pozi\u0163ie, respectiv situa\u0163ii sintetice pe capitole, centralizatoare, precum \u015fi list\u0103ri de adeverin\u0163e \u015fi cereri.<\/p>\n<p>\n<\/div><div class=\"kc-elm kc-css-997428\" style=\"height: 50px; clear: both; width:100%;\"><\/div><\/div><\/div><\/div><\/div><\/section>\n","protected":false},"excerpt":{"rendered":"","protected":false},"author":1,"featured_media":0,"parent":0,"menu_order":0,"comment_status":"closed","ping_status":"closed","template":"","meta":{"footnotes":""},"_links":{"self":[{"href":"https:\/\/indecosoft.ro\/site\/wp-json\/wp\/v2\/pages\/5833"}],"collection":[{"href":"https:\/\/indecosoft.ro\/site\/wp-json\/wp\/v2\/pages"}],"about":[{"href":"https:\/\/indecosoft.ro\/site\/wp-json\/wp\/v2\/types\/page"}],"author":[{"embeddable":true,"href":"https:\/\/indecosoft.ro\/site\/wp-json\/wp\/v2\/users\/1"}],"replies":[{"embeddable":true,"href":"https:\/\/indecosoft.ro\/site\/wp-json\/wp\/v2\/comments?post=5833"}],"version-history":[{"count":3,"href":"https:\/\/indecosoft.ro\/site\/wp-json\/wp\/v2\/pages\/5833\/revisions"}],"predecessor-version":[{"id":6529,"href":"https:\/\/indecosoft.ro\/site\/wp-json\/wp\/v2\/pages\/5833\/revisions\/6529"}],"wp:attachment":[{"href":"https:\/\/indecosoft.ro\/site\/wp-json\/wp\/v2\/media?parent=5833"}],"curies":[{"name":"wp","href":"https:\/\/api.w.org\/{rel}","templated":true}]}}