{"id":5823,"date":"2017-07-20T10:28:21","date_gmt":"2017-07-20T08:28:21","guid":{"rendered":"https:\/\/indecosoft.ro\/site\/?page_id=5823"},"modified":"2017-09-26T14:16:32","modified_gmt":"2017-09-26T12:16:32","slug":"autorizatii","status":"publish","type":"page","link":"https:\/\/indecosoft.ro\/site\/autorizatii\/","title":{"rendered":"Autoriza\u021bii"},"content":{"rendered":"<section class=\"kc-elm kc-css-195148 kc_row\"><div class=\"kc-row-container  kc-container\"><div class=\"kc-wrap-columns\"><div class=\"kc-elm kc-css-890975 kc_col-sm-3 kc_column kc_col-sm-3\"><div class=\"kc-col-container\"><div class=\"kc-elm kc-css-710166 kc_shortcode kc_single_image\">\n\n        <img decoding=\"async\" src=\"https:\/\/www.indecosoft.ro\/site\/wp-content\/uploads\/2017\/07\/logo_autorizatii_functionare-200x200xc.png\" class=\"\" alt=\"\" \/>    <\/div>\n<\/div><\/div><div class=\"kc-elm kc-css-876830 kc_col-sm-9 kc_column kc_col-sm-9\"><div class=\"kc-col-container\"><div class=\"kc-elm kc-css-927589\" style=\"height: 60px; clear: both; width:100%;\"><\/div>\n<div class=\"kc-elm kc-css-425937 kc-animated kc-animate-eff-fadeIn kc-animate-speed-3.5s kc-title-wrap \">\n\n\t<h1 class=\"kc_title\">Autoriza\u021bii<\/h1>\n<\/div>\n<div class=\"kc-elm kc-css-347591\" style=\"height: 20px; clear: both; width:100%;\"><\/div><div class=\"kc-elm kc-css-509828 kc_text_block\"><\/p>\n<p><strong>Scopul sistemului informatic\u00a0Autoriza\u0163ii\u00a0este de a asigura un mediu informatic integrat pentru asistarea procesului de acordare a autoriza\u0163iilor gestionate de administra\u0163ia public\u0103.<\/strong><\/p>\n<p>\n<\/div><div class=\"kc-elm kc-css-396852\" style=\"height: 30px; clear: both; width:100%;\"><\/div><div class=\"kc-elm kc-css-409846 kc_text_block\"><\/p>\n<p><strong>Sistemul este compus din 3 module distincte \u015fi anume:<\/strong><\/p>\n<ul>\n<li>Autoriza\u0163ii de func\u0163ionare;<\/li>\n<li>Autoriza\u0163ii alimenta\u0163ie public\u0103;<\/li>\n<li>Aviz orar func\u0163ionare.<\/li>\n<\/ul>\n<p><strong>Prin sistemul Autoriza\u0163ii se poate realiza:<\/strong><\/p>\n<ul>\n<li>Eviden\u0163a agen\u0163ilor economici;<\/li>\n<li>Eviden\u0163a punctelor de lucru a agen\u0163ilor economici, cu clasificarea acestora pe tipuri de unit\u0103\u0163i;<\/li>\n<li>Eviden\u0163a activit\u0103\u0163ilor pe agent economic \u015fi punct de lucru, dup\u0103 codurile CAEN;<\/li>\n<li>Inregistrarea cererilor privind: autorizarea, modificarea autoriza\u0163iilor existente;<\/li>\n<li>Aprobarea cererilor individual \/ centralizat, listarea anexelor la dispozi\u0163ia de aprobare;<\/li>\n<li>Eviden\u0163a \u015fi listarea autoriza\u0163iilor de func\u0163ionare, autoriza\u0163iilor de alimenta\u0163ie public\u0103 \u0219i a avizelor pentru orarul de func\u0163ionare;<\/li>\n<li>Gestionarea facilit\u0103\u0163ilor pentru plata taxelor de autorizare;<\/li>\n<li>Debitare automat\u0103 \u00een sistemul ImpoTax;<\/li>\n<li>Generare automat\u0103 contracte \u00een sistemul GeCon \u00een vederea factur\u0103rii.<\/li>\n<\/ul>\n<p><strong>Aplica\u0163ia ofer\u0103 situa\u0163ii la orice dat\u0103 privind autoriza\u0163iile, dup\u0103 diverse criterii:<\/strong><\/p>\n<ul>\n<li>dup\u0103 starea autoriza\u0163iei: activ\u0103, \u00eencetat\u0103 sau suspendat\u0103;<\/li>\n<li>\u00een func\u0163ie de orarul de func\u0163ionare;<\/li>\n<li>\u00een func\u0163ie de starea vizei \u2013 vizate sau nevizate la o anumit\u0103 dat\u0103 pe un anumit an;<\/li>\n<li>situa\u0163iile se pot scoate pe str\u0103zi, coduri CAEN, tipuri de unit\u0103\u0163i s.a.<\/li>\n<\/ul>\n<p><strong>Cele mai relevante rapoarte ale sistemului sunt:<\/strong><\/p>\n<ul>\n<li>Lista cererilor depuse pentru autorizare, modificare autoriza\u0163ii, aviz orar de func\u0163ionare;<\/li>\n<li>Lista cererilor aprobate, cereri aprobate \u00eentr-un anumit termen;<\/li>\n<li>List\u0103 autoriza\u0163ii \u0219i avizelor pentru orar de func\u0163ionare emise \u00eentr-o anumit\u0103 perioad\u0103;<\/li>\n<li>Situa\u0163ia autoriza\u0163iilor (active, suspendate, retrase) la o anumit\u0103 dat\u0103,<\/li>\n<li>Lista cererilor depuse pt eliberare;<\/li>\n<li>Lista titularilor cu mai multe autoriza\u0163ii;<\/li>\n<li>Lista autoriza\u0163iilor vizate\/ nevizate pe un anumit an (la o anumit\u0103 dat\u0103);<\/li>\n<li>Istoric autoriza\u021bie.<\/li>\n<\/ul>\n<p>\n<\/div><div class=\"kc-elm kc-css-57045\" style=\"height: 50px; clear: both; width:100%;\"><\/div><\/div><\/div><\/div><\/div><\/section>\n","protected":false},"excerpt":{"rendered":"","protected":false},"author":1,"featured_media":0,"parent":0,"menu_order":0,"comment_status":"closed","ping_status":"closed","template":"","meta":{"footnotes":""},"_links":{"self":[{"href":"https:\/\/indecosoft.ro\/site\/wp-json\/wp\/v2\/pages\/5823"}],"collection":[{"href":"https:\/\/indecosoft.ro\/site\/wp-json\/wp\/v2\/pages"}],"about":[{"href":"https:\/\/indecosoft.ro\/site\/wp-json\/wp\/v2\/types\/page"}],"author":[{"embeddable":true,"href":"https:\/\/indecosoft.ro\/site\/wp-json\/wp\/v2\/users\/1"}],"replies":[{"embeddable":true,"href":"https:\/\/indecosoft.ro\/site\/wp-json\/wp\/v2\/comments?post=5823"}],"version-history":[{"count":2,"href":"https:\/\/indecosoft.ro\/site\/wp-json\/wp\/v2\/pages\/5823\/revisions"}],"predecessor-version":[{"id":6532,"href":"https:\/\/indecosoft.ro\/site\/wp-json\/wp\/v2\/pages\/5823\/revisions\/6532"}],"wp:attachment":[{"href":"https:\/\/indecosoft.ro\/site\/wp-json\/wp\/v2\/media?parent=5823"}],"curies":[{"name":"wp","href":"https:\/\/api.w.org\/{rel}","templated":true}]}}