{"id":5818,"date":"2017-07-20T10:12:18","date_gmt":"2017-07-20T08:12:18","guid":{"rendered":"https:\/\/indecosoft.ro\/site\/?page_id=5818"},"modified":"2017-09-26T14:39:02","modified_gmt":"2017-09-26T12:39:02","slug":"gecon","status":"publish","type":"page","link":"https:\/\/indecosoft.ro\/site\/gecon\/","title":{"rendered":"GeCon"},"content":{"rendered":"<section class=\"kc-elm kc-css-358970 kc_row\"><div class=\"kc-row-container  kc-container\"><div class=\"kc-wrap-columns\"><div class=\"kc-elm kc-css-408381 kc_col-sm-3 kc_column kc_col-sm-3\"><div class=\"kc-col-container\"><div class=\"kc-elm kc-css-700805 kc_shortcode kc_single_image\">\n\n        <img decoding=\"async\" src=\"https:\/\/www.indecosoft.ro\/site\/wp-content\/uploads\/2017\/07\/logo_gecon-200x200xc.png\" class=\"\" alt=\"\" \/>    <\/div>\n<\/div><\/div><div class=\"kc-elm kc-css-686351 kc_col-sm-9 kc_column kc_col-sm-9\"><div class=\"kc-col-container\"><div class=\"kc-elm kc-css-638477\" style=\"height: 60px; clear: both; width:100%;\"><\/div>\n<div class=\"kc-elm kc-css-582902 kc-animated kc-animate-eff-fadeIn kc-animate-speed-3.5s kc-title-wrap \">\n\n\t<h1 class=\"kc_title\">GeCon<\/h1>\n<\/div>\n<div class=\"kc-elm kc-css-230378\" style=\"height: 20px; clear: both; width:100%;\"><\/div><div class=\"kc-elm kc-css-213463 kc_text_block\"><\/p>\n<p><strong>Sistemul integrat\u00a0GeCon\u00a0este destinat gestion\u0103rii contractelor \u00eencheiate \u00eentre institu\u0163iile publice \u015fi persoanele fizice sau juridice.<\/strong><\/p>\n<p>\n<\/div><div class=\"kc-elm kc-css-673455\" style=\"height: 30px; clear: both; width:100%;\"><\/div><div class=\"kc-elm kc-css-45633 kc_text_block\"><\/p>\n<p><strong>Sistemul gestioneaz\u0103 urm\u0103toarele tipuri de contracte:<\/strong><\/p>\n<ul>\n<li>contracte cu tax\u0103 fix\u0103, cu\/fara TVA, in lei sau valut\u0103;<\/li>\n<li>contracte de v\u00e2nzare \u00een rate cu doband\u0103 fix\u0103\/variabil\u0103, cu\/f\u0103r\u0103 TVA, \u00een lei\/valut\u0103;<\/li>\n<li>contracte de v\u00e2nzare \u00een rate cu rat\u0103\/anuitate fix\u0103 cu procent de doband\u0103 fix, cu doband\u0103 repartizat\u0103 uniform pe toat\u0103 durata contractului;<\/li>\n<li>contract de refacturare servicii (ap\u0103\/canal, gaz, energie electric\u0103 etc.) \u2013 redistribuire sume facturate c\u0103tre consumatori \u00een func\u021bie de criteriile stabilite;<\/li>\n<li>Contract pe baz\u0103 de contorizare;<\/li>\n<li>Contracte pe baz\u0103 de tarif lunar sau zilnic, pe zone;<\/li>\n<li>Abonamente de parcare.<\/li>\n<\/ul>\n<p><strong>Sistemul asigur\u0103:<\/strong><\/p>\n<ul>\n<li>instituirea crean\u0163elor, la \u00eenceputul contractului sau periodic, cu algoritmi de calcul conform clauzelor contractuale;<\/li>\n<li>emiterea facturilor \u00een conformitate cu debitele instituite, \u201c\u00een bloc\u201d sau selectiv;<\/li>\n<li>gestiunea major\u0103rilor, scutirilor sau facilit\u0103\u0163ilor;<\/li>\n<li>\u00eenregistrarea, procesarea \u015fi eviden\u0163a pl\u0103\u0163ilor efectuate de contribuabili;<\/li>\n<li>eviden\u0163a contabil\u0103 a veniturilor, generarea \u00eenregistr\u0103rilor contabile \u00een conformitate cu normele metodologice stabilite de c\u0103tre Ministerul Finan\u021belor;<\/li>\n<li>gestiunea activit\u0103\u0163ii de urm\u0103rire \u015fi executare silit\u0103 a crean\u0163elor;<\/li>\n<li>transferul \u00eencas\u0103rilor \u00een registrul de cas\u0103;<\/li>\n<li>securitatea datelor pe baza de utilizator \u0219i parola, cu p\u0103strarea \u00een istoric a opera\u021biunilor efectuate de utilizatori;<\/li>\n<li>pe partea de situa\u0163ii se asigur\u0103 eviden\u0163a contractelor, debitelor \u015fi major\u0103rilor calculate, facturilor, \u00eencas\u0103rilor, generarea de balan\u0163e lunare, generarea notelor contabile \u015fi \u00eenregistrarea lor \u00een contabilitate, \u00eencasarile prin cas\u0103 se pot exporta \u00een registrul da cas\u0103.<\/li>\n<\/ul>\n<p>\n<\/div><div class=\"kc-elm kc-css-134373\" style=\"height: 50px; clear: both; width:100%;\"><\/div><\/div><\/div><\/div><\/div><\/section>\n","protected":false},"excerpt":{"rendered":"","protected":false},"author":1,"featured_media":0,"parent":0,"menu_order":0,"comment_status":"closed","ping_status":"closed","template":"","meta":{"footnotes":""},"_links":{"self":[{"href":"https:\/\/indecosoft.ro\/site\/wp-json\/wp\/v2\/pages\/5818"}],"collection":[{"href":"https:\/\/indecosoft.ro\/site\/wp-json\/wp\/v2\/pages"}],"about":[{"href":"https:\/\/indecosoft.ro\/site\/wp-json\/wp\/v2\/types\/page"}],"author":[{"embeddable":true,"href":"https:\/\/indecosoft.ro\/site\/wp-json\/wp\/v2\/users\/1"}],"replies":[{"embeddable":true,"href":"https:\/\/indecosoft.ro\/site\/wp-json\/wp\/v2\/comments?post=5818"}],"version-history":[{"count":2,"href":"https:\/\/indecosoft.ro\/site\/wp-json\/wp\/v2\/pages\/5818\/revisions"}],"predecessor-version":[{"id":6557,"href":"https:\/\/indecosoft.ro\/site\/wp-json\/wp\/v2\/pages\/5818\/revisions\/6557"}],"wp:attachment":[{"href":"https:\/\/indecosoft.ro\/site\/wp-json\/wp\/v2\/media?parent=5818"}],"curies":[{"name":"wp","href":"https:\/\/api.w.org\/{rel}","templated":true}]}}