{"id":5813,"date":"2017-07-20T10:09:30","date_gmt":"2017-07-20T08:09:30","guid":{"rendered":"https:\/\/indecosoft.ro\/site\/?page_id=5813"},"modified":"2017-09-26T14:06:38","modified_gmt":"2017-09-26T12:06:38","slug":"simpa","status":"publish","type":"page","link":"https:\/\/indecosoft.ro\/site\/simpa\/","title":{"rendered":"SIMPA"},"content":{"rendered":"<section class=\"kc-elm kc-css-93979 kc_row\"><div class=\"kc-row-container  kc-container\"><div class=\"kc-wrap-columns\"><div class=\"kc-elm kc-css-496762 kc_col-sm-3 kc_column kc_col-sm-3\"><div class=\"kc-col-container\"><div class=\"kc-elm kc-css-627696 kc_shortcode kc_single_image\">\n\n        <img decoding=\"async\" src=\"https:\/\/www.indecosoft.ro\/site\/wp-content\/uploads\/2017\/07\/logo_simpa-200x200xc.png\" class=\"\" alt=\"\" \/>    <\/div>\n<\/div><\/div><div class=\"kc-elm kc-css-311612 kc_col-sm-9 kc_column kc_col-sm-9\"><div class=\"kc-col-container\"><div class=\"kc-elm kc-css-995223\" style=\"height: 60px; clear: both; width:100%;\"><\/div>\n<div class=\"kc-elm kc-css-411174 kc-animated kc-animate-eff-fadeIn kc-animate-speed-3.5s kc-title-wrap \">\n\n\t<h1 class=\"kc_title\"> SIMPA<\/h1>\n<\/div>\n<div class=\"kc-elm kc-css-912227\" style=\"height: 20px; clear: both; width:100%;\"><\/div><div class=\"kc-elm kc-css-479060 kc_text_block\"><\/p>\n<p><strong>Modulul este destinat gestiunii investi\u0163iilor de capital derulate prin proiecte finan\u0163ate din surse multiple.<\/strong><\/p>\n<p>\n<\/div><div class=\"kc-elm kc-css-927576\" style=\"height: 30px; clear: both; width:100%;\"><\/div><div class=\"kc-elm kc-css-577846 kc_text_block\"><\/p>\n<p>Sistemul\u00a0<strong>SIMPA<\/strong>\u00a0este un instrument destinat gestiunii proiectelor din portofoliul institu\u0163iei pentru asigurarea controlului \u00eencadr\u0103rii \u00een timp, buget \u015fi parametrii de calitate asocia\u0163i obiectivelor, c\u00e2t \u015fi pentru predic\u0163ia cheltuielilor de investi\u0163ii \u00een vederea \u00eentocmirii bugetelor \u015fi transparentizarea managementului fondurilor publice.<\/p>\n<p>Prin accesul diferen\u0163iat pe paliere de competen\u0163\u0103 la diverse situa\u0163ii \u015fi rapoarte compuse, precum \u015fi prin prezentarea evolu\u0163iei \u00een timp a indicatorilor, sistemul este un tablou de bord care permite managementului luarea deciziilor optime privind gestiunea fondurilor precum \u015fi transparentizarea actului managerial.<\/p>\n<p>Submodulele sistemului sunt:<\/p>\n<ol start=\"1\">\n<li><strong>Buget de capital \u015fi portofoliu de proiecte<\/strong><\/li>\n<\/ol>\n<p>Componenta permite \u00eentocmirea portofoliului de proiecte incluz\u00e2nd at\u00e2t proiectele pe anul \u00een curs c\u00e2t \u015fi cele multianuale, cu ierarhizarea acestora \u00een func\u0163ie de criterii care le stabilesc importan\u0163a.<\/p>\n<ol start=\"2\">\n<li><strong>Managementul proiectelor<\/strong><\/li>\n<\/ol>\n<p>Permite definirea, planificarea, organizarea, urm\u0103rirea derul\u0103rii \u015fi \u00eentocmirea rapoartelor aferente proiectelor. Constituie un instrument de management al\u00a0 proiectelor permi\u0163\u00e2nd planificarea \u015fi urm\u0103rirea derul\u0103rii acestora.<\/p>\n<ol start=\"3\">\n<li><strong>Invest \u2013 urm\u0103rirea financiar\u0103 a derul\u0103rii proiectelor de investi\u0163ii<\/strong><\/li>\n<\/ol>\n<p>Submodulul are \u00een centru lista obiectivelor de investi\u0163ii organizat\u0103 pe programe, cu posibilit\u0103\u0163i de filtrare \u015fi c\u0103utare pe criterii diverse: clasifica\u0163ie bugetar\u0103, surse de finan\u0163are, destina\u0163ie. Rapoartele standard ale modulului constituie un suport pentru analize sintetice \u015fi detaliate referitoare la investi\u0163iile gestionate de sistem.<\/p>\n<ol start=\"4\">\n<li><strong>Acon \u2013 gestiunea achizi\u0163iilor<\/strong><\/li>\n<\/ol>\n<p>Submodulul asigur\u0103 suportul informatic necesar procesului de atribuire a contractelor de achizi\u0163ie public\u0103. Aplica\u0163ia permite \u00eentocmirea Programului anual de achizi\u0163ii \u015fi clasificarea intr\u0103rilor \u00een aceast\u0103 list\u0103 dup\u0103 tipul achizi\u0163iei \u2013 produse, lucr\u0103ri, servicii \u2013 codul vocabularului comun CPV \u015fi procedura de atribuire \u2013 dialog, licita\u0163ie deschis\u0103 sau restr\u00e2ns\u0103, negociere, cerere de ofert\u0103, concurs de solu\u0163ii.<\/p>\n<p>\n<\/div><div class=\"kc-elm kc-css-333501\" style=\"height: 50px; clear: both; width:100%;\"><\/div><\/div><\/div><\/div><\/div><\/section>\n","protected":false},"excerpt":{"rendered":"","protected":false},"author":1,"featured_media":0,"parent":0,"menu_order":0,"comment_status":"closed","ping_status":"closed","template":"","meta":{"footnotes":""},"_links":{"self":[{"href":"https:\/\/indecosoft.ro\/site\/wp-json\/wp\/v2\/pages\/5813"}],"collection":[{"href":"https:\/\/indecosoft.ro\/site\/wp-json\/wp\/v2\/pages"}],"about":[{"href":"https:\/\/indecosoft.ro\/site\/wp-json\/wp\/v2\/types\/page"}],"author":[{"embeddable":true,"href":"https:\/\/indecosoft.ro\/site\/wp-json\/wp\/v2\/users\/1"}],"replies":[{"embeddable":true,"href":"https:\/\/indecosoft.ro\/site\/wp-json\/wp\/v2\/comments?post=5813"}],"version-history":[{"count":2,"href":"https:\/\/indecosoft.ro\/site\/wp-json\/wp\/v2\/pages\/5813\/revisions"}],"predecessor-version":[{"id":6525,"href":"https:\/\/indecosoft.ro\/site\/wp-json\/wp\/v2\/pages\/5813\/revisions\/6525"}],"wp:attachment":[{"href":"https:\/\/indecosoft.ro\/site\/wp-json\/wp\/v2\/media?parent=5813"}],"curies":[{"name":"wp","href":"https:\/\/api.w.org\/{rel}","templated":true}]}}