{"id":5803,"date":"2017-07-20T10:04:09","date_gmt":"2017-07-20T08:04:09","guid":{"rendered":"https:\/\/indecosoft.ro\/site\/?page_id=5803"},"modified":"2017-09-26T14:08:32","modified_gmt":"2017-09-26T12:08:32","slug":"acon","status":"publish","type":"page","link":"https:\/\/indecosoft.ro\/site\/acon\/","title":{"rendered":"Acon"},"content":{"rendered":"<section class=\"kc-elm kc-css-403393 kc_row\"><div class=\"kc-row-container  kc-container\"><div class=\"kc-wrap-columns\"><div class=\"kc-elm kc-css-269729 kc_col-sm-3 kc_column kc_col-sm-3\"><div class=\"kc-col-container\"><div class=\"kc-elm kc-css-937009 kc_shortcode kc_single_image\">\n\n        <img decoding=\"async\" src=\"https:\/\/www.indecosoft.ro\/site\/wp-content\/uploads\/2017\/07\/adp_acon-200x200xc.png\" class=\"\" alt=\"\" \/>    <\/div>\n<\/div><\/div><div class=\"kc-elm kc-css-489856 kc_col-sm-9 kc_column kc_col-sm-9\"><div class=\"kc-col-container\"><div class=\"kc-elm kc-css-863756\" style=\"height: 60px; clear: both; width:100%;\"><\/div>\n<div class=\"kc-elm kc-css-42074 kc-animated kc-animate-eff-fadeIn kc-animate-speed-3.5s kc-title-wrap \">\n\n\t<h1 class=\"kc_title\">Acon<\/h1>\n<\/div>\n<div class=\"kc-elm kc-css-868015\" style=\"height: 20px; clear: both; width:100%;\"><\/div><div class=\"kc-elm kc-css-915194 kc_text_block\"><\/p>\n<p><strong>Modulul\u00a0Acon\u00a0asigur\u0103 suportul informatic necesar procesului de atribuire a contractelor de achizi\u0163ie public\u0103 \u00een conformitate cu Ordonan\u0163a de urgen\u0163\u0103 a Guvernului nr. 34\/2006.<\/strong><\/p>\n<p>\n<\/div><div class=\"kc-elm kc-css-267782\" style=\"height: 30px; clear: both; width:100%;\"><\/div><div class=\"kc-elm kc-css-598395 kc_text_block\"><\/p>\n<p>Aplica\u0163ia permite \u00eentocmirea Programului anual de achizi\u0163ii \u015fi clasificarea intr\u0103rilor \u00een aceast\u0103 list\u0103 dup\u0103 tipul achizi\u0163iei \u2013 produse, lucr\u0103ri, servicii \u2013 codul vocabularului comun CPV \u015fi procedura de atribuire \u2013 dialog, licita\u0163ie deschis\u0103 sau restr\u00e2ns\u0103, negociere, cerere de ofert\u0103, concurs de solu\u0163ii.<\/p>\n<p>Etapele de derulare sunt preconfigurate \u00een conformitate cu Ghidul pentru atribuirea contractelor de achizi\u0163ie public\u0103 \u015fi includ modele de documente care trebuiesc \u00eentocmite\u00a0 pentru fiecare pas al procedurii. Programul completeaz\u0103 automat aceste modele cu datele specifice fiec\u0103rei achizi\u0163ii gener\u00e2nd documenta\u0163ia specific\u0103 \u00een format MS Word doc, documentele put\u00e2nd fi utilizate \u015fi editate ulterior integrat sau independent de modul.<\/p>\n<p>Pentru derularea procedurii se configureaz\u0103 criterii de eligibilitate, criterii de calificare precum \u015fi criterii de evaluare pe baza c\u0103rora fiecare membru al comisiei va puncta ofertele.<\/p>\n<p>Participan\u0163ii sunt agen\u0163ii economici care cump\u0103r\u0103 caietul de sarcini \u015fi depun oferte. Este desemnat\u0103 c\u00e2\u015ftig\u0103toare automat oferta evaluat\u0103 cu punctajul cumulat maxim.<\/p>\n<p>\n<\/div><div class=\"kc-elm kc-css-757608\" style=\"height: 50px; clear: both; width:100%;\"><\/div><\/div><\/div><\/div><\/div><\/section>\n","protected":false},"excerpt":{"rendered":"","protected":false},"author":1,"featured_media":0,"parent":0,"menu_order":0,"comment_status":"closed","ping_status":"closed","template":"","meta":{"footnotes":""},"_links":{"self":[{"href":"https:\/\/indecosoft.ro\/site\/wp-json\/wp\/v2\/pages\/5803"}],"collection":[{"href":"https:\/\/indecosoft.ro\/site\/wp-json\/wp\/v2\/pages"}],"about":[{"href":"https:\/\/indecosoft.ro\/site\/wp-json\/wp\/v2\/types\/page"}],"author":[{"embeddable":true,"href":"https:\/\/indecosoft.ro\/site\/wp-json\/wp\/v2\/users\/1"}],"replies":[{"embeddable":true,"href":"https:\/\/indecosoft.ro\/site\/wp-json\/wp\/v2\/comments?post=5803"}],"version-history":[{"count":2,"href":"https:\/\/indecosoft.ro\/site\/wp-json\/wp\/v2\/pages\/5803\/revisions"}],"predecessor-version":[{"id":6527,"href":"https:\/\/indecosoft.ro\/site\/wp-json\/wp\/v2\/pages\/5803\/revisions\/6527"}],"wp:attachment":[{"href":"https:\/\/indecosoft.ro\/site\/wp-json\/wp\/v2\/media?parent=5803"}],"curies":[{"name":"wp","href":"https:\/\/api.w.org\/{rel}","templated":true}]}}