{"id":5798,"date":"2017-07-20T09:59:58","date_gmt":"2017-07-20T07:59:58","guid":{"rendered":"https:\/\/indecosoft.ro\/site\/?page_id=5798"},"modified":"2017-09-26T14:31:24","modified_gmt":"2017-09-26T12:31:24","slug":"ddi-modul-de-declaratii-online","status":"publish","type":"page","link":"https:\/\/indecosoft.ro\/site\/ddi-modul-de-declaratii-online\/","title":{"rendered":"DDI \u2013 Modul de declara\u021bii online"},"content":{"rendered":"<section class=\"kc-elm kc-css-863894 kc_row\"><div class=\"kc-row-container  kc-container\"><div class=\"kc-wrap-columns\"><div class=\"kc-elm kc-css-833021 kc_col-sm-3 kc_column kc_col-sm-3\"><div class=\"kc-col-container\"><div class=\"kc-elm kc-css-238024 kc_shortcode kc_single_image\">\n\n        <img decoding=\"async\" src=\"https:\/\/www.indecosoft.ro\/site\/wp-content\/uploads\/2017\/07\/logo_ddi-200x200xc.png\" class=\"\" alt=\"\" \/>    <\/div>\n<\/div><\/div><div class=\"kc-elm kc-css-716443 kc_col-sm-9 kc_column kc_col-sm-9\"><div class=\"kc-col-container\"><div class=\"kc-elm kc-css-987853\" style=\"height: 60px; clear: both; width:100%;\"><\/div>\n<div class=\"kc-elm kc-css-714086 kc-animated kc-animate-eff-fadeIn kc-animate-speed-3.5s kc-title-wrap \">\n\n\t<h1 class=\"kc_title\">DDI \u2013 Modul de declara\u021bii online<\/h1>\n<\/div>\n<div class=\"kc-elm kc-css-827815\" style=\"height: 20px; clear: both; width:100%;\"><\/div><div class=\"kc-elm kc-css-332652 kc_text_block\"><\/p>\n<p><strong>Modulul\u00a0DDI\u00a0este destinat depunerii declara\u021biilor la direc\u021bia de venituri a unei institu\u021bii publice.<\/strong><\/p>\n<p>\n<\/div><div class=\"kc-elm kc-css-24850\" style=\"height: 30px; clear: both; width:100%;\"><\/div><div class=\"kc-elm kc-css-22735 kc_text_block\"><\/p>\n<p><strong>Modulul de depunere a declara\u021biilor on-line este \u00eemp\u0103r\u021bit \u00een trei sec\u021biuni:<\/strong><\/p>\n<ol>\n<li>Administrare \u2013 sec\u021biune destinat\u0103 administratorului aplica\u021biei din cadrul Direc\u021biei Venituri, unde acesta va avea posibilitatea de a genera parolele pentru persoanele care vor utiliza aplica\u021bia \u0219i op\u021biuni pentru configurarea acesteia<\/li>\n<li>Interfa\u021ba utilizatorilor \u2013 sec\u021biune destinat\u0103 persoanelor care au solicitat utilizator pentru depunerea declara\u021biilor cu urm\u0103toarele facilit\u0103\u021bi:\n<ol>\n<li>vizualizarea patrimoniului existent la acea dat\u0103 pentru utilizatorul logat \u00een aplica\u0163ie<\/li>\n<li>posibilitatea utilizatorului s\u0103 adauge elemente de patrimoniu<\/li>\n<li>posibilitatea utilizatorului s\u0103 adauge o rectificare pentru o declara\u0163ie existent\u0103<\/li>\n<li>sec\u0163iune unde contribuabilul s\u0103 fac\u0103 upload de fi\u015fiere care s\u0103 ateste declara\u0163ia f\u0103cut\u0103 (fi\u015fierele ata\u015fate s\u0103 fie scan\u0103ri pentru actele doveditoare)<\/li>\n<li>o sec\u0163iune de ajutor unde contribuabilul poate g\u0103si pa\u015fii care trebuie urma\u0163i pentru efectuarea unei declara\u0163ii on-line<\/li>\n<\/ol>\n<\/li>\n<li>Interfa\u021ba destinat\u0103 inspectorului din cadrul Direc\u021biei Venituri cu urm\u0103toarele facilit\u0103\u021bi:\n<ol>\n<li>avertizarea vizual\u0103 a func\u0163ionarului cu privire la existen\u0163a unor declara\u0163ii nou depuse<\/li>\n<li>vizualizarea declara\u0163iilor depuse \u015fi neconfirmate<\/li>\n<li>vizualizarea detaliilor unei declara\u0163ii depuse<\/li>\n<li>listarea declara\u0163iei depuse<\/li>\n<li>sec\u0163iune destinat\u0103 transmiterii confirm\u0103rii \/ respingerii c\u0103tre contribuabil a declara\u0163iei depuse sau\u00a0 solicit\u0103rii de date suplimentare<\/li>\n<\/ol>\n<\/li>\n<\/ol>\n<p><strong>Elementele fundamentale ale acestui sistem sunt:<\/strong><\/p>\n<ul>\n<li>accesul \u00een sistem prin consultarea unei pagini web la orice intervale orare \u2013 24h\u00a0 din 24h \u015fi 7 zile din 7<\/li>\n<li>accesul securizat la datele din eviden\u0163a taxelor \u015fi impozitelor prin accesul pe baz\u0103 de utilizator \u015fi parol\u0103 \u015fi printr-o leg\u0103tur\u0103 securizat\u0103 la serverul de baze de date<\/li>\n<li>la solicitarea utilizatorului pentru accesul la aplica\u0163ie, \u00een cerere va fi specificat\u0103 \u00een mod obligatoriu adresa de e-mail \u015fi num\u0103rul de telefon care va fi folosit\u0103 \u00een comunicarea ulterioar\u0103 depunerii cererii on-line<\/li>\n<li>protec\u0163ie anti-spam la depunerea declara\u0163iilor prin folosirea unui generator de coduri de securitate<\/li>\n<li>folosirea valid\u0103rilor la depunerea declara\u0163iilor on-line pentru eliminarea depunerilor de declara\u0163ii incomplete<\/li>\n<\/ul>\n<p>\n<\/div><div class=\"kc-elm kc-css-430524\" style=\"height: 50px; clear: both; width:100%;\"><\/div><\/div><\/div><\/div><\/div><\/section>\n","protected":false},"excerpt":{"rendered":"","protected":false},"author":1,"featured_media":0,"parent":0,"menu_order":0,"comment_status":"closed","ping_status":"closed","template":"","meta":{"footnotes":""},"_links":{"self":[{"href":"https:\/\/indecosoft.ro\/site\/wp-json\/wp\/v2\/pages\/5798"}],"collection":[{"href":"https:\/\/indecosoft.ro\/site\/wp-json\/wp\/v2\/pages"}],"about":[{"href":"https:\/\/indecosoft.ro\/site\/wp-json\/wp\/v2\/types\/page"}],"author":[{"embeddable":true,"href":"https:\/\/indecosoft.ro\/site\/wp-json\/wp\/v2\/users\/1"}],"replies":[{"embeddable":true,"href":"https:\/\/indecosoft.ro\/site\/wp-json\/wp\/v2\/comments?post=5798"}],"version-history":[{"count":2,"href":"https:\/\/indecosoft.ro\/site\/wp-json\/wp\/v2\/pages\/5798\/revisions"}],"predecessor-version":[{"id":6544,"href":"https:\/\/indecosoft.ro\/site\/wp-json\/wp\/v2\/pages\/5798\/revisions\/6544"}],"wp:attachment":[{"href":"https:\/\/indecosoft.ro\/site\/wp-json\/wp\/v2\/media?parent=5798"}],"curies":[{"name":"wp","href":"https:\/\/api.w.org\/{rel}","templated":true}]}}