{"id":5793,"date":"2017-07-20T09:55:56","date_gmt":"2017-07-20T07:55:56","guid":{"rendered":"https:\/\/indecosoft.ro\/site\/?page_id=5793"},"modified":"2017-09-26T14:54:51","modified_gmt":"2017-09-26T12:54:51","slug":"meco","status":"publish","type":"page","link":"https:\/\/indecosoft.ro\/site\/meco\/","title":{"rendered":"MECO"},"content":{"rendered":"<section class=\"kc-elm kc-css-913912 kc_row\"><div class=\"kc-row-container  kc-container\"><div class=\"kc-wrap-columns\"><div class=\"kc-elm kc-css-129942 kc_col-sm-3 kc_column kc_col-sm-3\"><div class=\"kc-col-container\"><div class=\"kc-elm kc-css-995137 kc_shortcode kc_single_image\">\n\n        <img decoding=\"async\" src=\"https:\/\/www.indecosoft.ro\/site\/wp-content\/uploads\/2017\/07\/logo_meco-200x200xc.png\" class=\"\" alt=\"\" \/>    <\/div>\n<\/div><\/div><div class=\"kc-elm kc-css-253622 kc_col-sm-9 kc_column kc_col-sm-9\"><div class=\"kc-col-container\"><div class=\"kc-elm kc-css-362564\" style=\"height: 60px; clear: both; width:100%;\"><\/div>\n<div class=\"kc-elm kc-css-965609 kc-animated kc-animate-eff-fadeIn kc-animate-speed-3.5s kc-title-wrap \">\n\n\t<h1 class=\"kc_title\">MECO<\/h1>\n<\/div>\n<div class=\"kc-elm kc-css-384044\" style=\"height: 20px; clear: both; width:100%;\"><\/div><div class=\"kc-elm kc-css-303721 kc_text_block\"><\/p>\n<p><strong>Modulul\u00a0MECO\u00a0este destinat eliber\u0103rii online a certificatelor fiscale.<\/strong><\/p>\n<p>\n<\/div><div class=\"kc-elm kc-css-367977\" style=\"height: 30px; clear: both; width:100%;\"><\/div><div class=\"kc-elm kc-css-954115 kc_text_block\"><\/p>\n<p><strong>Pentru a <\/strong><strong>ob\u0163ine certificatul fiscal on-line, utilizatorii trebuie sa efectueze doi pa\u015fi \u00een urm\u0103toarea ordine:<\/strong><\/p>\n<ol>\n<li>Primul pas este reprezentat de plata taxei de timbru extrajudiciar \u015fi a taxei speciale de eliberare a certificatului fiscal.<\/li>\n<li>Al doilea pas este reprezentat de autentificarea \u00een modulul de listare a certificatelor fiscale on-line.<\/li>\n<\/ol>\n<p><strong>La pasul doi se parcurg urm\u0103toarele etape:<\/strong><\/p>\n<ol>\n<li>Se alege contribuabilul persoan\u0103 fizic\u0103 sau persoan\u0103 juridic\u0103. Criteriul de c\u0103utare va fi CNP\/ CUI .<\/li>\n<li>Se completeaz\u0103 datele suplimentare care trebuie s\u0103 apar\u0103 \u00een certificatul fiscal pe l\u00e2ng\u0103 soldul contribuabilului.<\/li>\n<li>Se listeaz\u0103 Cererea de Certificat Fiscal care va fi semnat\u0103 de c\u0103tre solicitant<\/li>\n<li>Se listeaz\u0103 Certificatul Fiscal<\/li>\n<\/ol>\n<p><strong>\u00a0Elementele fundamentale ale acestui sistem sunt:<\/strong><\/p>\n<ol>\n<li>accesul \u00een sistem prin consultarea unei pagini web la orice intervale orare \u2013 24h\u00a0 din 24h \u015fi 7 zile din 7<\/li>\n<li>accesul securizat la datele din eviden\u0163a a taxelor \u015fi impozitelor prin accesul pe baza de utilizator \u015fi parol\u0103 \u015fi printr-o legatur\u0103 securizat\u0103 la serverul de baze de date<\/li>\n<li>accesul restric\u0163ionat numai pentru vizualizarea datelor necesare emiterii certificatului fiscal on-line (restan\u0163ele de plat\u0103 pentru sumele scadente la data vizualiz\u0103rii)<\/li>\n<li>imposibilitatea list\u0103rii certificatului fiscal \u00een cazul \u00een care persoana are sume scadente \u015fi restante<\/li>\n<li>sistemul asigur\u0103 un istoric al certificatelor fiscale emise on-line<\/li>\n<\/ol>\n<p>\n<\/div><div class=\"kc-elm kc-css-848004\" style=\"height: 50px; clear: both; width:100%;\"><\/div><\/div><\/div><\/div><\/div><\/section>\n","protected":false},"excerpt":{"rendered":"","protected":false},"author":1,"featured_media":0,"parent":0,"menu_order":0,"comment_status":"closed","ping_status":"closed","template":"","meta":{"footnotes":""},"_links":{"self":[{"href":"https:\/\/indecosoft.ro\/site\/wp-json\/wp\/v2\/pages\/5793"}],"collection":[{"href":"https:\/\/indecosoft.ro\/site\/wp-json\/wp\/v2\/pages"}],"about":[{"href":"https:\/\/indecosoft.ro\/site\/wp-json\/wp\/v2\/types\/page"}],"author":[{"embeddable":true,"href":"https:\/\/indecosoft.ro\/site\/wp-json\/wp\/v2\/users\/1"}],"replies":[{"embeddable":true,"href":"https:\/\/indecosoft.ro\/site\/wp-json\/wp\/v2\/comments?post=5793"}],"version-history":[{"count":2,"href":"https:\/\/indecosoft.ro\/site\/wp-json\/wp\/v2\/pages\/5793\/revisions"}],"predecessor-version":[{"id":6591,"href":"https:\/\/indecosoft.ro\/site\/wp-json\/wp\/v2\/pages\/5793\/revisions\/6591"}],"wp:attachment":[{"href":"https:\/\/indecosoft.ro\/site\/wp-json\/wp\/v2\/media?parent=5793"}],"curies":[{"name":"wp","href":"https:\/\/api.w.org\/{rel}","templated":true}]}}