{"id":5787,"date":"2017-07-20T09:52:22","date_gmt":"2017-07-20T07:52:22","guid":{"rendered":"https:\/\/indecosoft.ro\/site\/?page_id=5787"},"modified":"2017-09-26T14:49:34","modified_gmt":"2017-09-26T12:49:34","slug":"impotax-p","status":"publish","type":"page","link":"https:\/\/indecosoft.ro\/site\/impotax-p\/","title":{"rendered":"Impotax-P"},"content":{"rendered":"<section class=\"kc-elm kc-css-627926 kc_row\"><div class=\"kc-row-container  kc-container\"><div class=\"kc-wrap-columns\"><div class=\"kc-elm kc-css-647096 kc_col-sm-3 kc_column kc_col-sm-3\"><div class=\"kc-col-container\"><div class=\"kc-elm kc-css-296158 kc_shortcode kc_single_image\">\n\n        <img decoding=\"async\" src=\"https:\/\/www.indecosoft.ro\/site\/wp-content\/uploads\/2017\/07\/impotax-posta-200x200xc.png\" class=\"\" alt=\"\" \/>    <\/div>\n<\/div><\/div><div class=\"kc-elm kc-css-155634 kc_col-sm-9 kc_column kc_col-sm-9\"><div class=\"kc-col-container\"><div class=\"kc-elm kc-css-110253\" style=\"height: 60px; clear: both; width:100%;\"><\/div>\n<div class=\"kc-elm kc-css-142889 kc-animated kc-animate-eff-fadeIn kc-animate-speed-3.5s kc-title-wrap \">\n\n\t<h1 class=\"kc_title\">Impotax-P<\/h1>\n<\/div>\n<div class=\"kc-elm kc-css-49591\" style=\"height: 20px; clear: both; width:100%;\"><\/div><div class=\"kc-elm kc-css-964740 kc_text_block\"><\/p>\n<p><strong>Modulul este destinat \u00eencas\u0103rii impozitelor \u015fi taxelor locale datorate de contribuabili, prin intermediul oficiilor po\u015ftei rom\u00e2ne, unit\u0103\u0163ilor CEC sau al altor institu\u0163ii cu care prim\u0103ria are un acord \u00een acest sens.<\/strong><\/p>\n<p>\n<\/div><div class=\"kc-elm kc-css-715398\" style=\"height: 30px; clear: both; width:100%;\"><\/div><div class=\"kc-elm kc-css-43084 kc_text_block\"><\/p>\n<p><strong>Sistemul ofer\u0103 facilit\u0103\u0163i pentru:<\/strong><\/p>\n<ul>\n<li>c\u0103utarea avansat\u0103 a contribuabilului \u2013 persoan\u0103 fizic\u0103 sau juridic\u0103 \u00een nomenclatorul de persoane;<\/li>\n<li>vizualizarea \u015fi \u00eencasarea impozitelor, taxelor locale \u015fi amenzilor datorate de contribuabil prim\u0103riei;<\/li>\n<li>plata par\u0163ial\u0103 sau integral\u0103 pentru una sau mai multe taxe datorate;<\/li>\n<li>listarea chitan\u0163ei cuprinz\u00e2nd pl\u0103\u021bile efectuate de contribuabil;<\/li>\n<li>posibilitatea anul\u0103rii unei chitan\u0163e din data curent\u0103;<\/li>\n<li>posibilitatea pl\u0103tirii amenzilor \u015fi taxelor f\u0103r\u0103 debit;<\/li>\n<li>vizualizarea fi\u015fei contribuabilului care con\u0163ine \u00een format tabelar taxele restante \u015fi pl\u0103\u0163ile efectuate \u00een anul curent at\u00e2t la oficiul po\u015ftal, c\u00e2t \u015fi la casieria prim\u0103riei sau prin mijloace electronice.<\/li>\n<\/ul>\n<p>Administratorul sistemului are posibilitatea s\u0103 configureze parametrii fiec\u0103rei sta\u0163ii la care se \u00eencaseaz\u0103 taxele incluz\u00e2nd numerotarea chitan\u0163elor \u015fi securizarea accesului.<\/p>\n<p>\n<\/div><div class=\"kc-elm kc-css-480522\" style=\"height: 50px; clear: both; width:100%;\"><\/div><\/div><\/div><\/div><\/div><\/section>\n","protected":false},"excerpt":{"rendered":"","protected":false},"author":1,"featured_media":0,"parent":0,"menu_order":0,"comment_status":"closed","ping_status":"closed","template":"","meta":{"footnotes":""},"_links":{"self":[{"href":"https:\/\/indecosoft.ro\/site\/wp-json\/wp\/v2\/pages\/5787"}],"collection":[{"href":"https:\/\/indecosoft.ro\/site\/wp-json\/wp\/v2\/pages"}],"about":[{"href":"https:\/\/indecosoft.ro\/site\/wp-json\/wp\/v2\/types\/page"}],"author":[{"embeddable":true,"href":"https:\/\/indecosoft.ro\/site\/wp-json\/wp\/v2\/users\/1"}],"replies":[{"embeddable":true,"href":"https:\/\/indecosoft.ro\/site\/wp-json\/wp\/v2\/comments?post=5787"}],"version-history":[{"count":2,"href":"https:\/\/indecosoft.ro\/site\/wp-json\/wp\/v2\/pages\/5787\/revisions"}],"predecessor-version":[{"id":6581,"href":"https:\/\/indecosoft.ro\/site\/wp-json\/wp\/v2\/pages\/5787\/revisions\/6581"}],"wp:attachment":[{"href":"https:\/\/indecosoft.ro\/site\/wp-json\/wp\/v2\/media?parent=5787"}],"curies":[{"name":"wp","href":"https:\/\/api.w.org\/{rel}","templated":true}]}}