{"id":5776,"date":"2017-07-20T09:20:34","date_gmt":"2017-07-20T07:20:34","guid":{"rendered":"https:\/\/indecosoft.ro\/site\/?page_id=5776"},"modified":"2017-09-26T14:39:55","modified_gmt":"2017-09-26T12:39:55","slug":"globalpay","status":"publish","type":"page","link":"https:\/\/indecosoft.ro\/site\/globalpay\/","title":{"rendered":"Globalpay"},"content":{"rendered":"<section class=\"kc-elm kc-css-269440 kc_row\"><div class=\"kc-row-container  kc-container\"><div class=\"kc-wrap-columns\"><div class=\"kc-elm kc-css-894718 kc_col-sm-3 kc_column kc_col-sm-3\"><div class=\"kc-col-container\"><div class=\"kc-elm kc-css-34118 kc_shortcode kc_single_image\">\n\n        <img decoding=\"async\" src=\"https:\/\/www.indecosoft.ro\/site\/wp-content\/uploads\/2017\/07\/globalpay-200x200xc.png\" class=\"\" alt=\"\" \/>    <\/div>\n<\/div><\/div><div class=\"kc-elm kc-css-851578 kc_col-sm-9 kc_column kc_col-sm-9\"><div class=\"kc-col-container\"><div class=\"kc-elm kc-css-137966\" style=\"height: 60px; clear: both; width:100%;\"><\/div>\n<div class=\"kc-elm kc-css-709315 kc-animated kc-animate-eff-fadeIn kc-animate-speed-3.5s kc-title-wrap \">\n\n\t<h1 class=\"kc_title\">Globalpay<\/h1>\n<\/div>\n<div class=\"kc-elm kc-css-329519\" style=\"height: 20px; clear: both; width:100%;\"><\/div><div class=\"kc-elm kc-css-228868 kc_text_block\"><\/p>\n<p><strong>Sistemul este dezvoltat pentru administrarea pl\u0103\u0163ilor electronice, efectuate cu card bancar prin Internet, aferente obliga\u0163iilor fiscale datorate de contribuabili persoane fizice sau juridice c\u0103tre bugetul local, precum \u015fi a amenzilor contraven\u0163ionale \u015fi amenzilor de parcare.<\/strong><\/p>\n<p>\n<\/div><div class=\"kc-elm kc-css-525408\" style=\"height: 30px; clear: both; width:100%;\"><\/div><div class=\"kc-elm kc-css-724478 kc_text_block\"><\/p>\n<p><strong>Elementele fundamentale ale sistemului sunt:<\/strong><\/p>\n<p>\n<\/div><div class=\"kc-elm kc-css-392130\" style=\"height: 30px; clear: both; width:100%;\"><\/div><div class=\"kc-elm kc-css-166080 kc_text_block\"><\/p>\n<ul>\n<li>Asigur\u0103 accesul la datele de eviden\u0163\u0103 a taxelor \u015fi impozitelor locale printr-o interfata web, cu disponibilitate 24h\/zi, 7zile\/s\u0103pt\u0103man\u0103.<\/li>\n<\/ul>\n<p>\n<\/div><div class=\"kc-elm kc-css-146413\" style=\"height: 20px; clear: both; width:100%;\"><\/div><div class=\"kc-elm kc-css-29852 kc_shortcode kc_single_image\">\n\n        <img decoding=\"async\" src=\"https:\/\/www.indecosoft.ro\/site\/wp-content\/uploads\/2012\/06\/clip_image002.jpg\" class=\"\" alt=\"\" \/>    <\/div>\n<div class=\"kc-elm kc-css-741877\" style=\"height: 60px; clear: both; width:100%;\"><\/div><div class=\"kc-elm kc-css-132472 kc_text_block\"><\/p>\n<ul>\n<li>Sistemul accept\u0103 la plat\u0103 orice carduri de debit\/credit VISA, VISA Electron Mastercard sau Maestro, emise \u00een \u0163ar\u0103 sau str\u0103in\u0103tate.<\/li>\n<\/ul>\n<p>\n<\/div><div class=\"kc-elm kc-css-394730\" style=\"height: 20px; clear: both; width:100%;\"><\/div><div class=\"kc-elm kc-css-500234 kc_shortcode kc_single_image\">\n\n        <img decoding=\"async\" src=\"https:\/\/www.indecosoft.ro\/site\/wp-content\/uploads\/2012\/06\/clip_image004.jpg\" class=\"\" alt=\"\" \/>    <\/div>\n<div class=\"kc-elm kc-css-247788\" style=\"height: 60px; clear: both; width:100%;\"><\/div><div class=\"kc-elm kc-css-562436 kc_text_block\"><\/p>\n<ul>\n<li>Furnizeaz\u0103 un instrument de plat\u0103 electronic\u0103 securizat\u0103, bazat pe standardul 3Dsecure.<\/li>\n<\/ul>\n<p>\n<\/div><div class=\"kc-elm kc-css-512757\" style=\"height: 20px; clear: both; width:100%;\"><\/div><div class=\"kc-elm kc-css-595376 kc_shortcode kc_single_image\">\n\n        <img decoding=\"async\" src=\"https:\/\/www.indecosoft.ro\/site\/wp-content\/uploads\/2012\/06\/clip_image006.jpg\" class=\"\" alt=\"\" \/>    <\/div>\n<div class=\"kc-elm kc-css-598472\" style=\"height: 60px; clear: both; width:100%;\"><\/div><div class=\"kc-elm kc-css-224710 kc_text_block\"><\/p>\n<ul>\n<li>Plata taxelor \u015fi impozitelor locale prin intermediul acestui sistem se face cu\u00a0<strong>comision 0 (zero)!<\/strong><\/li>\n<\/ul>\n<ul>\n<li>Sistemul asigur\u0103 livrarea sumelor \u00eencasate \u00een conturile de Trezorerie ale prim\u0103riei \u00een termenele prev\u0103zute de lege.<\/li>\n<\/ul>\n<ul>\n<li>Sistemul garanteaz\u0103 \u00eencasarea corect\u0103 a taxelor \u015fi impozitelor locale, \u00een directa coresponden\u0163\u0103 cu legisla\u0163ia \u00een vigoare.<\/li>\n<\/ul>\n<ul>\n<li>Sistemul realizeaz\u0103 diminuarea automat\u0103 a soldului corespunz\u0103tor taxelor \u015fi impozitelor locale cu suma pl\u0103tit\u0103, la finalizarea tranzac\u0163iei.<\/li>\n<\/ul>\n<ul>\n<li>Accesul la facilit\u0103\u0163ile de plat\u0103 online se face pe baza unui identificator unic \u2013 CNP sau CUI- f\u0103r\u0103 a fi nevoie de o parol\u0103. Accesul la date personale \u015fi confiden\u0163iale este permis numai prin autentificare cu parola.<\/li>\n<\/ul>\n<ul>\n<li>Sistemul este securizat pentru evitarea fraud\u0103rii pl\u0103\u0163ilor respectiv afectarea sau accesarea nepermis\u0103 a datelor.<\/li>\n<\/ul>\n<p>\n<\/div><div class=\"kc-elm kc-css-515965\" style=\"height: 50px; clear: both; width:100%;\"><\/div><\/div><\/div><\/div><\/div><\/section>\n","protected":false},"excerpt":{"rendered":"","protected":false},"author":1,"featured_media":0,"parent":0,"menu_order":0,"comment_status":"closed","ping_status":"closed","template":"","meta":{"footnotes":""},"_links":{"self":[{"href":"https:\/\/indecosoft.ro\/site\/wp-json\/wp\/v2\/pages\/5776"}],"collection":[{"href":"https:\/\/indecosoft.ro\/site\/wp-json\/wp\/v2\/pages"}],"about":[{"href":"https:\/\/indecosoft.ro\/site\/wp-json\/wp\/v2\/types\/page"}],"author":[{"embeddable":true,"href":"https:\/\/indecosoft.ro\/site\/wp-json\/wp\/v2\/users\/1"}],"replies":[{"embeddable":true,"href":"https:\/\/indecosoft.ro\/site\/wp-json\/wp\/v2\/comments?post=5776"}],"version-history":[{"count":8,"href":"https:\/\/indecosoft.ro\/site\/wp-json\/wp\/v2\/pages\/5776\/revisions"}],"predecessor-version":[{"id":6560,"href":"https:\/\/indecosoft.ro\/site\/wp-json\/wp\/v2\/pages\/5776\/revisions\/6560"}],"wp:attachment":[{"href":"https:\/\/indecosoft.ro\/site\/wp-json\/wp\/v2\/media?parent=5776"}],"curies":[{"name":"wp","href":"https:\/\/api.w.org\/{rel}","templated":true}]}}