{"id":5766,"date":"2017-07-20T09:06:26","date_gmt":"2017-07-20T07:06:26","guid":{"rendered":"https:\/\/indecosoft.ro\/site\/?page_id=5766"},"modified":"2017-09-26T14:17:17","modified_gmt":"2017-09-26T12:17:17","slug":"buget-previzionar","status":"publish","type":"page","link":"https:\/\/indecosoft.ro\/site\/buget-previzionar\/","title":{"rendered":"Buget Previzionar"},"content":{"rendered":"<section class=\"kc-elm kc-css-876278 kc_row\"><div class=\"kc-row-container  kc-container\"><div class=\"kc-wrap-columns\"><div class=\"kc-elm kc-css-895926 kc_col-sm-3 kc_column kc_col-sm-3\"><div class=\"kc-col-container\"><div class=\"kc-elm kc-css-628066 kc_shortcode kc_single_image\">\n\n        <img decoding=\"async\" src=\"https:\/\/www.indecosoft.ro\/site\/wp-content\/uploads\/2017\/07\/logo_buget_previzionar-200x200xc.png\" class=\"\" alt=\"\" \/>    <\/div>\n<\/div><\/div><div class=\"kc-elm kc-css-540726 kc_col-sm-9 kc_column kc_col-sm-9\"><div class=\"kc-col-container\"><div class=\"kc-elm kc-css-526800\" style=\"height: 60px; clear: both; width:100%;\"><\/div>\n<div class=\"kc-elm kc-css-726301 kc-animated kc-animate-eff-fadeIn kc-animate-speed-3.5s kc-title-wrap \">\n\n\t<h1 class=\"kc_title\">Buget Previzionar<\/h1>\n<\/div>\n<div class=\"kc-elm kc-css-652118\" style=\"height: 20px; clear: both; width:100%;\"><\/div><div class=\"kc-elm kc-css-793764 kc_text_block\"><\/p>\n<div class=\"row-fluid\"><strong>Modulul\u00a0Buget previzionar\u00a0este un instrument software care permite estimarea veniturilor \u0219i cheltuielilor pe mai mul\u021bi ani pe baza indicatorilor macroeconomici a c\u0103ror evolu\u021bie se prezint\u0103 \u00een Scrisoarea Cadru pentru bugetul anului urm\u0103tor, scrisoare \u00a0transmis\u0103 de Ministerul Finan\u021belor.<\/strong><\/div>\n<p>\n<\/div><div class=\"kc-elm kc-css-571388\" style=\"height: 30px; clear: both; width:100%;\"><\/div><div class=\"kc-elm kc-css-78301 kc_text_block\"><\/p>\n<p>Informa\u021bia este organizat\u0103 pe ani \u0219i pe tipuri de bugete (surse de finan\u021bare) \u0219i \u021bine cont de clasifica\u021bia bugetar\u0103 stabilit\u0103 prin lege.<\/p>\n<p>\n<\/div><div class=\"kc-elm kc-css-831445\" style=\"height: 30px; clear: both; width:100%;\"><\/div><div class=\"kc-elm kc-css-791152 kc_text_block\"><\/p>\n<p><strong>Programul permite:<\/strong><\/p>\n<p>&#8211; completarea automat\u0103 a datelor cu realiz\u0103rile din anul precedent, at\u00e2t pe venituri, c\u00e2t \u0219i pe cheltuieli, datele se aduc din aplica\u021bia DarS , de pe trimestrul 4;<\/p>\n<p>&#8211; completarea automat\u0103 a datelor cu programul \u00a0anului \u00a0curent, at\u00e2t pe venituri, c\u00e2t \u0219i pe cheltuieli, datele se aduc din aplica\u021bia Buget;<\/p>\n<p>&#8211; completarea automat\u0103 a datelor cu propuneri \u0219i estim\u0103ri pe urm\u0103torii ani pe baza indicatorilor configura\u021bi \u00een aplica\u021bie, indicatori stabili\u021bi \u00een Scrisoarea cadru pentru bugetul anului urm\u0103tor, scrisoare\u00a0 transmis\u0103 de Ministerul Finan\u021belor.<\/p>\n<p>&#8211;\u00a0 export \u0219i import date \u00een format electronic (xls si dbf, inclusiv formatul pentru Direc\u021biile Finan\u021belor Publice);<\/p>\n<p>&#8211;\u00a0 listarea documentelor \u00een formatul impus de legisla\u021bie.<\/p>\n<p>\n<\/div><div class=\"kc-elm kc-css-814636\" style=\"height: 50px; clear: both; width:100%;\"><\/div><\/div><\/div><\/div><\/div><\/section>\n","protected":false},"excerpt":{"rendered":"","protected":false},"author":1,"featured_media":0,"parent":0,"menu_order":0,"comment_status":"closed","ping_status":"closed","template":"","meta":{"footnotes":""},"_links":{"self":[{"href":"https:\/\/indecosoft.ro\/site\/wp-json\/wp\/v2\/pages\/5766"}],"collection":[{"href":"https:\/\/indecosoft.ro\/site\/wp-json\/wp\/v2\/pages"}],"about":[{"href":"https:\/\/indecosoft.ro\/site\/wp-json\/wp\/v2\/types\/page"}],"author":[{"embeddable":true,"href":"https:\/\/indecosoft.ro\/site\/wp-json\/wp\/v2\/users\/1"}],"replies":[{"embeddable":true,"href":"https:\/\/indecosoft.ro\/site\/wp-json\/wp\/v2\/comments?post=5766"}],"version-history":[{"count":3,"href":"https:\/\/indecosoft.ro\/site\/wp-json\/wp\/v2\/pages\/5766\/revisions"}],"predecessor-version":[{"id":6649,"href":"https:\/\/indecosoft.ro\/site\/wp-json\/wp\/v2\/pages\/5766\/revisions\/6649"}],"wp:attachment":[{"href":"https:\/\/indecosoft.ro\/site\/wp-json\/wp\/v2\/media?parent=5766"}],"curies":[{"name":"wp","href":"https:\/\/api.w.org\/{rel}","templated":true}]}}