{"id":5761,"date":"2017-07-20T08:56:19","date_gmt":"2017-07-20T06:56:19","guid":{"rendered":"https:\/\/indecosoft.ro\/site\/?page_id=5761"},"modified":"2017-09-26T14:31:42","modified_gmt":"2017-09-26T12:31:42","slug":"deplasari","status":"publish","type":"page","link":"https:\/\/indecosoft.ro\/site\/deplasari\/","title":{"rendered":"Deplas\u0103ri"},"content":{"rendered":"<section class=\"kc-elm kc-css-462794 kc_row\"><div class=\"kc-row-container  kc-container\"><div class=\"kc-wrap-columns\"><div class=\"kc-elm kc-css-302641 kc_col-sm-3 kc_column kc_col-sm-3\"><div class=\"kc-col-container\"><div class=\"kc-elm kc-css-102522 kc_shortcode kc_single_image\">\n\n        <img decoding=\"async\" src=\"https:\/\/www.indecosoft.ro\/site\/wp-content\/uploads\/2017\/07\/logo_deplasari-200x200xc.png\" class=\"\" alt=\"\" \/>    <\/div>\n<\/div><\/div><div class=\"kc-elm kc-css-751057 kc_col-sm-9 kc_column kc_col-sm-9\"><div class=\"kc-col-container\"><div class=\"kc-elm kc-css-668579\" style=\"height: 60px; clear: both; width:100%;\"><\/div>\n<div class=\"kc-elm kc-css-266441 kc-animated kc-animate-eff-fadeIn kc-animate-speed-3.5s kc-title-wrap \">\n\n\t<h1 class=\"kc_title\">Deplas\u0103ri<\/h1>\n<\/div>\n<div class=\"kc-elm kc-css-212222\" style=\"height: 20px; clear: both; width:100%;\"><\/div><div class=\"kc-elm kc-css-627364 kc_text_block\"><\/p>\n<div class=\"row-fluid\"><strong>Aplica\u0163ia\u00a0Deplas\u0103ri\u00a0se adreseaz\u0103 unit\u0103\u0163ilor din cadrul administra\u0163iei publice \u015fi ajut\u0103 la urm\u0103rirea \u015fi gestionarea deplas\u0103rilor interne \u015fi externe a angaja\u0163ilor din cadrul ei.<\/strong><\/div>\n<p>\n<\/div><div class=\"kc-elm kc-css-583324\" style=\"height: 30px; clear: both; width:100%;\"><\/div><div class=\"kc-elm kc-css-329826 kc_text_block\"><\/p>\n<p>Avantajul acestui soft integrat este posibilitatea de urm\u0103rire a deplas\u0103rilor \u00een func\u0163ie de tipul de personal sau de tipul deplas\u0103rii put\u00e2nd scoate situa\u0163ii grupate sau ordonate dup\u0103 aceste tipuri, dar \u0219i pentru o singur\u0103 persoan\u0103.<\/p>\n<p>\n<\/div><div class=\"kc-elm kc-css-235147\" style=\"height: 50px; clear: both; width:100%;\"><\/div><\/div><\/div><\/div><\/div><\/section>\n","protected":false},"excerpt":{"rendered":"","protected":false},"author":1,"featured_media":0,"parent":0,"menu_order":0,"comment_status":"closed","ping_status":"closed","template":"","meta":{"footnotes":""},"_links":{"self":[{"href":"https:\/\/indecosoft.ro\/site\/wp-json\/wp\/v2\/pages\/5761"}],"collection":[{"href":"https:\/\/indecosoft.ro\/site\/wp-json\/wp\/v2\/pages"}],"about":[{"href":"https:\/\/indecosoft.ro\/site\/wp-json\/wp\/v2\/types\/page"}],"author":[{"embeddable":true,"href":"https:\/\/indecosoft.ro\/site\/wp-json\/wp\/v2\/users\/1"}],"replies":[{"embeddable":true,"href":"https:\/\/indecosoft.ro\/site\/wp-json\/wp\/v2\/comments?post=5761"}],"version-history":[{"count":2,"href":"https:\/\/indecosoft.ro\/site\/wp-json\/wp\/v2\/pages\/5761\/revisions"}],"predecessor-version":[{"id":6545,"href":"https:\/\/indecosoft.ro\/site\/wp-json\/wp\/v2\/pages\/5761\/revisions\/6545"}],"wp:attachment":[{"href":"https:\/\/indecosoft.ro\/site\/wp-json\/wp\/v2\/media?parent=5761"}],"curies":[{"name":"wp","href":"https:\/\/api.w.org\/{rel}","templated":true}]}}