{"id":5734,"date":"2017-07-20T07:56:29","date_gmt":"2017-07-20T05:56:29","guid":{"rendered":"https:\/\/indecosoft.ro\/site\/?page_id=5734"},"modified":"2017-09-26T14:17:32","modified_gmt":"2017-09-26T12:17:32","slug":"cassa","status":"publish","type":"page","link":"https:\/\/indecosoft.ro\/site\/cassa\/","title":{"rendered":"Cassa"},"content":{"rendered":"<section class=\"kc-elm kc-css-379830 kc_row\"><div class=\"kc-row-container  kc-container\"><div class=\"kc-wrap-columns\"><div class=\"kc-elm kc-css-5230 kc_col-sm-3 kc_column kc_col-sm-3\"><div class=\"kc-col-container\"><div class=\"kc-elm kc-css-477699 kc_shortcode kc_single_image\">\n\n        <img decoding=\"async\" src=\"https:\/\/www.indecosoft.ro\/site\/wp-content\/uploads\/2017\/07\/casa-200x200xc.png\" class=\"\" alt=\"\" \/>    <\/div>\n<\/div><\/div><div class=\"kc-elm kc-css-123242 kc_col-sm-9 kc_column kc_col-sm-9\"><div class=\"kc-col-container\"><div class=\"kc-elm kc-css-154064\" style=\"height: 60px; clear: both; width:100%;\"><\/div>\n<div class=\"kc-elm kc-css-841475 kc-animated kc-animate-eff-fadeIn kc-animate-speed-3.5s kc-title-wrap \">\n\n\t<h1 class=\"kc_title\">Cassa<\/h1>\n<\/div>\n<div class=\"kc-elm kc-css-999758\" style=\"height: 20px; clear: both; width:100%;\"><\/div><div class=\"kc-elm kc-css-843795 kc_text_block\"><\/p>\n<div class=\"row-fluid\"><strong>Modulul\u00a0Cassa\u00a0permite \u00eenregistrarea \u015fi urm\u0103rirea opera\u0163iilor de \u00eencas\u0103ri sau pl\u0103\u0163i efectuate prin cas\u0103, eliberarea chitan\u0163ei \u015fi listarea Registrului de Cas\u0103.<\/strong><\/div>\n<p>\n<\/div><div class=\"kc-elm kc-css-900895\" style=\"height: 30px; clear: both; width:100%;\"><\/div><div class=\"kc-elm kc-css-803634 kc_text_block\"><\/p>\n<p><strong>Pune la dispozi\u021bie \u00eentr-un cadru unitar urm\u0103toarele tipuri de opera\u0163iuni:<\/strong><\/p>\n<p>&#8211;\u00a0\u00a0\u00a0\u00a0\u00a0 \u00eenregistrarea \u00eencas\u0103rilor zilnice;<\/p>\n<p>&#8211;\u00a0\u00a0\u00a0\u00a0\u00a0 \u00eenregistrarea \u00eencas\u0103rilor prin POS (Point of sale:punct de v\u00e2nzare, de tranzac\u021bionare)<\/p>\n<p>&#8211;\u00a0\u00a0\u00a0\u00a0\u00a0 \u00eenregistrarea de alte opera\u0163ii zilnice: pl\u0103\u0163i, file cec, foi de v\u0103rs\u0103m\u00e2nt;<\/p>\n<p>&#8211;\u00a0\u00a0\u00a0\u00a0\u00a0 eviden\u0163a tipurilor de opera\u0163ii;<\/p>\n<p>&#8211;\u00a0\u00a0\u00a0\u00a0\u00a0 transferul opera\u0163iilor efectuate cu casa direct \u00een eviden\u0163a contabil\u0103, pe fiecare zi de lucru, individual sau \u00een grup.<\/p>\n<p>&#8211;\u00a0\u00a0\u00a0\u00a0\u00a0 transferul \u00eencas\u0103rilor din aplica\u021biile Impozite \u0219i taxe, Gecon<\/p>\n<p>&#8211;\u00a0\u00a0\u00a0\u00a0\u00a0 permite transferul \u00eencas\u0103rilor din Registrul de cas\u0103 \u00een aplica\u021bia Asisoc (Asisten\u021b\u0103 social\u0103) asigur\u00e2nd sincronizarea datelor \u00eentre cele dou\u0103 aplica\u021bii<\/p>\n<p>\n<\/div><div class=\"kc-elm kc-css-979666\" style=\"height: 20px; clear: both; width:100%;\"><\/div><div class=\"kc-elm kc-css-214643 kc_text_block\"><\/p>\n<div class=\"row-fluid\">\n<div class=\"wpb_content_element span12 wpb_text_column\">\n<div class=\"wpb_wrapper\">\n<div class=\"row-fluid\">\n<div class=\"wpb_content_element span12 wpb_text_column\">\n<div class=\"wpb_wrapper\">\n<p><strong>Sistemul de raportare este compus din list\u0103rile:<\/strong><\/p>\n<p>&#8211;\u00a0\u00a0\u00a0\u00a0\u00a0 Jurnal Zilnic Analitic;<\/p>\n<p>&#8211;\u00a0\u00a0\u00a0\u00a0\u00a0 Jurnal Zilnic Sintetic;<\/p>\n<p>&#8211;\u00a0\u00a0\u00a0\u00a0\u00a0 Nota Contabil\u0103;<\/p>\n<p>&#8211;\u00a0\u00a0\u00a0\u00a0\u00a0 Listare pe cont contabil;<\/p>\n<p>&#8211;\u00a0\u00a0\u00a0\u00a0\u00a0 Listare pe cont bancar (complet sau par\u0163ial);<\/p>\n<p>&#8211;\u00a0\u00a0\u00a0\u00a0\u00a0 Borderou de \u00eencas\u0103ri,etc<\/p>\n<p>Modul de prezentare \u015fi reg\u0103sire a\u00a0 \u00eenregistr\u0103rilor efectuate, cu op\u0163iuni de filtrare, precum \u015fi posibilitatea vizualiz\u0103rii \u00een fiecare moment a \u00eenregistr\u0103rilor anulate asigur\u0103 un control deplin asupra acurate\u0163ei \u015fi consisten\u0163ei datelor.<\/p>\n<\/div>\n<\/div>\n<\/div>\n<\/div>\n<\/div>\n<\/div>\n<p>\n<\/div><div class=\"kc-elm kc-css-317683\" style=\"height: 50px; clear: both; width:100%;\"><\/div><\/div><\/div><\/div><\/div><\/section>\n","protected":false},"excerpt":{"rendered":"","protected":false},"author":1,"featured_media":0,"parent":0,"menu_order":0,"comment_status":"closed","ping_status":"closed","template":"","meta":{"footnotes":""},"_links":{"self":[{"href":"https:\/\/indecosoft.ro\/site\/wp-json\/wp\/v2\/pages\/5734"}],"collection":[{"href":"https:\/\/indecosoft.ro\/site\/wp-json\/wp\/v2\/pages"}],"about":[{"href":"https:\/\/indecosoft.ro\/site\/wp-json\/wp\/v2\/types\/page"}],"author":[{"embeddable":true,"href":"https:\/\/indecosoft.ro\/site\/wp-json\/wp\/v2\/users\/1"}],"replies":[{"embeddable":true,"href":"https:\/\/indecosoft.ro\/site\/wp-json\/wp\/v2\/comments?post=5734"}],"version-history":[{"count":3,"href":"https:\/\/indecosoft.ro\/site\/wp-json\/wp\/v2\/pages\/5734\/revisions"}],"predecessor-version":[{"id":6536,"href":"https:\/\/indecosoft.ro\/site\/wp-json\/wp\/v2\/pages\/5734\/revisions\/6536"}],"wp:attachment":[{"href":"https:\/\/indecosoft.ro\/site\/wp-json\/wp\/v2\/media?parent=5734"}],"curies":[{"name":"wp","href":"https:\/\/api.w.org\/{rel}","templated":true}]}}