{"id":5721,"date":"2017-07-19T14:31:50","date_gmt":"2017-07-19T12:31:50","guid":{"rendered":"https:\/\/indecosoft.ro\/site\/?page_id=5721"},"modified":"2017-09-26T14:55:10","modified_gmt":"2017-09-26T12:55:10","slug":"mifix","status":"publish","type":"page","link":"https:\/\/indecosoft.ro\/site\/mifix\/","title":{"rendered":"MiFix"},"content":{"rendered":"<section class=\"kc-elm kc-css-612083 kc_row\"><div class=\"kc-row-container  kc-container\"><div class=\"kc-wrap-columns\"><div class=\"kc-elm kc-css-316471 kc_col-sm-3 kc_column kc_col-sm-3\"><div class=\"kc-col-container\"><div class=\"kc-elm kc-css-787603 kc_shortcode kc_single_image\">\n\n        <img decoding=\"async\" src=\"https:\/\/www.indecosoft.ro\/site\/wp-content\/uploads\/2017\/07\/mijloacefixe-200x200xc.png\" class=\"\" alt=\"\" \/>    <\/div>\n<\/div><\/div><div class=\"kc-elm kc-css-419204 kc_col-sm-9 kc_column kc_col-sm-9\"><div class=\"kc-col-container\"><div class=\"kc-elm kc-css-881986\" style=\"height: 60px; clear: both; width:100%;\"><\/div>\n<div class=\"kc-elm kc-css-121980 kc-animated kc-animate-eff-fadeIn kc-animate-speed-3.5s kc-title-wrap \">\n\n\t<h1 class=\"kc_title\">MiFix<\/h1>\n<\/div>\n<div class=\"kc-elm kc-css-59276\" style=\"height: 20px; clear: both; width:100%;\"><\/div><div class=\"kc-elm kc-css-36103 kc_text_block\"><\/p>\n<div class=\"row-fluid\"><strong>Aplica\u0163ia\u00a0MiFix\u00a0ofer\u0103 suportul necesar gestiunii elementelor patrimoniale, a imobiliz\u0103rilor corporale \u015fi necorporale.<\/strong><\/div>\n<p>\n<\/div><div class=\"kc-elm kc-css-540633\" style=\"height: 30px; clear: both; width:100%;\"><\/div><div class=\"kc-elm kc-css-864409 kc_text_block\"><\/p>\n<p><strong>Programul ofer\u0103 urm\u0103toarele facilit\u0103\u0163i:<\/strong><\/p>\n<p>&#8211;\u00a0\u00a0\u00a0\u00a0 \u00eenregistrarea mijloacelor fixe \u015fi gestionarea elementelor caracteristice (clasifica\u0163ia, tipul imobiliz\u0103rii, domeniul apar\u0163in\u0103tor, sursa de finan\u0163are, durata de utilizare, num\u0103rul de inventar \u2013 generat \u00een mod automat), eviden\u0163iate pe locuri de folosin\u0163\u0103;<\/p>\n<p>&#8211;\u00a0\u00a0\u00a0\u00a0 determinarea automat\u0103 a valorilor ce le caracterizeaz\u0103: rata lunara de amortizare, valoarea de inventar, valoarea amortizat\u0103 cumulat\u0103, valoarea r\u0103mas\u0103 de amortizat;<\/p>\n<p>&#8211;\u00a0\u00a0\u00a0\u00a0 posibilitatea actualiz\u0103rii valorii mijlocului fix \u015fi recalcularea valorilor specifice;<\/p>\n<p>&#8211;\u00a0\u00a0\u00a0 editarea \u015fi listarea documentelor specifice de intrare \/ mi\u015fcare \/ ie\u015fire, \u015fi urm\u0103rirea evolu\u0163iei mijlocului.<\/p>\n<p>\n<\/div><div class=\"kc-elm kc-css-538741\" style=\"height: 20px; clear: both; width:100%;\"><\/div><div class=\"kc-elm kc-css-315882 kc_text_block\"><\/p>\n<div class=\"row-fluid\">\n<div class=\"wpb_content_element span12 wpb_text_column\">\n<div class=\"wpb_wrapper\">\n<div class=\"row-fluid\">\n<div class=\"wpb_content_element span12 wpb_text_column\">\n<div class=\"wpb_wrapper\">\n<p><strong>Furnizeaz\u0103 rapoarte specifice:<\/strong><\/p>\n<p>&#8211;\u00a0\u00a0\u00a0\u00a0\u00a0 situa\u0163ii privind amortizarea lunar\u0103;<\/p>\n<p>&#8211;\u00a0\u00a0\u00a0\u00a0\u00a0 liste de inventariere \u015fi balan\u0163e privind mi\u015fcarea mijloacelor fixe;<\/p>\n<p>&#8211;\u00a0\u00a0\u00a0\u00a0\u00a0 Registrul Numerelor de Inventar;<\/p>\n<p>&#8211;\u00a0\u00a0\u00a0\u00a0\u00a0 fi\u015fe de calcul al amortiz\u0103rii, de modificare a valorii, de mi\u015fcare, etc.<\/p>\n<p>Opera\u0163iunile de intrare\/ie\u015fire a imobiliz\u0103rilor se fac \u00een corela\u0163ie cu clasifica\u0163ia bugetar\u0103 \u015fi \u00eempreun\u0103 cu modul de calcul a amortiz\u0103rii lunare genereaz\u0103 automat \u00eenregistr\u0103ri contabile.<\/p>\n<\/div>\n<\/div>\n<\/div>\n<\/div>\n<\/div>\n<\/div>\n<p>\n<\/div><div class=\"kc-elm kc-css-96635\" style=\"height: 50px; clear: both; width:100%;\"><\/div><\/div><\/div><\/div><\/div><\/section>\n","protected":false},"excerpt":{"rendered":"","protected":false},"author":1,"featured_media":0,"parent":0,"menu_order":0,"comment_status":"closed","ping_status":"closed","template":"","meta":{"footnotes":""},"_links":{"self":[{"href":"https:\/\/indecosoft.ro\/site\/wp-json\/wp\/v2\/pages\/5721"}],"collection":[{"href":"https:\/\/indecosoft.ro\/site\/wp-json\/wp\/v2\/pages"}],"about":[{"href":"https:\/\/indecosoft.ro\/site\/wp-json\/wp\/v2\/types\/page"}],"author":[{"embeddable":true,"href":"https:\/\/indecosoft.ro\/site\/wp-json\/wp\/v2\/users\/1"}],"replies":[{"embeddable":true,"href":"https:\/\/indecosoft.ro\/site\/wp-json\/wp\/v2\/comments?post=5721"}],"version-history":[{"count":4,"href":"https:\/\/indecosoft.ro\/site\/wp-json\/wp\/v2\/pages\/5721\/revisions"}],"predecessor-version":[{"id":6592,"href":"https:\/\/indecosoft.ro\/site\/wp-json\/wp\/v2\/pages\/5721\/revisions\/6592"}],"wp:attachment":[{"href":"https:\/\/indecosoft.ro\/site\/wp-json\/wp\/v2\/media?parent=5721"}],"curies":[{"name":"wp","href":"https:\/\/api.w.org\/{rel}","templated":true}]}}