{"id":5714,"date":"2017-07-19T14:23:36","date_gmt":"2017-07-19T12:23:36","guid":{"rendered":"https:\/\/indecosoft.ro\/site\/?page_id=5714"},"modified":"2017-09-26T14:29:33","modified_gmt":"2017-09-26T12:29:33","slug":"contab","status":"publish","type":"page","link":"https:\/\/indecosoft.ro\/site\/contab\/","title":{"rendered":"Contab"},"content":{"rendered":"<section class=\"kc-elm kc-css-707979 kc_row\"><div class=\"kc-row-container  kc-container\"><div class=\"kc-wrap-columns\"><div class=\"kc-elm kc-css-608627 kc_col-sm-3 kc_column kc_col-sm-3\"><div class=\"kc-col-container\"><div class=\"kc-elm kc-css-395334 kc_shortcode kc_single_image\">\n\n        <img decoding=\"async\" src=\"https:\/\/www.indecosoft.ro\/site\/wp-content\/uploads\/2017\/07\/contabilitate-200x200xc.png\" class=\"\" alt=\"\" \/>    <\/div>\n<\/div><\/div><div class=\"kc-elm kc-css-385731 kc_col-sm-9 kc_column kc_col-sm-9\"><div class=\"kc-col-container\"><div class=\"kc-elm kc-css-494359\" style=\"height: 60px; clear: both; width:100%;\"><\/div>\n<div class=\"kc-elm kc-css-403057 kc-animated kc-animate-eff-fadeIn kc-animate-speed-3.5s kc-title-wrap \">\n\n\t<h1 class=\"kc_title\">Contab<\/h1>\n<\/div>\n<div class=\"kc-elm kc-css-162994\" style=\"height: 20px; clear: both; width:100%;\"><\/div><div class=\"kc-elm kc-css-807559 kc_text_block\"><\/p>\n<div class=\"row-fluid\"><strong>Modulul\u00a0Contab\u00a0este un instrument de urm\u0103rire \u015fi analiz\u0103 a activit\u0103\u0163ii institu\u0163iei prin gestiunea tuturor \u00eenregistr\u0103rilor contabile pe perioade calendaristice<\/strong><\/div>\n<p>\n<\/div><div class=\"kc-elm kc-css-473037\" style=\"height: 30px; clear: both; width:100%;\"><\/div><div class=\"kc-elm kc-css-402445 kc_text_block\"><\/p>\n<p>Aplica\u0163ia structureaz\u0103 datele plec\u00e2nd de la planuri de conturi configurabile cu posibilitate de extindere analitic\u0103 pe clasifica\u0163ia bugetar\u0103 \u015fi utilizeaz\u0103 monografii de note contabile de asemenea configurabile pentru eficientizarea \u015fi standardizarea opera\u0163iilor.<\/p>\n<p>\n<\/div><div class=\"kc-elm kc-css-885488\" style=\"height: 20px; clear: both; width:100%;\"><\/div><div class=\"kc-elm kc-css-380932 kc_text_block\"><\/p>\n<div class=\"row-fluid\">\n<div class=\"wpb_content_element span12 wpb_text_column\">\n<div class=\"wpb_wrapper\">\n<div class=\"row-fluid\">\n<div class=\"wpb_content_element span12 wpb_text_column\">\n<div class=\"wpb_wrapper\">\n<p><strong>Func\u0163iunile puse la dispozi\u0163ie includ:<\/strong><\/p>\n<p>&#8211;\u00a0\u00a0\u00a0\u00a0\u00a0 asistare la introducerea \u00eenregistr\u0103rilor contabile;<br \/>\n&#8211;\u00a0\u00a0\u00a0\u00a0\u00a0 generarea automat\u0103 de \u00eenregistr\u0103ri contabile;<br \/>\n&#8211;\u00a0\u00a0\u00a0\u00a0\u00a0 calcul \u015fi contare automat\u0103 TVA, \u00eenchiderea conturilor de TVA;<br \/>\n&#8211;\u00a0\u00a0\u00a0\u00a0\u00a0 \u00eenchiderea conturilor de venituri \u015fi cheltuieli;<br \/>\n&#8211;\u00a0\u00a0\u00a0\u00a0\u00a0 ob\u0163inerea balan\u0163elor analitice \u015fi sintetice;<br \/>\n&#8211;\u00a0\u00a0\u00a0\u00a0\u00a0 situa\u0163ii pe parteneri pe intervale calendaristice, fi\u015fa client;<br \/>\n&#8211;\u00a0\u00a0\u00a0\u00a0\u00a0 fi\u015fe de conturi, note, jurnale, execu\u0163ie bugetar\u0103, cartea mare \u015fah;<br \/>\n&#8211;\u00a0\u00a0\u00a0\u00a0\u00a0 divizarea eviden\u0163ei pe unit\u0103\u0163i, subunit\u0103\u0163i, centre de cheltuial\u0103; centralizare;<\/p>\n<p>Programul permite controlul complet asupra datelor diferen\u0163iat pe nivele de competen\u0163\u0103 \u015fi nu condi\u0163ioneaz\u0103 prelucrarea informa\u0163iilor dintr-o perioad\u0103 de finalizarea lucr\u0103rilor dintr-un alt interval calendaristic.<\/p>\n<\/div>\n<\/div>\n<\/div>\n<\/div>\n<\/div>\n<\/div>\n<p>\n<\/div><div class=\"kc-elm kc-css-37573\" style=\"height: 50px; clear: both; width:100%;\"><\/div><\/div><\/div><\/div><\/div><\/section>\n","protected":false},"excerpt":{"rendered":"","protected":false},"author":1,"featured_media":0,"parent":0,"menu_order":0,"comment_status":"closed","ping_status":"closed","template":"","meta":{"footnotes":""},"_links":{"self":[{"href":"https:\/\/indecosoft.ro\/site\/wp-json\/wp\/v2\/pages\/5714"}],"collection":[{"href":"https:\/\/indecosoft.ro\/site\/wp-json\/wp\/v2\/pages"}],"about":[{"href":"https:\/\/indecosoft.ro\/site\/wp-json\/wp\/v2\/types\/page"}],"author":[{"embeddable":true,"href":"https:\/\/indecosoft.ro\/site\/wp-json\/wp\/v2\/users\/1"}],"replies":[{"embeddable":true,"href":"https:\/\/indecosoft.ro\/site\/wp-json\/wp\/v2\/comments?post=5714"}],"version-history":[{"count":4,"href":"https:\/\/indecosoft.ro\/site\/wp-json\/wp\/v2\/pages\/5714\/revisions"}],"predecessor-version":[{"id":6538,"href":"https:\/\/indecosoft.ro\/site\/wp-json\/wp\/v2\/pages\/5714\/revisions\/6538"}],"wp:attachment":[{"href":"https:\/\/indecosoft.ro\/site\/wp-json\/wp\/v2\/media?parent=5714"}],"curies":[{"name":"wp","href":"https:\/\/api.w.org\/{rel}","templated":true}]}}