{"id":5707,"date":"2017-07-19T14:12:19","date_gmt":"2017-07-19T12:12:19","guid":{"rendered":"https:\/\/indecosoft.ro\/site\/?page_id=5707"},"modified":"2017-09-26T14:17:02","modified_gmt":"2017-09-26T12:17:02","slug":"buget","status":"publish","type":"page","link":"https:\/\/indecosoft.ro\/site\/buget\/","title":{"rendered":"Buget"},"content":{"rendered":"<section class=\"kc-elm kc-css-555819 kc_row\"><div class=\"kc-row-container  kc-container\"><div class=\"kc-wrap-columns\"><div class=\"kc-elm kc-css-248975 kc_col-sm-3 kc_column kc_col-sm-3\"><div class=\"kc-col-container\"><div class=\"kc-elm kc-css-325507 kc_shortcode kc_single_image\">\n\n        <img decoding=\"async\" src=\"https:\/\/www.indecosoft.ro\/site\/wp-content\/uploads\/2017\/07\/adp_buget-200x200xc.png\" class=\"\" alt=\"\" \/>    <\/div>\n<\/div><\/div><div class=\"kc-elm kc-css-286210 kc_col-sm-9 kc_column kc_col-sm-9\"><div class=\"kc-col-container\"><div class=\"kc-elm kc-css-95592\" style=\"height: 60px; clear: both; width:100%;\"><\/div>\n<div class=\"kc-elm kc-css-737494 kc-animated kc-animate-eff-fadeIn kc-animate-speed-3.5s kc-title-wrap \">\n\n\t<h1 class=\"kc_title\">Buget<\/h1>\n<\/div>\n<div class=\"kc-elm kc-css-871675\" style=\"height: 20px; clear: both; width:100%;\"><\/div><div class=\"kc-elm kc-css-581862 kc_text_block\"><\/p>\n<div class=\"row-fluid\"><strong>Modulul\u00a0Buget\u00a0permite gestiunea veniturilor \u015fi a cheltuielilor pe baz\u0103 de buget, implic\u00e2nd angajarea de cheltuieli impuse de bunul mers al activit\u0103\u0163ilor pe m\u0103sura realiz\u0103rii veniturilor estimate.<\/strong><\/div>\n<p>\n<\/div><div class=\"kc-elm kc-css-330707\" style=\"height: 30px; clear: both; width:100%;\"><\/div><div class=\"kc-elm kc-css-480362 kc_text_block\"><\/p>\n<p>Informa\u0163ia este organizat\u0103 pe exerci\u0163ii bugetare \u015fi tipuri de bugete (surse de finan\u0163are) \u015fi \u0163ine cont de clasifica\u0163ia bugetar\u0103 stabilit\u0103 prin lege \u015fi \u00eemp\u0103r\u0163irea anului \u00een trimestre.<\/p>\n<p>\n<\/div><div class=\"kc-elm kc-css-445803\" style=\"height: 20px; clear: both; width:100%;\"><\/div><div class=\"kc-elm kc-css-532270 kc_text_block\"><\/p>\n<div class=\"row-fluid\">\n<div class=\"wpb_content_element span12 wpb_text_column\">\n<div class=\"wpb_wrapper\">\n<div class=\"row-fluid\">\n<div class=\"wpb_content_element span12 wpb_text_column\">\n<div class=\"wpb_wrapper\">\n<p><strong>Programul permite:<\/strong><\/p>\n<p>&#8211;\u00a0\u00a0\u00a0\u00a0\u00a0 configurarea clasifica\u0163iei bugetare;<br \/>\n&#8211;\u00a0\u00a0\u00a0\u00a0\u00a0 \u00eenregistrarea prevederilor bugetare defalcate pe trimestre;<br \/>\n&#8211;\u00a0\u00a0\u00a0\u00a0\u00a0 consolidarea bugetului de venituri \u015fi cheltuieli;<br \/>\n&#8211;\u00a0\u00a0\u00a0\u00a0\u00a0 rectificarea bugetului f\u0103r\u0103 restr\u00e2ngerea accesului la starea anterioar\u0103;<br \/>\n&#8211;\u00a0\u00a0\u00a0\u00a0\u00a0 detalierea cheltuielilor pe capitole, subcapitole, articole \u015fi aliniate pe o structur\u0103 configurabil\u0103;<br \/>\n&#8211;\u00a0\u00a0\u00a0\u00a0\u00a0 deschideri \u015fi reparti\u0163ii de credite pe titluri;<br \/>\n&#8211;\u00a0\u00a0\u00a0\u00a0\u00a0 angajarea, lichidarea, ordonan\u0163area \u015fi plata cheltuielilor pe articole de buget cu \u00eentocmirea anexelor 1, 2 \u015fi 3 \u015fi posibilitatea list\u0103rii ordinului de plat\u0103;<br \/>\n&#8211;\u00a0\u00a0\u00a0\u00a0\u00a0 gestiunea automatizat\u0103 a registrului CFP;<br \/>\n&#8211;\u00a0\u00a0\u00a0\u00a0\u00a0 raport\u0103ri specifice: execu\u0163ie bugetar\u0103, fi\u015fe de credite, cont de execu\u0163ie, etc.<br \/>\n&#8211;\u00a0\u00a0\u00a0\u00a0\u00a0 submodulul Execu\u021bie salarii permite introducerea automat\u0103 a execu\u021biei salariilor at\u00e2t \u00een execu\u021bia bugatar\u0103 c\u00e2t \u0219i \u00een contabilitate<br \/>\n&#8211;\u00a0\u00a0\u00a0\u00a0\u00a0 submodul Introducere facturi permite introducerea automat\u0103 a datelor \u0219i produselor de pe o factur\u0103, informa\u021biile urm\u00e2nd a se genera \u00een ALOP, \u00een jurnalele analitice din contabilitate, efectuandu-se at\u00e2t recep\u021bia obiectelor de inventar sau a materialelor c\u00e2t \u0219i recep\u021bia mijloacelor fixe.<\/p>\n<\/div>\n<\/div>\n<\/div>\n<\/div>\n<\/div>\n<\/div>\n<p>\n<\/div><div class=\"kc-elm kc-css-666148\" style=\"height: 50px; clear: both; width:100%;\"><\/div><\/div><\/div><\/div><\/div><\/section>\n","protected":false},"excerpt":{"rendered":"","protected":false},"author":1,"featured_media":0,"parent":0,"menu_order":0,"comment_status":"closed","ping_status":"closed","template":"","meta":{"footnotes":""},"_links":{"self":[{"href":"https:\/\/indecosoft.ro\/site\/wp-json\/wp\/v2\/pages\/5707"}],"collection":[{"href":"https:\/\/indecosoft.ro\/site\/wp-json\/wp\/v2\/pages"}],"about":[{"href":"https:\/\/indecosoft.ro\/site\/wp-json\/wp\/v2\/types\/page"}],"author":[{"embeddable":true,"href":"https:\/\/indecosoft.ro\/site\/wp-json\/wp\/v2\/users\/1"}],"replies":[{"embeddable":true,"href":"https:\/\/indecosoft.ro\/site\/wp-json\/wp\/v2\/comments?post=5707"}],"version-history":[{"count":4,"href":"https:\/\/indecosoft.ro\/site\/wp-json\/wp\/v2\/pages\/5707\/revisions"}],"predecessor-version":[{"id":6534,"href":"https:\/\/indecosoft.ro\/site\/wp-json\/wp\/v2\/pages\/5707\/revisions\/6534"}],"wp:attachment":[{"href":"https:\/\/indecosoft.ro\/site\/wp-json\/wp\/v2\/media?parent=5707"}],"curies":[{"name":"wp","href":"https:\/\/api.w.org\/{rel}","templated":true}]}}