{"id":5676,"date":"2017-07-19T13:41:55","date_gmt":"2017-07-19T11:41:55","guid":{"rendered":"https:\/\/indecosoft.ro\/site\/?page_id=5676"},"modified":"2017-09-26T14:39:37","modified_gmt":"2017-09-26T12:39:37","slug":"geststoc","status":"publish","type":"page","link":"https:\/\/indecosoft.ro\/site\/geststoc\/","title":{"rendered":"GestStoc"},"content":{"rendered":"<section class=\"kc-elm kc-css-443338 kc_row\"><div class=\"kc-row-container  kc-container\"><div class=\"kc-wrap-columns\"><div class=\"kc-elm kc-css-421950 kc_col-sm-3 kc_column kc_col-sm-3\"><div class=\"kc-col-container\"><div class=\"kc-elm kc-css-454344 kc_shortcode kc_single_image\">\n\n        <img decoding=\"async\" src=\"https:\/\/www.indecosoft.ro\/site\/wp-content\/uploads\/2017\/07\/gestiune-200x200xc.png\" class=\"\" alt=\"\" \/>    <\/div>\n<\/div><\/div><div class=\"kc-elm kc-css-239262 kc_col-sm-9 kc_column kc_col-sm-9\"><div class=\"kc-col-container\"><div class=\"kc-elm kc-css-815053\" style=\"height: 60px; clear: both; width:100%;\"><\/div>\n<div class=\"kc-elm kc-css-139315 kc-animated kc-animate-eff-fadeIn kc-animate-speed-3.5s kc-title-wrap \">\n\n\t<h1 class=\"kc_title\">GestStoc<\/h1>\n<\/div>\n<div class=\"kc-elm kc-css-802927\" style=\"height: 20px; clear: both; width:100%;\"><\/div><div class=\"kc-elm kc-css-528074 kc_text_block\"><\/p>\n<div class=\"row-fluid\"><strong>Aplica\u0163ia\u00a0GestStoc\u00a0este utilizat\u0103 pentru gestionarea stocurilor de materiale, produse finite, precum \u015fi pentru eviden\u0163a obiectelor de inventar pe magazii \u015fi gestiuni.<\/strong><\/div>\n<div><\/div>\n<div class=\"row-fluid\"><\/div>\n<p>\n<\/div><div class=\"kc-elm kc-css-764477\" style=\"height: 30px; clear: both; width:100%;\"><\/div><div class=\"kc-elm kc-css-532485 kc_text_block\"><\/p>\n<div><\/div>\n<div><strong>Programul permite:<\/strong><\/div>\n<div class=\"row-fluid\">\n<div class=\"wpb_content_element span12 wpb_text_column\">\n<div class=\"wpb_wrapper\">\n<div class=\"row-fluid\">\n<div class=\"wpb_content_element span12 wpb_text_column\">\n<div class=\"wpb_wrapper\">\n<p>&#8211;\u00a0\u00a0\u00a0\u00a0\u00a0 gestionarea materialelor, obiectelor de inventar \u015fi a altor valori, pe baza \u00eenregistr\u0103rii mi\u015fc\u0103rilor (intr\u0103ri\/ie\u015firi), cantitativ \u015fi valoric, cu actualizarea \u00een timp real a stocurilor;<\/p>\n<p>&#8211;\u00a0\u00a0\u00a0\u00a0\u00a0 editarea \u015fi listarea documentelor, \u00een conformitate cu actele normative aplicabile: note de recep\u0163ie, bonuri de consum \/ casare \/ ie\u015fire, bonuri de transfer, etc.<\/p>\n<p>&#8211;\u00a0\u00a0\u00a0\u00a0\u00a0 implementarea de nomenclatoare: tipuri de produse (\u00een conformitate cu Clasele de conturi pentru stocuri \u015fi produc\u0163ie \u00een curs de execu\u0163ie), furnizori, consumatori, comisii;<\/p>\n<\/div>\n<\/div>\n<\/div>\n<\/div>\n<\/div>\n<\/div>\n<p>\n<\/div><div class=\"kc-elm kc-css-646058\" style=\"height: 20px; clear: both; width:100%;\"><\/div><div class=\"kc-elm kc-css-935446 kc_text_block\"><\/p>\n<div class=\"row-fluid\">\n<div class=\"wpb_content_element span12 wpb_text_column\">\n<div class=\"wpb_wrapper\">\n<div class=\"row-fluid\">\n<div class=\"wpb_content_element span12 wpb_text_column\">\n<div class=\"wpb_wrapper\">\n<p><strong>Furnizeaz\u0103 rapoarte specifice:<\/strong><\/p>\n<p>&#8211;\u00a0\u00a0\u00a0\u00a0\u00a0 centralizatoare \u015fi desf\u0103\u015fur\u0103toare pentru toate documentele editabile;<\/p>\n<p>&#8211;\u00a0\u00a0\u00a0\u00a0\u00a0 situa\u0163ia intr\u0103rilor \/ ie\u015firilor (detaliat sau centralizat);<\/p>\n<p>&#8211;\u00a0\u00a0\u00a0\u00a0\u00a0 liste de inventariere, balan\u0163e, fi\u015fe de magazie, fi\u015fe de cont analitic pentru valori materiale, stocuri zilnice, etc.<\/p>\n<p>Aplica\u0163ia con\u0163ine \u015fi un submodul destinat gestion\u0103rii Listelor Zilnice de Alimente.<\/p>\n<p>Toate opera\u0163iunile se fac \u00een acord cu clasifica\u0163ia bugetar\u0103 economic\u0103 \u015fi cea func\u0163ional\u0103, rezultatul acestora \u00eenregistr\u00e2ndu-se automat \u00een contabilitate.<\/p>\n<\/div>\n<\/div>\n<\/div>\n<\/div>\n<\/div>\n<\/div>\n<p>\n<\/div><div class=\"kc-elm kc-css-102150\" style=\"height: 50px; clear: both; width:100%;\"><\/div><\/div><\/div><\/div><\/div><\/section>\n","protected":false},"excerpt":{"rendered":"","protected":false},"author":1,"featured_media":0,"parent":0,"menu_order":0,"comment_status":"closed","ping_status":"closed","template":"","meta":{"footnotes":""},"_links":{"self":[{"href":"https:\/\/indecosoft.ro\/site\/wp-json\/wp\/v2\/pages\/5676"}],"collection":[{"href":"https:\/\/indecosoft.ro\/site\/wp-json\/wp\/v2\/pages"}],"about":[{"href":"https:\/\/indecosoft.ro\/site\/wp-json\/wp\/v2\/types\/page"}],"author":[{"embeddable":true,"href":"https:\/\/indecosoft.ro\/site\/wp-json\/wp\/v2\/users\/1"}],"replies":[{"embeddable":true,"href":"https:\/\/indecosoft.ro\/site\/wp-json\/wp\/v2\/comments?post=5676"}],"version-history":[{"count":12,"href":"https:\/\/indecosoft.ro\/site\/wp-json\/wp\/v2\/pages\/5676\/revisions"}],"predecessor-version":[{"id":6559,"href":"https:\/\/indecosoft.ro\/site\/wp-json\/wp\/v2\/pages\/5676\/revisions\/6559"}],"wp:attachment":[{"href":"https:\/\/indecosoft.ro\/site\/wp-json\/wp\/v2\/media?parent=5676"}],"curies":[{"name":"wp","href":"https:\/\/api.w.org\/{rel}","templated":true}]}}