{"id":5640,"date":"2017-07-19T12:57:14","date_gmt":"2017-07-19T10:57:14","guid":{"rendered":"https:\/\/indecosoft.ro\/site\/?page_id=5640"},"modified":"2017-09-26T14:33:43","modified_gmt":"2017-09-26T12:33:43","slug":"ecub-admin","status":"publish","type":"page","link":"https:\/\/indecosoft.ro\/site\/ecub-admin\/","title":{"rendered":"eCUB Admin"},"content":{"rendered":"<section class=\"kc-elm kc-css-858573 kc_row\"><div class=\"kc-row-container  kc-container\"><div class=\"kc-wrap-columns\"><div class=\"kc-elm kc-css-236525 kc_col-sm-3 kc_column kc_col-sm-3\"><div class=\"kc-col-container\"><div class=\"kc-elm kc-css-599236 kc_shortcode kc_single_image\">\n\n        <img decoding=\"async\" src=\"https:\/\/www.indecosoft.ro\/site\/wp-content\/uploads\/2017\/07\/adp_ecub_management-200x200xc.png\" class=\"\" alt=\"\" \/>    <\/div>\n<\/div><\/div><div class=\"kc-elm kc-css-542405 kc_col-sm-9 kc_column kc_col-sm-9\"><div class=\"kc-col-container\"><div class=\"kc-elm kc-css-177076\" style=\"height: 60px; clear: both; width:100%;\"><\/div>\n<div class=\"kc-elm kc-css-31721 kc-animated kc-animate-eff-fadeIn kc-animate-speed-3.5s kc-title-wrap \">\n\n\t<h1 class=\"kc_title\">eCUB Admin<\/h1>\n<\/div>\n<div class=\"kc-elm kc-css-450359\" style=\"height: 20px; clear: both; width:100%;\"><\/div><div class=\"kc-elm kc-css-270760 kc_text_block\"><\/p>\n<p><strong>eCUB Admin<\/strong>\u00a0este un centru de management unitar al tuturor modulelor care definesc produsul eCUB<\/p>\n<p>\n<\/div><div class=\"kc-elm kc-css-628355\" style=\"height: 20px; clear: both; width:100%;\"><\/div><div class=\"kc-elm kc-css-209178 kc_text_block\"><\/p>\n<p><strong>eCub Admin acoper\u0103 necesit\u0103\u0163ile fundamentale de administrare:<\/strong><\/p>\n<p>&#8211;\u00a0\u00a0\u00a0\u00a0\u00a0 instalare \u015fi \u00eentre\u0163inere;<\/p>\n<p>&#8211;\u00a0\u00a0\u00a0\u00a0\u00a0 drepturi de acces \u00een sistem;<\/p>\n<p>&#8211;\u00a0\u00a0\u00a0\u00a0\u00a0 siguran\u0163a datelor.<\/p>\n<p>La instalarea sistemului, eCUBAdmin asist\u0103 faza de ata\u015fare \u015fi configurare ini\u0163ial\u0103 a bazelor de date. \u00cen continuare ofer\u0103 suport pentru gestionarea versiunilor at\u00e2t pentru aplica\u0163iile client c\u00e2t \u015fi ale structurii bazelor de date, fiind automatizate actualizarea acestora prin internet \u015fi distribuirea componentelor necesare pe sta\u0163iile de lucru.<\/p>\n<p><strong>Submodulul de administrare a drepturilor de acces permite:<\/strong><\/p>\n<p>&#8211;\u00a0\u00a0\u00a0\u00a0\u00a0 crearea grupurilor de utilizatori \u015fi configurarea nivelelor de acces \u00een sistem pe grupuri;<\/p>\n<p>&#8211;\u00a0\u00a0\u00a0\u00a0\u00a0 crearea de conturi de utilizatori \u015fi includerea lor \u00een grupuri specifice fiec\u0103rui modul;<\/p>\n<p>&#8211;\u00a0\u00a0\u00a0\u00a0\u00a0 gestiunea profilelor utilizatorilor, schimbarea parolelor de autentificare;<\/p>\n<p>&#8211;\u00a0\u00a0\u00a0\u00a0\u00a0 setarea accesului la anumite facilit\u0103\u021bi nou oferite de IndecoSoft \u00een aplica\u021biile din pachetul ECub.<\/p>\n<p>Componenta pentru siguran\u0163a datelor permite realizarea salv\u0103rilor periodice a datelor (backup), a restaur\u0103rilor \u00een cazuri speciale,\u00a0 precum \u015fi monitorizarea consisten\u0163ei bazelor de date \u015fi interac\u0163iunii utilizatorilor cu acestea.<\/p>\n<p>\n<\/div><div class=\"kc-elm kc-css-411447\" style=\"height: 50px; clear: both; width:100%;\"><\/div><\/div><\/div><\/div><\/div><\/section>\n","protected":false},"excerpt":{"rendered":"","protected":false},"author":1,"featured_media":0,"parent":0,"menu_order":0,"comment_status":"closed","ping_status":"closed","template":"","meta":{"footnotes":""},"_links":{"self":[{"href":"https:\/\/indecosoft.ro\/site\/wp-json\/wp\/v2\/pages\/5640"}],"collection":[{"href":"https:\/\/indecosoft.ro\/site\/wp-json\/wp\/v2\/pages"}],"about":[{"href":"https:\/\/indecosoft.ro\/site\/wp-json\/wp\/v2\/types\/page"}],"author":[{"embeddable":true,"href":"https:\/\/indecosoft.ro\/site\/wp-json\/wp\/v2\/users\/1"}],"replies":[{"embeddable":true,"href":"https:\/\/indecosoft.ro\/site\/wp-json\/wp\/v2\/comments?post=5640"}],"version-history":[{"count":10,"href":"https:\/\/indecosoft.ro\/site\/wp-json\/wp\/v2\/pages\/5640\/revisions"}],"predecessor-version":[{"id":6552,"href":"https:\/\/indecosoft.ro\/site\/wp-json\/wp\/v2\/pages\/5640\/revisions\/6552"}],"wp:attachment":[{"href":"https:\/\/indecosoft.ro\/site\/wp-json\/wp\/v2\/media?parent=5640"}],"curies":[{"name":"wp","href":"https:\/\/api.w.org\/{rel}","templated":true}]}}