{"id":5582,"date":"2017-07-19T10:17:45","date_gmt":"2017-07-19T08:17:45","guid":{"rendered":"https:\/\/indecosoft.ro\/site\/?page_id=5582"},"modified":"2018-03-07T10:03:16","modified_gmt":"2018-03-07T08:03:16","slug":"produse-pentru-companii","status":"publish","type":"page","link":"https:\/\/indecosoft.ro\/site\/produse-pentru-companii\/","title":{"rendered":"Produse pentru companii"},"content":{"rendered":"<p><section class=\"kc-elm kc-css-8360 kc_row\"><div class=\"kc-row-container  kc-container\"><div class=\"kc-wrap-columns\"><div class=\"kc-elm kc-css-520314 kc_col-sm-12 kc_column kc_col-sm-12\"><div class=\"kc-col-container\"><div class=\"kc-elm kc-css-38986\" style=\"height: 50px; clear: both; width:100%;\"><\/div>\n<div class=\"kc-elm kc-css-944815 kc-animated kc-animate-eff-bounceInRight kc-animate-delay-500 kc-animate-speed-3.5s kc-title-wrap \">\n\n\t<h5 class=\"kc_title\">Produse pentru companii<\/h5>\n<\/div>\n<div class=\"kc-elm kc-css-449503\" style=\"height: 50px; clear: both; width:100%;\"><\/div><\/div><\/div><\/div><\/div><\/section><section class=\"kc-elm kc-css-743508 kc_row\"><div class=\"kc-row-container  kc-container\"><div class=\"kc-wrap-columns\"><div class=\"kc-elm kc-css-467507 kc_col-of-5 kc_column kc_col-of-5\"><div class=\"kc-col-container\"><div class=\"kc-elm kc-css-814731 kc_shortcode kc_single_image\">\n\n        <img decoding=\"async\" src=\"https:\/\/www.indecosoft.ro\/site\/wp-content\/uploads\/2017\/07\/contabsql-160x160xc.jpg\" class=\"\" alt=\"\" \/>    <\/div>\n<\/div><\/div><div class=\"kc-elm kc-css-128546 kc_col-sm-10 kc_column kc_col-sm-10\"><div class=\"kc-col-container\"><div class=\"kc-elm kc-css-744081 kc_text_block\"><\/p>\n<h3>ContabSql<\/h3>\n<p>Modulul automatizeaz\u0103 activitatea de eviden\u021b\u0103 contabil\u0103 \u0219i permite ob\u021binerea, \u00een orice moment, de situa\u021bii exacte cu un sistem eficient de management al datelor \u0219i \u00een conformitate cu legisla\u021bia \u00een vigoare, rezolv\u00e2nd toate cerin\u021bele financiar-contabile.<\/p>\n<h3><\/h3>\n<p>\n<\/div><div class=\"kc-elm kc-css-210158 kc_text_block\"><\/p>\n<p><strong><a href=\"https:\/\/indecosoft.ro\/site\/contabsql\/\">Mai multe detalii&#8230;<\/a><\/strong><\/p>\n<p>\n<\/div><\/div><\/div><\/div><\/div><\/section><section class=\"kc-elm kc-css-380555 kc_row\"><div class=\"kc-row-container  kc-container\"><div class=\"kc-wrap-columns\"><div class=\"kc-elm kc-css-614416 kc_col-sm-12 kc_column kc_col-sm-12\"><div class=\"kc-col-container\"><div class=\"kc-elm kc-css-258665\" style=\"height: 50px; clear: both; width:100%;\"><\/div><\/div><\/div><\/div><\/div><\/section><section class=\"kc-elm kc-css-677226 kc_row\"><div class=\"kc-row-container  kc-container\"><div class=\"kc-wrap-columns\"><div class=\"kc-elm kc-css-718984 kc_col-of-5 kc_column kc_col-of-5\"><div class=\"kc-col-container\"><div class=\"kc-elm kc-css-927867 kc_shortcode kc_single_image\">\n\n        <img decoding=\"async\" src=\"https:\/\/www.indecosoft.ro\/site\/wp-content\/uploads\/2017\/07\/gestsql-160x160xc.jpg\" class=\"\" alt=\"\" \/>    <\/div>\n<\/div><\/div><div class=\"kc-elm kc-css-754255 kc_col-sm-10 kc_column kc_col-sm-10\"><div class=\"kc-col-container\"><div class=\"kc-elm kc-css-918136 kc_text_block\"><\/p>\n<h3>GestSql<\/h3>\n<p><span style=\"text-align: justify;\">Aplica\u0163ia este utilizat\u0103 pentru gestionarea stocurilor de materiale, produse finite, precum \u015fi pentru eviden\u0163a obiectelor de inventar pe magazii \u015fi gestiuni.<\/span><\/p>\n<h3><\/h3>\n<p>\n<\/div><div class=\"kc-elm kc-css-582762 kc_text_block\"><\/p>\n<p><strong><a href=\"https:\/\/indecosoft.ro\/site\/gestsql\/\">Mai multe detalii&#8230;<\/a><\/strong><\/p>\n<p>\n<\/div><\/div><\/div><\/div><\/div><\/section><section class=\"kc-elm kc-css-295730 kc_row\"><div class=\"kc-row-container  kc-container\"><div class=\"kc-wrap-columns\"><div class=\"kc-elm kc-css-497513 kc_col-sm-12 kc_column kc_col-sm-12\"><div class=\"kc-col-container\"><div class=\"kc-elm kc-css-48030\" style=\"height: 50px; clear: both; width:100%;\"><\/div><\/div><\/div><\/div><\/div><\/section><section class=\"kc-elm kc-css-710766 kc_row\"><div class=\"kc-row-container  kc-container\"><div class=\"kc-wrap-columns\"><div class=\"kc-elm kc-css-77416 kc_col-of-5 kc_column kc_col-of-5\"><div class=\"kc-col-container\"><div class=\"kc-elm kc-css-462330 kc_shortcode kc_single_image\">\n\n        <img decoding=\"async\" src=\"https:\/\/www.indecosoft.ro\/site\/wp-content\/uploads\/2017\/07\/mifixsql-160x160xc.jpg\" class=\"\" alt=\"\" \/>    <\/div>\n<\/div><\/div><div class=\"kc-elm kc-css-829816 kc_col-sm-10 kc_column kc_col-sm-10\"><div class=\"kc-col-container\"><div class=\"kc-elm kc-css-405250 kc_text_block\"><\/p>\n<h3>MiFixSql<\/h3>\n<p style=\"color: #444444; font-weight: normal; text-align: justify;\">Aplica\u0163ia ofer\u0103 suportul necesar gestiunii elementelor patrimoniale, a mijloacelor fixe, men\u021bin\u00e2nd informa\u021bii cu privire la eviden\u021ba, caracteristicile \u0219i mi\u0219c\u0103rile acestora.<\/p>\n<h3><\/h3>\n<p>\n<\/div><div class=\"kc-elm kc-css-404602 kc_text_block\"><\/p>\n<p><strong><a href=\"https:\/\/indecosoft.ro\/site\/produse-si-solutii\/detalii-mifixsql\/\">Mai multe detalii&#8230;<\/a><\/strong><\/p>\n<p>\n<\/div><\/div><\/div><\/div><\/div><\/section><section class=\"kc-elm kc-css-363341 kc_row\"><div class=\"kc-row-container  kc-container\"><div class=\"kc-wrap-columns\"><div class=\"kc-elm kc-css-288116 kc_col-sm-12 kc_column kc_col-sm-12\"><div class=\"kc-col-container\"><div class=\"kc-elm kc-css-79557\" style=\"height: 50px; clear: both; width:100%;\"><\/div><\/div><\/div><\/div><\/div><\/section><section class=\"kc-elm kc-css-932783 kc_row\"><div class=\"kc-row-container  kc-container\"><div class=\"kc-wrap-columns\"><div class=\"kc-elm kc-css-787906 kc_col-of-5 kc_column kc_col-of-5\"><div class=\"kc-col-container\"><div class=\"kc-elm kc-css-82871 kc_shortcode kc_single_image\">\n\n        <img decoding=\"async\" src=\"https:\/\/www.indecosoft.ro\/site\/wp-content\/uploads\/2017\/07\/salarsql2-2-160x160xc.jpg\" class=\"\" alt=\"\" \/>    <\/div>\n<\/div><\/div><div class=\"kc-elm kc-css-557227 kc_col-sm-10 kc_column kc_col-sm-10\"><div class=\"kc-col-container\"><div class=\"kc-elm kc-css-331835 kc_text_block\"><\/p>\n<h3>SalarSql<\/h3>\n<p style=\"color: #444444; font-weight: normal; text-align: justify;\">Aplica\u0163ia asigur\u0103 suport informatic destinat compartimentului Resurse Umane \u00een vederea administr\u0103rii personalului angajat, calcul\u0103rii drepturilor salariale cuvenite \u015fi elabor\u0103rii declara\u0163iilor c\u0103tre institu\u0163iile de asigur\u0103ri sociale.<\/p>\n<h3><\/h3>\n<p>\n<\/div><div class=\"kc-elm kc-css-790266 kc_text_block\"><\/p>\n<p><strong><a href=\"https:\/\/indecosoft.ro\/site\/produse-si-solutii\/detalii-salarsql\/\">Mai multe detalii&#8230;<\/a><\/strong><\/p>\n<p>\n<\/div><\/div><\/div><\/div><\/div><\/section><section class=\"kc-elm kc-css-482909 kc_row\"><div class=\"kc-row-container  kc-container\"><div class=\"kc-wrap-columns\"><div class=\"kc-elm kc-css-966105 kc_col-sm-12 kc_column kc_col-sm-12\"><div class=\"kc-col-container\"><div class=\"kc-elm kc-css-550830\" style=\"height: 50px; clear: both; width:100%;\"><\/div><\/div><\/div><\/div><\/div><\/section><section class=\"kc-elm kc-css-956996 kc_row\"><div class=\"kc-row-container  kc-container\"><div class=\"kc-wrap-columns\"><div class=\"kc-elm kc-css-488924 kc_col-of-5 kc_column kc_col-of-5\"><div class=\"kc-col-container\"><div class=\"kc-elm kc-css-639056 kc_shortcode kc_single_image\">\n\n        <img decoding=\"async\" src=\"https:\/\/www.indecosoft.ro\/site\/wp-content\/uploads\/2017\/07\/cashflow-5-160x160xc.jpg\" class=\"\" alt=\"\" \/>    <\/div>\n<\/div><\/div><div class=\"kc-elm kc-css-116499 kc_col-sm-10 kc_column kc_col-sm-10\"><div class=\"kc-col-container\"><div class=\"kc-elm kc-css-426551 kc_text_block\"><\/p>\n<h3>CashFlow<\/h3>\n<p style=\"color: #444444; font-weight: normal; text-align: justify;\">Fluxul de numerar: destinat\u0103 agen\u021bilor economici care au ca principal obiect de activitate prestarea de servicii, aceasta urm\u0103re\u0219te \u0219i gestioneaz\u0103 contractele sau facturile emise de ace\u0219tia.<\/p>\n<h3><\/h3>\n<p>\n<\/div><div class=\"kc-elm kc-css-871097 kc_text_block\"><\/p>\n<p><strong><a href=\"https:\/\/indecosoft.ro\/site\/produse-si-solutii\/detalii-cashflow\/\">Mai multe detalii&#8230;<\/a><\/strong><\/p>\n<p>\n<\/div><\/div><\/div><\/div><\/div><\/section><section class=\"kc-elm kc-css-653172 kc_row\"><div class=\"kc-row-container  kc-container\"><div class=\"kc-wrap-columns\"><div class=\"kc-elm kc-css-219507 kc_col-sm-12 kc_column kc_col-sm-12\"><div class=\"kc-col-container\"><div class=\"kc-elm kc-css-129147\" style=\"height: 50px; clear: both; width:100%;\"><\/div><\/div><\/div><\/div><\/div><\/section><section class=\"kc-elm kc-css-197628 kc_row\"><div class=\"kc-row-container  kc-container\"><div class=\"kc-wrap-columns\"><div class=\"kc-elm kc-css-744882 kc_col-of-5 kc_column kc_col-of-5\"><div class=\"kc-col-container\"><div class=\"kc-elm kc-css-295714 kc_shortcode kc_single_image\">\n\n        <img decoding=\"async\" src=\"https:\/\/www.indecosoft.ro\/site\/wp-content\/uploads\/2017\/07\/carp-160x160xc.jpg\" class=\"\" alt=\"\" \/>    <\/div>\n<\/div><\/div><div class=\"kc-elm kc-css-988120 kc_col-sm-10 kc_column kc_col-sm-10\"><div class=\"kc-col-container\"><div class=\"kc-elm kc-css-995511 kc_text_block\"><\/p>\n<h3>CARP Management<\/h3>\n<p style=\"color: #444444; font-weight: normal; text-align: justify;\">Aplica\u0163ia este destinat\u0103 gestion\u0103rii activit\u0103\u0163ilor dintr-o cas\u0103 de ajutor reciproc a pensionarilor.<\/p>\n<h3><\/h3>\n<p>\n<\/div><div class=\"kc-elm kc-css-117821 kc_text_block\"><\/p>\n<p><strong><a href=\"https:\/\/indecosoft.ro\/site\/produse-si-solutii\/detalii-carp-management\/\">Mai multe detalii&#8230;<\/a><\/strong><\/p>\n<p>\n<\/div><\/div><\/div><\/div><\/div><\/section><section class=\"kc-elm kc-css-801846 kc_row\"><div class=\"kc-row-container  kc-container\"><div class=\"kc-wrap-columns\"><div class=\"kc-elm kc-css-894734 kc_col-sm-12 kc_column kc_col-sm-12\"><div class=\"kc-col-container\"><div class=\"kc-elm kc-css-730638\" style=\"height: 50px; clear: both; width:100%;\"><\/div><\/div><\/div><\/div><\/div><\/section><section class=\"kc-elm kc-css-633505 kc_row\"><div class=\"kc-row-container  kc-container\"><div class=\"kc-wrap-columns\"><div class=\"kc-elm kc-css-837125 kc_col-of-5 kc_column kc_col-of-5\"><div class=\"kc-col-container\"><div class=\"kc-elm kc-css-76563 kc_shortcode kc_single_image\">\n\n        <img decoding=\"async\" src=\"https:\/\/www.indecosoft.ro\/site\/wp-content\/uploads\/2017\/07\/leasing-160x160xc.jpg\" class=\"\" alt=\"\" \/>    <\/div>\n<\/div><\/div><div class=\"kc-elm kc-css-127900 kc_col-sm-10 kc_column kc_col-sm-10\"><div class=\"kc-col-container\"><div class=\"kc-elm kc-css-165323 kc_text_block\"><\/p>\n<h3>LeasingPro<\/h3>\n<p style=\"color: #444444; font-weight: normal; text-align: justify;\">Modulul este destinat gestion\u0103rii contractelor de leasing, urm\u0103rirea pla\u021bilor \u0219i a \u00eencas\u0103rilor pe fiecare contract \u00een parte.<\/p>\n<h3><\/h3>\n<p>\n<\/div><div class=\"kc-elm kc-css-919149 kc_text_block\"><\/p>\n<p><strong><a href=\"https:\/\/indecosoft.ro\/site\/produse-si-solutii\/detalii-leasingpro\/\">Mai multe detalii&#8230;<\/a><\/strong><\/p>\n<p>\n<\/div><\/div><\/div><\/div><\/div><\/section><section class=\"kc-elm kc-css-5463 kc_row\"><div class=\"kc-row-container  kc-container\"><div class=\"kc-wrap-columns\"><div class=\"kc-elm kc-css-461900 kc_col-sm-12 kc_column kc_col-sm-12\"><div class=\"kc-col-container\"><div class=\"kc-elm kc-css-499597\" style=\"height: 70px; clear: both; width:100%;\"><\/div><\/div><\/div><\/div><\/div><\/section><\/p>\n","protected":false},"excerpt":{"rendered":"","protected":false},"author":1,"featured_media":0,"parent":0,"menu_order":0,"comment_status":"closed","ping_status":"closed","template":"","meta":{"footnotes":""},"_links":{"self":[{"href":"https:\/\/indecosoft.ro\/site\/wp-json\/wp\/v2\/pages\/5582"}],"collection":[{"href":"https:\/\/indecosoft.ro\/site\/wp-json\/wp\/v2\/pages"}],"about":[{"href":"https:\/\/indecosoft.ro\/site\/wp-json\/wp\/v2\/types\/page"}],"author":[{"embeddable":true,"href":"https:\/\/indecosoft.ro\/site\/wp-json\/wp\/v2\/users\/1"}],"replies":[{"embeddable":true,"href":"https:\/\/indecosoft.ro\/site\/wp-json\/wp\/v2\/comments?post=5582"}],"version-history":[{"count":42,"href":"https:\/\/indecosoft.ro\/site\/wp-json\/wp\/v2\/pages\/5582\/revisions"}],"predecessor-version":[{"id":7108,"href":"https:\/\/indecosoft.ro\/site\/wp-json\/wp\/v2\/pages\/5582\/revisions\/7108"}],"wp:attachment":[{"href":"https:\/\/indecosoft.ro\/site\/wp-json\/wp\/v2\/media?parent=5582"}],"curies":[{"name":"wp","href":"https:\/\/api.w.org\/{rel}","templated":true}]}}