{"id":5503,"date":"2017-07-18T09:11:36","date_gmt":"2017-07-18T07:11:36","guid":{"rendered":"https:\/\/indecosoft.ro\/site\/?page_id=5503"},"modified":"2017-10-06T07:29:47","modified_gmt":"2017-10-06T05:29:47","slug":"contabsql","status":"publish","type":"page","link":"https:\/\/indecosoft.ro\/site\/contabsql\/","title":{"rendered":"ContabSql"},"content":{"rendered":"<p><section class=\"kc-elm kc-css-868492 kc_row\"><div class=\"kc-row-container  kc-container\"><div class=\"kc-wrap-columns\"><div class=\"kc-elm kc-css-386173 kc_col-sm-6 kc_column kc_col-sm-6\"><div class=\"kc-col-container\"><div class=\"kc-elm kc-css-935462\" style=\"height: 50px; clear: both; width:100%;\"><\/div><div class=\"kc-elm kc-css-891237 kc_shortcode kc_single_image\">\n\n        <img decoding=\"async\" src=\"https:\/\/www.indecosoft.ro\/site\/wp-content\/uploads\/2017\/07\/contabsql-250x250xc.jpg\" class=\"\" alt=\"\" \/>    <\/div>\n<div class=\"kc-elm kc-css-996817\" style=\"height: 50px; clear: both; width:100%;\"><\/div>\n<div class=\"kc-elm kc-css-777674\">\n\t<a class=\"kc_button\" href=\"https:\/\/indecosoft.ro\/site\/servicii\/agenti-economici\/\" target=\"_self\" title=\"\" onclick=\"\">\n\t\tDescarc\u00e3 aplica\u021bia  <i class=\"fa-download\"><\/i>\t<\/a>\n<\/div>\n<div class=\"kc-elm kc-css-339491\" style=\"height: 50px; clear: both; width:100%;\"><\/div><div class=\"kc-elm kc-css-177502 kc_text_block\"><\/p>\n<p>Programul permite controlul complet asupra datelor diferen\u0163iat pe nivele de competen\u0163\u0103 \u015fi nu condi\u0163ioneaz\u0103 prelucrarea informa\u0163iilor dintr-o perioad\u0103 de finalizarea lucr\u0103rilor dintr-un alt interval calendaristic.<\/p>\n<p>\n<\/div><\/div><\/div><div class=\"kc-elm kc-css-416826 kc_col-sm-6 kc_column kc_col-sm-6\"><div class=\"kc-col-container\"><div class=\"kc-elm kc-css-495513\" style=\"height: 50px; clear: both; width:100%;\"><\/div>\n<div class=\"kc-elm kc-css-192415 kc-animated kc-animate-eff-fadeIn kc-animate-speed-3.5s kc-title-wrap \">\n\n\t<h1 class=\"kc_title\">ContabSql<\/h1>\n<\/div>\n<div class=\"kc-elm kc-css-920825 kc_text_block\"><\/p>\n<p><strong>Modulul\u00a0automatizeaz\u0103 activitatea de eviden\u021b\u0103 contabil\u0103 \u0219i permite ob\u021binerea, \u00een orice moment, de situa\u021bii exacte cu un sistem eficient de management al datelor \u0219i \u00een conformitate cu legisla\u021bia \u00een vigoare, rezolv\u00e2nd toate cerin\u021bele financiar-contabile.<\/strong><\/p>\n<p>\n<\/div><div class=\"kc-elm kc-css-535940\" style=\"height: 30px; clear: both; width:100%;\"><\/div><div class=\"kc-elm kc-css-310187 kc_text_block\"><\/p>\n<p><strong>Func\u0163iunile puse la dispozi\u0163ie includ:<\/strong><\/p>\n<ul>\n<li>asistare la introducerea \u00eenregistr\u0103rilor contabile;<\/li>\n<li>generarea automat\u0103 de \u00eenregistr\u0103ri contabile;<\/li>\n<li>calcul \u015fi contare automat\u0103 TVA, \u00eenchiderea conturilor de TVA;<\/li>\n<li>\u00eenchiderea conturilor de venituri \u015fi cheltuieli;<\/li>\n<li>ob\u0163inerea balan\u0163elor analitice \u015fi sintetice cu vizualizare grafic\u0103;<\/li>\n<li>situa\u0163ii pe parteneri pe intervale calendaristice, fi\u015fa client, situa\u021bii-scadent, situa\u021bii zilnice;<\/li>\n<li>fi\u015fe de conturi, note, jurnale analitice sau sintetice, registrul jurnal, cartea mare \u015fah;<\/li>\n<li>divizarea eviden\u0163ei pe unit\u0103\u0163i, subunit\u0103\u0163i, centre de cheltuial\u0103; centralizare;<\/li>\n<\/ul>\n<p>\n<\/div><\/div><\/div><\/div><\/div><\/section><section class=\"kc-elm kc-css-13761 kc_row\"><div class=\"kc-row-container  kc-container\"><div class=\"kc-wrap-columns\"><div class=\"kc-elm kc-css-857884 kc_col-sm-12 kc_column kc_col-sm-12\"><div class=\"kc-col-container\"><div class=\"kc-elm kc-css-759243\" style=\"height: 15px; clear: both; width:100%;\"><\/div><div class=\"kc-image-gallery kc-elm kc-css-564053\"><h3 class=\"kc-title image-gallery-title\">Imagini<\/h3>\n<div class=\"kc_image_gallery kc-carousel-image kc-grid \" data-image_masonry=\"yes\">\n<div class=\"item-grid grid-4\"><a href=\"https:\/\/www.indecosoft.ro\/site\/wp-content\/uploads\/2011\/12\/apContab1.png\" target=\"_blank\"><img decoding=\"async\" src=\"https:\/\/www.indecosoft.ro\/site\/wp-content\/uploads\/2011\/12\/apContab1-250x250xc.png\" alt=\"\"\/><\/a><\/div><div class=\"item-grid grid-4\"><a href=\"https:\/\/www.indecosoft.ro\/site\/wp-content\/uploads\/2011\/12\/apContab2.png\" target=\"_blank\"><img decoding=\"async\" src=\"https:\/\/www.indecosoft.ro\/site\/wp-content\/uploads\/2011\/12\/apContab2-250x250xc.png\" alt=\"\"\/><\/a><\/div><div class=\"item-grid grid-4\"><a href=\"https:\/\/www.indecosoft.ro\/site\/wp-content\/uploads\/2011\/12\/apContab3.png\" target=\"_blank\"><img decoding=\"async\" src=\"https:\/\/www.indecosoft.ro\/site\/wp-content\/uploads\/2011\/12\/apContab3-250x250xc.png\" alt=\"\"\/><\/a><\/div><div class=\"item-grid grid-4\"><a href=\"https:\/\/www.indecosoft.ro\/site\/wp-content\/uploads\/2011\/12\/apContab4.png\" target=\"_blank\"><img decoding=\"async\" src=\"https:\/\/www.indecosoft.ro\/site\/wp-content\/uploads\/2011\/12\/apContab4-250x250xc.png\" alt=\"\"\/><\/a><\/div><\/div>\n<\/div><div class=\"kc-elm kc-css-206743\" style=\"height: 70px; clear: both; width:100%;\"><\/div><\/div><\/div><\/div><\/div><\/section><\/p>\n","protected":false},"excerpt":{"rendered":"","protected":false},"author":1,"featured_media":0,"parent":0,"menu_order":0,"comment_status":"closed","ping_status":"closed","template":"","meta":{"footnotes":""},"_links":{"self":[{"href":"https:\/\/indecosoft.ro\/site\/wp-json\/wp\/v2\/pages\/5503"}],"collection":[{"href":"https:\/\/indecosoft.ro\/site\/wp-json\/wp\/v2\/pages"}],"about":[{"href":"https:\/\/indecosoft.ro\/site\/wp-json\/wp\/v2\/types\/page"}],"author":[{"embeddable":true,"href":"https:\/\/indecosoft.ro\/site\/wp-json\/wp\/v2\/users\/1"}],"replies":[{"embeddable":true,"href":"https:\/\/indecosoft.ro\/site\/wp-json\/wp\/v2\/comments?post=5503"}],"version-history":[{"count":28,"href":"https:\/\/indecosoft.ro\/site\/wp-json\/wp\/v2\/pages\/5503\/revisions"}],"predecessor-version":[{"id":6980,"href":"https:\/\/indecosoft.ro\/site\/wp-json\/wp\/v2\/pages\/5503\/revisions\/6980"}],"wp:attachment":[{"href":"https:\/\/indecosoft.ro\/site\/wp-json\/wp\/v2\/media?parent=5503"}],"curies":[{"name":"wp","href":"https:\/\/api.w.org\/{rel}","templated":true}]}}