{"id":5456,"date":"2017-07-17T12:20:20","date_gmt":"2017-07-17T10:20:20","guid":{"rendered":"https:\/\/indecosoft.ro\/site\/?page_id=5456"},"modified":"2018-05-25T10:40:02","modified_gmt":"2018-05-25T08:40:02","slug":"asisoc","status":"publish","type":"page","link":"https:\/\/indecosoft.ro\/site\/asisoc\/","title":{"rendered":"AsiSoc"},"content":{"rendered":"<section class=\"kc-elm kc-css-804787 kc_row\"><div class=\"kc-row-container  kc-container\"><div class=\"kc-wrap-columns\"><div class=\"kc-elm kc-css-976544 kc_col-sm-3 kc_column kc_col-sm-3\"><div class=\"kc-col-container\"><div class=\"kc-elm kc-css-626566 kc_shortcode kc_single_image\">\n\n        <img decoding=\"async\" src=\"https:\/\/www.indecosoft.ro\/site\/wp-content\/uploads\/2017\/07\/logo_asisoc-300x300.png\" class=\"\" alt=\"\" \/>    <\/div>\n<\/div><\/div><div class=\"kc-elm kc-css-758616 kc_col-sm-9 kc_column kc_col-sm-9\"><div class=\"kc-col-container\"><div class=\"kc-elm kc-css-950106\" style=\"height: 60px; clear: both; width:100%;\"><\/div><div class=\"kc-elm kc-css-923061 kc-feature-boxes kc-fb-layout-2\">\n\n\t<figure class=\"content-image\"><img decoding=\"async\" src=\"https:\/\/www.indecosoft.ro\/site\/wp-content\/uploads\/2018\/05\/asisoc.png\" alt=\"\"><\/figure><div class=\"content-title\">Pentru mai multe detalii<\/div><div class=\"content-desc\">v\u0103 rugam consulta\u021bi<\/div><div class=\"content-button\"><a href=\"http:\/\/www.asisoc.ro\" target=\"_blank\" title=\"\">www.asisoc.ro<\/a><\/div>\n<\/div>\n<div class=\"kc-elm kc-css-101904\" style=\"height: 20px; clear: both; width:100%;\"><\/div>\n<div class=\"kc-elm kc-css-186737 kc-animated kc-animate-eff-fadeIn kc-animate-speed-3.5s kc-title-wrap \">\n\n\t<h1 class=\"kc_title\">AsiSoc<\/h1>\n<\/div>\n<div class=\"kc-elm kc-css-269577\" style=\"height: 20px; clear: both; width:100%;\"><\/div><div class=\"kc-elm kc-css-167738 kc_text_block\"><\/p>\n<p>Scopul sistemului informatic\u00a0<strong>ASISOC<\/strong>\u00a0(Asisten\u0163\u0103 social\u0103) este de a asigura un mediu informatic integrat pentru asistarea procesului de acordare a diferitelor tipuri de beneficii\u00a0\u0219i servicii sociale facilit\u00e2nd gestionarea dosarelor \u00eenregistrate, generarea sumelor acordate \u015fi plata acestor sume beneficiarilor de asisten\u0163\u0103 social\u0103.<\/p>\n<p>\n<\/div><div class=\"kc-elm kc-css-714172\" style=\"height: 20px; clear: both; width:100%;\"><\/div><div class=\"kc-elm kc-css-883120 kc_text_block\"><\/p>\n<p>Sistemul informatic de asisten\u0163\u0103 social\u0103 gestioneaz\u0103 dosare corespunz\u0103toare mai multor beneficii: ajutor social lunar, aloca\u0163ie de sus\u021binere a familiei, ajutor de \u00eenc\u0103lzire(energie termic\u0103, gaze naturale, lemne c\u0103rbuni \u015fi combustibili petrolieri), ajutor de urgen\u0163\u0103, cantin\u0103 social\u0103, asisten\u0163i personali, indemniza\u0163ie pentru persoana cu handicap, aloca\u0163ie de stat, asisten\u0163i maternali, aloca\u0163ie lunar\u0103 de plasament, tichete sociale, locuin\u021be sociale, servicii sociale.<\/p>\n<p>\n<\/div><div class=\"kc-elm kc-css-159916\" style=\"height: 50px; clear: both; width:100%;\"><\/div>\n\t<div class=\"kc-elm kc-css-421590 kc_shortcode kc_video_play kc_video_wrapper\" data-video=\"https:\/\/youtu.be\/upeQdbKd5pI\" data-width=\"800\" data-height=\"451.97740112994\" data-fullwidth=\"\" data-autoplay=\"\" data-loop=\"yes\" data-control=\"yes\" data-related=\"\" data-showinfo=\"\" data-kc-video-mute=\"no\">\n\t\t\t<\/div>\n\n<div class=\"kc-elm kc-css-498240\" style=\"height: 50px; clear: both; width:100%;\"><\/div><div class=\"kc-elm kc-css-988812 kc_text_block\"><\/p>\n<p align=\"left\"><strong style=\"font-style: inherit;\">Caracteristici:<\/strong><\/p>\n<ul>\n<li>Gestionarea unitar\u0103 a diverselor tipuri de beneficii sociale;<\/li>\n<li>Valid\u0103ri \u00eentre diverse tipuri de beneficii (\u0219i \u00een cadrul lor);<\/li>\n<li>Nomenclator unic de persoane, o persoan\u0103 se introduce o singur\u0103 dat\u0103 \u00een baza de date, indiferent de num\u0103rul de beneficii;<\/li>\n<li>\u00a0Unicitate venituri, adrese;<\/li>\n<li>Situa\u021bie trezorerie centralizat\u0103 configurabil\u0103 pe diverse beneficii sociale;<\/li>\n<li>Fi\u0219a de verificare VMG cu toate beneficiile unei persoane;<\/li>\n<li>P\u0103strare istoric beneficii, persoane;<\/li>\n<li>Fi\u0219a personal\u0103 sintetic\u0103 a unei persoane, raport cost\/beneficiar<\/li>\n<li>Eviden\u021ba activit\u0103\u021bii utilizatorilor pe tipuri de beneficii;<\/li>\n<li>Generarea borderourilor pentru AJPS (xls);<\/li>\n<li>\u00a0Listare Anchet\u0103 Social\u0103 (model_norme)<\/li>\n<li>\u00a0Listare cerere (model_norme)<\/li>\n<li>\u00a0Rapoarte statistice definite de utilizatori<\/li>\n<\/ul>\n<p>\n<\/div><div class=\"kc-elm kc-css-582200\" style=\"height: 50px; clear: both; width:100%;\"><\/div><div class=\"kc-elm kc-css-835227 kc_text_block\"><\/p>\n<p align=\"left\"><strong>Aplica\u0163ia gestioneaz\u0103:<\/strong><\/p>\n<ul>\n<li>registre ale dosarelor de asisten\u0163\u0103 social\u0103 pentru fiecare tip de beneficiu<\/li>\n<li>acordarea sumelor beneficiarilor de asisten\u0163\u0103 social\u0103<\/li>\n<li>nomenclatoare<\/li>\n<li>anchete sociale<strong>\u00a0<\/strong><\/li>\n<\/ul>\n<p>\n<\/div><div class=\"kc-elm kc-css-745463\" style=\"height: 50px; clear: both; width:100%;\"><\/div><\/div><\/div><\/div><\/div><\/section>\n","protected":false},"excerpt":{"rendered":"","protected":false},"author":1,"featured_media":0,"parent":0,"menu_order":0,"comment_status":"closed","ping_status":"closed","template":"","meta":{"footnotes":""},"_links":{"self":[{"href":"https:\/\/indecosoft.ro\/site\/wp-json\/wp\/v2\/pages\/5456"}],"collection":[{"href":"https:\/\/indecosoft.ro\/site\/wp-json\/wp\/v2\/pages"}],"about":[{"href":"https:\/\/indecosoft.ro\/site\/wp-json\/wp\/v2\/types\/page"}],"author":[{"embeddable":true,"href":"https:\/\/indecosoft.ro\/site\/wp-json\/wp\/v2\/users\/1"}],"replies":[{"embeddable":true,"href":"https:\/\/indecosoft.ro\/site\/wp-json\/wp\/v2\/comments?post=5456"}],"version-history":[{"count":57,"href":"https:\/\/indecosoft.ro\/site\/wp-json\/wp\/v2\/pages\/5456\/revisions"}],"predecessor-version":[{"id":7168,"href":"https:\/\/indecosoft.ro\/site\/wp-json\/wp\/v2\/pages\/5456\/revisions\/7168"}],"wp:attachment":[{"href":"https:\/\/indecosoft.ro\/site\/wp-json\/wp\/v2\/media?parent=5456"}],"curies":[{"name":"wp","href":"https:\/\/api.w.org\/{rel}","templated":true}]}}