{"id":469,"date":"2011-12-19T15:36:29","date_gmt":"2011-12-19T13:36:29","guid":{"rendered":"https:\/\/indecosoft.ro\/site\/?page_id=469"},"modified":"2017-10-06T07:33:26","modified_gmt":"2017-10-06T05:33:26","slug":"detalii-cashflow","status":"publish","type":"page","link":"https:\/\/indecosoft.ro\/site\/produse-si-solutii\/detalii-cashflow\/","title":{"rendered":"CashFlow"},"content":{"rendered":"<p><section class=\"kc-elm kc-css-96906 kc_row\"><div class=\"kc-row-container  kc-container\"><div class=\"kc-wrap-columns\"><div class=\"kc-elm kc-css-413221 kc_col-sm-6 kc_column kc_col-sm-6\"><div class=\"kc-col-container\"><div class=\"kc-elm kc-css-279735\" style=\"height: 50px; clear: both; width:100%;\"><\/div><div class=\"kc-elm kc-css-635233 kc_shortcode kc_single_image\">\n\n        <img decoding=\"async\" src=\"https:\/\/www.indecosoft.ro\/site\/wp-content\/uploads\/2011\/12\/cashflow-1-250x250xc.jpg\" class=\"\" alt=\"\" \/>    <\/div>\n<div class=\"kc-elm kc-css-733080\" style=\"height: 50px; clear: both; width:100%;\"><\/div>\n<div class=\"kc-elm kc-css-619628\">\n\t<a class=\"kc_button\" href=\"https:\/\/indecosoft.ro\/site\/servicii\/agenti-economici\/\" target=\"_self\" title=\"\" onclick=\"\">\n\t\tDescarc\u00e3 aplica\u021bia  <i class=\"fa-download\"><\/i>\t<\/a>\n<\/div>\n<div class=\"kc-elm kc-css-301610\" style=\"height: 50px; clear: both; width:100%;\"><\/div><div class=\"kc-elm kc-css-163379 kc_text_block\"><\/p>\n<p><strong>Aplica\u021bia are leg\u0103tur\u0103 cu contabilitatea \u0219i permite generarea tuturor mi\u0219c\u0103rilor efectuate \u00een program (facturi, \u00eencas\u0103ri).<\/strong><\/p>\n<p>\n<\/div><\/div><\/div><div class=\"kc-elm kc-css-188022 kc_col-sm-6 kc_column kc_col-sm-6\"><div class=\"kc-col-container\"><div class=\"kc-elm kc-css-327232\" style=\"height: 50px; clear: both; width:100%;\"><\/div>\n<div class=\"kc-elm kc-css-235511 kc-animated kc-animate-eff-fadeIn kc-animate-speed-3.5s kc-title-wrap \">\n\n\t<h1 class=\"kc_title\">CashFlow<\/h1>\n<\/div>\n<div class=\"kc-elm kc-css-991874 kc_text_block\"><\/p>\n<p><strong>Aplica\u021bia CashFlow are ca scop principal u\u0219urarea gestion\u0103rii contractelor \u0219i poate ajuta la fundamentarea bugetelor.<\/strong><\/p>\n<p>\n<\/div><div class=\"kc-elm kc-css-113273\" style=\"height: 30px; clear: both; width:100%;\"><\/div><div class=\"kc-elm kc-css-679908 kc_text_block\"><\/p>\n<p><strong>Programul ofer\u0103 urm\u0103toarele facilit\u0103\u021bi:<\/strong><\/p>\n<ul>\n<li>\u00eenregistrarea tuturor partenerilor cu contract sau beneficiari ai serviciilor<\/li>\n<li>desf\u0103\u0219ur\u0103tor de rate ale contractului<\/li>\n<li>gestionarea serviciilor \u0219i obiectelor contractelor<\/li>\n<li>facturarea contractelor sau a altor facturi<\/li>\n<li>generare \u0219i modificare rate<\/li>\n<li>operarea facturilor \u00een alt\u0103 moned\u0103<\/li>\n<li>\u00eencasarea facturilor emise \u0219i emiterea de chitan\u021be<\/li>\n<li>borderouri de facturi \u0219i \u00eencas\u0103ri pe perioade<\/li>\n<li>posibilitatea de previzionare a bugetului prin contracte prognozate<\/li>\n<\/ul>\n<p>\n<\/div><\/div><\/div><\/div><\/div><\/section><section class=\"kc-elm kc-css-431869 kc_row\"><div class=\"kc-row-container  kc-container\"><div class=\"kc-wrap-columns\"><div class=\"kc-elm kc-css-131050 kc_col-sm-12 kc_column kc_col-sm-12\"><div class=\"kc-col-container\"><div class=\"kc-elm kc-css-893654\" style=\"height: 15px; clear: both; width:100%;\"><\/div><div class=\"kc-image-gallery kc-elm kc-css-795719\"><h3 class=\"kc-title image-gallery-title\">Imagini<\/h3>\n<div class=\"kc_image_gallery kc-carousel-image kc-grid \" data-image_masonry=\"yes\">\n<div class=\"item-grid grid-4\"><a href=\"https:\/\/www.indecosoft.ro\/site\/wp-content\/uploads\/2011\/12\/CashFlow1.png\" target=\"_blank\"><img decoding=\"async\" src=\"https:\/\/www.indecosoft.ro\/site\/wp-content\/uploads\/2011\/12\/CashFlow1-250x250xc.png\" alt=\"\"\/><\/a><\/div><div class=\"item-grid grid-4\"><a href=\"https:\/\/www.indecosoft.ro\/site\/wp-content\/uploads\/2011\/12\/CashFlow2.png\" target=\"_blank\"><img decoding=\"async\" src=\"https:\/\/www.indecosoft.ro\/site\/wp-content\/uploads\/2011\/12\/CashFlow2-250x250xc.png\" alt=\"\"\/><\/a><\/div><div class=\"item-grid grid-4\"><a href=\"https:\/\/www.indecosoft.ro\/site\/wp-content\/uploads\/2011\/12\/CashFlow3.png\" target=\"_blank\"><img decoding=\"async\" src=\"https:\/\/www.indecosoft.ro\/site\/wp-content\/uploads\/2011\/12\/CashFlow3-250x250xc.png\" alt=\"\"\/><\/a><\/div><div class=\"item-grid grid-4\"><a href=\"https:\/\/www.indecosoft.ro\/site\/wp-content\/uploads\/2011\/12\/CashFlow4.png\" target=\"_blank\"><img decoding=\"async\" src=\"https:\/\/www.indecosoft.ro\/site\/wp-content\/uploads\/2011\/12\/CashFlow4-250x250xc.png\" alt=\"\"\/><\/a><\/div><\/div>\n<\/div><div class=\"kc-elm kc-css-778128\" style=\"height: 70px; clear: both; width:100%;\"><\/div><\/div><\/div><\/div><\/div><\/section><\/p>\n","protected":false},"excerpt":{"rendered":"","protected":false},"author":1,"featured_media":0,"parent":213,"menu_order":0,"comment_status":"closed","ping_status":"closed","template":"","meta":{"footnotes":""},"_links":{"self":[{"href":"https:\/\/indecosoft.ro\/site\/wp-json\/wp\/v2\/pages\/469"}],"collection":[{"href":"https:\/\/indecosoft.ro\/site\/wp-json\/wp\/v2\/pages"}],"about":[{"href":"https:\/\/indecosoft.ro\/site\/wp-json\/wp\/v2\/types\/page"}],"author":[{"embeddable":true,"href":"https:\/\/indecosoft.ro\/site\/wp-json\/wp\/v2\/users\/1"}],"replies":[{"embeddable":true,"href":"https:\/\/indecosoft.ro\/site\/wp-json\/wp\/v2\/comments?post=469"}],"version-history":[{"count":6,"href":"https:\/\/indecosoft.ro\/site\/wp-json\/wp\/v2\/pages\/469\/revisions"}],"predecessor-version":[{"id":6985,"href":"https:\/\/indecosoft.ro\/site\/wp-json\/wp\/v2\/pages\/469\/revisions\/6985"}],"up":[{"embeddable":true,"href":"https:\/\/indecosoft.ro\/site\/wp-json\/wp\/v2\/pages\/213"}],"wp:attachment":[{"href":"https:\/\/indecosoft.ro\/site\/wp-json\/wp\/v2\/media?parent=469"}],"curies":[{"name":"wp","href":"https:\/\/api.w.org\/{rel}","templated":true}]}}