{"id":4608,"date":"2017-02-24T15:56:47","date_gmt":"2017-02-24T13:56:47","guid":{"rendered":"https:\/\/indecosoft.ro\/site\/?page_id=4608"},"modified":"2020-05-13T12:40:22","modified_gmt":"2020-05-13T10:40:22","slug":"responsabilitate-sociala","status":"publish","type":"page","link":"https:\/\/indecosoft.ro\/site\/responsabilitate-sociala\/","title":{"rendered":"Responsabilitate social\u00e3"},"content":{"rendered":"<p><section class=\"kc-elm kc-css-806914 kc_row\"><div class=\"kc-row-container  kc-container\"><div class=\"kc-wrap-columns\"><div class=\"kc-elm kc-css-271670 kc_col-sm-12 kc_column kc_col-sm-12\"><div class=\"kc-col-container\"><div class=\"kc-elm kc-css-994542\" style=\"height: 50px; clear: both; width:100%;\"><\/div>\n<div class=\"kc-elm kc-css-899502 kc-animated kc-animate-eff-bounceInRight kc-animate-delay-500 kc-animate-speed-3.5s kc-title-wrap \">\n\n\t<h5 class=\"kc_title\">Proiecte - Responsabilitate social\u00e3<\/h5>\n<\/div>\n<div class=\"kc-elm kc-css-482980\" style=\"height: 50px; clear: both; width:100%;\"><\/div><\/div><\/div><\/div><\/div><\/section><section class=\"kc-elm kc-css-925037 kc_row\"><div class=\"kc-row-container  kc-container\"><div class=\"kc-wrap-columns\"><div class=\"kc-elm kc-css-1519 kc_col-of-5 kc_column kc_col-of-5\"><div class=\"kc-col-container\"><div class=\"kc-elm kc-css-145993\" style=\"height: 40px; clear: both; width:100%;\"><\/div><div class=\"kc-elm kc-css-977856 kc_shortcode kc_single_image\">\n\n        <a  href=\"https:\/\/indecosoft.ro\/site\/emotion\/\" title=\"Emotion\" target=\"_self\">\n        <img decoding=\"async\" src=\"https:\/\/www.indecosoft.ro\/site\/wp-content\/uploads\/2019\/09\/emotion-1-700x350xc.png\" class=\"\" alt=\"\" \/>    <\/a>\n    <\/div>\n<\/div><\/div><div class=\"kc-elm kc-css-306302 kc_col-sm-10 kc_column kc_col-sm-10\"><div class=\"kc-col-container\"><div class=\"kc-elm kc-css-530693 kc_text_block\"><\/p>\n<h3 style=\"color: #23282d; font-size: 1.3em; margin: 1em 0px; max-width: 100%; line-height: normal; font-family: -apple-system, BlinkMacSystemFont, 'Segoe UI', Roboto, Oxygen-Sans, Ubuntu, Cantarell, 'Helvetica Neue', sans-serif; padding-left: 0px !important;\">eMOTION<\/h3>\n<p style=\"font-size: 13px; line-height: normal; margin: 1em 0px; max-width: 100%; color: #444444; font-family: -apple-system, BlinkMacSystemFont, 'Segoe UI', Roboto, Oxygen-Sans, Ubuntu, Cantarell, 'Helvetica Neue', sans-serif;\"><strong style=\"box-sizing: border-box; color: #818282; font-family: Verdana, Geneva, sans-serif, sans-serif; font-size: 14px;\">EMOTIoN<\/strong><span style=\"color: #818282; font-family: Verdana, Geneva, sans-serif, sans-serif; font-size: 14px;\">\u00a0permite monitorizarea \u00een timp real a pulsului, pozi\u021biei GPS, activit\u0103\u021bii fizice \u0219i periodic a tensiunii arteriale \u0219i glicemiei&#8230;<\/span><\/p>\n<p>\n<\/div><div class=\"kc-elm kc-css-591324 kc_text_block\"><\/p>\n<h3 style=\"color: #23282d; font-size: 1.3em; margin: 1em 0px; max-width: 100%; line-height: normal; font-family: -apple-system, BlinkMacSystemFont, 'Segoe UI', Roboto, Oxygen-Sans, Ubuntu, Cantarell, 'Helvetica Neue', sans-serif; padding-left: 0px !important;\"><span style=\"color: #444444; font-size: 13px;\"><a style=\"color: #00a0d2;\" href=\"https:\/\/indecosoft.ro\/site\/emotion\/\">Mai multe detalii&#8230;<\/a><\/span><\/h3>\n<p>\n<\/div><div class=\"kc-elm kc-css-742243\" style=\"height: 100px; clear: both; width:100%;\"><\/div><\/div><\/div><\/div><\/div><\/section><section class=\"kc-elm kc-css-453207 kc_row\"><div class=\"kc-row-container  kc-container\"><div class=\"kc-wrap-columns\"><div class=\"kc-elm kc-css-744039 kc_col-of-5 kc_column kc_col-of-5\"><div class=\"kc-col-container\"><div class=\"kc-elm kc-css-986860\" style=\"height: 0px; clear: both; width:100%;\"><\/div><div class=\"kc-elm kc-css-961919 kc_shortcode kc_single_image\">\n\n        <a  href=\"https:\/\/indecosoft.ro\/site\/earth-observation-climlab\/\" title=\"EOClimLab\" target=\"_self\">\n        <img decoding=\"async\" src=\"https:\/\/www.indecosoft.ro\/site\/wp-content\/uploads\/2017\/06\/c.png\" class=\"\" alt=\"\" \/>    <\/a>\n    <\/div>\n<\/div><\/div><div class=\"kc-elm kc-css-771555 kc_col-sm-10 kc_column kc_col-sm-10\"><div class=\"kc-col-container\"><div class=\"kc-elm kc-css-619506 kc_text_block\"><\/p>\n<h3 style=\"color: #23282d; font-size: 1.3em; margin: 1em 0px; max-width: 100%; line-height: normal; font-family: -apple-system, BlinkMacSystemFont, 'Segoe UI', Roboto, Oxygen-Sans, Ubuntu, Cantarell, 'Helvetica Neue', sans-serif; padding-left: 0px !important;\">EO ClimLab<\/h3>\n<p style=\"font-size: 13px; line-height: normal; margin: 1em 0px; max-width: 100%; color: #444444; font-family: -apple-system, BlinkMacSystemFont, 'Segoe UI', Roboto, Oxygen-Sans, Ubuntu, Cantarell, 'Helvetica Neue', sans-serif;\"><strong style=\"box-sizing: border-box; color: #818282; font-family: Verdana, Geneva, sans-serif, sans-serif; font-size: 15px;\">EO ClimLab<\/strong><span style=\"color: #818282; font-family: Verdana, Geneva, sans-serif, sans-serif; font-size: 15px;\">\u00a0este un mediu de cercetare colaborativ care permite dezvoltarea rapid\u0103 \u0219i prototiparea de noi produse bazate pe Observarea P\u0103m\u00e2ntului \u2013 Earth Observation (EO), urm\u0103rind sprijinirea adapt\u0103rii \u0219i reducerii efectelor schimb\u0103rilor climatice \u00een cadrul unor abord\u0103ri multi-disciplinare legate de mediul de afaceri \u0219i societate&#8230;<\/span><\/p>\n<p>\n<\/div><div class=\"kc-elm kc-css-48388 kc_text_block\"><\/p>\n<h3 style=\"color: #23282d; font-size: 1.3em; margin: 1em 0px; max-width: 100%; line-height: normal; font-family: -apple-system, BlinkMacSystemFont, 'Segoe UI', Roboto, Oxygen-Sans, Ubuntu, Cantarell, 'Helvetica Neue', sans-serif; padding-left: 0px !important;\"><span style=\"color: #444444; font-size: 13px;\"><a style=\"color: #00a0d2;\" href=\"https:\/\/indecosoft.ro\/site\/earth-observation-climlab\/\">Mai multe detalii&#8230;<\/a><\/span><\/h3>\n<p>\n<\/div><div class=\"kc-elm kc-css-89366\" style=\"height: 100px; clear: both; width:100%;\"><\/div><\/div><\/div><\/div><\/div><\/section><section class=\"kc-elm kc-css-925781 kc_row\"><div class=\"kc-row-container  kc-container\"><div class=\"kc-wrap-columns\"><div class=\"kc-elm kc-css-667169 kc_col-of-5 kc_column kc_col-of-5\"><div class=\"kc-col-container\"><div class=\"kc-elm kc-css-770629\" style=\"height: 40px; clear: both; width:100%;\"><\/div><div class=\"kc-elm kc-css-12377 kc_shortcode kc_single_image\">\n\n        <a  href=\"https:\/\/www.greentop.space\" title=\"Greentop.space\" target=\"_blank\">\n        <img decoding=\"async\" src=\"https:\/\/www.indecosoft.ro\/site\/wp-content\/uploads\/2017\/06\/2-e1498739771976.png\" class=\"\" alt=\"\" \/>    <\/a>\n    <\/div>\n<\/div><\/div><div class=\"kc-elm kc-css-52989 kc_col-sm-10 kc_column kc_col-sm-10\"><div class=\"kc-col-container\"><div class=\"kc-elm kc-css-455597 kc_text_block\"><\/p>\n<h3 style=\"color: #23282d; font-size: 1.3em; margin: 1em 0px; max-width: 100%; line-height: normal; font-family: -apple-system, BlinkMacSystemFont, 'Segoe UI', Roboto, Oxygen-Sans, Ubuntu, Cantarell, 'Helvetica Neue', sans-serif; padding-left: 0px !important;\"><span style=\"color: #818282; font-family: Verdana, Geneva, sans-serif, sans-serif; font-size: 15px;\"><strong>GREENTOP<\/strong><\/span><\/h3>\n<p style=\"font-size: 13px; line-height: normal; margin: 1em 0px; max-width: 100%; color: #444444; font-family: -apple-system, BlinkMacSystemFont, 'Segoe UI', Roboto, Oxygen-Sans, Ubuntu, Cantarell, 'Helvetica Neue', sans-serif;\"><span style=\"color: #818282; font-family: Verdana, Geneva, sans-serif, sans-serif; font-size: 15px;\"><strong>GREENTOP<\/strong>\u00a0wants to create a community of enthusiasts willing\u00a0to share their computing power to rapidly process small portions of imagery&#8230;<\/span><\/p>\n<p>\n<\/div><div class=\"kc-elm kc-css-925790 kc_text_block\"><\/p>\n<h3 style=\"color: #23282d; font-size: 1.3em; margin: 1em 0px; max-width: 100%; line-height: normal; font-family: -apple-system, BlinkMacSystemFont, 'Segoe UI', Roboto, Oxygen-Sans, Ubuntu, Cantarell, 'Helvetica Neue', sans-serif; padding-left: 0px !important;\"><span style=\"color: #444444; font-size: 13px;\"><a style=\"color: #00a0d2;\" href=\"https:\/\/greentop.space\/\">Mai multe detalii&#8230;<\/a><\/span><\/h3>\n<p>\n<\/div><div class=\"kc-elm kc-css-240872\" style=\"height: 100px; clear: both; width:100%;\"><\/div><\/div><\/div><\/div><\/div><\/section><section class=\"kc-elm kc-css-497281 kc_row\"><div class=\"kc-row-container  kc-container\"><div class=\"kc-wrap-columns\"><div class=\"kc-elm kc-css-663135 kc_col-of-5 kc_column kc_col-of-5\"><div class=\"kc-col-container\"><div class=\"kc-elm kc-css-842158 kc_shortcode kc_single_image\">\n\n        <img decoding=\"async\" src=\"https:\/\/www.indecosoft.ro\/site\/wp-content\/uploads\/2019\/09\/logo-fAMILIA.png\" class=\"\" alt=\"\" \/>    <\/div>\n<\/div><\/div><div class=\"kc-elm kc-css-360724 kc_col-sm-10 kc_column kc_col-sm-10\"><div class=\"kc-col-container\"><div class=\"kc-elm kc-css-969531 kc_text_block\"><\/p>\n<h3 style=\"color: #23282d; font-size: 1.3em; margin: 1em 0px; max-width: 100%; line-height: normal; font-family: -apple-system, BlinkMacSystemFont, 'Segoe UI', Roboto, Oxygen-Sans, Ubuntu, Cantarell, 'Helvetica Neue', sans-serif; padding-left: 0px !important;\"><span style=\"color: #818282; font-family: Verdana, Geneva, sans-serif, sans-serif; font-size: 15px;\"><strong>fAMILIA<\/strong><\/span><\/h3>\n<p style=\"text-align: justify; line-height: normal; margin: 1em 0px; max-width: 100%;\"><span style=\"color: #818282; font-family: Verdana, Geneva, sans-serif, sans-serif; font-size: 15px;\">Proiectul realizeaz\u0103 cercetarea industrial\u0103 \u00een scopul acumul\u0103rii de noi cuno\u0219tin\u021be, adopt\u0103rii de tehnologii, \u0219i valid\u0103rii tehnologice ale conceptelor \u0219i modulelor dezvoltate \u00een cadrul proiectului \u00een vederea dezvolt\u0103rii unui produs \u00een domeniul socio-medical, cu componente inovatoare \u0219i furniz\u0103rii c\u0103tre clien\u021bii finali a unor servicii noi pe pia\u021ba rom\u00e2neasc\u0103.<\/span><\/p>\n<p>\n<\/div><div class=\"kc-elm kc-css-625271 kc_text_block\"><\/p>\n<h3 style=\"color: #23282d; font-size: 1.3em; margin: 1em 0px; max-width: 100%; line-height: normal; font-family: -apple-system, BlinkMacSystemFont, 'Segoe UI', Roboto, Oxygen-Sans, Ubuntu, Cantarell, 'Helvetica Neue', sans-serif; padding-left: 0px !important;\"><span style=\"color: #444444; font-size: 13px;\"><a style=\"color: #00a0d2;\" href=\"https:\/\/indecosoft.ro\/site\/familia\/\">Mai multe detalii&#8230;<\/a><\/span><\/h3>\n<p>\n<\/div><div class=\"kc-elm kc-css-474690\" style=\"height: 100px; clear: both; width:100%;\"><\/div><\/div><\/div><\/div><\/div><\/section><section class=\"kc-elm kc-css-719401 kc_row\"><div class=\"kc-row-container  kc-container\"><div class=\"kc-wrap-columns\"><div class=\"kc-elm kc-css-154420 kc_col-of-5 kc_column kc_col-of-5\"><div class=\"kc-col-container\"><div class=\"kc-elm kc-css-268310\" style=\"height: 60px; clear: both; width:100%;\"><\/div><div class=\"kc-elm kc-css-643068 kc_shortcode kc_single_image\">\n\n        <a  href=\"https:\/\/edelivery.aadr.ro\" title=\"eDelivery\" target=\"_blank\">\n        <img decoding=\"async\" src=\"https:\/\/www.indecosoft.ro\/site\/wp-content\/uploads\/2018\/02\/eDelivery-700x183xc.png\" class=\"\" alt=\"\" \/>    <\/a>\n    <\/div>\n<\/div><\/div><div class=\"kc-elm kc-css-531574 kc_col-sm-10 kc_column kc_col-sm-10\"><div class=\"kc-col-container\"><div class=\"kc-elm kc-css-101349 kc_text_block\"><\/p>\n<h3 style=\"color: #23282d; font-size: 1.3em; margin: 1em 0px; max-width: 100%; line-height: normal; font-family: -apple-system, BlinkMacSystemFont, 'Segoe UI', Roboto, Oxygen-Sans, Ubuntu, Cantarell, 'Helvetica Neue', sans-serif; padding-left: 0px !important;\"><span style=\"color: #818282; font-family: Verdana, Geneva, sans-serif, sans-serif; font-size: 15px;\"><strong>eDelivery<\/strong><\/span><\/h3>\n<p style=\"font-size: 13px; line-height: normal; margin: 1em 0px; max-width: 100%; color: #444444; font-family: -apple-system, BlinkMacSystemFont, 'Segoe UI', Roboto, Oxygen-Sans, Ubuntu, Cantarell, 'Helvetica Neue', sans-serif;\"><span style=\"color: #818282; font-family: Verdana, Geneva, sans-serif, sans-serif; font-size: 15px;\">Proiectul urmareste integrarea Rom\u00e2niei in reteaua de puncte de acces (Access Points) prin implementarea serviciilor generice \u0219i sprijinirea adopt\u0103rii DSI specifice pentru eDelivery pentru entit\u0103\u021bile publice \u0219i private din Romania&#8230;<\/span><\/p>\n<p>\n<\/div><div class=\"kc-elm kc-css-30876 kc_text_block\"><\/p>\n<h3 style=\"color: #23282d; font-size: 1.3em; margin: 1em 0px; max-width: 100%; line-height: normal; font-family: -apple-system, BlinkMacSystemFont, 'Segoe UI', Roboto, Oxygen-Sans, Ubuntu, Cantarell, 'Helvetica Neue', sans-serif; padding-left: 0px !important;\"><span style=\"color: #444444; font-size: 13px;\"><a style=\"color: #00a0d2;\" href=\"https:\/\/edelivery.aadr.ro\/\">Mai multe detalii&#8230;<\/a><\/span><\/h3>\n<p>\n<\/div><div class=\"kc-elm kc-css-530049\" style=\"height: 100px; clear: both; width:100%;\"><\/div><\/div><\/div><\/div><\/div><\/section><section class=\"kc-elm kc-css-304416 kc_row\"><div class=\"kc-row-container  kc-container\"><div class=\"kc-wrap-columns\"><div class=\"kc-elm kc-css-678690 kc_col-of-5 kc_column kc_col-of-5\"><div class=\"kc-col-container\"><div class=\"kc-elm kc-css-977816\" style=\"height: 10px; clear: both; width:100%;\"><\/div><div class=\"kc-elm kc-css-344048 kc_shortcode kc_single_image\">\n\n        <a  href=\"https:\/\/indecosoft.ro\/site\/uia-baia-mare-smart-post-industrial-regenerative-ecosystem-spire\/\" title=\"SPIRE\" target=\"_self\">\n        <img decoding=\"async\" src=\"https:\/\/www.indecosoft.ro\/site\/wp-content\/uploads\/2019\/08\/SPIRE-cu-titlu-700x600xc.png\" class=\"\" alt=\"\" \/>    <\/a>\n    <\/div>\n<\/div><\/div><div class=\"kc-elm kc-css-662335 kc_col-sm-10 kc_column kc_col-sm-10\"><div class=\"kc-col-container\"><div class=\"kc-elm kc-css-674171 kc_text_block\"><\/p>\n<h3 style=\"color: #23282d; font-size: 1.3em; margin: 1em 0px; max-width: 100%; line-height: normal; font-family: -apple-system, BlinkMacSystemFont, 'Segoe UI', Roboto, Oxygen-Sans, Ubuntu, Cantarell, 'Helvetica Neue', sans-serif; padding-left: 0px !important;\"><span style=\"color: #818282; font-family: Verdana, Geneva, sans-serif, sans-serif; font-size: 15px;\"><strong>Spire<\/strong><\/span><\/h3>\n<p style=\"font-size: 13px; line-height: normal; margin: 1em 0px; max-width: 100%; color: #444444; font-family: -apple-system, BlinkMacSystemFont, 'Segoe UI', Roboto, Oxygen-Sans, Ubuntu, Cantarell, 'Helvetica Neue', sans-serif;\"><span style=\"color: #818282; font-family: Verdana, Geneva, sans-serif, sans-serif; font-size: 15px;\">SPIRE has the ambition of starting a long-term environmental, social and economic redevelopment in Baia Mare, facilitating its transition from Romania\u2019s ex-mining capital to a leader of environmental design and production.<\/span><\/p>\n<p>\n<\/div><div class=\"kc-elm kc-css-218976 kc_text_block\"><\/p>\n<h3 style=\"color: #23282d; font-size: 1.3em; margin: 1em 0px; max-width: 100%; line-height: normal; font-family: -apple-system, BlinkMacSystemFont, 'Segoe UI', Roboto, Oxygen-Sans, Ubuntu, Cantarell, 'Helvetica Neue', sans-serif; padding-left: 0px !important;\"><span style=\"color: #444444; font-size: 13px;\"><a style=\"color: #00a0d2;\" href=\"https:\/\/indecosoft.ro\/site\/uia-baia-mare-smart-post-industrial-regenerative-ecosystem-spire\/\">Mai multe detalii&#8230;<\/a><\/span><\/h3>\n<p>\n<\/div><div class=\"kc-elm kc-css-932849\" style=\"height: 100px; clear: both; width:100%;\"><\/div><\/div><\/div><\/div><\/div><\/section><\/p>\n","protected":false},"excerpt":{"rendered":"","protected":false},"author":1,"featured_media":0,"parent":0,"menu_order":0,"comment_status":"closed","ping_status":"closed","template":"","meta":{"footnotes":""},"_links":{"self":[{"href":"https:\/\/indecosoft.ro\/site\/wp-json\/wp\/v2\/pages\/4608"}],"collection":[{"href":"https:\/\/indecosoft.ro\/site\/wp-json\/wp\/v2\/pages"}],"about":[{"href":"https:\/\/indecosoft.ro\/site\/wp-json\/wp\/v2\/types\/page"}],"author":[{"embeddable":true,"href":"https:\/\/indecosoft.ro\/site\/wp-json\/wp\/v2\/users\/1"}],"replies":[{"embeddable":true,"href":"https:\/\/indecosoft.ro\/site\/wp-json\/wp\/v2\/comments?post=4608"}],"version-history":[{"count":49,"href":"https:\/\/indecosoft.ro\/site\/wp-json\/wp\/v2\/pages\/4608\/revisions"}],"predecessor-version":[{"id":7321,"href":"https:\/\/indecosoft.ro\/site\/wp-json\/wp\/v2\/pages\/4608\/revisions\/7321"}],"wp:attachment":[{"href":"https:\/\/indecosoft.ro\/site\/wp-json\/wp\/v2\/media?parent=4608"}],"curies":[{"name":"wp","href":"https:\/\/api.w.org\/{rel}","templated":true}]}}