{"id":453,"date":"2011-12-19T14:59:52","date_gmt":"2011-12-19T12:59:52","guid":{"rendered":"https:\/\/indecosoft.ro\/site\/?page_id=453"},"modified":"2017-10-06T07:32:49","modified_gmt":"2017-10-06T05:32:49","slug":"detalii-salarsql","status":"publish","type":"page","link":"https:\/\/indecosoft.ro\/site\/produse-si-solutii\/detalii-salarsql\/","title":{"rendered":"SalarSql"},"content":{"rendered":"<p><section class=\"kc-elm kc-css-241052 kc_row\"><div class=\"kc-row-container  kc-container\"><div class=\"kc-wrap-columns\"><div class=\"kc-elm kc-css-470841 kc_col-sm-6 kc_column kc_col-sm-6\"><div class=\"kc-col-container\"><div class=\"kc-elm kc-css-327363\" style=\"height: 50px; clear: both; width:100%;\"><\/div><div class=\"kc-elm kc-css-138803 kc_shortcode kc_single_image\">\n\n        <img decoding=\"async\" src=\"https:\/\/www.indecosoft.ro\/site\/wp-content\/uploads\/2011\/12\/salarsql2-250x250xc.jpg\" class=\"\" alt=\"\" \/>    <\/div>\n<div class=\"kc-elm kc-css-413069\" style=\"height: 50px; clear: both; width:100%;\"><\/div>\n<div class=\"kc-elm kc-css-744214\">\n\t<a class=\"kc_button\" href=\"https:\/\/indecosoft.ro\/site\/servicii\/agenti-economici\/\" target=\"_self\" title=\"\" onclick=\"\">\n\t\tDescarc\u00e3 aplica\u021bia  <i class=\"fa-download\"><\/i>\t<\/a>\n<\/div>\n<div class=\"kc-elm kc-css-558684\" style=\"height: 50px; clear: both; width:100%;\"><\/div><div class=\"kc-elm kc-css-829058 kc_text_block\"><\/p>\n<p><strong>Programul permite centralizarea datelor pentru institu\u0163ii cu unit\u0103\u0163i subordonate \u00een vederea raport\u0103rii c\u0103tre CAS, CASS, AJOFM.<\/strong><\/p>\n<p>\n<\/div><\/div><\/div><div class=\"kc-elm kc-css-512230 kc_col-sm-6 kc_column kc_col-sm-6\"><div class=\"kc-col-container\"><div class=\"kc-elm kc-css-18389\" style=\"height: 50px; clear: both; width:100%;\"><\/div>\n<div class=\"kc-elm kc-css-101757 kc-animated kc-animate-eff-fadeIn kc-animate-speed-3.5s kc-title-wrap \">\n\n\t<h1 class=\"kc_title\">SalarSql<\/h1>\n<\/div>\n<div class=\"kc-elm kc-css-724128 kc_text_block\"><\/p>\n<p><strong>Aplica\u0163ia SalarSql asigur\u0103 suport informatic destinat compartimentului Resurse Umane \u00een vederea administr\u0103rii personalului angajat, calcul\u0103rii drepturilor salariale cuvenite \u015fi elabor\u0103rii declara\u0163iilor c\u0103tre institu\u0163iile de asigur\u0103ri sociale.<\/strong><\/p>\n<p>\n<\/div><div class=\"kc-elm kc-css-760269\" style=\"height: 30px; clear: both; width:100%;\"><\/div><div class=\"kc-elm kc-css-257350 kc_text_block\"><\/p>\n<p>Modelul organizatoric \u015fi func\u0163ional al institu\u0163iei se poate elabora pe oric\u00e2te niveluri ierarhice cu specificarea fi\u015fei postului pentru completarea statului de func\u0163iuni.<\/p>\n<p><strong>Definirea organigramei \u00een acest mod permite:<\/strong><\/p>\n<ul>\n<li>actualizarea datelor pentru un set restr\u00e2ns din personal sau pentru \u00eentreaga institu\u0163ie;<\/li>\n<li>generarea unor situa\u0163ii specifice anumitor compartimente sau nivele prin selectarea din organigram\u0103 a nivelului ierarhic dorit;<\/li>\n<li>completarea pontajului \u015fi calculul drepturilor salariale individual sau pentru un departament.<\/li>\n<\/ul>\n<div><\/div>\n<p>\n<\/div><\/div><\/div><\/div><\/div><\/section><section class=\"kc-elm kc-css-221171 kc_row\"><div class=\"kc-row-container  kc-container\"><div class=\"kc-wrap-columns\"><div class=\"kc-elm kc-css-389710 kc_col-sm-12 kc_column kc_col-sm-12\"><div class=\"kc-col-container\"><div class=\"kc-elm kc-css-679628\" style=\"height: 15px; clear: both; width:100%;\"><\/div><div class=\"kc-image-gallery kc-elm kc-css-231146\"><h3 class=\"kc-title image-gallery-title\">Imagini<\/h3>\n<div class=\"kc_image_gallery kc-carousel-image kc-grid \" data-image_masonry=\"yes\">\n<div class=\"item-grid grid-4\"><a href=\"https:\/\/www.indecosoft.ro\/site\/wp-content\/uploads\/2011\/12\/Salar1.png\" target=\"_blank\"><img decoding=\"async\" src=\"https:\/\/www.indecosoft.ro\/site\/wp-content\/uploads\/2011\/12\/Salar1-250x250xc.png\" alt=\"\"\/><\/a><\/div><div class=\"item-grid grid-4\"><a href=\"https:\/\/www.indecosoft.ro\/site\/wp-content\/uploads\/2011\/12\/Salar2.png\" target=\"_blank\"><img decoding=\"async\" src=\"https:\/\/www.indecosoft.ro\/site\/wp-content\/uploads\/2011\/12\/Salar2-250x250xc.png\" alt=\"\"\/><\/a><\/div><div class=\"item-grid grid-4\"><a href=\"https:\/\/www.indecosoft.ro\/site\/wp-content\/uploads\/2011\/12\/Salar3.png\" target=\"_blank\"><img decoding=\"async\" src=\"https:\/\/www.indecosoft.ro\/site\/wp-content\/uploads\/2011\/12\/Salar3-250x250xc.png\" alt=\"\"\/><\/a><\/div><div class=\"item-grid grid-4\"><a href=\"https:\/\/www.indecosoft.ro\/site\/wp-content\/uploads\/2011\/12\/Salar4.png\" target=\"_blank\"><img decoding=\"async\" src=\"https:\/\/www.indecosoft.ro\/site\/wp-content\/uploads\/2011\/12\/Salar4-250x250xc.png\" alt=\"\"\/><\/a><\/div><\/div>\n<\/div><div class=\"kc-elm kc-css-184790\" style=\"height: 70px; clear: both; width:100%;\"><\/div><\/div><\/div><\/div><\/div><\/section><\/p>\n","protected":false},"excerpt":{"rendered":"","protected":false},"author":1,"featured_media":0,"parent":213,"menu_order":0,"comment_status":"closed","ping_status":"closed","template":"","meta":{"footnotes":""},"_links":{"self":[{"href":"https:\/\/indecosoft.ro\/site\/wp-json\/wp\/v2\/pages\/453"}],"collection":[{"href":"https:\/\/indecosoft.ro\/site\/wp-json\/wp\/v2\/pages"}],"about":[{"href":"https:\/\/indecosoft.ro\/site\/wp-json\/wp\/v2\/types\/page"}],"author":[{"embeddable":true,"href":"https:\/\/indecosoft.ro\/site\/wp-json\/wp\/v2\/users\/1"}],"replies":[{"embeddable":true,"href":"https:\/\/indecosoft.ro\/site\/wp-json\/wp\/v2\/comments?post=453"}],"version-history":[{"count":9,"href":"https:\/\/indecosoft.ro\/site\/wp-json\/wp\/v2\/pages\/453\/revisions"}],"predecessor-version":[{"id":6984,"href":"https:\/\/indecosoft.ro\/site\/wp-json\/wp\/v2\/pages\/453\/revisions\/6984"}],"up":[{"embeddable":true,"href":"https:\/\/indecosoft.ro\/site\/wp-json\/wp\/v2\/pages\/213"}],"wp:attachment":[{"href":"https:\/\/indecosoft.ro\/site\/wp-json\/wp\/v2\/media?parent=453"}],"curies":[{"name":"wp","href":"https:\/\/api.w.org\/{rel}","templated":true}]}}