{"id":434,"date":"2011-12-19T14:07:09","date_gmt":"2011-12-19T12:07:09","guid":{"rendered":"https:\/\/indecosoft.ro\/site\/?page_id=434"},"modified":"2017-10-06T07:34:48","modified_gmt":"2017-10-06T05:34:48","slug":"detalii-leasingpro","status":"publish","type":"page","link":"https:\/\/indecosoft.ro\/site\/produse-si-solutii\/detalii-leasingpro\/","title":{"rendered":"LeasingPro"},"content":{"rendered":"<p><section class=\"kc-elm kc-css-339961 kc_row\"><div class=\"kc-row-container  kc-container\"><div class=\"kc-wrap-columns\"><div class=\"kc-elm kc-css-877613 kc_col-sm-6 kc_column kc_col-sm-6\"><div class=\"kc-col-container\"><div class=\"kc-elm kc-css-756824\" style=\"height: 50px; clear: both; width:100%;\"><\/div><div class=\"kc-elm kc-css-18880 kc_shortcode kc_single_image\">\n\n        <img decoding=\"async\" src=\"https:\/\/www.indecosoft.ro\/site\/wp-content\/uploads\/2011\/12\/leasing-1-250x250xc.jpg\" class=\"\" alt=\"\" \/>    <\/div>\n<div class=\"kc-elm kc-css-820256\" style=\"height: 50px; clear: both; width:100%;\"><\/div>\n<div class=\"kc-elm kc-css-177472\">\n\t<a class=\"kc_button\" href=\"https:\/\/indecosoft.ro\/site\/servicii\/agenti-economici\/\" target=\"_self\" title=\"\" onclick=\"\">\n\t\tDescarc\u00e3 aplica\u021bia  <i class=\"fa-download\"><\/i>\t<\/a>\n<\/div>\n<div class=\"kc-elm kc-css-534026\" style=\"height: 50px; clear: both; width:100%;\"><\/div><div class=\"kc-elm kc-css-32506 kc_text_block\"><\/p>\n<p>Facturile \u0219i \u00eencas\u0103rile operate se vor genera \u00een programul de contabilitate.<\/p>\n<p>\n<\/div><\/div><\/div><div class=\"kc-elm kc-css-494071 kc_col-sm-6 kc_column kc_col-sm-6\"><div class=\"kc-col-container\"><div class=\"kc-elm kc-css-343315\" style=\"height: 50px; clear: both; width:100%;\"><\/div>\n<div class=\"kc-elm kc-css-217044 kc-animated kc-animate-eff-fadeIn kc-animate-speed-3.5s kc-title-wrap \">\n\n\t<h1 class=\"kc_title\">LeasingPro<\/h1>\n<\/div>\n<div class=\"kc-elm kc-css-223554 kc_text_block\"><\/p>\n<p><strong>Modulul\u00a0LeasingPro\u00a0este destinat gestion\u0103rii contractelor de leasing, urm\u0103rirea pl\u0103\u021bilor \u0219i a \u00eencas\u0103rilor pe fiecare contract \u00een parte.<\/strong><\/p>\n<p>\n<\/div><div class=\"kc-elm kc-css-480963\" style=\"height: 30px; clear: both; width:100%;\"><\/div><div class=\"kc-elm kc-css-77580 kc_text_block\"><\/p>\n<p><strong>Modulul permite\u00a0:<\/strong><\/p>\n<ul>\n<li>introducerea contractelor de leasing, inclusiv a celor care sunt \u00een desf\u0103\u0219urare;<\/li>\n<li>realizarea \u00eencas\u0103rilor obliga\u021biilor clientului, facturarea obliga\u021biilor cu posibilitatea de selec\u021bie a datei;<\/li>\n<\/ul>\n<p><strong>Aplica\u021bia permite listarea urm\u0103toarelor situa\u021bii:<\/strong><\/p>\n<ul>\n<li>lista contractelor detaliat\u0103\/centralizat\u0103, lista contractelor care se \u00eencheie \u00eentr-o perioad\u0103 specificat\u0103 de utilizator;<\/li>\n<li>lista ratelor scadente sau a ratelor bancare scadente, lista ratelor nefacturate pe o perioad\u0103 specificat\u0103 de utilizator;<\/li>\n<li>lista \u00eencas\u0103rilor, soma\u021biilor, facturilor centralizate;<\/li>\n<li>desf\u0103\u0219uratorul de calcul penalit\u0103\u021bi;<\/li>\n<li>solduri pe fiecare contract;<\/li>\n<li>soldul \u00een b\u0103nci la o anumit\u0103 dat\u0103;<\/li>\n<\/ul>\n<p>\n<\/div><\/div><\/div><\/div><\/div><\/section><section class=\"kc-elm kc-css-210663 kc_row\"><div class=\"kc-row-container  kc-container\"><div class=\"kc-wrap-columns\"><div class=\"kc-elm kc-css-907483 kc_col-sm-12 kc_column kc_col-sm-12\"><div class=\"kc-col-container\"><div class=\"kc-elm kc-css-788264\" style=\"height: 15px; clear: both; width:100%;\"><\/div><div class=\"kc-image-gallery kc-elm kc-css-724555\"><h3 class=\"kc-title image-gallery-title\">Imagini<\/h3>\n<div class=\"kc_image_gallery kc-carousel-image kc-grid \" data-image_masonry=\"yes\">\n<div class=\"item-grid grid-4\"><a href=\"https:\/\/www.indecosoft.ro\/site\/wp-content\/uploads\/2011\/12\/Leasing1.png\" target=\"_blank\"><img decoding=\"async\" src=\"https:\/\/www.indecosoft.ro\/site\/wp-content\/uploads\/2011\/12\/Leasing1-250x250xc.png\" alt=\"\"\/><\/a><\/div><div class=\"item-grid grid-4\"><a href=\"https:\/\/www.indecosoft.ro\/site\/wp-content\/uploads\/2011\/12\/Leasing2.png\" target=\"_blank\"><img decoding=\"async\" src=\"https:\/\/www.indecosoft.ro\/site\/wp-content\/uploads\/2011\/12\/Leasing2-250x250xc.png\" alt=\"\"\/><\/a><\/div><div class=\"item-grid grid-4\"><a href=\"https:\/\/www.indecosoft.ro\/site\/wp-content\/uploads\/2011\/12\/Leasing3.png\" target=\"_blank\"><img decoding=\"async\" src=\"https:\/\/www.indecosoft.ro\/site\/wp-content\/uploads\/2011\/12\/Leasing3-250x250xc.png\" alt=\"\"\/><\/a><\/div><div class=\"item-grid grid-4\"><a href=\"https:\/\/www.indecosoft.ro\/site\/wp-content\/uploads\/2011\/12\/Leasing4.png\" target=\"_blank\"><img decoding=\"async\" src=\"https:\/\/www.indecosoft.ro\/site\/wp-content\/uploads\/2011\/12\/Leasing4-250x250xc.png\" alt=\"\"\/><\/a><\/div><\/div>\n<\/div><div class=\"kc-elm kc-css-715226\" style=\"height: 70px; clear: both; width:100%;\"><\/div><\/div><\/div><\/div><\/div><\/section><\/p>\n","protected":false},"excerpt":{"rendered":"","protected":false},"author":1,"featured_media":0,"parent":213,"menu_order":0,"comment_status":"closed","ping_status":"closed","template":"","meta":{"footnotes":""},"_links":{"self":[{"href":"https:\/\/indecosoft.ro\/site\/wp-json\/wp\/v2\/pages\/434"}],"collection":[{"href":"https:\/\/indecosoft.ro\/site\/wp-json\/wp\/v2\/pages"}],"about":[{"href":"https:\/\/indecosoft.ro\/site\/wp-json\/wp\/v2\/types\/page"}],"author":[{"embeddable":true,"href":"https:\/\/indecosoft.ro\/site\/wp-json\/wp\/v2\/users\/1"}],"replies":[{"embeddable":true,"href":"https:\/\/indecosoft.ro\/site\/wp-json\/wp\/v2\/comments?post=434"}],"version-history":[{"count":6,"href":"https:\/\/indecosoft.ro\/site\/wp-json\/wp\/v2\/pages\/434\/revisions"}],"predecessor-version":[{"id":6987,"href":"https:\/\/indecosoft.ro\/site\/wp-json\/wp\/v2\/pages\/434\/revisions\/6987"}],"up":[{"embeddable":true,"href":"https:\/\/indecosoft.ro\/site\/wp-json\/wp\/v2\/pages\/213"}],"wp:attachment":[{"href":"https:\/\/indecosoft.ro\/site\/wp-json\/wp\/v2\/media?parent=434"}],"curies":[{"name":"wp","href":"https:\/\/api.w.org\/{rel}","templated":true}]}}