{"id":432,"date":"2011-12-19T14:05:56","date_gmt":"2011-12-19T12:05:56","guid":{"rendered":"https:\/\/indecosoft.ro\/site\/?page_id=432"},"modified":"2017-10-06T07:34:03","modified_gmt":"2017-10-06T05:34:03","slug":"detalii-carp-management","status":"publish","type":"page","link":"https:\/\/indecosoft.ro\/site\/produse-si-solutii\/detalii-carp-management\/","title":{"rendered":"CARP Management"},"content":{"rendered":"<p><section class=\"kc-elm kc-css-193294 kc_row\"><div class=\"kc-row-container  kc-container\"><div class=\"kc-wrap-columns\"><div class=\"kc-elm kc-css-276443 kc_col-sm-6 kc_column kc_col-sm-6\"><div class=\"kc-col-container\"><div class=\"kc-elm kc-css-759526\" style=\"height: 50px; clear: both; width:100%;\"><\/div><div class=\"kc-elm kc-css-459258 kc_shortcode kc_single_image\">\n\n        <img decoding=\"async\" src=\"https:\/\/www.indecosoft.ro\/site\/wp-content\/uploads\/2011\/12\/carp-1-250x250xc.jpg\" class=\"\" alt=\"\" \/>    <\/div>\n<div class=\"kc-elm kc-css-796381\" style=\"height: 50px; clear: both; width:100%;\"><\/div>\n<div class=\"kc-elm kc-css-834124\">\n\t<a class=\"kc_button\" href=\"https:\/\/indecosoft.ro\/site\/servicii\/agenti-economici\/\" target=\"_self\" title=\"\" onclick=\"\">\n\t\tDescarc\u00e3 aplica\u021bia  <i class=\"fa-download\"><\/i>\t<\/a>\n<\/div>\n<div class=\"kc-elm kc-css-963959\" style=\"height: 50px; clear: both; width:100%;\"><\/div><div class=\"kc-elm kc-css-505350 kc_text_block\"><\/p>\n<p><strong>Situa\u021biile care pot fi listate pe baza datelor introduse sunt:<\/strong><\/p>\n<ul>\n<li>fi\u0219a personal\u0103 a cotizantului<\/li>\n<li>situa\u021bia soldurilor<\/li>\n<li>situa\u021bia zilnic\u0103 la o anumit\u0103 dat\u0103, pentru fiecare tip de intrare(cas\u0103-banc\u0103-alte tipuri)<\/li>\n<li>lista celor retra\u0219i din C.A.R.P. \u00eentr-o perioad\u0103<\/li>\n<li>lista restan\u021bierilor la \u00eemprumut<\/li>\n<li>lista restan\u021bierilor la contribu\u021bii<\/li>\n<li>situa\u021bia \u00eencas\u0103rilor pe o perioad\u0103<\/li>\n<li>centralizator \u00eencas\u0103ri pe o perioad\u0103<\/li>\n<li>centralizator \u00ceMPRUMUT-COTIZA\u021aII<\/li>\n<\/ul>\n<p>\n<\/div><\/div><\/div><div class=\"kc-elm kc-css-925665 kc_col-sm-6 kc_column kc_col-sm-6\"><div class=\"kc-col-container\"><div class=\"kc-elm kc-css-424593\" style=\"height: 50px; clear: both; width:100%;\"><\/div>\n<div class=\"kc-elm kc-css-383020 kc-animated kc-animate-eff-fadeIn kc-animate-speed-3.5s kc-title-wrap \">\n\n\t<h1 class=\"kc_title\">CARP Management<\/h1>\n<\/div>\n<div class=\"kc-elm kc-css-706916 kc_text_block\"><\/p>\n<p><strong>Aplica\u021bia\u00a0CARP Management\u00a0este destinat\u0103 u\u0219ur\u0103rii muncii caselor de ajutor reciproc.<\/strong><\/p>\n<p>\n<\/div><div class=\"kc-elm kc-css-175362\" style=\"height: 30px; clear: both; width:100%;\"><\/div><div class=\"kc-elm kc-css-387588 kc_text_block\"><\/p>\n<p><strong>Elementele pe care le urm\u0103re\u0219te aplica\u021bia sunt urm\u0103toarele:<\/strong><\/p>\n<ul>\n<li>actualizarea bazei de date<\/li>\n<li>\u00eenregistrarea cotizan\u021bilor<\/li>\n<li>introducerea soldurilor cotizan\u021bilor la o anumit\u0103 dat\u0103<\/li>\n<li>gestionarea bazei de date \u0219i urm\u0103rirea fi\u0219elor personale<\/li>\n<li>\u00eenregistrarea noilor cotizan\u021bi<\/li>\n<li>\u00eenregistrarea \u00eemprumuturilor<\/li>\n<li>\u00eenregistrarea cotiza\u021biilor \u0219i a altor venituri<\/li>\n<li>\u00eenregistrarea de diverse opera\u021biuni<\/li>\n<li>urm\u0103rirea desf\u0103\u0219ur\u0103torului de rate<\/li>\n<li>vizualizarea obliga\u021biilor de plat\u0103 la o anumit\u0103 dat\u0103<\/li>\n<\/ul>\n<p><strong>Aplica\u021bia are leg\u0103tur\u0103 cu contabilitatea \u0219i permite generarea tuturor mi\u0219c\u0103rilor care se realizeaz\u0103 \u00een programul de contabilitate din care se pot lista situa\u021bii pe conturi \u0219i pe parteneri.<\/strong><\/p>\n<p>\n<\/div><\/div><\/div><\/div><\/div><\/section><section class=\"kc-elm kc-css-848482 kc_row\"><div class=\"kc-row-container  kc-container\"><div class=\"kc-wrap-columns\"><div class=\"kc-elm kc-css-39245 kc_col-sm-12 kc_column kc_col-sm-12\"><div class=\"kc-col-container\"><div class=\"kc-elm kc-css-186725\" style=\"height: 15px; clear: both; width:100%;\"><\/div><div class=\"kc-image-gallery kc-elm kc-css-442772\"><h3 class=\"kc-title image-gallery-title\">Imagini<\/h3>\n<div class=\"kc_image_gallery kc-carousel-image kc-grid \" data-image_masonry=\"yes\">\n<div class=\"item-grid grid-4\"><a href=\"https:\/\/www.indecosoft.ro\/site\/wp-content\/uploads\/2011\/12\/CAR1.png\" target=\"_blank\"><img decoding=\"async\" src=\"https:\/\/www.indecosoft.ro\/site\/wp-content\/uploads\/2011\/12\/CAR1-250x250xc.png\" alt=\"\"\/><\/a><\/div><div class=\"item-grid grid-4\"><a href=\"https:\/\/www.indecosoft.ro\/site\/wp-content\/uploads\/2011\/12\/CAR2.png\" target=\"_blank\"><img decoding=\"async\" src=\"https:\/\/www.indecosoft.ro\/site\/wp-content\/uploads\/2011\/12\/CAR2-250x250xc.png\" alt=\"\"\/><\/a><\/div><div class=\"item-grid grid-4\"><a href=\"https:\/\/www.indecosoft.ro\/site\/wp-content\/uploads\/2011\/12\/CAR3.png\" target=\"_blank\"><img decoding=\"async\" src=\"https:\/\/www.indecosoft.ro\/site\/wp-content\/uploads\/2011\/12\/CAR3-250x250xc.png\" alt=\"\"\/><\/a><\/div><div class=\"item-grid grid-4\"><a href=\"https:\/\/www.indecosoft.ro\/site\/wp-content\/uploads\/2011\/12\/CAR4.png\" target=\"_blank\"><img decoding=\"async\" src=\"https:\/\/www.indecosoft.ro\/site\/wp-content\/uploads\/2011\/12\/CAR4-250x250xc.png\" alt=\"\"\/><\/a><\/div><\/div>\n<\/div><div class=\"kc-elm kc-css-736611\" style=\"height: 70px; clear: both; width:100%;\"><\/div><\/div><\/div><\/div><\/div><\/section><\/p>\n","protected":false},"excerpt":{"rendered":"","protected":false},"author":1,"featured_media":0,"parent":213,"menu_order":0,"comment_status":"closed","ping_status":"closed","template":"","meta":{"footnotes":""},"_links":{"self":[{"href":"https:\/\/indecosoft.ro\/site\/wp-json\/wp\/v2\/pages\/432"}],"collection":[{"href":"https:\/\/indecosoft.ro\/site\/wp-json\/wp\/v2\/pages"}],"about":[{"href":"https:\/\/indecosoft.ro\/site\/wp-json\/wp\/v2\/types\/page"}],"author":[{"embeddable":true,"href":"https:\/\/indecosoft.ro\/site\/wp-json\/wp\/v2\/users\/1"}],"replies":[{"embeddable":true,"href":"https:\/\/indecosoft.ro\/site\/wp-json\/wp\/v2\/comments?post=432"}],"version-history":[{"count":8,"href":"https:\/\/indecosoft.ro\/site\/wp-json\/wp\/v2\/pages\/432\/revisions"}],"predecessor-version":[{"id":6969,"href":"https:\/\/indecosoft.ro\/site\/wp-json\/wp\/v2\/pages\/432\/revisions\/6969"}],"up":[{"embeddable":true,"href":"https:\/\/indecosoft.ro\/site\/wp-json\/wp\/v2\/pages\/213"}],"wp:attachment":[{"href":"https:\/\/indecosoft.ro\/site\/wp-json\/wp\/v2\/media?parent=432"}],"curies":[{"name":"wp","href":"https:\/\/api.w.org\/{rel}","templated":true}]}}