{"id":428,"date":"2011-12-19T14:04:38","date_gmt":"2011-12-19T12:04:38","guid":{"rendered":"https:\/\/indecosoft.ro\/site\/?page_id=428"},"modified":"2017-10-06T10:28:09","modified_gmt":"2017-10-06T08:28:09","slug":"detalii-mifixsql","status":"publish","type":"page","link":"https:\/\/indecosoft.ro\/site\/produse-si-solutii\/detalii-mifixsql\/","title":{"rendered":"MiFixSql"},"content":{"rendered":"<p><section class=\"kc-elm kc-css-656261 kc_row\"><div class=\"kc-row-container  kc-container\"><div class=\"kc-wrap-columns\"><div class=\"kc-elm kc-css-855821 kc_col-sm-6 kc_column kc_col-sm-6\"><div class=\"kc-col-container\"><div class=\"kc-elm kc-css-402514\" style=\"height: 50px; clear: both; width:100%;\"><\/div><div class=\"kc-elm kc-css-475570 kc_shortcode kc_single_image\">\n\n        <img decoding=\"async\" src=\"https:\/\/www.indecosoft.ro\/site\/wp-content\/uploads\/2011\/12\/mifixsql-1-250x250xc.jpg\" class=\"\" alt=\"\" \/>    <\/div>\n<div class=\"kc-elm kc-css-856135\" style=\"height: 50px; clear: both; width:100%;\"><\/div>\n<div class=\"kc-elm kc-css-412124\">\n\t<a class=\"kc_button\" href=\"https:\/\/indecosoft.ro\/site\/servicii\/agenti-economici\/\" target=\"_self\" title=\"\" onclick=\"\">\n\t\tDescarc\u00e3 aplica\u021bia  <i class=\"fa-download\"><\/i>\t<\/a>\n<\/div>\n<div class=\"kc-elm kc-css-304770\" style=\"height: 50px; clear: both; width:100%;\"><\/div><div class=\"kc-elm kc-css-947112 kc_text_block\"><\/p>\n<p><strong>Furnizeaz\u0103 rapoarte specifice:<\/strong><\/p>\n<ul>\n<li>situa\u0163ii privind amortizarea lunar\u0103;<\/li>\n<li>liste de inventariere \u015fi balan\u0163e privind mi\u015fcarea mijloacelor fixe;<\/li>\n<li>listarea stocurilor;<\/li>\n<li>fi\u015fe de calcul al amortiz\u0103rii, de modificare a valorii, de mi\u015fcare, etc.<\/li>\n<\/ul>\n<p>\n<\/div><\/div><\/div><div class=\"kc-elm kc-css-256337 kc_col-sm-6 kc_column kc_col-sm-6\"><div class=\"kc-col-container\"><div class=\"kc-elm kc-css-445896\" style=\"height: 50px; clear: both; width:100%;\"><\/div>\n<div class=\"kc-elm kc-css-493012 kc-animated kc-animate-eff-fadeIn kc-animate-speed-3.5s kc-title-wrap \">\n\n\t<h1 class=\"kc_title\">MiFixSql<\/h1>\n<\/div>\n<div class=\"kc-elm kc-css-548531 kc_text_block\"><\/p>\n<p><strong>Aplica\u0163ia\u00a0MiFixSql\u00a0ofer\u0103 suportul necesar gestiunii elementelor patrimoniale, a mijloacelor fixe, men\u021bin\u00e2nd informa\u021bii cu privire la eviden\u021ba, caracteristicile \u0219i mi\u0219c\u0103rile acestora.<\/strong><\/p>\n<p>\n<\/div><div class=\"kc-elm kc-css-979313\" style=\"height: 30px; clear: both; width:100%;\"><\/div><div class=\"kc-elm kc-css-247818 kc_text_block\"><\/p>\n<p><strong>Programul ofer\u0103 urm\u0103toarele facilit\u0103\u0163i:<\/strong><\/p>\n<ul>\n<li>\u00eenregistrarea mijloacelor fixe \u015fi gestionarea elementelor caracteristice (clasifica\u0163ia, tipul imobiliz\u0103rii, domeniul apar\u0163in\u0103tor, sursa de finan\u0163are, durata de utilizare, num\u0103rul de inventar \u2013 generat \u00een mod automat), eviden\u0163iate pe locuri de folosin\u0163\u0103;<\/li>\n<li>determinarea automat\u0103 a valorilor ce le caracterizeaz\u0103: rata lunar\u0103 de amortizare, valoarea de inventar, valoarea amortizat\u0103 cumulat\u0103, valoarea r\u0103mas\u0103 de amortizat;<\/li>\n<li>posibilitatea actualiz\u0103rii valorii mijlocului fix \u0219i recalcularea valorilor specifice;<\/li>\n<li>editarea \u0219i listarea documentelor specifice de intrare \/ mi\u015fcare \/ ie\u015fire, \u015fi urm\u0103rirea evolu\u0163iei mijlocului.<\/li>\n<\/ul>\n<p>\n<\/div><div class=\"kc-elm kc-css-487811 kc_text_block\"><\/p>\n<p><strong>Opera\u021biunile de intrare\/ie\u0219ire a imobiliz\u0103rilor \u00eempreun\u0103 cu modul de calcul a amortiz\u0103rii lunare\u00a0genereaz\u0103 automat \u00eenregistr\u0103ri contabile.<\/strong><\/p>\n<p>\n<\/div><\/div><\/div><\/div><\/div><\/section><section class=\"kc-elm kc-css-994204 kc_row\"><div class=\"kc-row-container  kc-container\"><div class=\"kc-wrap-columns\"><div class=\"kc-elm kc-css-624608 kc_col-sm-12 kc_column kc_col-sm-12\"><div class=\"kc-col-container\"><div class=\"kc-elm kc-css-131112\" style=\"height: 15px; clear: both; width:100%;\"><\/div><div class=\"kc-image-gallery kc-elm kc-css-720777\"><h3 class=\"kc-title image-gallery-title\">Imagini<\/h3>\n<div class=\"kc_image_gallery kc-carousel-image kc-grid \" data-image_masonry=\"yes\">\n<div class=\"item-grid grid-4\"><a href=\"https:\/\/www.indecosoft.ro\/site\/wp-content\/uploads\/2011\/12\/Mifixe1.png\" target=\"_blank\"><img decoding=\"async\" src=\"https:\/\/www.indecosoft.ro\/site\/wp-content\/uploads\/2011\/12\/Mifixe1-250x250xc.png\" alt=\"\"\/><\/a><\/div><div class=\"item-grid grid-4\"><a href=\"https:\/\/www.indecosoft.ro\/site\/wp-content\/uploads\/2011\/12\/Mifixe2.png\" target=\"_blank\"><img decoding=\"async\" src=\"https:\/\/www.indecosoft.ro\/site\/wp-content\/uploads\/2011\/12\/Mifixe2-250x250xc.png\" alt=\"\"\/><\/a><\/div><div class=\"item-grid grid-4\"><a href=\"https:\/\/www.indecosoft.ro\/site\/wp-content\/uploads\/2011\/12\/Mifixe3.png\" target=\"_blank\"><img decoding=\"async\" src=\"https:\/\/www.indecosoft.ro\/site\/wp-content\/uploads\/2011\/12\/Mifixe3-250x250xc.png\" alt=\"\"\/><\/a><\/div><div class=\"item-grid grid-4\"><a href=\"https:\/\/www.indecosoft.ro\/site\/wp-content\/uploads\/2011\/12\/Mifixe4.png\" target=\"_blank\"><img decoding=\"async\" src=\"https:\/\/www.indecosoft.ro\/site\/wp-content\/uploads\/2011\/12\/Mifixe4-250x250xc.png\" alt=\"\"\/><\/a><\/div><\/div>\n<\/div><div class=\"kc-elm kc-css-644524\" style=\"height: 70px; clear: both; width:100%;\"><\/div><\/div><\/div><\/div><\/div><\/section><\/p>\n","protected":false},"excerpt":{"rendered":"","protected":false},"author":1,"featured_media":0,"parent":213,"menu_order":0,"comment_status":"closed","ping_status":"closed","template":"","meta":{"footnotes":""},"_links":{"self":[{"href":"https:\/\/indecosoft.ro\/site\/wp-json\/wp\/v2\/pages\/428"}],"collection":[{"href":"https:\/\/indecosoft.ro\/site\/wp-json\/wp\/v2\/pages"}],"about":[{"href":"https:\/\/indecosoft.ro\/site\/wp-json\/wp\/v2\/types\/page"}],"author":[{"embeddable":true,"href":"https:\/\/indecosoft.ro\/site\/wp-json\/wp\/v2\/users\/1"}],"replies":[{"embeddable":true,"href":"https:\/\/indecosoft.ro\/site\/wp-json\/wp\/v2\/comments?post=428"}],"version-history":[{"count":15,"href":"https:\/\/indecosoft.ro\/site\/wp-json\/wp\/v2\/pages\/428\/revisions"}],"predecessor-version":[{"id":7001,"href":"https:\/\/indecosoft.ro\/site\/wp-json\/wp\/v2\/pages\/428\/revisions\/7001"}],"up":[{"embeddable":true,"href":"https:\/\/indecosoft.ro\/site\/wp-json\/wp\/v2\/pages\/213"}],"wp:attachment":[{"href":"https:\/\/indecosoft.ro\/site\/wp-json\/wp\/v2\/media?parent=428"}],"curies":[{"name":"wp","href":"https:\/\/api.w.org\/{rel}","templated":true}]}}