{"id":379,"date":"2011-12-12T14:49:26","date_gmt":"2011-12-12T12:49:26","guid":{"rendered":"https:\/\/indecosoft.ro\/site\/?page_id=379"},"modified":"2018-02-28T16:47:06","modified_gmt":"2018-02-28T14:47:06","slug":"cerc","status":"publish","type":"page","link":"https:\/\/indecosoft.ro\/site\/servicii\/cerc\/","title":{"rendered":"CERC"},"content":{"rendered":"<section class=\"kc-elm kc-css-207177 kc_row\"><div class=\"kc-row-container  kc-container\"><div class=\"kc-wrap-columns\"><div class=\"kc-elm kc-css-215878 kc_col-sm-12 kc_column kc_col-sm-12\"><div class=\"kc-col-container\"><div class=\"kc-elm kc-css-59764\" style=\"height: 50px; clear: both; width:100%;\"><\/div>\n<div class=\"kc-elm kc-css-476726 kc-animated kc-animate-eff-bounceInRight kc-animate-delay-500 kc-animate-speed-3.5s kc-title-wrap \">\n\n\t<h5 class=\"kc_title\">CERC<\/h5>\n<\/div>\n<div class=\"kc-elm kc-css-68948\" style=\"height: 50px; clear: both; width:100%;\"><\/div><div class=\"kc-elm kc-css-185211 kc_text_block\"><\/p>\n<p><a href=\"https:\/\/www.indecosoft.ro\/cerc\" target=\"_blank\" rel=\"noopener\"><img loading=\"lazy\" decoding=\"async\" class=\"alignleft size-full wp-image-2118\" src=\"https:\/\/indecosoft.ro\/site\/wp-content\/uploads\/2012\/09\/cerc_resum.png\" alt=\"\" width=\"197\" height=\"52\" \/><\/a>Prin intermediul <strong>CERC<\/strong>, Indeco Soft\u00a0 pune la dispozi\u021bia clien\u021bilor s\u0103i un serviciu specializat de asisten\u021b\u0103 tehnic\u0103 la distan\u021b\u0103 cu ajutorul unei solu\u021bii profesionale care ofer\u0103 posibilitatea de\u00a0 efectua diagnoz\u0103 remote, acces remote, remote support precum \u0219i training online. Deoarece prin folosirea acestuia speciali\u015ftii no\u0219tri au posibilitatea de interveni \u00een timp real pentru a oferi solu\u0163ii concrete problemelor clien\u0163ilor legate de produsele noastre, se reduce considerabil intervalul de timp din momentul \u00een care problema este sesizat\u0103, p\u00e2n\u0103 \u00een momentul \u00een care aceasta este rezolvat\u0103.<\/p>\n<p><!--:--><\/p>\n<p>\n<\/div><div class=\"kc-elm kc-css-800018\" style=\"height: 100px; clear: both; width:100%;\"><\/div><\/div><\/div><\/div><\/div><\/section>\n","protected":false},"excerpt":{"rendered":"","protected":false},"author":1,"featured_media":0,"parent":361,"menu_order":0,"comment_status":"closed","ping_status":"closed","template":"","meta":{"footnotes":""},"_links":{"self":[{"href":"https:\/\/indecosoft.ro\/site\/wp-json\/wp\/v2\/pages\/379"}],"collection":[{"href":"https:\/\/indecosoft.ro\/site\/wp-json\/wp\/v2\/pages"}],"about":[{"href":"https:\/\/indecosoft.ro\/site\/wp-json\/wp\/v2\/types\/page"}],"author":[{"embeddable":true,"href":"https:\/\/indecosoft.ro\/site\/wp-json\/wp\/v2\/users\/1"}],"replies":[{"embeddable":true,"href":"https:\/\/indecosoft.ro\/site\/wp-json\/wp\/v2\/comments?post=379"}],"version-history":[{"count":8,"href":"https:\/\/indecosoft.ro\/site\/wp-json\/wp\/v2\/pages\/379\/revisions"}],"predecessor-version":[{"id":7076,"href":"https:\/\/indecosoft.ro\/site\/wp-json\/wp\/v2\/pages\/379\/revisions\/7076"}],"up":[{"embeddable":true,"href":"https:\/\/indecosoft.ro\/site\/wp-json\/wp\/v2\/pages\/361"}],"wp:attachment":[{"href":"https:\/\/indecosoft.ro\/site\/wp-json\/wp\/v2\/media?parent=379"}],"curies":[{"name":"wp","href":"https:\/\/api.w.org\/{rel}","templated":true}]}}